{"id":63377,"date":"2025-10-20T16:10:52","date_gmt":"2025-10-20T20:10:52","guid":{"rendered":"https:\/\/www.ufcw.org\/?page_id=63377"},"modified":"2025-12-02T16:30:43","modified_gmt":"2025-12-02T21:30:43","slug":"haciendo-las-plantas-de-procesamiento-y-empaquetado-de-carne-mas-seguras","status":"publish","type":"page","link":"https:\/\/www.ufcw.org\/es\/haciendo-las-plantas-de-procesamiento-y-empaquetado-de-carne-mas-seguras\/","title":{"rendered":"Haciendo las plantas de procesamiento y empaquetado de carne m\u00e1s seguras"},"content":{"rendered":"<div class=\"tw-max-w-217 tw-m-auto tw-px-6 rich-text contained-block\" data-module=\"heading\">\n<h2 class=\"wp-block-heading\">Subiendo los est\u00e1ndares de salud y seguridad <em><mark style=\"background-color:rgba(0, 0, 0, 0)\" class=\"has-inline-color has-text-blue-color\">juntos<\/mark><\/em><\/h2>\n<\/div>\n\n<div class=\"tw-max-w-217 tw-m-auto tw-px-6 rich-text contained-block\" data-module=\"paragraph\">\n<p>Trabajar en una planta empacadora de carne puede traer sus propios riesgos, especialmente cuando se est\u00e1 trabajando con qu\u00edmicos peligrosos o maquinaria pesada. Afortunadamente, hay sistemas existentes para ayudarlo a mantener su seguridad en el trabajo.&nbsp;<\/p>\n<\/div>\n\n<div class=\"tw-max-w-217 tw-m-auto tw-px-6 rich-text contained-block\" data-module=\"paragraph\">\n<p>Cuando los empleadores no est\u00e1n haciendo lo suficiente para hacer que nuestras instalaciones sean seguras, tenemos el derecho de defendernos. Y con una uni\u00f3n, podemos unirnos para asegurar que nuestra voz sea escuchada.&nbsp;<\/p>\n<\/div>\n\n<div class=\"tw-max-w-217 tw-m-auto tw-px-6 rich-text contained-block\" data-module=\"paragraph\">\n<p>Una de las razones por las que los trabajadores de empaque y procesamiento de alimentos quieren formar una uni\u00f3n es garantizar lugares de trabajo m\u00e1s seguros &#8211; desde un mejor acceso a los entrenamientos hasta una mayor responsabilidad para nuestros empleadores cuando no cumplen con los est\u00e1ndares de seguridad en nuestras plantas.&nbsp;<br>Abajo, hemos detallado todas las maneras en que los trabajadores de empaque de carne est\u00e1n haciendo sus plantas m\u00e1s seguras con una uni\u00f3n, junto con recursos que puede usar para protegerse en el trabajo cuando su empleador no est\u00e1 haciendo su parte.&nbsp;<br><strong>\u00bfQuiere aprender m\u00e1s? <\/strong><a href=\"https:\/\/www.ufcw.org\/es\/a-quien-representamos\/union-de-empaquetado-y-procesamiento\/#get-started\"><strong>Con\u00e9ctese con un organizador de UFCW<\/strong><\/a><strong> para hablar sobre c\u00f3mo puede hacer su trabajo de empaque de carne m\u00e1s seguro con una uni\u00f3n a su lado.<\/strong><\/p>\n<\/div>\n\n<div class=\"tw-max-w-217 tw-m-auto tw-px-6 rich-text contained-block\" data-module=\"heading\">\n<h3 class=\"wp-block-heading\">Cumpliendo las reglas de OSHA<\/h3>\n<\/div>\n\n<div class=\"tw-max-w-217 tw-m-auto tw-px-6 rich-text contained-block\" data-module=\"paragraph\">\n<p>En UFCW, nuestra oficina de salud y seguridad trabaja para hacer cumplir las regulaciones de OSHA y educar a nuestros miembros sobre sus derechos de tener un lugar de trabajo seguro, para que podamos mantener los est\u00e1ndares m\u00e1s altos posibles en nuestras plantas empacadoras de carne.&nbsp;<\/p>\n<\/div>\n\n<div class=\"tw-max-w-217 tw-m-auto tw-px-6 rich-text contained-block\" data-module=\"paragraph\">\n<p>Si tiene una uni\u00f3n y cree que su empleador ha violado las regulaciones de la OSHA, puede visitar esta p\u00e1gina para entregar una queja directamente con la OSHA. Y si necesita ayuda haciendo cumplir las reglas de OSHA en su planta empacadora, estamos aqu\u00ed para ayudarlo a proteger su seguridad en el trabajo.&nbsp;<\/p>\n<\/div>\n\n<div class=\"tw-max-w-217 tw-m-auto tw-px-6 rich-text contained-block\" data-module=\"paragraph\">\n<p><em><em>Para plantas sin una uni\u00f3n, <a href=\"https:\/\/www.ufcw.org\/es\/a-quien-representamos\/union-de-empaquetado-y-procesamiento\/#get-started\"><strong>puede ponerse en contacto con un organizador de uni\u00f3n<\/strong><\/a> y podemos ayudarlo comenzar una uni\u00f3n en su planta para ganar estas mismas protecciones adicionales.&nbsp;<\/em><\/em><\/p>\n<\/div>\n\n<div class=\"tw-max-w-217 tw-m-auto tw-px-6 rich-text contained-block\" data-module=\"heading\">\n<h3 class=\"wp-block-heading\">Velocidades de l\u00ednea (entrenamientos y ejecuci\u00f3n de las regulaciones)<\/h3>\n<\/div>\n\n<div class=\"tw-max-w-217 tw-m-auto tw-px-6 rich-text contained-block\" data-module=\"paragraph\">\n<p>Nuestros trabajos como empacadores de carne solamente son tan seguros como nuestras l\u00edneas de producci\u00f3n. Sin velocidades de l\u00ednea seguras, entrenamientos comprensivos y empleadores que respetan las regulaciones federales, nuestros trabajos ser\u00edan mucho m\u00e1s peligrosos.<\/p>\n<\/div>\n\n<div class=\"tw-max-w-217 tw-m-auto tw-px-6 rich-text contained-block\" data-module=\"paragraph\">\n<p>Una de las mejores maneras de mantener velocidades de l\u00ednea seguras en su planta empacadora de carne es: Formar una uni\u00f3n y proteger sus derechos cuando su empleador trata de forzarlo trabajar m\u00e1s r\u00e1pido que usted sepa que es seguro.&nbsp;<\/p>\n<\/div>\n\n<div class=\"tw-max-w-217 tw-m-auto tw-px-6 rich-text contained-block\" data-module=\"paragraph\">\n<p>UFCW ha ayudado a trabajadores de empaque de carne a trav\u00e9s del pa\u00eds a mantener velocidades de l\u00ednea seguras en sus plantas, todo mientras lucha, como organizaci\u00f3n, para mejorar las leyes que dictan las velocidades de l\u00ednea en nuestras plantas en primer lugar.&nbsp;<\/p>\n<\/div>\n\n<div class=\"tw-max-w-217 tw-m-auto tw-px-6 rich-text contained-block\" data-module=\"heading\">\n<h3 class=\"wp-block-heading\">Soporte ergon\u00f3mico<\/h3>\n<\/div>\n\n<div class=\"tw-max-w-217 tw-m-auto tw-px-6 rich-text contained-block\" data-module=\"paragraph\">\n<p>Los trabajos de empaque y procesamiento son exigentes, y el trabajo en s\u00ed puede ser muy repetitivo porque se involucra hacer los mismos movimientos todo el d\u00eda para que no pare la l\u00ednea de producci\u00f3n. Debido a esta repetici\u00f3n, es crucial que tome descansos y asegure que tiene un buen soporte ergon\u00f3mico en su estaci\u00f3n de trabajo.&nbsp;<\/p>\n<\/div>\n\n<div class=\"tw-max-w-217 tw-m-auto tw-px-6 rich-text contained-block\" data-module=\"paragraph\">\n<p>Con una uni\u00f3n, usted y sus compa\u00f1eros pueden unirse para asegurar que tienen acceso a descansos regulares, buen soporte ergon\u00f3mico y todas las otras protecciones que necesita para prevenir las lesiones.&nbsp;<\/p>\n<\/div>\n\n<div class=\"tw-max-w-217 tw-m-auto tw-px-6 rich-text contained-block\" data-module=\"heading\">\n<h3 class=\"wp-block-heading\">La limpieza de las superficies<\/h3>\n<\/div>\n\n<div class=\"tw-max-w-217 tw-m-auto tw-px-6 rich-text contained-block\" data-module=\"paragraph\">\n<p>La limpieza de su instalaci\u00f3n tiene un impacto directo en su bienestar en el trabajo. Si su empleador no est\u00e1 haciendo lo necesario para mantener una planta limpia, usted y sus compa\u00f1eros pueden sufrir lesiones o estar expuestos a qu\u00edmicos peligrosos.&nbsp;<\/p>\n<\/div>\n\n<div class=\"tw-max-w-217 tw-m-auto tw-px-6 rich-text contained-block\" data-module=\"paragraph\">\n<p>Abajo, puede encontrar un resumen de todo lo que su empleador es requerido hacer para mantener una planta limpia y segura, seg\u00fan el departamento de seguridad e inspecci\u00f3n de alimentos de los Estados Unidos.&nbsp;<\/p>\n<\/div>\n\n<div class=\"tw-max-w-217 tw-m-auto tw-px-6 rich-text contained-block\" data-module=\"paragraph\">\n<p class=\"contents\"><a href=\"https:\/\/www.fsis.usda.gov\/sites\/default\/files\/media_file\/2021-11\/28_IM_RTE-Sanitation-11292016.pdf\"><strong>RTE Sanitation<\/strong><\/a><br><a href=\"https:\/\/www.ufcw.org\/biological-hazards-in-meatpacking\/\"><strong>Biological Hazards Overview<\/strong><\/a><\/p>\n<\/div>\n\n<div class=\"tw-max-w-217 tw-m-auto tw-px-6 rich-text contained-block\" data-module=\"heading\">\n<h3 class=\"wp-block-heading\">Recursos de EPI<\/h3>\n<\/div>\n\n<div class=\"tw-max-w-217 tw-m-auto tw-px-6 rich-text contained-block\" data-module=\"paragraph\">\n<p>Cuando est\u00e1 trabajando, necesita acceso f\u00e1cil al equipo de protecci\u00f3n individual (EPI) bueno&nbsp; que puede protegerlo de peligros biol\u00f3gicos y otros contaminantes o agentes pat\u00f3genos. Abajo, hemos enlazado la lista completa de todo el EPI que la OSHA requiere que su empleador provee en su instalaci\u00f3n:&nbsp;<\/p>\n<\/div>\n\n<div class=\"tw-max-w-217 tw-m-auto tw-px-6 rich-text contained-block\" data-module=\"paragraph\">\n<p class=\"contents\"><a href=\"https:\/\/www.osha.gov\/personal-protective-equipment\"><strong>Personal Protective Equipment &#8211; Overview | Occupational Safety and Health Administration<\/strong><\/a><\/p>\n<\/div>\n\n<div class=\"tw-max-w-217 tw-m-auto tw-px-6 rich-text contained-block\" data-module=\"paragraph\">\n<p>Si necesita acceso a mejor EPI en su trabajo de empaque de carne o est\u00e1 preocupada que su empleador no est\u00e1 haciendo suficiente para hacer cumplir los requerimientos de EPI de OSHA, nuestros organizadores de uni\u00f3n est\u00e1n aqu\u00ed para ayudarlo ganar la voz que necesita para luchar por equipo de protecci\u00f3n adecuada en su instalaci\u00f3n.&nbsp;<\/p>\n<\/div>\n\n<div class=\"tw-max-w-217 tw-m-auto tw-px-6 rich-text contained-block\" data-module=\"heading\">\n<h3 class=\"wp-block-heading\">Sus derechos bajo la ley de ausencia familiar y m\u00e9dica (FMLA)<\/h3>\n<\/div>\n\n<div class=\"tw-max-w-217 tw-m-auto tw-px-6 rich-text contained-block\" data-module=\"paragraph\">\n<p>Sin el tiempo adecuado para descansar y recuperarnos de lesiones o enfermedades, nos ponemos a riesgo de problemas de salud a largo plazo. Afortunadamente, bajo la ley de ausencia familiar y m\u00e9dica (FMLA), tiene el derecho de pedir licencia pagada cuando necesite tomar un descanso no planeado de su trabajo.&nbsp;<\/p>\n<\/div>\n\n<div class=\"tw-max-w-217 tw-m-auto tw-px-6 rich-text contained-block\" data-module=\"paragraph\">\n<p>Estamos aqu\u00ed para garantizar que los trabajadores de procesamiento y empaque conozcan sus derechos bajo esta ley &#8211; y asegurar que nuestros empleadores respeten esos derechos. Abajo, hay un folleto que explica c\u00f3mo funciona el programa, lo que se necesita para apuntarse y c\u00f3mo puede proteger sus derechos en el trabajo cuando est\u00e1 liderando con un problema m\u00e9dico o familiar grave.&nbsp;<\/p>\n<\/div>\n\n<div class=\"tw-max-w-217 tw-m-auto tw-px-6 rich-text contained-block\" data-module=\"paragraph\">\n<p class=\"contents\"><strong><a href=\"https:\/\/www.ufcw.org\/wp-content\/blogs.dir\/61\/files\/2025\/10\/UFCW-FMLA-Pamphlet.pdf\">UFCW Pamphlet on Your FMLA Rights<\/a><\/strong><\/p>\n<\/div>\n\n<div class=\"tw-max-w-217 tw-m-auto tw-px-6 rich-text contained-block\" data-module=\"heading\">\n<h3 class=\"wp-block-heading\">Entrenamientos de seguridad para los miembros de UFCW<\/h3>\n<\/div>\n\n<div class=\"tw-max-w-217 tw-m-auto tw-px-6 rich-text contained-block\" data-module=\"paragraph\">\n<p>Incluso si ha trabajado como empacador de carne por a\u00f1os, siempre es importante estar actualizado en c\u00f3mo puede mantener su salud y seguridad en el trabajo. Las oficinas de UFCW por todo el pa\u00eds est\u00e1n trabajando con la OSHA y otras agencias para ofrecer programas de entrenamiento que les den a usted y sus compa\u00f1eros el conocimiento que necesiten para mantener un lugar de trabajo seguro.&nbsp;<\/p>\n<\/div>\n\n<div class=\"tw-max-w-217 tw-m-auto tw-px-6 rich-text contained-block\" data-module=\"paragraph\">\n<p>Aprenda m\u00e1s sobre los pr\u00f3ximos entrenamientos de salud y seguridad en su uni\u00f3n local que puede asistir como miembro de UFCW.&nbsp;<\/p>\n<\/div>\n\n<div class=\"tw-max-w-217 tw-m-auto tw-px-6 rich-text contained-block\" data-module=\"paragraph\">\n<p class=\"bluebox\"><strong>\u00bfNo es miembro de UFCW? \u00a1Todav\u00eda puede luchar por un lugar de trabajo m\u00e1s seguro!<br><\/strong>Si no es un miembro de UFCW, todav\u00eda estamos aqu\u00ed para ayudarlo a proteger su bienestar en el trabajo. <strong><a href=\"https:\/\/www.ufcw.org\/es\/a-quien-representamos\/union-de-empaquetado-y-procesamiento\/#get-started\"><mark style=\"background-color:rgba(0, 0, 0, 0)\" class=\"has-inline-color has-text-gold-color\">Llene el formulario arriba para hablar con un representante de UFCW<\/mark><\/a><\/strong> sobre lo que est\u00e1 pasando en su planta empacadora de carne &#8211; y c\u00f3mo puede involucrarse por unirse con sus compa\u00f1eros por un mejor futuro.&nbsp;<\/p>\n<\/div>\n\n<div class=\"tw-max-w-217 tw-m-auto tw-px-6 rich-text contained-block\" data-module=\"heading\">\n<h2 class=\"wp-block-heading\">Aprende M\u00e1s Sobre La Uni\u00f3n de Empacadores de Carne<\/h2>\n<\/div>\n\n<div class=\"tw-max-w-217 tw-m-auto tw-px-6 rich-text contained-block\" data-module=\"html\">\n<style>\n.three-image-row a {\n  display: block;\n  width: 100%;\n  max-width: 33.33%;\n}\n\n.three-image-row img {\n  width: 100%;\n  height: auto;\n  object-fit: cover;\n  border-radius: 10px;\n  transition: transform 0.2s ease-in-out;\n}\n\n.three-image-row img:hover {\n  transform: scale(1.03);\n}\n\n.three-image-row {\n  display: flex;\n  justify-content: center;\n  gap: 10px;\n  flex-wrap: nowrap;\n}\n\n@media (max-width: 600px) {\n  .three-image-row {\n    flex-wrap: wrap;\n  }\n  .three-image-row a {\n    max-width: 100%;\n  }\n}\n<\/style>\n\n<div class=\"three-image-row\">\n  <a href=\"https:\/\/www.ufcw.org\/es\/a-quien-representamos\/union-de-empaquetado\/\">\n  <img decoding=\"async\" src=\"https:\/\/www.ufcw.org\/wp-content\/blogs.dir\/61\/files\/2025\/11\/meatpacking-union-hub-meta-image-Spanish-copy.jpg\" alt=\"Meatpacking Union Hub\"> \n<\/a>\n  <a href=\"https:\/\/www.ufcw.org\/es\/recursos-de-inmigracion-para-empacadores-de-carne\/\">\n  <img decoding=\"async\" src=\"https:\/\/www.ufcw.org\/wp-content\/blogs.dir\/61\/files\/2025\/11\/derechos-de-inmigracion-thumbnail.jpg\" alt=\"Meatpacking Immigration Rights\"> \n<\/a>\n  <a href=\"https:\/\/www.ufcw.org\/es\/a-quien-representamos\/union-de-empaquetado\/#testimonial\">\n  <img decoding=\"async\" src=\"https:\/\/www.ufcw.org\/wp-content\/blogs.dir\/61\/files\/2025\/11\/Hear-More-Spanish-Thumbnail-1.jpg\" alt=\"UFCW Meatpacking Member Testimonials\"> \n<\/a>\n<\/div>\n<\/div>\n\n<div class=\"tw-max-w-217 tw-m-auto tw-px-6 rich-text contained-block\" data-module=\"paragraph\">\n<p><\/p>\n<\/div>","protected":false},"excerpt":{"rendered":"<p>Subiendo los est\u00e1ndares de salud y seguridad juntos Trabajar en una planta empacadora de carne puede traer sus propios riesgos, especialmente cuando se est\u00e1 trabajando con qu\u00edmicos peligrosos o maquinaria pesada. Afortunadamente, hay sistemas existentes para ayudarlo a mantener su seguridad en el trabajo.&nbsp; Cuando los empleadores no est\u00e1n haciendo lo suficiente para hacer que [&hellip;]<\/p>\n","protected":false},"author":410,"featured_media":63113,"parent":0,"menu_order":0,"comment_status":"closed","ping_status":"closed","template":"views\/templates\/general\/index.php","meta":{"_acf_changed":false,"footnotes":"","_links_to":"","_links_to_target":""},"class_list":["post-63377","page","type-page","status-publish","has-post-thumbnail","hentry"],"acf":[],"yoast_head":"<!-- This site is optimized with the Yoast SEO plugin v27.1.1 - https:\/\/yoast.com\/product\/yoast-seo-wordpress\/ -->\n<title>Haciendo las plantas de procesamiento y empaquetado de carne m\u00e1s seguras - The United Food &amp; Commercial Workers International Union<\/title>\n<meta name=\"robots\" content=\"index, follow, max-snippet:-1, max-image-preview:large, max-video-preview:-1\" \/>\n<link rel=\"canonical\" href=\"https:\/\/www.ufcw.org\/es\/haciendo-las-plantas-de-procesamiento-y-empaquetado-de-carne-mas-seguras\/\" \/>\n<meta property=\"og:locale\" content=\"es_ES\" \/>\n<meta property=\"og:type\" content=\"article\" \/>\n<meta property=\"og:title\" content=\"Haciendo las plantas de procesamiento y empaquetado de carne m\u00e1s seguras - The United Food &amp; Commercial Workers International Union\" \/>\n<meta property=\"og:description\" content=\"Subiendo los est\u00e1ndares de salud y seguridad juntos Trabajar en una planta empacadora de carne puede traer sus propios riesgos, especialmente cuando se est\u00e1 trabajando con qu\u00edmicos peligrosos o maquinaria pesada. Afortunadamente, hay sistemas existentes para ayudarlo a mantener su seguridad en el trabajo.&nbsp; Cuando los empleadores no est\u00e1n haciendo lo suficiente para hacer que [&hellip;]\" \/>\n<meta property=\"og:url\" content=\"https:\/\/www.ufcw.org\/es\/haciendo-las-plantas-de-procesamiento-y-empaquetado-de-carne-mas-seguras\/\" \/>\n<meta property=\"og:site_name\" content=\"The United Food &amp; Commercial Workers International Union\" \/>\n<meta property=\"article:modified_time\" content=\"2025-12-02T21:30:43+00:00\" \/>\n<meta property=\"og:image\" content=\"https:\/\/www.ufcw.org\/wp-content\/blogs.dir\/61\/files\/2025\/10\/safer-packing-processing-union-hero.jpg\" \/>\n\t<meta property=\"og:image:width\" content=\"2400\" \/>\n\t<meta property=\"og:image:height\" content=\"1350\" \/>\n\t<meta property=\"og:image:type\" content=\"image\/jpeg\" \/>\n<meta name=\"twitter:card\" content=\"summary_large_image\" \/>\n<meta name=\"twitter:label1\" content=\"Est. reading time\" \/>\n\t<meta name=\"twitter:data1\" content=\"6 minutes\" \/>\n<script type=\"application\/ld+json\" class=\"yoast-schema-graph\">{\"@context\":\"https:\/\/schema.org\",\"@graph\":[{\"@type\":\"WebPage\",\"@id\":\"https:\/\/www.ufcw.org\/es\/haciendo-las-plantas-de-procesamiento-y-empaquetado-de-carne-mas-seguras\/\",\"url\":\"https:\/\/www.ufcw.org\/es\/haciendo-las-plantas-de-procesamiento-y-empaquetado-de-carne-mas-seguras\/\",\"name\":\"Haciendo las plantas de procesamiento y empaquetado de carne m\u00e1s seguras - The United Food &amp; Commercial Workers International Union\",\"isPartOf\":{\"@id\":\"https:\/\/www.ufcw.org\/es\/#website\"},\"primaryImageOfPage\":{\"@id\":\"https:\/\/www.ufcw.org\/es\/haciendo-las-plantas-de-procesamiento-y-empaquetado-de-carne-mas-seguras\/#primaryimage\"},\"image\":{\"@id\":\"https:\/\/www.ufcw.org\/es\/haciendo-las-plantas-de-procesamiento-y-empaquetado-de-carne-mas-seguras\/#primaryimage\"},\"thumbnailUrl\":\"https:\/\/www.ufcw.org\/wp-content\/blogs.dir\/61\/files\/2025\/10\/safer-packing-processing-union-hero.jpg\",\"datePublished\":\"2025-10-20T20:10:52+00:00\",\"dateModified\":\"2025-12-02T21:30:43+00:00\",\"breadcrumb\":{\"@id\":\"https:\/\/www.ufcw.org\/es\/haciendo-las-plantas-de-procesamiento-y-empaquetado-de-carne-mas-seguras\/#breadcrumb\"},\"inLanguage\":\"es-ES\",\"potentialAction\":[{\"@type\":\"ReadAction\",\"target\":[\"https:\/\/www.ufcw.org\/es\/haciendo-las-plantas-de-procesamiento-y-empaquetado-de-carne-mas-seguras\/\"]}]},{\"@type\":\"ImageObject\",\"inLanguage\":\"es-ES\",\"@id\":\"https:\/\/www.ufcw.org\/es\/haciendo-las-plantas-de-procesamiento-y-empaquetado-de-carne-mas-seguras\/#primaryimage\",\"url\":\"https:\/\/www.ufcw.org\/wp-content\/blogs.dir\/61\/files\/2025\/10\/safer-packing-processing-union-hero.jpg\",\"contentUrl\":\"https:\/\/www.ufcw.org\/wp-content\/blogs.dir\/61\/files\/2025\/10\/safer-packing-processing-union-hero.jpg\",\"width\":2400,\"height\":1350,\"caption\":\"Local 2 Meatpacking Members photoshoot by TCW May 2022\"},{\"@type\":\"BreadcrumbList\",\"@id\":\"https:\/\/www.ufcw.org\/es\/haciendo-las-plantas-de-procesamiento-y-empaquetado-de-carne-mas-seguras\/#breadcrumb\",\"itemListElement\":[{\"@type\":\"ListItem\",\"position\":1,\"name\":\"Home\",\"item\":\"https:\/\/www.ufcw.org\/es\/\"},{\"@type\":\"ListItem\",\"position\":2,\"name\":\"Haciendo las plantas de procesamiento y empaquetado de carne m\u00e1s seguras\"}]},{\"@type\":\"WebSite\",\"@id\":\"https:\/\/www.ufcw.org\/es\/#website\",\"url\":\"https:\/\/www.ufcw.org\/es\/\",\"name\":\"The United Food &amp; Commercial Workers International Union\",\"description\":\"Official website of the United Food and Commercial Workers International Union\",\"publisher\":{\"@id\":\"https:\/\/www.ufcw.org\/es\/#organization\"},\"potentialAction\":[{\"@type\":\"SearchAction\",\"target\":{\"@type\":\"EntryPoint\",\"urlTemplate\":\"https:\/\/www.ufcw.org\/es\/?s={search_term_string}\"},\"query-input\":{\"@type\":\"PropertyValueSpecification\",\"valueRequired\":true,\"valueName\":\"search_term_string\"}}],\"inLanguage\":\"es-ES\"},{\"@type\":\"Organization\",\"@id\":\"https:\/\/www.ufcw.org\/es\/#organization\",\"name\":\"United Food and Commercial Workers International Union\",\"url\":\"https:\/\/www.ufcw.org\/es\/\",\"logo\":{\"@type\":\"ImageObject\",\"inLanguage\":\"es-ES\",\"@id\":\"https:\/\/www.ufcw.org\/es\/#\/schema\/logo\/image\/\",\"url\":\"https:\/\/www.ufcw.org\/wp-content\/blogs.dir\/61\/files\/2021\/02\/UFCW-Americas-Food-and-Retail-Union-2-color.png\",\"contentUrl\":\"https:\/\/www.ufcw.org\/wp-content\/blogs.dir\/61\/files\/2021\/02\/UFCW-Americas-Food-and-Retail-Union-2-color.png\",\"width\":415,\"height\":198,\"caption\":\"United Food and Commercial Workers International Union\"},\"image\":{\"@id\":\"https:\/\/www.ufcw.org\/es\/#\/schema\/logo\/image\/\"}}]}<\/script>\n<!-- \/ Yoast SEO plugin. -->","yoast_head_json":{"title":"Haciendo las plantas de procesamiento y empaquetado de carne m\u00e1s seguras - The United Food &amp; Commercial Workers International Union","robots":{"index":"index","follow":"follow","max-snippet":"max-snippet:-1","max-image-preview":"max-image-preview:large","max-video-preview":"max-video-preview:-1"},"canonical":"https:\/\/www.ufcw.org\/es\/haciendo-las-plantas-de-procesamiento-y-empaquetado-de-carne-mas-seguras\/","og_locale":"es_ES","og_type":"article","og_title":"Haciendo las plantas de procesamiento y empaquetado de carne m\u00e1s seguras - The United Food &amp; Commercial Workers International Union","og_description":"Subiendo los est\u00e1ndares de salud y seguridad juntos Trabajar en una planta empacadora de carne puede traer sus propios riesgos, especialmente cuando se est\u00e1 trabajando con qu\u00edmicos peligrosos o maquinaria pesada. Afortunadamente, hay sistemas existentes para ayudarlo a mantener su seguridad en el trabajo.&nbsp; Cuando los empleadores no est\u00e1n haciendo lo suficiente para hacer que [&hellip;]","og_url":"https:\/\/www.ufcw.org\/es\/haciendo-las-plantas-de-procesamiento-y-empaquetado-de-carne-mas-seguras\/","og_site_name":"The United Food &amp; Commercial Workers International Union","article_modified_time":"2025-12-02T21:30:43+00:00","og_image":[{"width":2400,"height":1350,"url":"https:\/\/www.ufcw.org\/wp-content\/blogs.dir\/61\/files\/2025\/10\/safer-packing-processing-union-hero.jpg","type":"image\/jpeg"}],"twitter_card":"summary_large_image","twitter_misc":{"Est. reading time":"6 minutes"},"schema":{"@context":"https:\/\/schema.org","@graph":[{"@type":"WebPage","@id":"https:\/\/www.ufcw.org\/es\/haciendo-las-plantas-de-procesamiento-y-empaquetado-de-carne-mas-seguras\/","url":"https:\/\/www.ufcw.org\/es\/haciendo-las-plantas-de-procesamiento-y-empaquetado-de-carne-mas-seguras\/","name":"Haciendo las plantas de procesamiento y empaquetado de carne m\u00e1s seguras - The United Food &amp; Commercial Workers International Union","isPartOf":{"@id":"https:\/\/www.ufcw.org\/es\/#website"},"primaryImageOfPage":{"@id":"https:\/\/www.ufcw.org\/es\/haciendo-las-plantas-de-procesamiento-y-empaquetado-de-carne-mas-seguras\/#primaryimage"},"image":{"@id":"https:\/\/www.ufcw.org\/es\/haciendo-las-plantas-de-procesamiento-y-empaquetado-de-carne-mas-seguras\/#primaryimage"},"thumbnailUrl":"https:\/\/www.ufcw.org\/wp-content\/blogs.dir\/61\/files\/2025\/10\/safer-packing-processing-union-hero.jpg","datePublished":"2025-10-20T20:10:52+00:00","dateModified":"2025-12-02T21:30:43+00:00","breadcrumb":{"@id":"https:\/\/www.ufcw.org\/es\/haciendo-las-plantas-de-procesamiento-y-empaquetado-de-carne-mas-seguras\/#breadcrumb"},"inLanguage":"es-ES","potentialAction":[{"@type":"ReadAction","target":["https:\/\/www.ufcw.org\/es\/haciendo-las-plantas-de-procesamiento-y-empaquetado-de-carne-mas-seguras\/"]}]},{"@type":"ImageObject","inLanguage":"es-ES","@id":"https:\/\/www.ufcw.org\/es\/haciendo-las-plantas-de-procesamiento-y-empaquetado-de-carne-mas-seguras\/#primaryimage","url":"https:\/\/www.ufcw.org\/wp-content\/blogs.dir\/61\/files\/2025\/10\/safer-packing-processing-union-hero.jpg","contentUrl":"https:\/\/www.ufcw.org\/wp-content\/blogs.dir\/61\/files\/2025\/10\/safer-packing-processing-union-hero.jpg","width":2400,"height":1350,"caption":"Local 2 Meatpacking Members photoshoot by TCW May 2022"},{"@type":"BreadcrumbList","@id":"https:\/\/www.ufcw.org\/es\/haciendo-las-plantas-de-procesamiento-y-empaquetado-de-carne-mas-seguras\/#breadcrumb","itemListElement":[{"@type":"ListItem","position":1,"name":"Home","item":"https:\/\/www.ufcw.org\/es\/"},{"@type":"ListItem","position":2,"name":"Haciendo las plantas de procesamiento y empaquetado de carne m\u00e1s seguras"}]},{"@type":"WebSite","@id":"https:\/\/www.ufcw.org\/es\/#website","url":"https:\/\/www.ufcw.org\/es\/","name":"The United Food &amp; Commercial Workers International Union","description":"Official website of the United Food and Commercial Workers International Union","publisher":{"@id":"https:\/\/www.ufcw.org\/es\/#organization"},"potentialAction":[{"@type":"SearchAction","target":{"@type":"EntryPoint","urlTemplate":"https:\/\/www.ufcw.org\/es\/?s={search_term_string}"},"query-input":{"@type":"PropertyValueSpecification","valueRequired":true,"valueName":"search_term_string"}}],"inLanguage":"es-ES"},{"@type":"Organization","@id":"https:\/\/www.ufcw.org\/es\/#organization","name":"United Food and Commercial Workers International Union","url":"https:\/\/www.ufcw.org\/es\/","logo":{"@type":"ImageObject","inLanguage":"es-ES","@id":"https:\/\/www.ufcw.org\/es\/#\/schema\/logo\/image\/","url":"https:\/\/www.ufcw.org\/wp-content\/blogs.dir\/61\/files\/2021\/02\/UFCW-Americas-Food-and-Retail-Union-2-color.png","contentUrl":"https:\/\/www.ufcw.org\/wp-content\/blogs.dir\/61\/files\/2021\/02\/UFCW-Americas-Food-and-Retail-Union-2-color.png","width":415,"height":198,"caption":"United Food and Commercial Workers International Union"},"image":{"@id":"https:\/\/www.ufcw.org\/es\/#\/schema\/logo\/image\/"}}]}},"_links":{"self":[{"href":"https:\/\/www.ufcw.org\/es\/wp-json\/wp\/v2\/pages\/63377","targetHints":{"allow":["GET"]}}],"collection":[{"href":"https:\/\/www.ufcw.org\/es\/wp-json\/wp\/v2\/pages"}],"about":[{"href":"https:\/\/www.ufcw.org\/es\/wp-json\/wp\/v2\/types\/page"}],"author":[{"embeddable":true,"href":"https:\/\/www.ufcw.org\/es\/wp-json\/wp\/v2\/users\/410"}],"replies":[{"embeddable":true,"href":"https:\/\/www.ufcw.org\/es\/wp-json\/wp\/v2\/comments?post=63377"}],"version-history":[{"count":8,"href":"https:\/\/www.ufcw.org\/es\/wp-json\/wp\/v2\/pages\/63377\/revisions"}],"predecessor-version":[{"id":63704,"href":"https:\/\/www.ufcw.org\/es\/wp-json\/wp\/v2\/pages\/63377\/revisions\/63704"}],"wp:featuredmedia":[{"embeddable":true,"href":"https:\/\/www.ufcw.org\/es\/wp-json\/wp\/v2\/media\/63113"}],"wp:attachment":[{"href":"https:\/\/www.ufcw.org\/es\/wp-json\/wp\/v2\/media?parent=63377"}],"curies":[{"name":"wp","href":"https:\/\/api.w.org\/{rel}","templated":true}]}}