{"id":63363,"date":"2025-10-29T11:10:56","date_gmt":"2025-10-29T15:10:56","guid":{"rendered":"https:\/\/www.ufcw.org\/?page_id=63363"},"modified":"2025-12-02T16:33:28","modified_gmt":"2025-12-02T21:33:28","slug":"recursos-de-inmigracion-para-empacadores-de-carne","status":"publish","type":"page","link":"https:\/\/www.ufcw.org\/es\/recursos-de-inmigracion-para-empacadores-de-carne\/","title":{"rendered":"Recursos de inmigraci\u00f3n para Empacadores de Carne"},"content":{"rendered":"<div class=\"tw-max-w-217 tw-m-auto tw-px-6 rich-text contained-block\" data-module=\"heading\">\n<h2 class=\"wp-block-heading\">Conoce a sus derechos como un empacador de carne.<\/h2>\n<\/div>\n\n<div class=\"tw-max-w-217 tw-m-auto tw-px-6 rich-text contained-block\" data-module=\"paragraph\">\n<p>Debido a los ataques continuos a los inmigrantes en nuestras comunidades y lugares de trabajo, es m\u00e1s importante que nunca que conozca sus derechos cuando se trata de las pol\u00edticas federales de inmigracion. <strong>Como una uni\u00f3n internacional, la UFCW lucha para proteger los derechos de los trabajadores migrantes que contribuyen tanto a nuestro pa\u00eds.&nbsp;&nbsp;<\/strong><\/p>\n<\/div>\n\n<div class=\"tw-max-w-217 tw-m-auto tw-px-6 rich-text contained-block\" data-module=\"paragraph\">\n<p>Estamos aqu\u00ed para ayudarle a ejercer sus derechos como inmigrante y proteger su derecho a trabajar en una planta empacadora de carne aqu\u00ed en los EE.UU. <strong>Abajo, hay informaci\u00f3n importante sobre las protecciones de TPS, el programa de ciudadan\u00eda de UFCW (UCAN) y nuestros webinarios de inmigraci\u00f3n nuevos.&nbsp;<\/strong><\/p>\n<\/div>\n\n<div class=\"tw-max-w-217 tw-m-auto tw-px-6 rich-text contained-block\" data-module=\"heading\">\n<h3 class=\"wp-block-heading\">Qu\u00e9 est\u00e1 pasando con el programa de estatus de protecci\u00f3n temporal (TPS)?<\/h3>\n<\/div>\n\n<div class=\"tw-max-w-217 tw-m-auto tw-px-6 rich-text contained-block\" data-module=\"paragraph\">\n<p>Este a\u00f1o, el gobierno federal empez\u00f3 a eliminar protecciones para trabajadores inmigrantes que depend\u00edan del programa de estatus de protecci\u00f3n temporal (TPS). Ahora, millones de trabajadores de Venezuela, Honduras, Nicaragua, Afganist\u00e1n, Camer\u00fan, Siria, y Hait\u00ed est\u00e1n en peligro de perder su estatus y sus derechos de trabajar aqu\u00ed en el pa\u00eds. La UFCW entiende la importancia del programa para trabajadores migratorios y estamos aqu\u00ed para apoyar a cualquier persona que necesita ayuda protegiendo su futuro en los EE.UU.<\/p>\n<\/div>\n\n<div class=\"tw-max-w-217 tw-m-auto tw-px-6 rich-text contained-block\" data-module=\"paragraph\">\n<p><strong>Con\u00e9ctese con un representante de la UFCW para ayuda entendiendo como la eliminaci\u00f3n del programa de TPS le afecta. Y, puede visitar nuestra nuestra biblioteca entera de recursos de inmigracion para la informaci\u00f3n m\u00e1s actual sobre el estatus del programa TPS.<\/strong> Aqu\u00ed, puede mantenerse actualizado si el gobierno federal hace cambios al alcance del programa o al proceso de solicitar.<\/p>\n<\/div>\n\n<div class=\"tw-max-w-217 tw-m-auto tw-px-6 rich-text contained-block\" data-module=\"heading\">\n<h3 class=\"wp-block-heading\">Webinarios de inmigraci\u00f3n<\/h3>\n<\/div>\n\n<div class=\"tw-max-w-217 tw-m-auto tw-px-6 rich-text contained-block\" data-module=\"paragraph\">\n<p>Este invierno, la UFCW est\u00e1 organizando una serie de webinarios de inmigraci\u00f3n para empacadores de carne que necesitan ayuda protegiendo sus derechos o entendiendo sus opciones para el alivio migratorio. Estos webinarios ser\u00e1n un espacio seguro para que pueda preguntar lo que est\u00e1 en su mente y aprender de los expertos. <strong>No recolectaremos or compartiremos ninguna informaci\u00f3n personal, y estamos comprometidos a ayudarle navegar su situaci\u00f3n en la mejor manera posible.&nbsp;<\/strong><br><\/p>\n<\/div>\n\n<div class=\"tw-max-w-217 tw-m-auto tw-px-6 rich-text contained-block\" data-module=\"buttons\">\n<div class=\"wp-block-buttons is-layout-flex wp-block-buttons-is-layout-flex\"><div class=\"tw-max-w-217 tw-m-auto tw-px-6 rich-text contained-block\" data-module=\"button\">\n<div class=\"wp-block-button\"><a class=\"wp-block-button__link wp-element-button\" href=\"http:\/\/www.ufcw.org\/immigration-webinars\">Registrese para un webinario hoy&nbsp;<\/a><\/div>\n<\/div><\/div>\n<\/div>\n\n<div class=\"tw-max-w-217 tw-m-auto tw-px-6 rich-text contained-block\" data-module=\"heading\">\n<h3 class=\"wp-block-heading\"><strong>El programa de UCAN<\/strong><\/h3>\n<\/div>\n\n<div class=\"tw-max-w-217 tw-m-auto tw-px-6 rich-text contained-block\" data-module=\"paragraph\">\n<p>Solicitar la ciudadan\u00eda en los Estados Unidos puede ser un proceso dif\u00edcil y largo, pero estamos comprometidos a ayudar a nuestros miembros a cumplir sus sue\u00f1os de ser ciudadanos de Am\u00e9rica. Las oficinas de UFCW a trav\u00e9s del pa\u00eds se est\u00e1n asociando con Citizenshipworks para ofrecer un programa llamado la red de acci\u00f3n de ciudadan\u00eda de la uni\u00f3n (UCAN) que ayuda a nuestros miembros a asegurar sus futuros en el pa\u00eds.&nbsp;<\/p>\n<\/div>\n\n<div class=\"tw-max-w-217 tw-m-auto tw-px-6 rich-text contained-block\" data-module=\"paragraph\">\n<p>El programa UCAN ofrece recursos legales y cl\u00ednicas de naturalizaci\u00f3n a nuestros miembros &#8211; para hacer que el camino a ser ciudadano sea posible. Nuestra meta es empoderarle con todos los recursos que necesita para facilitar su camino a ser ciudadano.<\/p>\n<\/div>\n\n\n\n\n\n\n<section class=\"tw-max-w-217 tw-m-auto tw-px-6 contained-block module-padding\" data-module=\"gallery\">\n    <h2 class=\"gamma\"><\/h2>\n    <div class=\"tw-flex tw-flex-wrap\">\n                                                                                                                            <div class=\"tw-mb-12  tw-w-full\">\n                        <a\n                            aria-label=\"\"\n                            href=\"https:\/\/youtube.com\/shorts\/m7jjD_2orr4\"\n                            class=\"relative block\"\n                            data-lity>\n                            <div data-id=\"video-holder-93702818\" class=\"play-button tw-w-full tw-aspect-ratio-16\/9 tw-relative \">\n                                <img decoding=\"async\"\n                                    alt=\"\"\n                                    class=\"tw-absolute tw-object-cover tw-w-full tw-h-full\"\n                                    src=\"https:\/\/www.ufcw.org\/wp-content\/blogs.dir\/61\/files\/2025\/11\/UCAN-Thumbnail-Spanish.jpg\"\n                                    data-object-fit=\"cover\"\n                                >\n                            <\/div>\n                        <\/a>\n                                            <\/div>\n\n                    \n    <\/div>\n<\/section>\n\n\n\n<div class=\"tw-max-w-217 tw-m-auto tw-px-6 rich-text contained-block\" data-module=\"heading\">\n<h3 class=\"wp-block-heading\">Conozca sus derechos<\/h3>\n<\/div>\n\n<div class=\"tw-max-w-217 tw-m-auto tw-px-6 rich-text contained-block\" data-module=\"paragraph\">\n<p>Incluso si no necesita ayuda solicitando alivio migratorio, es esencial que entienda sus derechos como inmigrante en la industria de empaquetado de carne. Haga clic para un resumen de sus derechos en su planta empacadora, y por favor con\u00e9ctese con un representante de la UFCW si tiene preguntas sobre estos recursos.&nbsp;<\/p>\n<\/div>\n\n<div class=\"tw-max-w-217 tw-m-auto tw-px-6 rich-text contained-block\" data-module=\"html\">\n<style>\n.three-image-row a {\n  display: block;\n  width: 100%;\n  max-width: 33.33%;\n}\n\n.three-image-row img {\n  width: 100%;\n  height: auto;\n  object-fit: cover;\n  border-radius: 10px;\n  transition: transform 0.2s ease-in-out;\n}\n\n.three-image-row img:hover {\n  transform: scale(1.03);\n}\n\n.three-image-row {\n  display: flex;\n  justify-content: center;\n  gap: 10px;\n  flex-wrap: nowrap;\n}\n\n@media (max-width: 600px) {\n  .three-image-row {\n    flex-wrap: wrap;\n  }\n  .three-image-row a {\n    max-width: 100%;\n  }\n}\n<\/style>\n\n<div class=\"three-image-row\">\n  <a href=\"https:\/\/www.ufcw.org\/es\/haciendo-las-plantas-de-procesamiento-y-empaquetado-de-carne-mas-seguras\/\">\n  <img decoding=\"async\" src=\"https:\/\/www.ufcw.org\/wp-content\/blogs.dir\/61\/files\/2025\/11\/safer-packing-processing-union-hero-Spanish-copy.jpg\" alt=\"Meatpacking Union Hub\"> \n<\/a>\n  <a href=\"https:\/\/www.ufcw.org\/es\/a-quien-representamos\/union-de-empaquetado\/\">\n  <img decoding=\"async\" src=\"https:\/\/www.ufcw.org\/wp-content\/blogs.dir\/61\/files\/2025\/11\/meatpacking-union-hub-meta-image-Spanish-copy.jpg\" alt=\"Why Meatpackers Are Unionizing\"> \n<\/a>\n  <a href=\"https:\/\/www.ufcw.org\/es\/a-quien-representamos\/union-de-empaquetado\/#testimonial\">\n  <img decoding=\"async\" src=\"https:\/\/www.ufcw.org\/wp-content\/blogs.dir\/61\/files\/2025\/11\/Hear-More-Spanish-Thumbnail-1.jpg\" alt=\"UFCW Meatpacking Member Testimonials\"> \n<\/a>\n<\/div>\n<\/div>","protected":false},"excerpt":{"rendered":"<p>Conoce a sus derechos como un empacador de carne. Debido a los ataques continuos a los inmigrantes en nuestras comunidades y lugares de trabajo, es m\u00e1s importante que nunca que conozca sus derechos cuando se trata de las pol\u00edticas federales de inmigracion. Como una uni\u00f3n internacional, la UFCW lucha para proteger los derechos de los [&hellip;]<\/p>\n","protected":false},"author":410,"featured_media":63120,"parent":0,"menu_order":0,"comment_status":"closed","ping_status":"closed","template":"views\/templates\/general\/index.php","meta":{"_acf_changed":false,"footnotes":"","_links_to":"","_links_to_target":""},"class_list":["post-63363","page","type-page","status-publish","has-post-thumbnail","hentry"],"acf":[],"yoast_head":"<!-- This site is optimized with the Yoast SEO plugin v27.1.1 - https:\/\/yoast.com\/product\/yoast-seo-wordpress\/ -->\n<title>Recursos de inmigraci\u00f3n para Empacadores de Carne - The United Food &amp; Commercial Workers International Union<\/title>\n<meta name=\"robots\" content=\"index, follow, max-snippet:-1, max-image-preview:large, max-video-preview:-1\" \/>\n<link rel=\"canonical\" href=\"https:\/\/www.ufcw.org\/es\/recursos-de-inmigracion-para-empacadores-de-carne\/\" \/>\n<meta property=\"og:locale\" content=\"es_ES\" \/>\n<meta property=\"og:type\" content=\"article\" \/>\n<meta property=\"og:title\" content=\"Recursos de inmigraci\u00f3n para Empacadores de Carne - The United Food &amp; Commercial Workers International Union\" \/>\n<meta property=\"og:description\" content=\"Conoce a sus derechos como un empacador de carne. Debido a los ataques continuos a los inmigrantes en nuestras comunidades y lugares de trabajo, es m\u00e1s importante que nunca que conozca sus derechos cuando se trata de las pol\u00edticas federales de inmigracion. Como una uni\u00f3n internacional, la UFCW lucha para proteger los derechos de los [&hellip;]\" \/>\n<meta property=\"og:url\" content=\"https:\/\/www.ufcw.org\/es\/recursos-de-inmigracion-para-empacadores-de-carne\/\" \/>\n<meta property=\"og:site_name\" content=\"The United Food &amp; Commercial Workers International Union\" \/>\n<meta property=\"article:modified_time\" content=\"2025-12-02T21:33:28+00:00\" \/>\n<meta property=\"og:image\" content=\"https:\/\/www.ufcw.org\/wp-content\/blogs.dir\/61\/files\/2025\/10\/Meatpacking-Immigration-Resources-Hero.jpg\" \/>\n\t<meta property=\"og:image:width\" content=\"1920\" \/>\n\t<meta property=\"og:image:height\" content=\"1080\" \/>\n\t<meta property=\"og:image:type\" content=\"image\/jpeg\" \/>\n<meta name=\"twitter:card\" content=\"summary_large_image\" \/>\n<meta name=\"twitter:label1\" content=\"Est. reading time\" \/>\n\t<meta name=\"twitter:data1\" content=\"4 minutes\" \/>\n<script type=\"application\/ld+json\" class=\"yoast-schema-graph\">{\"@context\":\"https:\/\/schema.org\",\"@graph\":[{\"@type\":\"WebPage\",\"@id\":\"https:\/\/www.ufcw.org\/es\/recursos-de-inmigracion-para-empacadores-de-carne\/\",\"url\":\"https:\/\/www.ufcw.org\/es\/recursos-de-inmigracion-para-empacadores-de-carne\/\",\"name\":\"Recursos de inmigraci\u00f3n para Empacadores de Carne - The United Food &amp; Commercial Workers International Union\",\"isPartOf\":{\"@id\":\"https:\/\/www.ufcw.org\/es\/#website\"},\"primaryImageOfPage\":{\"@id\":\"https:\/\/www.ufcw.org\/es\/recursos-de-inmigracion-para-empacadores-de-carne\/#primaryimage\"},\"image\":{\"@id\":\"https:\/\/www.ufcw.org\/es\/recursos-de-inmigracion-para-empacadores-de-carne\/#primaryimage\"},\"thumbnailUrl\":\"https:\/\/www.ufcw.org\/wp-content\/blogs.dir\/61\/files\/2025\/10\/Meatpacking-Immigration-Resources-Hero.jpg\",\"datePublished\":\"2025-10-29T15:10:56+00:00\",\"dateModified\":\"2025-12-02T21:33:28+00:00\",\"breadcrumb\":{\"@id\":\"https:\/\/www.ufcw.org\/es\/recursos-de-inmigracion-para-empacadores-de-carne\/#breadcrumb\"},\"inLanguage\":\"es-ES\",\"potentialAction\":[{\"@type\":\"ReadAction\",\"target\":[\"https:\/\/www.ufcw.org\/es\/recursos-de-inmigracion-para-empacadores-de-carne\/\"]}]},{\"@type\":\"ImageObject\",\"inLanguage\":\"es-ES\",\"@id\":\"https:\/\/www.ufcw.org\/es\/recursos-de-inmigracion-para-empacadores-de-carne\/#primaryimage\",\"url\":\"https:\/\/www.ufcw.org\/wp-content\/blogs.dir\/61\/files\/2025\/10\/Meatpacking-Immigration-Resources-Hero.jpg\",\"contentUrl\":\"https:\/\/www.ufcw.org\/wp-content\/blogs.dir\/61\/files\/2025\/10\/Meatpacking-Immigration-Resources-Hero.jpg\",\"width\":1920,\"height\":1080,\"caption\":\"Cargill, Griselda Navarro, Hector Ramirez, Imelda Orinez, Local 540, Region 5, Adult, Female, Hardhat, Headphones, Helmet, Male, Man, Person, Woman, Worker Griselda (left).Imelda (right).Hector (center)\"},{\"@type\":\"BreadcrumbList\",\"@id\":\"https:\/\/www.ufcw.org\/es\/recursos-de-inmigracion-para-empacadores-de-carne\/#breadcrumb\",\"itemListElement\":[{\"@type\":\"ListItem\",\"position\":1,\"name\":\"Home\",\"item\":\"https:\/\/www.ufcw.org\/es\/\"},{\"@type\":\"ListItem\",\"position\":2,\"name\":\"Recursos de inmigraci\u00f3n para Empacadores de Carne\"}]},{\"@type\":\"WebSite\",\"@id\":\"https:\/\/www.ufcw.org\/es\/#website\",\"url\":\"https:\/\/www.ufcw.org\/es\/\",\"name\":\"The United Food &amp; Commercial Workers International Union\",\"description\":\"Official website of the United Food and Commercial Workers International Union\",\"publisher\":{\"@id\":\"https:\/\/www.ufcw.org\/es\/#organization\"},\"potentialAction\":[{\"@type\":\"SearchAction\",\"target\":{\"@type\":\"EntryPoint\",\"urlTemplate\":\"https:\/\/www.ufcw.org\/es\/?s={search_term_string}\"},\"query-input\":{\"@type\":\"PropertyValueSpecification\",\"valueRequired\":true,\"valueName\":\"search_term_string\"}}],\"inLanguage\":\"es-ES\"},{\"@type\":\"Organization\",\"@id\":\"https:\/\/www.ufcw.org\/es\/#organization\",\"name\":\"United Food and Commercial Workers International Union\",\"url\":\"https:\/\/www.ufcw.org\/es\/\",\"logo\":{\"@type\":\"ImageObject\",\"inLanguage\":\"es-ES\",\"@id\":\"https:\/\/www.ufcw.org\/es\/#\/schema\/logo\/image\/\",\"url\":\"https:\/\/www.ufcw.org\/wp-content\/blogs.dir\/61\/files\/2021\/02\/UFCW-Americas-Food-and-Retail-Union-2-color.png\",\"contentUrl\":\"https:\/\/www.ufcw.org\/wp-content\/blogs.dir\/61\/files\/2021\/02\/UFCW-Americas-Food-and-Retail-Union-2-color.png\",\"width\":415,\"height\":198,\"caption\":\"United Food and Commercial Workers International Union\"},\"image\":{\"@id\":\"https:\/\/www.ufcw.org\/es\/#\/schema\/logo\/image\/\"}}]}<\/script>\n<!-- \/ Yoast SEO plugin. -->","yoast_head_json":{"title":"Recursos de inmigraci\u00f3n para Empacadores de Carne - The United Food &amp; Commercial Workers International Union","robots":{"index":"index","follow":"follow","max-snippet":"max-snippet:-1","max-image-preview":"max-image-preview:large","max-video-preview":"max-video-preview:-1"},"canonical":"https:\/\/www.ufcw.org\/es\/recursos-de-inmigracion-para-empacadores-de-carne\/","og_locale":"es_ES","og_type":"article","og_title":"Recursos de inmigraci\u00f3n para Empacadores de Carne - The United Food &amp; Commercial Workers International Union","og_description":"Conoce a sus derechos como un empacador de carne. Debido a los ataques continuos a los inmigrantes en nuestras comunidades y lugares de trabajo, es m\u00e1s importante que nunca que conozca sus derechos cuando se trata de las pol\u00edticas federales de inmigracion. Como una uni\u00f3n internacional, la UFCW lucha para proteger los derechos de los [&hellip;]","og_url":"https:\/\/www.ufcw.org\/es\/recursos-de-inmigracion-para-empacadores-de-carne\/","og_site_name":"The United Food &amp; Commercial Workers International Union","article_modified_time":"2025-12-02T21:33:28+00:00","og_image":[{"width":1920,"height":1080,"url":"https:\/\/www.ufcw.org\/wp-content\/blogs.dir\/61\/files\/2025\/10\/Meatpacking-Immigration-Resources-Hero.jpg","type":"image\/jpeg"}],"twitter_card":"summary_large_image","twitter_misc":{"Est. reading time":"4 minutes"},"schema":{"@context":"https:\/\/schema.org","@graph":[{"@type":"WebPage","@id":"https:\/\/www.ufcw.org\/es\/recursos-de-inmigracion-para-empacadores-de-carne\/","url":"https:\/\/www.ufcw.org\/es\/recursos-de-inmigracion-para-empacadores-de-carne\/","name":"Recursos de inmigraci\u00f3n para Empacadores de Carne - The United Food &amp; Commercial Workers International Union","isPartOf":{"@id":"https:\/\/www.ufcw.org\/es\/#website"},"primaryImageOfPage":{"@id":"https:\/\/www.ufcw.org\/es\/recursos-de-inmigracion-para-empacadores-de-carne\/#primaryimage"},"image":{"@id":"https:\/\/www.ufcw.org\/es\/recursos-de-inmigracion-para-empacadores-de-carne\/#primaryimage"},"thumbnailUrl":"https:\/\/www.ufcw.org\/wp-content\/blogs.dir\/61\/files\/2025\/10\/Meatpacking-Immigration-Resources-Hero.jpg","datePublished":"2025-10-29T15:10:56+00:00","dateModified":"2025-12-02T21:33:28+00:00","breadcrumb":{"@id":"https:\/\/www.ufcw.org\/es\/recursos-de-inmigracion-para-empacadores-de-carne\/#breadcrumb"},"inLanguage":"es-ES","potentialAction":[{"@type":"ReadAction","target":["https:\/\/www.ufcw.org\/es\/recursos-de-inmigracion-para-empacadores-de-carne\/"]}]},{"@type":"ImageObject","inLanguage":"es-ES","@id":"https:\/\/www.ufcw.org\/es\/recursos-de-inmigracion-para-empacadores-de-carne\/#primaryimage","url":"https:\/\/www.ufcw.org\/wp-content\/blogs.dir\/61\/files\/2025\/10\/Meatpacking-Immigration-Resources-Hero.jpg","contentUrl":"https:\/\/www.ufcw.org\/wp-content\/blogs.dir\/61\/files\/2025\/10\/Meatpacking-Immigration-Resources-Hero.jpg","width":1920,"height":1080,"caption":"Cargill, Griselda Navarro, Hector Ramirez, Imelda Orinez, Local 540, Region 5, Adult, Female, Hardhat, Headphones, Helmet, Male, Man, Person, Woman, Worker Griselda (left).Imelda (right).Hector (center)"},{"@type":"BreadcrumbList","@id":"https:\/\/www.ufcw.org\/es\/recursos-de-inmigracion-para-empacadores-de-carne\/#breadcrumb","itemListElement":[{"@type":"ListItem","position":1,"name":"Home","item":"https:\/\/www.ufcw.org\/es\/"},{"@type":"ListItem","position":2,"name":"Recursos de inmigraci\u00f3n para Empacadores de Carne"}]},{"@type":"WebSite","@id":"https:\/\/www.ufcw.org\/es\/#website","url":"https:\/\/www.ufcw.org\/es\/","name":"The United Food &amp; Commercial Workers International Union","description":"Official website of the United Food and Commercial Workers International Union","publisher":{"@id":"https:\/\/www.ufcw.org\/es\/#organization"},"potentialAction":[{"@type":"SearchAction","target":{"@type":"EntryPoint","urlTemplate":"https:\/\/www.ufcw.org\/es\/?s={search_term_string}"},"query-input":{"@type":"PropertyValueSpecification","valueRequired":true,"valueName":"search_term_string"}}],"inLanguage":"es-ES"},{"@type":"Organization","@id":"https:\/\/www.ufcw.org\/es\/#organization","name":"United Food and Commercial Workers International Union","url":"https:\/\/www.ufcw.org\/es\/","logo":{"@type":"ImageObject","inLanguage":"es-ES","@id":"https:\/\/www.ufcw.org\/es\/#\/schema\/logo\/image\/","url":"https:\/\/www.ufcw.org\/wp-content\/blogs.dir\/61\/files\/2021\/02\/UFCW-Americas-Food-and-Retail-Union-2-color.png","contentUrl":"https:\/\/www.ufcw.org\/wp-content\/blogs.dir\/61\/files\/2021\/02\/UFCW-Americas-Food-and-Retail-Union-2-color.png","width":415,"height":198,"caption":"United Food and Commercial Workers International Union"},"image":{"@id":"https:\/\/www.ufcw.org\/es\/#\/schema\/logo\/image\/"}}]}},"_links":{"self":[{"href":"https:\/\/www.ufcw.org\/es\/wp-json\/wp\/v2\/pages\/63363","targetHints":{"allow":["GET"]}}],"collection":[{"href":"https:\/\/www.ufcw.org\/es\/wp-json\/wp\/v2\/pages"}],"about":[{"href":"https:\/\/www.ufcw.org\/es\/wp-json\/wp\/v2\/types\/page"}],"author":[{"embeddable":true,"href":"https:\/\/www.ufcw.org\/es\/wp-json\/wp\/v2\/users\/410"}],"replies":[{"embeddable":true,"href":"https:\/\/www.ufcw.org\/es\/wp-json\/wp\/v2\/comments?post=63363"}],"version-history":[{"count":6,"href":"https:\/\/www.ufcw.org\/es\/wp-json\/wp\/v2\/pages\/63363\/revisions"}],"predecessor-version":[{"id":63707,"href":"https:\/\/www.ufcw.org\/es\/wp-json\/wp\/v2\/pages\/63363\/revisions\/63707"}],"wp:featuredmedia":[{"embeddable":true,"href":"https:\/\/www.ufcw.org\/es\/wp-json\/wp\/v2\/media\/63120"}],"wp:attachment":[{"href":"https:\/\/www.ufcw.org\/es\/wp-json\/wp\/v2\/media?parent=63363"}],"curies":[{"name":"wp","href":"https:\/\/api.w.org\/{rel}","templated":true}]}}