{"id":62978,"date":"2025-09-30T11:45:42","date_gmt":"2025-09-30T15:45:42","guid":{"rendered":"https:\/\/www.ufcw.org\/?page_id=62978"},"modified":"2025-12-02T10:04:52","modified_gmt":"2025-12-02T15:04:52","slug":"immihelp-espanol","status":"publish","type":"page","link":"https:\/\/www.ufcw.org\/es\/immihelp-espanol\/","title":{"rendered":"Apoyo y Recursos Legales"},"content":{"rendered":"<div class=\"tw-max-w-217 tw-m-auto tw-px-6 rich-text contained-block\" data-module=\"buttons\">\n<div class=\"wp-block-buttons is-layout-flex wp-block-buttons-is-layout-flex\"><div class=\"tw-max-w-217 tw-m-auto tw-px-6 rich-text contained-block\" data-module=\"button\">\n<div class=\"wp-block-button\"><a class=\"wp-block-button__link wp-element-button\" href=\"https:\/\/www.ufcw.org\/immihelp\">English<\/a><\/div>\n<\/div>\n\n<div class=\"tw-max-w-217 tw-m-auto tw-px-6 rich-text contained-block\" data-module=\"button\">\n<div class=\"wp-block-button\"><a class=\"wp-block-button__link wp-element-button\" href=\"https:\/\/www.ufcw.org\/immihelp-francais\/\">Fran\u00e7ais<\/a><\/div>\n<\/div>\n\n<div class=\"tw-max-w-217 tw-m-auto tw-px-6 rich-text contained-block\" data-module=\"button\">\n<div class=\"wp-block-button\"><a class=\"wp-block-button__link wp-element-button\" href=\"https:\/\/www.ufcw.org\/immihelp-kreyol-ayisyen\/\">Krey\u00f2l ayisyen<\/a><\/div>\n<\/div><\/div>\n<\/div>\n\n<div class=\"tw-max-w-217 tw-m-auto tw-px-6 rich-text contained-block\" data-module=\"heading\">\n<h2 class=\"wp-block-heading\">\u00bfTiene preguntas sobre inmigraci\u00f3n, permisos de trabajo o solicitudes de estado?<\/h2>\n<\/div>\n\n<div class=\"tw-max-w-217 tw-m-auto tw-px-6 rich-text contained-block\" data-module=\"paragraph\">\n<p>Estas organizaciones pueden ayudarlo a entender cambios recientes sobre inmigraci\u00f3n y c\u00f3mo pueden afectarlo, y el apoyo es completamente gratis:<\/p>\n<\/div>\n\n<div class=\"tw-max-w-217 tw-m-auto tw-px-6 rich-text contained-block\" data-module=\"list\">\n<ul class=\"wp-block-list\"><div class=\"tw-max-w-217 tw-m-auto tw-px-6 rich-text contained-block\" data-module=\"list-item\">\n<li><strong>Asylum Seekers Alliance Project<\/strong> ofrece actualizaciones sobre inmigraci\u00f3n en tiempo real, informaci\u00f3n confiable y ayuda legal gratis limitada: (<a href=\"https:\/\/app.asylumadvocacy.org\/tool\/membership-application?lang=es\">Espa\u00f1ol<\/a>) (<a href=\"https:\/\/app.asylumadvocacy.org\/tool\/membership-application?lang=en\">Ingl\u00e9s<\/a>)<br><br><\/li>\n<\/div>\n\n<div class=\"tw-max-w-217 tw-m-auto tw-px-6 rich-text contained-block\" data-module=\"list-item\">\n<li><strong>National TPS Alliance<\/strong> defiende a los beneficiarios de TPS y ofrece actualizaciones sobre inmigraci\u00f3n en tiempo real e informaci\u00f3n confiable por Zoom. Si usted es beneficiario de TPS, \u00fanase a la alianza aqu\u00ed: (<a href=\"https:\/\/actionnetwork.org\/forms\/solicitud-de-membresia-membership-application\">Espa\u00f1ol\/Ingl\u00e9s<\/a>)<br><br><\/li>\n<\/div>\n\n<div class=\"tw-max-w-217 tw-m-auto tw-px-6 rich-text contained-block\" data-module=\"list-item\">\n<li><strong>Haitian Bridge Alliance<\/strong> ofrece actualizaciones sobre inmigraci\u00f3n en tiempo real e informaci\u00f3n confiable en criollo y franc\u00e9s: (<a href=\"https:\/\/docs.google.com\/forms\/d\/1hOLZMThlhPT0pOD2IXVbuzaVt9u6YQKdFIMR_VWy8aI\/viewform?edit_requested=true\">Criollo haitiano\/Franc\u00e9s\/Ingl\u00e9s<\/a>)<\/li>\n<\/div><\/ul>\n<\/div>\n\n<div class=\"tw-max-w-217 tw-m-auto tw-px-6 rich-text contained-block\" data-module=\"paragraph\">\n<p><\/p>\n<\/div>\n\n<div class=\"tw-max-w-217 tw-m-auto tw-px-6 rich-text contained-block\" data-module=\"html\">\n<hr>\n<\/div>\n\n<div class=\"tw-max-w-217 tw-m-auto tw-px-6 rich-text contained-block\" data-module=\"paragraph\">\n<p><\/p>\n<\/div>\n\n<div class=\"tw-max-w-217 tw-m-auto tw-px-6 rich-text contained-block\" data-module=\"paragraph\">\n<p><strong>Exenci\u00f3n de responsabilidad:<\/strong> <em>Esto no pretende ser asesoramiento legal.<\/em> <em>Al compartir esta informaci\u00f3n, UFCW busca ayudar a los miembros y a sus familias a acceder a informaci\u00f3n segura y confiable, a conocer sobre sus opciones de inmigraci\u00f3n y a evitar estafas.<\/em> <em>Los miembros pueden elegir defenderse a s\u00ed mismos, pero recomendamos encarecidamente buscar asistencia legal profesional de un abogado calificado.<\/em> <em>Para obtener recursos adicionales, comun\u00edquese con su representante del sindicato o visite <\/em><a href=\"https:\/\/url.us.m.mimecastprotect.com\/s\/zBi0C4xYQJt7jBDoUMuxu4eL0x?domain=ufcw.org\/\" target=\"_blank\" rel=\"noreferrer noopener\"><strong><em>www.ufcw.org\/immihelp<\/em><\/strong><\/a>.<\/p>\n<\/div>","protected":false},"excerpt":{"rendered":"<p>\u00bfTiene preguntas sobre inmigraci\u00f3n, permisos de trabajo o solicitudes de estado? Estas organizaciones pueden ayudarlo a entender cambios recientes sobre inmigraci\u00f3n y c\u00f3mo pueden afectarlo, y el apoyo es completamente gratis: Exenci\u00f3n de responsabilidad: Esto no pretende ser asesoramiento legal. Al compartir esta informaci\u00f3n, UFCW busca ayudar a los miembros y a sus familias a [&hellip;]<\/p>\n","protected":false},"author":416,"featured_media":0,"parent":0,"menu_order":1,"comment_status":"closed","ping_status":"closed","template":"","meta":{"_acf_changed":false,"footnotes":"","_links_to":"","_links_to_target":""},"class_list":["post-62978","page","type-page","status-publish","hentry"],"acf":[],"yoast_head":"<!-- This site is optimized with the Yoast SEO plugin v27.1.1 - https:\/\/yoast.com\/product\/yoast-seo-wordpress\/ -->\n<title>Apoyo y Recursos Legales - The United Food &amp; Commercial Workers International Union<\/title>\n<meta name=\"robots\" content=\"index, follow, max-snippet:-1, max-image-preview:large, max-video-preview:-1\" \/>\n<link rel=\"canonical\" href=\"https:\/\/www.ufcw.org\/es\/immihelp-espanol\/\" \/>\n<meta property=\"og:locale\" content=\"es_ES\" \/>\n<meta property=\"og:type\" content=\"article\" \/>\n<meta property=\"og:title\" content=\"Apoyo y Recursos Legales - The United Food &amp; Commercial Workers International Union\" \/>\n<meta property=\"og:description\" content=\"\u00bfTiene preguntas sobre inmigraci\u00f3n, permisos de trabajo o solicitudes de estado? Estas organizaciones pueden ayudarlo a entender cambios recientes sobre inmigraci\u00f3n y c\u00f3mo pueden afectarlo, y el apoyo es completamente gratis: Exenci\u00f3n de responsabilidad: Esto no pretende ser asesoramiento legal. Al compartir esta informaci\u00f3n, UFCW busca ayudar a los miembros y a sus familias a [&hellip;]\" \/>\n<meta property=\"og:url\" content=\"https:\/\/www.ufcw.org\/es\/immihelp-espanol\/\" \/>\n<meta property=\"og:site_name\" content=\"The United Food &amp; Commercial Workers International Union\" \/>\n<meta property=\"article:modified_time\" content=\"2025-12-02T15:04:52+00:00\" \/>\n<meta name=\"twitter:card\" content=\"summary_large_image\" \/>\n<meta name=\"twitter:label1\" content=\"Est. reading time\" \/>\n\t<meta name=\"twitter:data1\" content=\"1 minute\" \/>\n<script type=\"application\/ld+json\" class=\"yoast-schema-graph\">{\"@context\":\"https:\/\/schema.org\",\"@graph\":[{\"@type\":\"WebPage\",\"@id\":\"https:\/\/www.ufcw.org\/es\/immihelp-espanol\/\",\"url\":\"https:\/\/www.ufcw.org\/es\/immihelp-espanol\/\",\"name\":\"Apoyo y Recursos Legales - The United Food &amp; Commercial Workers International Union\",\"isPartOf\":{\"@id\":\"https:\/\/www.ufcw.org\/es\/#website\"},\"datePublished\":\"2025-09-30T15:45:42+00:00\",\"dateModified\":\"2025-12-02T15:04:52+00:00\",\"breadcrumb\":{\"@id\":\"https:\/\/www.ufcw.org\/es\/immihelp-espanol\/#breadcrumb\"},\"inLanguage\":\"es-ES\",\"potentialAction\":[{\"@type\":\"ReadAction\",\"target\":[\"https:\/\/www.ufcw.org\/es\/immihelp-espanol\/\"]}]},{\"@type\":\"BreadcrumbList\",\"@id\":\"https:\/\/www.ufcw.org\/es\/immihelp-espanol\/#breadcrumb\",\"itemListElement\":[{\"@type\":\"ListItem\",\"position\":1,\"name\":\"Home\",\"item\":\"https:\/\/www.ufcw.org\/es\/\"},{\"@type\":\"ListItem\",\"position\":2,\"name\":\"Apoyo y Recursos Legales\"}]},{\"@type\":\"WebSite\",\"@id\":\"https:\/\/www.ufcw.org\/es\/#website\",\"url\":\"https:\/\/www.ufcw.org\/es\/\",\"name\":\"The United Food &amp; Commercial Workers International Union\",\"description\":\"Official website of the United Food and Commercial Workers International Union\",\"publisher\":{\"@id\":\"https:\/\/www.ufcw.org\/es\/#organization\"},\"potentialAction\":[{\"@type\":\"SearchAction\",\"target\":{\"@type\":\"EntryPoint\",\"urlTemplate\":\"https:\/\/www.ufcw.org\/es\/?s={search_term_string}\"},\"query-input\":{\"@type\":\"PropertyValueSpecification\",\"valueRequired\":true,\"valueName\":\"search_term_string\"}}],\"inLanguage\":\"es-ES\"},{\"@type\":\"Organization\",\"@id\":\"https:\/\/www.ufcw.org\/es\/#organization\",\"name\":\"United Food and Commercial Workers International Union\",\"url\":\"https:\/\/www.ufcw.org\/es\/\",\"logo\":{\"@type\":\"ImageObject\",\"inLanguage\":\"es-ES\",\"@id\":\"https:\/\/www.ufcw.org\/es\/#\/schema\/logo\/image\/\",\"url\":\"https:\/\/www.ufcw.org\/wp-content\/blogs.dir\/61\/files\/2021\/02\/UFCW-Americas-Food-and-Retail-Union-2-color.png\",\"contentUrl\":\"https:\/\/www.ufcw.org\/wp-content\/blogs.dir\/61\/files\/2021\/02\/UFCW-Americas-Food-and-Retail-Union-2-color.png\",\"width\":415,\"height\":198,\"caption\":\"United Food and Commercial Workers International Union\"},\"image\":{\"@id\":\"https:\/\/www.ufcw.org\/es\/#\/schema\/logo\/image\/\"}}]}<\/script>\n<!-- \/ Yoast SEO plugin. -->","yoast_head_json":{"title":"Apoyo y Recursos Legales - The United Food &amp; Commercial Workers International Union","robots":{"index":"index","follow":"follow","max-snippet":"max-snippet:-1","max-image-preview":"max-image-preview:large","max-video-preview":"max-video-preview:-1"},"canonical":"https:\/\/www.ufcw.org\/es\/immihelp-espanol\/","og_locale":"es_ES","og_type":"article","og_title":"Apoyo y Recursos Legales - The United Food &amp; Commercial Workers International Union","og_description":"\u00bfTiene preguntas sobre inmigraci\u00f3n, permisos de trabajo o solicitudes de estado? Estas organizaciones pueden ayudarlo a entender cambios recientes sobre inmigraci\u00f3n y c\u00f3mo pueden afectarlo, y el apoyo es completamente gratis: Exenci\u00f3n de responsabilidad: Esto no pretende ser asesoramiento legal. Al compartir esta informaci\u00f3n, UFCW busca ayudar a los miembros y a sus familias a [&hellip;]","og_url":"https:\/\/www.ufcw.org\/es\/immihelp-espanol\/","og_site_name":"The United Food &amp; Commercial Workers International Union","article_modified_time":"2025-12-02T15:04:52+00:00","twitter_card":"summary_large_image","twitter_misc":{"Est. reading time":"1 minute"},"schema":{"@context":"https:\/\/schema.org","@graph":[{"@type":"WebPage","@id":"https:\/\/www.ufcw.org\/es\/immihelp-espanol\/","url":"https:\/\/www.ufcw.org\/es\/immihelp-espanol\/","name":"Apoyo y Recursos Legales - The United Food &amp; Commercial Workers International Union","isPartOf":{"@id":"https:\/\/www.ufcw.org\/es\/#website"},"datePublished":"2025-09-30T15:45:42+00:00","dateModified":"2025-12-02T15:04:52+00:00","breadcrumb":{"@id":"https:\/\/www.ufcw.org\/es\/immihelp-espanol\/#breadcrumb"},"inLanguage":"es-ES","potentialAction":[{"@type":"ReadAction","target":["https:\/\/www.ufcw.org\/es\/immihelp-espanol\/"]}]},{"@type":"BreadcrumbList","@id":"https:\/\/www.ufcw.org\/es\/immihelp-espanol\/#breadcrumb","itemListElement":[{"@type":"ListItem","position":1,"name":"Home","item":"https:\/\/www.ufcw.org\/es\/"},{"@type":"ListItem","position":2,"name":"Apoyo y Recursos Legales"}]},{"@type":"WebSite","@id":"https:\/\/www.ufcw.org\/es\/#website","url":"https:\/\/www.ufcw.org\/es\/","name":"The United Food &amp; Commercial Workers International Union","description":"Official website of the United Food and Commercial Workers International Union","publisher":{"@id":"https:\/\/www.ufcw.org\/es\/#organization"},"potentialAction":[{"@type":"SearchAction","target":{"@type":"EntryPoint","urlTemplate":"https:\/\/www.ufcw.org\/es\/?s={search_term_string}"},"query-input":{"@type":"PropertyValueSpecification","valueRequired":true,"valueName":"search_term_string"}}],"inLanguage":"es-ES"},{"@type":"Organization","@id":"https:\/\/www.ufcw.org\/es\/#organization","name":"United Food and Commercial Workers International Union","url":"https:\/\/www.ufcw.org\/es\/","logo":{"@type":"ImageObject","inLanguage":"es-ES","@id":"https:\/\/www.ufcw.org\/es\/#\/schema\/logo\/image\/","url":"https:\/\/www.ufcw.org\/wp-content\/blogs.dir\/61\/files\/2021\/02\/UFCW-Americas-Food-and-Retail-Union-2-color.png","contentUrl":"https:\/\/www.ufcw.org\/wp-content\/blogs.dir\/61\/files\/2021\/02\/UFCW-Americas-Food-and-Retail-Union-2-color.png","width":415,"height":198,"caption":"United Food and Commercial Workers International Union"},"image":{"@id":"https:\/\/www.ufcw.org\/es\/#\/schema\/logo\/image\/"}}]}},"_links":{"self":[{"href":"https:\/\/www.ufcw.org\/es\/wp-json\/wp\/v2\/pages\/62978","targetHints":{"allow":["GET"]}}],"collection":[{"href":"https:\/\/www.ufcw.org\/es\/wp-json\/wp\/v2\/pages"}],"about":[{"href":"https:\/\/www.ufcw.org\/es\/wp-json\/wp\/v2\/types\/page"}],"author":[{"embeddable":true,"href":"https:\/\/www.ufcw.org\/es\/wp-json\/wp\/v2\/users\/416"}],"replies":[{"embeddable":true,"href":"https:\/\/www.ufcw.org\/es\/wp-json\/wp\/v2\/comments?post=62978"}],"version-history":[{"count":10,"href":"https:\/\/www.ufcw.org\/es\/wp-json\/wp\/v2\/pages\/62978\/revisions"}],"predecessor-version":[{"id":63680,"href":"https:\/\/www.ufcw.org\/es\/wp-json\/wp\/v2\/pages\/62978\/revisions\/63680"}],"wp:attachment":[{"href":"https:\/\/www.ufcw.org\/es\/wp-json\/wp\/v2\/media?parent=62978"}],"curies":[{"name":"wp","href":"https:\/\/api.w.org\/{rel}","templated":true}]}}