{"id":61626,"date":"2023-01-31T14:23:03","date_gmt":"2023-01-31T14:23:03","guid":{"rendered":"https:\/\/www.ufcw.org\/?page_id=61626"},"modified":"2025-03-17T16:10:02","modified_gmt":"2025-03-17T16:10:02","slug":"organizar-una-union-gracias","status":"publish","type":"page","link":"https:\/\/www.ufcw.org\/es\/organizar-una-union-gracias\/","title":{"rendered":"Organizar una Uni\u00f3n \u2014 \u00a1Gracias!"},"content":{"rendered":"<div class=\"tw-max-w-217 tw-m-auto tw-px-6 rich-text contained-block\" data-module=\"heading\">\n<h2 class=\"wp-block-heading\">Gracias por contactarnos. <\/h2>\n<\/div>\n\n<div class=\"tw-max-w-217 tw-m-auto tw-px-6 rich-text contained-block\" data-module=\"paragraph\">\n<p>Estamos emocionados para hablar con usted sobre los pasos de formar una uni\u00f3n en su lugar de trabajo. <\/p>\n<\/div>\n\n<div class=\"tw-max-w-217 tw-m-auto tw-px-6 rich-text contained-block\" data-module=\"paragraph\">\n<p>Mi\u00e9ntras espara para nosotros le llamemos, puede preparar para su primero conversaci\u00f3n con nosotros por visitando nuestro <a href=\"https:\/\/www.ufcw.org\/es\/union-101\/\">biblioteca de Uni\u00f3n 101<\/a>. <\/p>\n<\/div>\n\n\n\n\n\n\n<section class=\"tw-max-w-217 tw-m-auto tw-px-6 contained-block module-padding\" data-module=\"gallery\">\n    <h2 class=\"gamma\">M\u00e1s sobre el proceso de formar su uni\u00f3n<\/h2>\n    <div class=\"tw-flex tw-flex-wrap\">\n                                                                                                                            <div class=\"tw-mb-12  tw-w-full\">\n                        <a\n                            aria-label=\"How to Map Your Workplace | Union 101\"\n                            href=\"https:\/\/youtu.be\/mBNVGOb8niA\"\n                            class=\"relative block\"\n                            data-lity>\n                            <div data-id=\"video-holder-1031329717\" class=\"play-button tw-w-full tw-aspect-ratio-16\/9 tw-relative \">\n                                <img decoding=\"async\"\n                                    alt=\"\"\n                                    class=\"tw-absolute tw-object-cover tw-w-full tw-h-full\"\n                                    src=\"https:\/\/www.ufcw.org\/wp-content\/blogs.dir\/61\/files\/2024\/03\/workplace-mapping-thumbnail.jpg\"\n                                    data-object-fit=\"cover\"\n                                >\n                            <\/div>\n                        <\/a>\n                                            <\/div>\n\n                                                                                                                                        <div class=\"tw-mb-12 md:tw-w-1\/2 md:even:tw-pr-4 md:odd:tw-pl-4 tw-w-full\">\n                        <a\n                            aria-label=\"What Can I Say About Unions? \"\n                            href=\"https:\/\/youtu.be\/42ASEus8I4A\"\n                            class=\"relative block\"\n                            data-lity>\n                            <div data-id=\"video-holder-621170771\" class=\"play-button tw-w-full tw-aspect-ratio-16\/9 tw-relative \">\n                                <img decoding=\"async\"\n                                    alt=\"\"\n                                    class=\"tw-absolute tw-object-cover tw-w-full tw-h-full\"\n                                    src=\"https:\/\/www.ufcw.org\/wp-content\/blogs.dir\/61\/files\/2024\/03\/SAU-protected-speech-kyr-explainer-thumbnail.jpg\"\n                                    data-object-fit=\"cover\"\n                                >\n                            <\/div>\n                        <\/a>\n                                            <\/div>\n\n                                                                                                                                        <div class=\"tw-mb-12 md:tw-w-1\/2 md:even:tw-pr-4 md:odd:tw-pl-4 tw-w-full\">\n                        <a\n                            aria-label=\"Union Mythbusting\"\n                            href=\"https:\/\/youtu.be\/emEquoQua0I\"\n                            class=\"relative block\"\n                            data-lity>\n                            <div data-id=\"video-holder-933298056\" class=\"play-button tw-w-full tw-aspect-ratio-16\/9 tw-relative \">\n                                <img decoding=\"async\"\n                                    alt=\"\"\n                                    class=\"tw-absolute tw-object-cover tw-w-full tw-h-full\"\n                                    src=\"https:\/\/www.ufcw.org\/wp-content\/blogs.dir\/61\/files\/2024\/06\/SAU-UMB-thumbnail.jpg\"\n                                    data-object-fit=\"cover\"\n                                >\n                            <\/div>\n                        <\/a>\n                                            <\/div>\n\n                    \n    <\/div>\n<\/section>\n\n","protected":false},"excerpt":{"rendered":"<p>Gracias por contactarnos. Estamos emocionados para hablar con usted sobre los pasos de formar una uni\u00f3n en su lugar de trabajo. Mi\u00e9ntras espara para nosotros le llamemos, puede preparar para su primero conversaci\u00f3n con nosotros por visitando nuestro biblioteca de Uni\u00f3n 101.<\/p>\n","protected":false},"author":410,"featured_media":0,"parent":0,"menu_order":0,"comment_status":"closed","ping_status":"closed","template":"","meta":{"_acf_changed":false,"footnotes":"","_links_to":"","_links_to_target":""},"class_list":["post-61626","page","type-page","status-publish","hentry"],"acf":[],"yoast_head":"<!-- This site is optimized with the Yoast SEO plugin v27.1.1 - https:\/\/yoast.com\/product\/yoast-seo-wordpress\/ -->\n<title>Organizar una Uni\u00f3n \u2014 \u00a1Gracias! - The United Food &amp; Commercial Workers International Union<\/title>\n<meta name=\"robots\" content=\"index, follow, max-snippet:-1, max-image-preview:large, max-video-preview:-1\" \/>\n<link rel=\"canonical\" href=\"https:\/\/www.ufcw.org\/es\/organizar-una-union-gracias\/\" \/>\n<meta property=\"og:locale\" content=\"es_ES\" \/>\n<meta property=\"og:type\" content=\"article\" \/>\n<meta property=\"og:title\" content=\"Organizar una Uni\u00f3n \u2014 \u00a1Gracias! - The United Food &amp; Commercial Workers International Union\" \/>\n<meta property=\"og:description\" content=\"Gracias por contactarnos. Estamos emocionados para hablar con usted sobre los pasos de formar una uni\u00f3n en su lugar de trabajo. Mi\u00e9ntras espara para nosotros le llamemos, puede preparar para su primero conversaci\u00f3n con nosotros por visitando nuestro biblioteca de Uni\u00f3n 101.\" \/>\n<meta property=\"og:url\" content=\"https:\/\/www.ufcw.org\/es\/organizar-una-union-gracias\/\" \/>\n<meta property=\"og:site_name\" content=\"The United Food &amp; Commercial Workers International Union\" \/>\n<meta property=\"article:modified_time\" content=\"2025-03-17T16:10:02+00:00\" \/>\n<meta name=\"twitter:card\" content=\"summary_large_image\" \/>\n<meta name=\"twitter:label1\" content=\"Est. reading time\" \/>\n\t<meta name=\"twitter:data1\" content=\"1 minute\" \/>\n<script type=\"application\/ld+json\" class=\"yoast-schema-graph\">{\"@context\":\"https:\/\/schema.org\",\"@graph\":[{\"@type\":\"WebPage\",\"@id\":\"https:\/\/www.ufcw.org\/es\/organizar-una-union-gracias\/\",\"url\":\"https:\/\/www.ufcw.org\/es\/organizar-una-union-gracias\/\",\"name\":\"Organizar una Uni\u00f3n \u2014 \u00a1Gracias! - The United Food &amp; Commercial Workers International Union\",\"isPartOf\":{\"@id\":\"https:\/\/www.ufcw.org\/es\/#website\"},\"datePublished\":\"2023-01-31T14:23:03+00:00\",\"dateModified\":\"2025-03-17T16:10:02+00:00\",\"breadcrumb\":{\"@id\":\"https:\/\/www.ufcw.org\/es\/organizar-una-union-gracias\/#breadcrumb\"},\"inLanguage\":\"es-ES\",\"potentialAction\":[{\"@type\":\"ReadAction\",\"target\":[\"https:\/\/www.ufcw.org\/es\/organizar-una-union-gracias\/\"]}]},{\"@type\":\"BreadcrumbList\",\"@id\":\"https:\/\/www.ufcw.org\/es\/organizar-una-union-gracias\/#breadcrumb\",\"itemListElement\":[{\"@type\":\"ListItem\",\"position\":1,\"name\":\"Home\",\"item\":\"https:\/\/www.ufcw.org\/es\/\"},{\"@type\":\"ListItem\",\"position\":2,\"name\":\"Organizar una Uni\u00f3n \u2014 \u00a1Gracias!\"}]},{\"@type\":\"WebSite\",\"@id\":\"https:\/\/www.ufcw.org\/es\/#website\",\"url\":\"https:\/\/www.ufcw.org\/es\/\",\"name\":\"The United Food &amp; Commercial Workers International Union\",\"description\":\"Official website of the United Food and Commercial Workers International Union\",\"publisher\":{\"@id\":\"https:\/\/www.ufcw.org\/es\/#organization\"},\"potentialAction\":[{\"@type\":\"SearchAction\",\"target\":{\"@type\":\"EntryPoint\",\"urlTemplate\":\"https:\/\/www.ufcw.org\/es\/?s={search_term_string}\"},\"query-input\":{\"@type\":\"PropertyValueSpecification\",\"valueRequired\":true,\"valueName\":\"search_term_string\"}}],\"inLanguage\":\"es-ES\"},{\"@type\":\"Organization\",\"@id\":\"https:\/\/www.ufcw.org\/es\/#organization\",\"name\":\"United Food and Commercial Workers International Union\",\"url\":\"https:\/\/www.ufcw.org\/es\/\",\"logo\":{\"@type\":\"ImageObject\",\"inLanguage\":\"es-ES\",\"@id\":\"https:\/\/www.ufcw.org\/es\/#\/schema\/logo\/image\/\",\"url\":\"https:\/\/www.ufcw.org\/wp-content\/blogs.dir\/61\/files\/2021\/02\/UFCW-Americas-Food-and-Retail-Union-2-color.png\",\"contentUrl\":\"https:\/\/www.ufcw.org\/wp-content\/blogs.dir\/61\/files\/2021\/02\/UFCW-Americas-Food-and-Retail-Union-2-color.png\",\"width\":415,\"height\":198,\"caption\":\"United Food and Commercial Workers International Union\"},\"image\":{\"@id\":\"https:\/\/www.ufcw.org\/es\/#\/schema\/logo\/image\/\"}}]}<\/script>\n<!-- \/ Yoast SEO plugin. -->","yoast_head_json":{"title":"Organizar una Uni\u00f3n \u2014 \u00a1Gracias! - The United Food &amp; Commercial Workers International Union","robots":{"index":"index","follow":"follow","max-snippet":"max-snippet:-1","max-image-preview":"max-image-preview:large","max-video-preview":"max-video-preview:-1"},"canonical":"https:\/\/www.ufcw.org\/es\/organizar-una-union-gracias\/","og_locale":"es_ES","og_type":"article","og_title":"Organizar una Uni\u00f3n \u2014 \u00a1Gracias! - The United Food &amp; Commercial Workers International Union","og_description":"Gracias por contactarnos. Estamos emocionados para hablar con usted sobre los pasos de formar una uni\u00f3n en su lugar de trabajo. Mi\u00e9ntras espara para nosotros le llamemos, puede preparar para su primero conversaci\u00f3n con nosotros por visitando nuestro biblioteca de Uni\u00f3n 101.","og_url":"https:\/\/www.ufcw.org\/es\/organizar-una-union-gracias\/","og_site_name":"The United Food &amp; Commercial Workers International Union","article_modified_time":"2025-03-17T16:10:02+00:00","twitter_card":"summary_large_image","twitter_misc":{"Est. reading time":"1 minute"},"schema":{"@context":"https:\/\/schema.org","@graph":[{"@type":"WebPage","@id":"https:\/\/www.ufcw.org\/es\/organizar-una-union-gracias\/","url":"https:\/\/www.ufcw.org\/es\/organizar-una-union-gracias\/","name":"Organizar una Uni\u00f3n \u2014 \u00a1Gracias! - The United Food &amp; Commercial Workers International Union","isPartOf":{"@id":"https:\/\/www.ufcw.org\/es\/#website"},"datePublished":"2023-01-31T14:23:03+00:00","dateModified":"2025-03-17T16:10:02+00:00","breadcrumb":{"@id":"https:\/\/www.ufcw.org\/es\/organizar-una-union-gracias\/#breadcrumb"},"inLanguage":"es-ES","potentialAction":[{"@type":"ReadAction","target":["https:\/\/www.ufcw.org\/es\/organizar-una-union-gracias\/"]}]},{"@type":"BreadcrumbList","@id":"https:\/\/www.ufcw.org\/es\/organizar-una-union-gracias\/#breadcrumb","itemListElement":[{"@type":"ListItem","position":1,"name":"Home","item":"https:\/\/www.ufcw.org\/es\/"},{"@type":"ListItem","position":2,"name":"Organizar una Uni\u00f3n \u2014 \u00a1Gracias!"}]},{"@type":"WebSite","@id":"https:\/\/www.ufcw.org\/es\/#website","url":"https:\/\/www.ufcw.org\/es\/","name":"The United Food &amp; Commercial Workers International Union","description":"Official website of the United Food and Commercial Workers International Union","publisher":{"@id":"https:\/\/www.ufcw.org\/es\/#organization"},"potentialAction":[{"@type":"SearchAction","target":{"@type":"EntryPoint","urlTemplate":"https:\/\/www.ufcw.org\/es\/?s={search_term_string}"},"query-input":{"@type":"PropertyValueSpecification","valueRequired":true,"valueName":"search_term_string"}}],"inLanguage":"es-ES"},{"@type":"Organization","@id":"https:\/\/www.ufcw.org\/es\/#organization","name":"United Food and Commercial Workers International Union","url":"https:\/\/www.ufcw.org\/es\/","logo":{"@type":"ImageObject","inLanguage":"es-ES","@id":"https:\/\/www.ufcw.org\/es\/#\/schema\/logo\/image\/","url":"https:\/\/www.ufcw.org\/wp-content\/blogs.dir\/61\/files\/2021\/02\/UFCW-Americas-Food-and-Retail-Union-2-color.png","contentUrl":"https:\/\/www.ufcw.org\/wp-content\/blogs.dir\/61\/files\/2021\/02\/UFCW-Americas-Food-and-Retail-Union-2-color.png","width":415,"height":198,"caption":"United Food and Commercial Workers International Union"},"image":{"@id":"https:\/\/www.ufcw.org\/es\/#\/schema\/logo\/image\/"}}]}},"_links":{"self":[{"href":"https:\/\/www.ufcw.org\/es\/wp-json\/wp\/v2\/pages\/61626","targetHints":{"allow":["GET"]}}],"collection":[{"href":"https:\/\/www.ufcw.org\/es\/wp-json\/wp\/v2\/pages"}],"about":[{"href":"https:\/\/www.ufcw.org\/es\/wp-json\/wp\/v2\/types\/page"}],"author":[{"embeddable":true,"href":"https:\/\/www.ufcw.org\/es\/wp-json\/wp\/v2\/users\/410"}],"replies":[{"embeddable":true,"href":"https:\/\/www.ufcw.org\/es\/wp-json\/wp\/v2\/comments?post=61626"}],"version-history":[{"count":3,"href":"https:\/\/www.ufcw.org\/es\/wp-json\/wp\/v2\/pages\/61626\/revisions"}],"predecessor-version":[{"id":61637,"href":"https:\/\/www.ufcw.org\/es\/wp-json\/wp\/v2\/pages\/61626\/revisions\/61637"}],"wp:attachment":[{"href":"https:\/\/www.ufcw.org\/es\/wp-json\/wp\/v2\/media?parent=61626"}],"curies":[{"name":"wp","href":"https:\/\/api.w.org\/{rel}","templated":true}]}}