{"id":61233,"date":"2016-06-29T16:36:10","date_gmt":"2016-06-29T20:36:10","guid":{"rendered":"https:\/\/www.ufcw.org\/?page_id=61233"},"modified":"2025-11-13T15:52:27","modified_gmt":"2025-11-13T20:52:27","slug":"inicio","status":"publish","type":"page","link":"https:\/\/www.ufcw.org\/es\/","title":{"rendered":"Home"},"content":{"rendered":"","protected":false},"excerpt":{"rendered":"","protected":false},"author":12,"featured_media":63846,"parent":0,"menu_order":130,"comment_status":"closed","ping_status":"closed","template":"","meta":{"_acf_changed":false,"footnotes":"","_links_to":"","_links_to_target":""},"class_list":["post-61233","page","type-page","status-publish","has-post-thumbnail","hentry"],"acf":[],"yoast_head":"<!-- This site is optimized with the Yoast SEO plugin v27.1.1 - https:\/\/yoast.com\/product\/yoast-seo-wordpress\/ -->\n<title>Home - The United Food &amp; Commercial Workers International Union<\/title>\n<meta name=\"description\" content=\"La Uni\u00f3n Internacional de Trabajadores de la Industria de Alimentos y del Comercio (UFCW, por sus siglas en ingl\u00e9s) representa a 1.2 millones de hombres y mujeres dedicados en los EE. UU. y Canad\u00e1. Como organizaci\u00f3n sin fines de lucro 501(c)(5), creemos en el poder colectivo de la gente com\u00fan para mejorar sus vidas y crear un cambio duradero para todos los trabajadores.Nuestros miembros, sus amigos y vecinos, trabajan en tiendas de comestibles y minoristas, farmacias, cuidado m\u00e9dico, fabricaci\u00f3n, procesamiento de alimentos y empacadoras de carne.\" \/>\n<meta name=\"robots\" content=\"index, follow, max-snippet:-1, max-image-preview:large, max-video-preview:-1\" \/>\n<link rel=\"canonical\" href=\"https:\/\/www.ufcw.org\/es\/\" \/>\n<meta property=\"og:locale\" content=\"es_ES\" \/>\n<meta property=\"og:type\" content=\"article\" \/>\n<meta property=\"og:title\" content=\"Home - The United Food &amp; Commercial Workers International Union\" \/>\n<meta property=\"og:description\" content=\"La Uni\u00f3n Internacional de Trabajadores de la Industria de Alimentos y del Comercio (UFCW, por sus siglas en ingl\u00e9s) representa a 1.2 millones de hombres y mujeres dedicados en los EE. UU. y Canad\u00e1. Como organizaci\u00f3n sin fines de lucro 501(c)(5), creemos en el poder colectivo de la gente com\u00fan para mejorar sus vidas y crear un cambio duradero para todos los trabajadores.Nuestros miembros, sus amigos y vecinos, trabajan en tiendas de comestibles y minoristas, farmacias, cuidado m\u00e9dico, fabricaci\u00f3n, procesamiento de alimentos y empacadoras de carne.\" \/>\n<meta property=\"og:url\" content=\"https:\/\/www.ufcw.org\/es\/\" \/>\n<meta property=\"og:site_name\" content=\"The United Food &amp; Commercial Workers International Union\" \/>\n<meta property=\"article:modified_time\" content=\"2025-11-13T20:52:27+00:00\" \/>\n<meta property=\"og:image\" content=\"https:\/\/www.ufcw.org\/wp-content\/blogs.dir\/61\/files\/2022\/01\/ikea-website-cover_v1-1024x576.png\" \/>\n\t<meta property=\"og:image:width\" content=\"1024\" \/>\n\t<meta property=\"og:image:height\" content=\"576\" \/>\n\t<meta property=\"og:image:type\" content=\"image\/png\" \/>\n<meta name=\"twitter:card\" content=\"summary_large_image\" \/>\n<meta name=\"twitter:label1\" content=\"Est. reading time\" \/>\n\t<meta name=\"twitter:data1\" content=\"1 minute\" \/>\n<script type=\"application\/ld+json\" class=\"yoast-schema-graph\">{\"@context\":\"https:\/\/schema.org\",\"@graph\":[{\"@type\":\"WebPage\",\"@id\":\"https:\/\/www.ufcw.org\/es\/\",\"url\":\"https:\/\/www.ufcw.org\/es\/\",\"name\":\"Home - The United Food &amp; Commercial Workers International Union\",\"isPartOf\":{\"@id\":\"https:\/\/www.ufcw.org\/es\/#website\"},\"primaryImageOfPage\":{\"@id\":\"https:\/\/www.ufcw.org\/es\/#primaryimage\"},\"image\":{\"@id\":\"https:\/\/www.ufcw.org\/es\/#primaryimage\"},\"thumbnailUrl\":\"https:\/\/www.ufcw.org\/wp-content\/blogs.dir\/61\/files\/2026\/01\/GettyImages-1759442468.jpg\",\"datePublished\":\"2016-06-29T20:36:10+00:00\",\"dateModified\":\"2025-11-13T20:52:27+00:00\",\"description\":\"La Uni\u00f3n Internacional de Trabajadores de la Industria de Alimentos y del Comercio (UFCW, por sus siglas en ingl\u00e9s) representa a 1.2 millones de hombres y mujeres dedicados en los EE. UU. y Canad\u00e1. Como organizaci\u00f3n sin fines de lucro 501(c)(5), creemos en el poder colectivo de la gente com\u00fan para mejorar sus vidas y crear un cambio duradero para todos los trabajadores.Nuestros miembros, sus amigos y vecinos, trabajan en tiendas de comestibles y minoristas, farmacias, cuidado m\u00e9dico, fabricaci\u00f3n, procesamiento de alimentos y empacadoras de carne.\",\"breadcrumb\":{\"@id\":\"https:\/\/www.ufcw.org\/es\/#breadcrumb\"},\"inLanguage\":\"es-ES\",\"potentialAction\":[{\"@type\":\"ReadAction\",\"target\":[\"https:\/\/www.ufcw.org\/es\/\"]}]},{\"@type\":\"ImageObject\",\"inLanguage\":\"es-ES\",\"@id\":\"https:\/\/www.ufcw.org\/es\/#primaryimage\",\"url\":\"https:\/\/www.ufcw.org\/wp-content\/blogs.dir\/61\/files\/2026\/01\/GettyImages-1759442468.jpg\",\"contentUrl\":\"https:\/\/www.ufcw.org\/wp-content\/blogs.dir\/61\/files\/2026\/01\/GettyImages-1759442468.jpg\",\"width\":2120,\"height\":1414,\"caption\":\"Woman, groceries shopping and check receipt for thinking, inflation increase, budget or deal at mall. Girl, supermarket and ideas with cart, product and discount with sales, reading or audit at store\"},{\"@type\":\"BreadcrumbList\",\"@id\":\"https:\/\/www.ufcw.org\/es\/#breadcrumb\",\"itemListElement\":[{\"@type\":\"ListItem\",\"position\":1,\"name\":\"Home\",\"item\":\"https:\/\/www.ufcw.org\/es\/\"},{\"@type\":\"ListItem\",\"position\":2,\"name\":\"Home\"}]},{\"@type\":\"WebSite\",\"@id\":\"https:\/\/www.ufcw.org\/es\/#website\",\"url\":\"https:\/\/www.ufcw.org\/es\/\",\"name\":\"The United Food &amp; Commercial Workers International Union\",\"description\":\"Official website of the United Food and Commercial Workers International Union\",\"publisher\":{\"@id\":\"https:\/\/www.ufcw.org\/es\/#organization\"},\"potentialAction\":[{\"@type\":\"SearchAction\",\"target\":{\"@type\":\"EntryPoint\",\"urlTemplate\":\"https:\/\/www.ufcw.org\/es\/?s={search_term_string}\"},\"query-input\":{\"@type\":\"PropertyValueSpecification\",\"valueRequired\":true,\"valueName\":\"search_term_string\"}}],\"inLanguage\":\"es-ES\"},{\"@type\":\"Organization\",\"@id\":\"https:\/\/www.ufcw.org\/es\/#organization\",\"name\":\"United Food and Commercial Workers International Union\",\"url\":\"https:\/\/www.ufcw.org\/es\/\",\"logo\":{\"@type\":\"ImageObject\",\"inLanguage\":\"es-ES\",\"@id\":\"https:\/\/www.ufcw.org\/es\/#\/schema\/logo\/image\/\",\"url\":\"https:\/\/www.ufcw.org\/wp-content\/blogs.dir\/61\/files\/2021\/02\/UFCW-Americas-Food-and-Retail-Union-2-color.png\",\"contentUrl\":\"https:\/\/www.ufcw.org\/wp-content\/blogs.dir\/61\/files\/2021\/02\/UFCW-Americas-Food-and-Retail-Union-2-color.png\",\"width\":415,\"height\":198,\"caption\":\"United Food and Commercial Workers International Union\"},\"image\":{\"@id\":\"https:\/\/www.ufcw.org\/es\/#\/schema\/logo\/image\/\"}}]}<\/script>\n<!-- \/ Yoast SEO plugin. -->","yoast_head_json":{"title":"Home - The United Food &amp; Commercial Workers International Union","description":"La Uni\u00f3n Internacional de Trabajadores de la Industria de Alimentos y del Comercio (UFCW, por sus siglas en ingl\u00e9s) representa a 1.2 millones de hombres y mujeres dedicados en los EE. UU. y Canad\u00e1. Como organizaci\u00f3n sin fines de lucro 501(c)(5), creemos en el poder colectivo de la gente com\u00fan para mejorar sus vidas y crear un cambio duradero para todos los trabajadores.Nuestros miembros, sus amigos y vecinos, trabajan en tiendas de comestibles y minoristas, farmacias, cuidado m\u00e9dico, fabricaci\u00f3n, procesamiento de alimentos y empacadoras de carne.","robots":{"index":"index","follow":"follow","max-snippet":"max-snippet:-1","max-image-preview":"max-image-preview:large","max-video-preview":"max-video-preview:-1"},"canonical":"https:\/\/www.ufcw.org\/es\/","og_locale":"es_ES","og_type":"article","og_title":"Home - The United Food &amp; Commercial Workers International Union","og_description":"La Uni\u00f3n Internacional de Trabajadores de la Industria de Alimentos y del Comercio (UFCW, por sus siglas en ingl\u00e9s) representa a 1.2 millones de hombres y mujeres dedicados en los EE. UU. y Canad\u00e1. Como organizaci\u00f3n sin fines de lucro 501(c)(5), creemos en el poder colectivo de la gente com\u00fan para mejorar sus vidas y crear un cambio duradero para todos los trabajadores.Nuestros miembros, sus amigos y vecinos, trabajan en tiendas de comestibles y minoristas, farmacias, cuidado m\u00e9dico, fabricaci\u00f3n, procesamiento de alimentos y empacadoras de carne.","og_url":"https:\/\/www.ufcw.org\/es\/","og_site_name":"The United Food &amp; Commercial Workers International Union","article_modified_time":"2025-11-13T20:52:27+00:00","og_image":[{"width":1024,"height":576,"url":"https:\/\/www.ufcw.org\/wp-content\/blogs.dir\/61\/files\/2022\/01\/ikea-website-cover_v1-1024x576.png","type":"image\/png"}],"twitter_card":"summary_large_image","twitter_misc":{"Est. reading time":"1 minute"},"schema":{"@context":"https:\/\/schema.org","@graph":[{"@type":"WebPage","@id":"https:\/\/www.ufcw.org\/es\/","url":"https:\/\/www.ufcw.org\/es\/","name":"Home - The United Food &amp; Commercial Workers International Union","isPartOf":{"@id":"https:\/\/www.ufcw.org\/es\/#website"},"primaryImageOfPage":{"@id":"https:\/\/www.ufcw.org\/es\/#primaryimage"},"image":{"@id":"https:\/\/www.ufcw.org\/es\/#primaryimage"},"thumbnailUrl":"https:\/\/www.ufcw.org\/wp-content\/blogs.dir\/61\/files\/2026\/01\/GettyImages-1759442468.jpg","datePublished":"2016-06-29T20:36:10+00:00","dateModified":"2025-11-13T20:52:27+00:00","description":"La Uni\u00f3n Internacional de Trabajadores de la Industria de Alimentos y del Comercio (UFCW, por sus siglas en ingl\u00e9s) representa a 1.2 millones de hombres y mujeres dedicados en los EE. UU. y Canad\u00e1. Como organizaci\u00f3n sin fines de lucro 501(c)(5), creemos en el poder colectivo de la gente com\u00fan para mejorar sus vidas y crear un cambio duradero para todos los trabajadores.Nuestros miembros, sus amigos y vecinos, trabajan en tiendas de comestibles y minoristas, farmacias, cuidado m\u00e9dico, fabricaci\u00f3n, procesamiento de alimentos y empacadoras de carne.","breadcrumb":{"@id":"https:\/\/www.ufcw.org\/es\/#breadcrumb"},"inLanguage":"es-ES","potentialAction":[{"@type":"ReadAction","target":["https:\/\/www.ufcw.org\/es\/"]}]},{"@type":"ImageObject","inLanguage":"es-ES","@id":"https:\/\/www.ufcw.org\/es\/#primaryimage","url":"https:\/\/www.ufcw.org\/wp-content\/blogs.dir\/61\/files\/2026\/01\/GettyImages-1759442468.jpg","contentUrl":"https:\/\/www.ufcw.org\/wp-content\/blogs.dir\/61\/files\/2026\/01\/GettyImages-1759442468.jpg","width":2120,"height":1414,"caption":"Woman, groceries shopping and check receipt for thinking, inflation increase, budget or deal at mall. Girl, supermarket and ideas with cart, product and discount with sales, reading or audit at store"},{"@type":"BreadcrumbList","@id":"https:\/\/www.ufcw.org\/es\/#breadcrumb","itemListElement":[{"@type":"ListItem","position":1,"name":"Home","item":"https:\/\/www.ufcw.org\/es\/"},{"@type":"ListItem","position":2,"name":"Home"}]},{"@type":"WebSite","@id":"https:\/\/www.ufcw.org\/es\/#website","url":"https:\/\/www.ufcw.org\/es\/","name":"The United Food &amp; Commercial Workers International Union","description":"Official website of the United Food and Commercial Workers International Union","publisher":{"@id":"https:\/\/www.ufcw.org\/es\/#organization"},"potentialAction":[{"@type":"SearchAction","target":{"@type":"EntryPoint","urlTemplate":"https:\/\/www.ufcw.org\/es\/?s={search_term_string}"},"query-input":{"@type":"PropertyValueSpecification","valueRequired":true,"valueName":"search_term_string"}}],"inLanguage":"es-ES"},{"@type":"Organization","@id":"https:\/\/www.ufcw.org\/es\/#organization","name":"United Food and Commercial Workers International Union","url":"https:\/\/www.ufcw.org\/es\/","logo":{"@type":"ImageObject","inLanguage":"es-ES","@id":"https:\/\/www.ufcw.org\/es\/#\/schema\/logo\/image\/","url":"https:\/\/www.ufcw.org\/wp-content\/blogs.dir\/61\/files\/2021\/02\/UFCW-Americas-Food-and-Retail-Union-2-color.png","contentUrl":"https:\/\/www.ufcw.org\/wp-content\/blogs.dir\/61\/files\/2021\/02\/UFCW-Americas-Food-and-Retail-Union-2-color.png","width":415,"height":198,"caption":"United Food and Commercial Workers International Union"},"image":{"@id":"https:\/\/www.ufcw.org\/es\/#\/schema\/logo\/image\/"}}]}},"_links":{"self":[{"href":"https:\/\/www.ufcw.org\/es\/wp-json\/wp\/v2\/pages\/61233","targetHints":{"allow":["GET"]}}],"collection":[{"href":"https:\/\/www.ufcw.org\/es\/wp-json\/wp\/v2\/pages"}],"about":[{"href":"https:\/\/www.ufcw.org\/es\/wp-json\/wp\/v2\/types\/page"}],"author":[{"embeddable":true,"href":"https:\/\/www.ufcw.org\/es\/wp-json\/wp\/v2\/users\/12"}],"replies":[{"embeddable":true,"href":"https:\/\/www.ufcw.org\/es\/wp-json\/wp\/v2\/comments?post=61233"}],"version-history":[{"count":49,"href":"https:\/\/www.ufcw.org\/es\/wp-json\/wp\/v2\/pages\/61233\/revisions"}],"predecessor-version":[{"id":63604,"href":"https:\/\/www.ufcw.org\/es\/wp-json\/wp\/v2\/pages\/61233\/revisions\/63604"}],"wp:featuredmedia":[{"embeddable":true,"href":"https:\/\/www.ufcw.org\/es\/wp-json\/wp\/v2\/media\/63846"}],"wp:attachment":[{"href":"https:\/\/www.ufcw.org\/es\/wp-json\/wp\/v2\/media?parent=61233"}],"curies":[{"name":"wp","href":"https:\/\/api.w.org\/{rel}","templated":true}]}}