{"id":60866,"date":"2024-06-11T20:05:33","date_gmt":"2024-06-12T00:05:33","guid":{"rendered":"https:\/\/www.ufcw.org\/?page_id=60866"},"modified":"2025-01-02T15:41:45","modified_gmt":"2025-01-02T15:41:45","slug":"rompiendo-mitos-de-la-union","status":"publish","type":"page","link":"https:\/\/www.ufcw.org\/es\/union-101\/que-es-la-destruccion-de-uniones\/rompiendo-mitos-de-la-union\/","title":{"rendered":"Rompiendo mitos de la uni\u00f3n"},"content":{"rendered":"<div class=\"tw-max-w-217 tw-m-auto tw-px-6 rich-text contained-block\" data-module=\"heading\">\n<h3 class=\"wp-block-heading\">Es ilegal que los empresas te obliguen a no unirse, pero eso no siempre les impide intentarlo de todos modos.<\/h3>\n<\/div>\n\n<div class=\"tw-max-w-217 tw-m-auto tw-px-6 rich-text contained-block\" data-module=\"paragraph\">\n<p>No importa cu\u00e1n ben\u00e9volos o progresistas sean, <strong>su empleador le dir\u00e1 cualquier cosa<\/strong> para convencerlo de que no cree una uni\u00f3n con sus compa\u00f1eros de trabajo. Y una vez que ve suficientes campa\u00f1as de destrucci\u00f3n de la uni\u00f3n por parte de los empleadores, empieza a captar algunos patrones.<\/p>\n<\/div>\n\n<div class=\"tw-max-w-217 tw-m-auto tw-px-6 rich-text contained-block\" data-module=\"paragraph\">\n<p>Estamos acostumbrados a ver a las empresas seguir el mismo viejo manual de mitos y mentiras sobre c\u00f3mo funcionan y c\u00f3mo no funcionan las uniones, pero si no los ve venir, sus compa\u00f1eros de trabajo a\u00fan podr\u00edan caer en estos trucos. Pero como cualquier mito, son f\u00e1cilmente desmentidos.<\/p>\n<\/div>\n\n<div class=\"tw-max-w-217 tw-m-auto tw-px-6 rich-text contained-block\" data-module=\"paragraph\">\n<p>Puede esperar escuchar todos estos mitos en las <strong><u><a href=\"https:\/\/www.ufcw.org\/union-101\/what-is-union-busting\/#captive\">reuniones con audiencias cautivas<\/a><\/u><\/strong> y en las conversaciones con la gerencia, \u00a1as\u00ed que mire estos clips y comp\u00e1rtalos con sus compa\u00f1eros de trabajo para que conozcan estos mitos antes de que la empresa intente difundirlos en su lugar de trabajo!<\/p>\n<\/div>\n\n\n\n\n\n\n<section class=\"tw-max-w-217 tw-m-auto tw-px-6 contained-block module-padding\" data-module=\"gallery\">\n    <h2 class=\"gamma\">Mito 1: &#8220;Las uniones son un tercero&#8221;<\/h2>\n    <div class=\"tw-flex tw-flex-wrap\">\n                                                                                                                            <div class=\"tw-mb-12  tw-w-full\">\n                        <a\n                            aria-label=\"Mito 1: \"Las uniones son un tercero\"\"\n                            href=\"https:\/\/youtu.be\/cpy0I4K8h8s\"\n                            class=\"relative block\"\n                            data-lity>\n                            <div data-id=\"video-holder-1489787029\" class=\"play-button tw-w-full tw-aspect-ratio-16\/9 tw-relative \">\n                                <img decoding=\"async\"\n                                    alt=\"\"\n                                    class=\"tw-absolute tw-object-cover tw-w-full tw-h-full\"\n                                    src=\"https:\/\/www.ufcw.org\/wp-content\/blogs.dir\/61\/files\/2024\/06\/SAU-UMB-thumbnail-1-copy-scaled.jpg\"\n                                    data-object-fit=\"cover\"\n                                >\n                            <\/div>\n                        <\/a>\n                                            <\/div>\n\n                    \n    <\/div>\n<\/section>\n\n\n\n<div class=\"tw-max-w-217 tw-m-auto tw-px-6 rich-text contained-block\" data-module=\"paragraph\">\n<p>A las empresas les encanta decirnos que cuando una uni\u00f3n llega a un lugar de trabajo, nos quita la relaci\u00f3n directa que tenemos con nuestros gerentes, aunque nos gusten. Esto simplemente no es cierto.<\/p>\n<\/div>\n\n<div class=\"tw-max-w-217 tw-m-auto tw-px-6 rich-text contained-block\" data-module=\"paragraph\">\n<p>En primer lugar, no existe un contrato de la uni\u00f3n que le impida hablar con su gerente. De hecho, cuando las pol\u00edticas est\u00e1n claramente definidas en un contrato de la uni\u00f3n, puede ayudarlos a usted y a sus gerentes a mantenerse en sinton\u00eda en el trabajo.<\/p>\n<\/div>\n\n<div class=\"tw-max-w-217 tw-m-auto tw-px-6 rich-text contained-block\" data-module=\"paragraph\">\n<p>Adem\u00e1s, si su gerente est\u00e1 intentando disciplinarlo injustamente, <strong><a href=\"https:\/\/www.ufcw.org\/union-101\/know-your-rights\/weingarten-rights\/\">tiene derecho a que un representante de la uni\u00f3n<\/a><\/strong> lo apoye en cualquier reuni\u00f3n que pueda tener.<\/p>\n<\/div>\n\n\n\n\n\n\n<section class=\"tw-max-w-217 tw-m-auto tw-px-6 contained-block module-padding\" data-module=\"gallery\">\n    <h2 class=\"gamma\">Mito 2: &#8220;No estamos en contra de las uniones, PERO&#8221;<\/h2>\n    <div class=\"tw-flex tw-flex-wrap\">\n                                                                                                                            <div class=\"tw-mb-12  tw-w-full\">\n                        <a\n                            aria-label=\"Mito 2: \"No estamos en contra de las uniones, PERO\"\"\n                            href=\"https:\/\/youtu.be\/vhaBUhei880\"\n                            class=\"relative block\"\n                            data-lity>\n                            <div data-id=\"video-holder-807281050\" class=\"play-button tw-w-full tw-aspect-ratio-16\/9 tw-relative \">\n                                <img decoding=\"async\"\n                                    alt=\"\"\n                                    class=\"tw-absolute tw-object-cover tw-w-full tw-h-full\"\n                                    src=\"https:\/\/www.ufcw.org\/wp-content\/blogs.dir\/61\/files\/2024\/06\/SAU-UMB-thumbnail-2-copy-scaled.jpg\"\n                                    data-object-fit=\"cover\"\n                                >\n                            <\/div>\n                        <\/a>\n                                            <\/div>\n\n                    \n    <\/div>\n<\/section>\n\n\n\n<div class=\"tw-max-w-217 tw-m-auto tw-px-6 rich-text contained-block\" data-module=\"paragraph\">\n<p>Siempre tiene derecho a crear una uni\u00f3n y, si bien es ilegal que su empleador le impida ejercer ese derecho, no cabe duda de que puede y lo enga\u00f1ar\u00e1 con basura como esta: a menudo, se asegurar\u00e1n de recalcar que la decisi\u00f3n que tome es profundamente personal, y luego enumerar\u00e1n mil razones por las que piensan que le va mejor sin una uni\u00f3n.<\/p>\n<\/div>\n\n<div class=\"tw-max-w-217 tw-m-auto tw-px-6 rich-text contained-block\" data-module=\"paragraph\">\n<p>Lo dicen de muchas maneras: &#8220;puede que en otras empresas sea necesaria una uni\u00f3n, \u00a1pero la <strong>nuestra<\/strong> es diferente!&#8221; o &#8220;una uni\u00f3n no es lo mejor para <strong>sus <\/strong>intereses&#8221;. Pero al final del d\u00eda, lo que realmente quieren decir es que &#8220;no <strong>queremos<\/strong> ceder ning\u00fan poder en este lugar de trabajo&#8221;.<\/p>\n<\/div>\n\n\n\n\n\n\n<section class=\"tw-max-w-217 tw-m-auto tw-px-6 contained-block module-padding\" data-module=\"gallery\">\n    <h2 class=\"gamma\">Mito 3: &#8220;Las uniones son anticuadas&#8221;<\/h2>\n    <div class=\"tw-flex tw-flex-wrap\">\n                                                                                                                            <div class=\"tw-mb-12  tw-w-full\">\n                        <a\n                            aria-label=\"Mito 3: \"Las uniones son anticuadas\"\"\n                            href=\"https:\/\/youtu.be\/sJJIy7iIjMw\"\n                            class=\"relative block\"\n                            data-lity>\n                            <div data-id=\"video-holder-1019472415\" class=\"play-button tw-w-full tw-aspect-ratio-16\/9 tw-relative \">\n                                <img decoding=\"async\"\n                                    alt=\"\"\n                                    class=\"tw-absolute tw-object-cover tw-w-full tw-h-full\"\n                                    src=\"https:\/\/www.ufcw.org\/wp-content\/blogs.dir\/61\/files\/2024\/06\/SAU-UMB-thumbnail-3-copy-scaled.jpg\"\n                                    data-object-fit=\"cover\"\n                                >\n                            <\/div>\n                        <\/a>\n                                            <\/div>\n\n                    \n    <\/div>\n<\/section>\n\n\n\n<div class=\"tw-max-w-217 tw-m-auto tw-px-6 rich-text contained-block\" data-module=\"paragraph\">\n<p>A los empleadores les gusta pintar esta imagen de las uniones como instituciones hist\u00f3ricas que han perdido su uso en el siglo XXI. La verdad es que estamos viendo un aumento de la actividad de la uni\u00f3n para hacer frente a los nuevos problemas de la fuerza laboral moderna.<\/p>\n<\/div>\n\n<div class=\"tw-max-w-217 tw-m-auto tw-px-6 rich-text contained-block\" data-module=\"paragraph\">\n<p>Hoy, los trabajadores de la uni\u00f3n han estado luchando por condiciones seguras y un salario justo durante una pandemia mundial, contra la automatizaci\u00f3n innecesaria y para garantizar la dignidad y condiciones justas para los trabajadores en la econom\u00eda colaborativa moderna.<\/p>\n<\/div>\n\n<div class=\"tw-max-w-217 tw-m-auto tw-px-6 rich-text contained-block\" data-module=\"paragraph\">\n<p>La naturaleza del trabajo siempre cambiar\u00e1 y siempre mereceremos un asiento en la mesa para ver c\u00f3mo se realizan esos cambios. Una cosa m\u00e1s que siempre ser\u00e1 la misma: su empleador le dar\u00e1 m\u00e1s cuando se ponga de pie y lo pida.<\/p>\n<\/div>\n\n\n\n\n\n\n<section class=\"tw-max-w-217 tw-m-auto tw-px-6 contained-block module-padding\" data-module=\"gallery\">\n    <h2 class=\"gamma\">Mito 4: &#8220;Las uniones no pueden garantizar lo que prometen&#8221;<\/h2>\n    <div class=\"tw-flex tw-flex-wrap\">\n                                                                                                                            <div class=\"tw-mb-12  tw-w-full\">\n                        <a\n                            aria-label=\"Mito 4: \"Las uniones no pueden garantizar lo que prometen\"\"\n                            href=\"https:\/\/youtu.be\/zgmp_V7c-Rs\"\n                            class=\"relative block\"\n                            data-lity>\n                            <div data-id=\"video-holder-887286936\" class=\"play-button tw-w-full tw-aspect-ratio-16\/9 tw-relative \">\n                                <img decoding=\"async\"\n                                    alt=\"\"\n                                    class=\"tw-absolute tw-object-cover tw-w-full tw-h-full\"\n                                    src=\"https:\/\/www.ufcw.org\/wp-content\/blogs.dir\/61\/files\/2024\/06\/SAU-UMB-thumbnail-4-copy-scaled.jpg\"\n                                    data-object-fit=\"cover\"\n                                >\n                            <\/div>\n                        <\/a>\n                                            <\/div>\n\n                    \n    <\/div>\n<\/section>\n\n\n\n<div class=\"tw-max-w-217 tw-m-auto tw-px-6 rich-text contained-block\" data-module=\"paragraph\">\n<p>Lo que una uni\u00f3n le promete es sentarse a la mesa para negociar con su empleador sobre sus condiciones de trabajo, salarios y beneficios. Si no obtiene lo que necesita en la mesa de negociaciones, es porque su empleador no se lo est\u00e1 dando.<\/p>\n<\/div>\n\n<div class=\"tw-max-w-217 tw-m-auto tw-px-6 rich-text contained-block\" data-module=\"paragraph\">\n<p>Por lo tanto, cuando su empleador le dice que las uniones hacen promesas vac\u00edas, en realidad le est\u00e1n diciendo que no tienen intenci\u00f3n de darle lo que est\u00e1 pidiendo.<\/p>\n<\/div>\n\n<div class=\"tw-max-w-217 tw-m-auto tw-px-6 rich-text contained-block\" data-module=\"paragraph\">\n<p>Pero cuando crea una uni\u00f3n, tienen que negociar de buena fe con usted sobre todas estas cosas.\u00a0<\/p>\n<\/div>\n\n\n\n\n\n\n<section class=\"tw-max-w-217 tw-m-auto tw-px-6 contained-block module-padding\" data-module=\"gallery\">\n    <h2 class=\"gamma\">Mito 5: &#8220;Lo \u00fanico que les importa a las uniones son las cuotas&#8221;<\/h2>\n    <div class=\"tw-flex tw-flex-wrap\">\n                                                                                                                            <div class=\"tw-mb-12  tw-w-full\">\n                        <a\n                            aria-label=\"Mito 5: \"Lo \u00fanico que les importa a las uniones son las cuotas\"\"\n                            href=\"https:\/\/youtu.be\/L3Wmw8sB3qU\"\n                            class=\"relative block\"\n                            data-lity>\n                            <div data-id=\"video-holder-1092517265\" class=\"play-button tw-w-full tw-aspect-ratio-16\/9 tw-relative \">\n                                <img decoding=\"async\"\n                                    alt=\"\"\n                                    class=\"tw-absolute tw-object-cover tw-w-full tw-h-full\"\n                                    src=\"https:\/\/www.ufcw.org\/wp-content\/blogs.dir\/61\/files\/2024\/06\/SAU-UMB-thumbnail-5-copy-scaled.jpg\"\n                                    data-object-fit=\"cover\"\n                                >\n                            <\/div>\n                        <\/a>\n                                            <\/div>\n\n                    \n    <\/div>\n<\/section>\n\n\n\n<div class=\"tw-max-w-217 tw-m-auto tw-px-6 rich-text contained-block\" data-module=\"paragraph\">\n<p>Despu\u00e9s de votar para crear una uni\u00f3n en su lugar de trabajo, comienza el proceso de <strong><a href=\"https:\/\/www.ufcw.org\/union-101\/union-contracts-and-bargaining\/\">negociar su primer contrato de la uni\u00f3n<\/a><\/strong>, donde puede establecer escalas salariales m\u00e1s altas y otros beneficios que mejoren su calidad de vida en el trabajo y en el resto de su vida.<\/p>\n<\/div>\n\n<div class=\"tw-max-w-217 tw-m-auto tw-px-6 rich-text contained-block\" data-module=\"paragraph\">\n<p>Y hasta que usted y sus compa\u00f1eros de trabajo firmen ese primer contrato, no pagar\u00e1n ni un centavo de las cuotas de la uni\u00f3n. Preg\u00fantese lo siguiente: \u00bfvotar\u00eda a favor de un contrato de la uni\u00f3n que lo deje con menos de lo que ten\u00eda al principio que antes? No. Pensamos que eso tambi\u00e9n ser\u00eda absurdo, por lo que nos esforzamos por empoderarnos unos a otros <strong>para negociar los mejores contratos<\/strong> que podamos como miembros de la UFCW.<\/p>\n<\/div>","protected":false},"excerpt":{"rendered":"<p>Es ilegal que los empresas te obliguen a no unirse, pero eso no siempre les impide intentarlo de todos modos. No importa cu\u00e1n ben\u00e9volos o progresistas sean, su empleador le dir\u00e1 cualquier cosa para convencerlo de que no cree una uni\u00f3n con sus compa\u00f1eros de trabajo. Y una vez que ve suficientes campa\u00f1as de destrucci\u00f3n [&hellip;]<\/p>\n","protected":false},"author":410,"featured_media":60531,"parent":60868,"menu_order":0,"comment_status":"closed","ping_status":"closed","template":"views\/templates\/general\/index.php","meta":{"_acf_changed":false,"footnotes":"","_links_to":"","_links_to_target":""},"class_list":["post-60866","page","type-page","status-publish","has-post-thumbnail","hentry"],"acf":[],"yoast_head":"<!-- This site is optimized with the Yoast SEO plugin v27.1.1 - https:\/\/yoast.com\/product\/yoast-seo-wordpress\/ -->\n<title>Rompiendo mitos de la uni\u00f3n - The United Food &amp; Commercial Workers International Union<\/title>\n<meta name=\"robots\" content=\"index, follow, max-snippet:-1, max-image-preview:large, max-video-preview:-1\" \/>\n<link rel=\"canonical\" href=\"https:\/\/www.ufcw.org\/es\/union-101\/que-es-la-destruccion-de-uniones\/rompiendo-mitos-de-la-union\/\" \/>\n<meta property=\"og:locale\" content=\"es_ES\" \/>\n<meta property=\"og:type\" content=\"article\" \/>\n<meta property=\"og:title\" content=\"Rompiendo mitos de la uni\u00f3n - The United Food &amp; Commercial Workers International Union\" \/>\n<meta property=\"og:description\" content=\"Es ilegal que los empresas te obliguen a no unirse, pero eso no siempre les impide intentarlo de todos modos. No importa cu\u00e1n ben\u00e9volos o progresistas sean, su empleador le dir\u00e1 cualquier cosa para convencerlo de que no cree una uni\u00f3n con sus compa\u00f1eros de trabajo. Y una vez que ve suficientes campa\u00f1as de destrucci\u00f3n [&hellip;]\" \/>\n<meta property=\"og:url\" content=\"https:\/\/www.ufcw.org\/es\/union-101\/que-es-la-destruccion-de-uniones\/rompiendo-mitos-de-la-union\/\" \/>\n<meta property=\"og:site_name\" content=\"The United Food &amp; Commercial Workers International Union\" \/>\n<meta property=\"article:modified_time\" content=\"2025-01-02T15:41:45+00:00\" \/>\n<meta property=\"og:image\" content=\"https:\/\/www.ufcw.org\/wp-content\/blogs.dir\/61\/files\/2024\/06\/U101-union-myth-busting-hero-image-scaled.jpg\" \/>\n\t<meta property=\"og:image:width\" content=\"2560\" \/>\n\t<meta property=\"og:image:height\" content=\"1429\" \/>\n\t<meta property=\"og:image:type\" content=\"image\/jpeg\" \/>\n<meta name=\"twitter:card\" content=\"summary_large_image\" \/>\n<meta name=\"twitter:label1\" content=\"Est. reading time\" \/>\n\t<meta name=\"twitter:data1\" content=\"5 minutes\" \/>\n<script type=\"application\/ld+json\" class=\"yoast-schema-graph\">{\"@context\":\"https:\/\/schema.org\",\"@graph\":[{\"@type\":\"WebPage\",\"@id\":\"https:\/\/www.ufcw.org\/es\/union-101\/que-es-la-destruccion-de-uniones\/rompiendo-mitos-de-la-union\/\",\"url\":\"https:\/\/www.ufcw.org\/es\/union-101\/que-es-la-destruccion-de-uniones\/rompiendo-mitos-de-la-union\/\",\"name\":\"Rompiendo mitos de la uni\u00f3n - The United Food &amp; Commercial Workers International Union\",\"isPartOf\":{\"@id\":\"https:\/\/www.ufcw.org\/es\/#website\"},\"primaryImageOfPage\":{\"@id\":\"https:\/\/www.ufcw.org\/es\/union-101\/que-es-la-destruccion-de-uniones\/rompiendo-mitos-de-la-union\/#primaryimage\"},\"image\":{\"@id\":\"https:\/\/www.ufcw.org\/es\/union-101\/que-es-la-destruccion-de-uniones\/rompiendo-mitos-de-la-union\/#primaryimage\"},\"thumbnailUrl\":\"https:\/\/www.ufcw.org\/wp-content\/blogs.dir\/61\/files\/2024\/06\/U101-union-myth-busting-hero-image-scaled.jpg\",\"datePublished\":\"2024-06-12T00:05:33+00:00\",\"dateModified\":\"2025-01-02T15:41:45+00:00\",\"breadcrumb\":{\"@id\":\"https:\/\/www.ufcw.org\/es\/union-101\/que-es-la-destruccion-de-uniones\/rompiendo-mitos-de-la-union\/#breadcrumb\"},\"inLanguage\":\"es-ES\",\"potentialAction\":[{\"@type\":\"ReadAction\",\"target\":[\"https:\/\/www.ufcw.org\/es\/union-101\/que-es-la-destruccion-de-uniones\/rompiendo-mitos-de-la-union\/\"]}]},{\"@type\":\"ImageObject\",\"inLanguage\":\"es-ES\",\"@id\":\"https:\/\/www.ufcw.org\/es\/union-101\/que-es-la-destruccion-de-uniones\/rompiendo-mitos-de-la-union\/#primaryimage\",\"url\":\"https:\/\/www.ufcw.org\/wp-content\/blogs.dir\/61\/files\/2024\/06\/U101-union-myth-busting-hero-image-scaled.jpg\",\"contentUrl\":\"https:\/\/www.ufcw.org\/wp-content\/blogs.dir\/61\/files\/2024\/06\/U101-union-myth-busting-hero-image-scaled.jpg\",\"width\":2560,\"height\":1429,\"caption\":\"Screenshot\"},{\"@type\":\"BreadcrumbList\",\"@id\":\"https:\/\/www.ufcw.org\/es\/union-101\/que-es-la-destruccion-de-uniones\/rompiendo-mitos-de-la-union\/#breadcrumb\",\"itemListElement\":[{\"@type\":\"ListItem\",\"position\":1,\"name\":\"Home\",\"item\":\"https:\/\/www.ufcw.org\/es\/\"},{\"@type\":\"ListItem\",\"position\":2,\"name\":\"Uni\u00f3n 101\",\"item\":\"https:\/\/www.ufcw.org\/es\/union-101\/\"},{\"@type\":\"ListItem\",\"position\":3,\"name\":\"\u00bfQu\u00e9 es la destrucci\u00f3n de uniones?\",\"item\":\"https:\/\/www.ufcw.org\/es\/union-101\/que-es-la-destruccion-de-uniones\/\"},{\"@type\":\"ListItem\",\"position\":4,\"name\":\"Rompiendo mitos de la uni\u00f3n\"}]},{\"@type\":\"WebSite\",\"@id\":\"https:\/\/www.ufcw.org\/es\/#website\",\"url\":\"https:\/\/www.ufcw.org\/es\/\",\"name\":\"The United Food &amp; Commercial Workers International Union\",\"description\":\"Official website of the United Food and Commercial Workers International Union\",\"publisher\":{\"@id\":\"https:\/\/www.ufcw.org\/es\/#organization\"},\"potentialAction\":[{\"@type\":\"SearchAction\",\"target\":{\"@type\":\"EntryPoint\",\"urlTemplate\":\"https:\/\/www.ufcw.org\/es\/?s={search_term_string}\"},\"query-input\":{\"@type\":\"PropertyValueSpecification\",\"valueRequired\":true,\"valueName\":\"search_term_string\"}}],\"inLanguage\":\"es-ES\"},{\"@type\":\"Organization\",\"@id\":\"https:\/\/www.ufcw.org\/es\/#organization\",\"name\":\"United Food and Commercial Workers International Union\",\"url\":\"https:\/\/www.ufcw.org\/es\/\",\"logo\":{\"@type\":\"ImageObject\",\"inLanguage\":\"es-ES\",\"@id\":\"https:\/\/www.ufcw.org\/es\/#\/schema\/logo\/image\/\",\"url\":\"https:\/\/www.ufcw.org\/wp-content\/blogs.dir\/61\/files\/2021\/02\/UFCW-Americas-Food-and-Retail-Union-2-color.png\",\"contentUrl\":\"https:\/\/www.ufcw.org\/wp-content\/blogs.dir\/61\/files\/2021\/02\/UFCW-Americas-Food-and-Retail-Union-2-color.png\",\"width\":415,\"height\":198,\"caption\":\"United Food and Commercial Workers International Union\"},\"image\":{\"@id\":\"https:\/\/www.ufcw.org\/es\/#\/schema\/logo\/image\/\"}}]}<\/script>\n<!-- \/ Yoast SEO plugin. -->","yoast_head_json":{"title":"Rompiendo mitos de la uni\u00f3n - The United Food &amp; Commercial Workers International Union","robots":{"index":"index","follow":"follow","max-snippet":"max-snippet:-1","max-image-preview":"max-image-preview:large","max-video-preview":"max-video-preview:-1"},"canonical":"https:\/\/www.ufcw.org\/es\/union-101\/que-es-la-destruccion-de-uniones\/rompiendo-mitos-de-la-union\/","og_locale":"es_ES","og_type":"article","og_title":"Rompiendo mitos de la uni\u00f3n - The United Food &amp; Commercial Workers International Union","og_description":"Es ilegal que los empresas te obliguen a no unirse, pero eso no siempre les impide intentarlo de todos modos. No importa cu\u00e1n ben\u00e9volos o progresistas sean, su empleador le dir\u00e1 cualquier cosa para convencerlo de que no cree una uni\u00f3n con sus compa\u00f1eros de trabajo. Y una vez que ve suficientes campa\u00f1as de destrucci\u00f3n [&hellip;]","og_url":"https:\/\/www.ufcw.org\/es\/union-101\/que-es-la-destruccion-de-uniones\/rompiendo-mitos-de-la-union\/","og_site_name":"The United Food &amp; Commercial Workers International Union","article_modified_time":"2025-01-02T15:41:45+00:00","og_image":[{"width":2560,"height":1429,"url":"https:\/\/www.ufcw.org\/wp-content\/blogs.dir\/61\/files\/2024\/06\/U101-union-myth-busting-hero-image-scaled.jpg","type":"image\/jpeg"}],"twitter_card":"summary_large_image","twitter_misc":{"Est. reading time":"5 minutes"},"schema":{"@context":"https:\/\/schema.org","@graph":[{"@type":"WebPage","@id":"https:\/\/www.ufcw.org\/es\/union-101\/que-es-la-destruccion-de-uniones\/rompiendo-mitos-de-la-union\/","url":"https:\/\/www.ufcw.org\/es\/union-101\/que-es-la-destruccion-de-uniones\/rompiendo-mitos-de-la-union\/","name":"Rompiendo mitos de la uni\u00f3n - The United Food &amp; Commercial Workers International Union","isPartOf":{"@id":"https:\/\/www.ufcw.org\/es\/#website"},"primaryImageOfPage":{"@id":"https:\/\/www.ufcw.org\/es\/union-101\/que-es-la-destruccion-de-uniones\/rompiendo-mitos-de-la-union\/#primaryimage"},"image":{"@id":"https:\/\/www.ufcw.org\/es\/union-101\/que-es-la-destruccion-de-uniones\/rompiendo-mitos-de-la-union\/#primaryimage"},"thumbnailUrl":"https:\/\/www.ufcw.org\/wp-content\/blogs.dir\/61\/files\/2024\/06\/U101-union-myth-busting-hero-image-scaled.jpg","datePublished":"2024-06-12T00:05:33+00:00","dateModified":"2025-01-02T15:41:45+00:00","breadcrumb":{"@id":"https:\/\/www.ufcw.org\/es\/union-101\/que-es-la-destruccion-de-uniones\/rompiendo-mitos-de-la-union\/#breadcrumb"},"inLanguage":"es-ES","potentialAction":[{"@type":"ReadAction","target":["https:\/\/www.ufcw.org\/es\/union-101\/que-es-la-destruccion-de-uniones\/rompiendo-mitos-de-la-union\/"]}]},{"@type":"ImageObject","inLanguage":"es-ES","@id":"https:\/\/www.ufcw.org\/es\/union-101\/que-es-la-destruccion-de-uniones\/rompiendo-mitos-de-la-union\/#primaryimage","url":"https:\/\/www.ufcw.org\/wp-content\/blogs.dir\/61\/files\/2024\/06\/U101-union-myth-busting-hero-image-scaled.jpg","contentUrl":"https:\/\/www.ufcw.org\/wp-content\/blogs.dir\/61\/files\/2024\/06\/U101-union-myth-busting-hero-image-scaled.jpg","width":2560,"height":1429,"caption":"Screenshot"},{"@type":"BreadcrumbList","@id":"https:\/\/www.ufcw.org\/es\/union-101\/que-es-la-destruccion-de-uniones\/rompiendo-mitos-de-la-union\/#breadcrumb","itemListElement":[{"@type":"ListItem","position":1,"name":"Home","item":"https:\/\/www.ufcw.org\/es\/"},{"@type":"ListItem","position":2,"name":"Uni\u00f3n 101","item":"https:\/\/www.ufcw.org\/es\/union-101\/"},{"@type":"ListItem","position":3,"name":"\u00bfQu\u00e9 es la destrucci\u00f3n de uniones?","item":"https:\/\/www.ufcw.org\/es\/union-101\/que-es-la-destruccion-de-uniones\/"},{"@type":"ListItem","position":4,"name":"Rompiendo mitos de la uni\u00f3n"}]},{"@type":"WebSite","@id":"https:\/\/www.ufcw.org\/es\/#website","url":"https:\/\/www.ufcw.org\/es\/","name":"The United Food &amp; Commercial Workers International Union","description":"Official website of the United Food and Commercial Workers International Union","publisher":{"@id":"https:\/\/www.ufcw.org\/es\/#organization"},"potentialAction":[{"@type":"SearchAction","target":{"@type":"EntryPoint","urlTemplate":"https:\/\/www.ufcw.org\/es\/?s={search_term_string}"},"query-input":{"@type":"PropertyValueSpecification","valueRequired":true,"valueName":"search_term_string"}}],"inLanguage":"es-ES"},{"@type":"Organization","@id":"https:\/\/www.ufcw.org\/es\/#organization","name":"United Food and Commercial Workers International Union","url":"https:\/\/www.ufcw.org\/es\/","logo":{"@type":"ImageObject","inLanguage":"es-ES","@id":"https:\/\/www.ufcw.org\/es\/#\/schema\/logo\/image\/","url":"https:\/\/www.ufcw.org\/wp-content\/blogs.dir\/61\/files\/2021\/02\/UFCW-Americas-Food-and-Retail-Union-2-color.png","contentUrl":"https:\/\/www.ufcw.org\/wp-content\/blogs.dir\/61\/files\/2021\/02\/UFCW-Americas-Food-and-Retail-Union-2-color.png","width":415,"height":198,"caption":"United Food and Commercial Workers International Union"},"image":{"@id":"https:\/\/www.ufcw.org\/es\/#\/schema\/logo\/image\/"}}]}},"_links":{"self":[{"href":"https:\/\/www.ufcw.org\/es\/wp-json\/wp\/v2\/pages\/60866","targetHints":{"allow":["GET"]}}],"collection":[{"href":"https:\/\/www.ufcw.org\/es\/wp-json\/wp\/v2\/pages"}],"about":[{"href":"https:\/\/www.ufcw.org\/es\/wp-json\/wp\/v2\/types\/page"}],"author":[{"embeddable":true,"href":"https:\/\/www.ufcw.org\/es\/wp-json\/wp\/v2\/users\/410"}],"replies":[{"embeddable":true,"href":"https:\/\/www.ufcw.org\/es\/wp-json\/wp\/v2\/comments?post=60866"}],"version-history":[{"count":1,"href":"https:\/\/www.ufcw.org\/es\/wp-json\/wp\/v2\/pages\/60866\/revisions"}],"predecessor-version":[{"id":60875,"href":"https:\/\/www.ufcw.org\/es\/wp-json\/wp\/v2\/pages\/60866\/revisions\/60875"}],"up":[{"embeddable":true,"href":"https:\/\/www.ufcw.org\/es\/wp-json\/wp\/v2\/pages\/60868"}],"wp:featuredmedia":[{"embeddable":true,"href":"https:\/\/www.ufcw.org\/es\/wp-json\/wp\/v2\/media\/60531"}],"wp:attachment":[{"href":"https:\/\/www.ufcw.org\/es\/wp-json\/wp\/v2\/media?parent=60866"}],"curies":[{"name":"wp","href":"https:\/\/api.w.org\/{rel}","templated":true}]}}