{"id":60825,"date":"2024-05-30T17:57:37","date_gmt":"2024-05-30T17:57:37","guid":{"rendered":"https:\/\/www.ufcw.org\/?page_id=60825"},"modified":"2025-01-03T16:55:44","modified_gmt":"2025-01-03T16:55:44","slug":"como-funcionan-los-contratos-de-la-union","status":"publish","type":"page","link":"https:\/\/www.ufcw.org\/es\/union-101\/como-funcionan-los-contratos-de-la-union\/","title":{"rendered":"C\u00f3mo funcionan los contratos de la uni\u00f3n"},"content":{"rendered":"<div class=\"tw-max-w-217 tw-m-auto tw-px-6 rich-text contained-block\" data-module=\"paragraph\">\n<p>Despu\u00e9s de votar para afiliarse a una uni\u00f3n, usted y sus compa\u00f1eros de trabajo se reunir\u00e1n y negociar\u00e1n su primer <strong>contrato de la uni\u00f3n<\/strong> con su empleador. Este contrato, tambi\u00e9n conocido como <strong>acuerdo de negociaci\u00f3n colectiva<\/strong>, es la suma de todas las cosas que aceptar\u00e1 a lo largo de este proceso de negociaci\u00f3n.<\/p>\n<\/div>\n\n<div class=\"tw-max-w-217 tw-m-auto tw-px-6 rich-text contained-block\" data-module=\"paragraph\">\n<p>Este proceso es la base de lo que nos hace tan fuertes como uni\u00f3n: juntos, nuestros hermanos de la uni\u00f3n han podido obtener las condiciones laborales, los salarios y los beneficios que necesitamos, no solo para hacer nuestro trabajo de manera segura, sino tambi\u00e9n para vivir bien nuestras vidas.<\/p>\n<\/div>\n\n<div class=\"tw-max-w-217 tw-m-auto tw-px-6 rich-text contained-block\" data-module=\"paragraph\">\n<p>La UFCW es su socio en la lucha por el contrato m\u00e1s s\u00f3lido que pueda conseguir: le proporcionaremos expertos en negociaci\u00f3n que se sentar\u00e1n a su lado en la mesa de negociaciones y los ayudar\u00e1n a todos a garantizar el tipo de lenguaje que sus compa\u00f1eros de trabajo estar\u00e1n orgullosos de incluir en su contrato de la uni\u00f3n.<\/p>\n<\/div>\n\n\n\n\n\n\n<section class=\"tw-max-w-217 tw-m-auto tw-px-6 contained-block module-padding\" data-module=\"gallery\">\n    <h2 class=\"gamma\">C\u00f3mo construir un contrato de la union<\/h2>\n    <div class=\"tw-flex tw-flex-wrap\">\n                                                                                                                            <div class=\"tw-mb-12  tw-w-full\">\n                        <a\n                            aria-label=\"C\u00f3mo construir un contrato de la union\"\n                            href=\"https:\/\/youtu.be\/DXdojwIrsA0\"\n                            class=\"relative block\"\n                            data-lity>\n                            <div data-id=\"video-holder-1625023683\" class=\"play-button tw-w-full tw-aspect-ratio-16\/9 tw-relative \">\n                                <img decoding=\"async\"\n                                    alt=\"\"\n                                    class=\"tw-absolute tw-object-cover tw-w-full tw-h-full\"\n                                    src=\"https:\/\/www.ufcw.org\/wp-content\/blogs.dir\/61\/files\/2024\/05\/SAU-how-a-union-contract-gets-made-thumbnail.jpg\"\n                                    data-object-fit=\"cover\"\n                                >\n                            <\/div>\n                        <\/a>\n                                            <\/div>\n\n                    \n    <\/div>\n<\/section>\n\n\n\n<div class=\"tw-max-w-217 tw-m-auto tw-px-6 rich-text contained-block\" data-module=\"paragraph\">\n<p>Estos contratos son poderosos porque los negocia con una voz compartida, con todos sus compa\u00f1eros de trabajo. Adem\u00e1s, podemos hacer que nuestros empleadores rindan cuentas cuando no cumplan con su contrato de la uni\u00f3n de una manera que no podemos hacer con las pol\u00edticas y los procedimientos de la empresa.<\/p>\n<\/div>\n\n<div class=\"tw-max-w-217 tw-m-auto tw-px-6 rich-text contained-block\" data-module=\"paragraph\">\n<p>Usted y cada uno de sus compa\u00f1eros de trabajo pueden votar sobre su contrato antes de que pueda ser ratificado, por lo que tienen voz en cada etapa del proceso de afiliaci\u00f3n a la uni\u00f3n.<\/p>\n<\/div>\n\n<div class=\"tw-max-w-217 tw-m-auto tw-px-6 rich-text contained-block\" data-module=\"heading\">\n<h2 class=\"wp-block-heading\"><strong>Preguntas frecuentes&nbsp;<\/strong><\/h2>\n<\/div>\n\n<div class=\"tw-max-w-217 tw-m-auto tw-px-6 rich-text contained-block\" data-module=\"heading\">\n<h3 class=\"wp-block-heading\">\u00bfQu\u00e9 es un contrato de la uni\u00f3n? \u00bfQu\u00e9 es un acuerdo de negociaci\u00f3n colectiva?<\/h3>\n<\/div>\n\n<div class=\"tw-max-w-217 tw-m-auto tw-px-6 rich-text contained-block\" data-module=\"paragraph\">\n<p>Despu\u00e9s de votar para crear una uni\u00f3n, usted y sus compa\u00f1eros de trabajo trabajar\u00e1n con sus empleadores para decidir las nuevas condiciones de su trabajo. Tomamos todas las condiciones laborales que queremos mejorar&#8230;<\/p>\n<\/div>\n\n<div class=\"tw-max-w-217 tw-m-auto tw-px-6 rich-text contained-block\" data-module=\"paragraph\">\n<p>&#8230; y las plasmamos en un documento completo que se convierte en su contrato de la uni\u00f3n o <strong><em>acuerdo de negociaci\u00f3n colectiva<\/em><\/strong>. Usted tiene voz y voto en todo lo que implica. Puede incluir lenguaje y pol\u00edticas sobre cualquier cosa relacionada con sus condiciones de trabajo que considere importante.<\/p>\n<\/div>\n\n<div class=\"tw-max-w-217 tw-m-auto tw-px-6 rich-text contained-block\" data-module=\"paragraph\">\n<p>Un contrato de la uni\u00f3n es la base de lo que hace que una uni\u00f3n sea tan fuerte: es lo que obtiene cuando toma todo lo que se merece cuando trabaja y <em>lo asegura por escrito<\/em>. <em><\/em><\/p>\n<\/div>\n\n<div class=\"tw-max-w-217 tw-m-auto tw-px-6 rich-text contained-block\" data-module=\"heading\">\n<h3 class=\"wp-block-heading\">\u00bfC\u00f3mo puedo obtener un contrato de la uni\u00f3n?<\/h3>\n<\/div>\n\n<div class=\"tw-max-w-217 tw-m-auto tw-px-6 rich-text contained-block\" data-module=\"paragraph\">\n<p>Una vez que haya creado una uni\u00f3n en su lugar de trabajo, usted y todos sus compa\u00f1eros de trabajo pasar\u00e1n a formar parte de una <strong>unidad de negociaci\u00f3n.<\/strong> Todos los miembros de esta unidad pueden decidir qu\u00e9 quieren cambiar y mejorar en relaci\u00f3n con las condiciones de su trabajo. Todos los cambios que desee se incluyen en una serie de propuestas que presenta a su empleador.<\/p>\n<\/div>\n\n<div class=\"tw-max-w-217 tw-m-auto tw-px-6 rich-text contained-block\" data-module=\"paragraph\">\n<p>Al mismo tiempo, todos ustedes elegir\u00e1n un <strong>comit\u00e9 de negociaci\u00f3n<\/strong>, un equipo que trabaja con sus representantes de la uni\u00f3n para negociar el contrato oficial con su empresa. No tienen que aceptar todos los t\u00e9rminos que usted ofrece en estas propuestas, pero s\u00ed tienen que negociar de buena fe con su comit\u00e9. Este proceso puede llevar un tiempo que depende de qu\u00e9 tan bien trabaja su empresa con usted.<\/p>\n<\/div>\n\n<div class=\"tw-max-w-217 tw-m-auto tw-px-6 rich-text contained-block\" data-module=\"paragraph\">\n<p>Cada vez que su comit\u00e9 est\u00e9 satisfecho con una propuesta que haya elaborado con su empleador, esa propuesta se convierte en un <strong>acuerdo provisional<\/strong> sobre el que informar\u00e1n al resto de su unidad de negociaci\u00f3n. Este proceso continuar\u00e1 hasta que hayan llegado a acuerdos provisionales sobre todos los aspectos del contrato que ambas partes hayan presentado. Luego, todos ustedes y sus compa\u00f1eros de trabajo se reunir\u00e1n para votar si est\u00e1n satisfechos con su nuevo contrato o no.<\/p>\n<\/div>\n\n<div class=\"tw-max-w-217 tw-m-auto tw-px-6 rich-text contained-block\" data-module=\"paragraph\">\n<p>Esta <strong>votaci\u00f3n de ratificaci\u00f3n<\/strong> es el paso final antes de que su contrato de la uni\u00f3n se convierta en la nueva ley del lugar. Todos tienen la \u00faltima palabra sobre si el contrato satisface sus necesidades. Cualquier cosa que usted y sus compa\u00f1eros de trabajo no apoyen, pueden devolverla a la empresa hasta que lleguen a un acuerdo. Despu\u00e9s de que la mayor\u00eda de usted y sus compa\u00f1eros de trabajo voten a favor del contrato, este se convierte en su acuerdo de negociaci\u00f3n colectiva oficial y legalmente vinculante. Cuanto m\u00e1s aporten usted y sus compa\u00f1eros de trabajo a este proceso, m\u00e1s s\u00f3lido ser\u00e1 su contrato final. \u00a1Cr\u00e9anos cuando decimos que vale la pena trabajar juntos!<\/p>\n<\/div>\n\n<div class=\"tw-max-w-217 tw-m-auto tw-px-6 rich-text contained-block\" data-module=\"heading\">\n<h3 class=\"wp-block-heading\">\u00bfQu\u00e9 significa la negociaci\u00f3n de &#8220;mala fe&#8221;?<\/h3>\n<\/div>\n\n<div class=\"tw-max-w-217 tw-m-auto tw-px-6 rich-text contained-block\" data-module=\"paragraph\">\n<p><a href=\"https:\/\/www.nlrb.gov\/espanol\"><strong>La NLRB define la negociaci\u00f3n de mala fe<\/strong><\/a> como una variedad de t\u00e1cticas que dificultan el proceso de negociaci\u00f3n para usted y su uni\u00f3n y, a menudo, empeoran su contrato en general. Incluye cualquier cosa, desde negarse a negociar en tiempos e intervalos razonables hasta hacer cambios en sus condiciones de trabajo durante la negociaci\u00f3n.<\/p>\n<\/div>\n\n<div class=\"tw-max-w-217 tw-m-auto tw-px-6 rich-text contained-block\" data-module=\"paragraph\">\n<p>Sin embargo, los empleadores cometen un grave error al hacerlo: si no cumplen con su parte del trato en este caso, est\u00e1n infringiendo la NLRA. Esta es una forma de <em>pr\u00e1cticas laborales injustas<\/em> que, como trabajadores, tenemos el poder de rechazar gracias a esta ley.<\/p>\n<\/div>\n\n\n\n\n\n\n<section class=\"tw-max-w-217 tw-m-auto tw-px-6 contained-block module-padding\" data-module=\"gallery\">\n    <h2 class=\"gamma\">C\u00f3mo Los Contratos de la Uni\u00f3n Empodernos <\/h2>\n    <div class=\"tw-flex tw-flex-wrap\">\n                                                                                                                            <div class=\"tw-mb-12  tw-w-full\">\n                        <a\n                            aria-label=\"C\u00f3mo Los Contratos de la Uni\u00f3n Empodernos \"\n                            href=\"https:\/\/www.youtube.com\/watch?v=axAIQ0XXrOA\"\n                            class=\"relative block\"\n                            data-lity>\n                            <div data-id=\"video-holder-1007987001\" class=\"play-button tw-w-full tw-aspect-ratio-16\/9 tw-relative \">\n                                <img decoding=\"async\"\n                                    alt=\"\"\n                                    class=\"tw-absolute tw-object-cover tw-w-full tw-h-full\"\n                                    src=\"https:\/\/www.ufcw.org\/wp-content\/blogs.dir\/61\/files\/2024\/06\/united-we-bargain-ufcw-bargaining-thumbnail.jpg\"\n                                    data-object-fit=\"cover\"\n                                >\n                            <\/div>\n                        <\/a>\n                                            <\/div>\n\n                    \n    <\/div>\n<\/section>\n\n\n\n<div class=\"tw-max-w-217 tw-m-auto tw-px-6 rich-text contained-block\" data-module=\"heading\">\n<h3 class=\"wp-block-heading\">\u00bfQu\u00e9 pasa si no llegamos a un acuerdo con nuestro empleador?<\/h3>\n<\/div>\n\n<div class=\"tw-max-w-217 tw-m-auto tw-px-6 rich-text contained-block\" data-module=\"paragraph\">\n<p>Resolvemos la gran mayor\u00eda de los acuerdos de negociaci\u00f3n que establecemos con los empleadores que afiliamos a la uni\u00f3n. Sin embargo, en algunos casos en los que su empleador no llega a un acuerdo sobre un contrato con el que usted est\u00e9 satisfecho, usted y sus compa\u00f1eros de trabajo pueden decidir tomar medidas organizando piquetes o incluso haciendo huelga a su empleador para obtener el mejor contrato posible.<\/p>\n<\/div>\n\n<div class=\"tw-max-w-217 tw-m-auto tw-px-6 rich-text contained-block\" data-module=\"heading\">\n<h3 class=\"wp-block-heading\">\u00bfCu\u00e1nto duran los contratos de la uni\u00f3n?<\/h3>\n<\/div>\n\n<div class=\"tw-max-w-217 tw-m-auto tw-px-6 rich-text contained-block\" data-module=\"paragraph\">\n<p>Por lo general, los contratos de la uni\u00f3n duran entre dos y cinco a\u00f1os; aproximadamente cuando finaliza el contrato, usted y su empleador se re\u00fanen para negociar actualizaciones y cambios en su contrato actual <strong>mediante el mismo proceso de negociaci\u00f3n<\/strong> que hacemos cuando hacemos un primer contrato.<\/p>\n<\/div>\n\n<div class=\"tw-max-w-217 tw-m-auto tw-px-6 rich-text contained-block\" data-module=\"heading\">\n<h3 class=\"wp-block-heading\">\u00bfQu\u00e9 es una huelga?<\/h3>\n<\/div>\n\n<div class=\"tw-max-w-217 tw-m-auto tw-px-6 rich-text contained-block\" data-module=\"paragraph\">\n<p>Una huelga laboral es una forma de paro laboral en la que usted y sus compa\u00f1eros de trabajo retienen su trabajo durante un per\u00edodo espec\u00edfico o indefinidamente. Es el acto estrat\u00e9gico de negarse a trabajar como ventaja contra su empleador, y se considera una <strong>actividad protegida<\/strong> en virtud de la NLRA.<\/p>\n<\/div>\n\n<div class=\"tw-max-w-217 tw-m-auto tw-px-6 rich-text contained-block\" data-module=\"paragraph\">\n<p>Los trabajadores suelen declararse en huelga por dos razones principales: en respuesta a los empleadores que se niegan a cumplir las exigencias de su uni\u00f3n durante el proceso de negociaci\u00f3n y despu\u00e9s de presentar cargos por <strong>pr\u00e1cticas laborales injustas<\/strong> contra los empleadores que han violado la ley laboral federal.<\/p>\n<\/div>\n\n<div class=\"tw-max-w-217 tw-m-auto tw-px-6 rich-text contained-block\" data-module=\"paragraph\">\n<p>Probablemente haya visto el \u00e9xito reciente de las huelgas laborales en los Estados Unidos, que han sido un poderoso recordatorio de que las huelgas pueden ser la m\u00e1xima escalada en una lucha por la negociaci\u00f3n de contratos.<\/p>\n<\/div>","protected":false},"excerpt":{"rendered":"<p>Despu\u00e9s de votar para afiliarse a una uni\u00f3n, usted y sus compa\u00f1eros de trabajo se reunir\u00e1n y negociar\u00e1n su primer contrato de la uni\u00f3n con su empleador. Este contrato, tambi\u00e9n conocido como acuerdo de negociaci\u00f3n colectiva, es la suma de todas las cosas que aceptar\u00e1 a lo largo de este proceso de negociaci\u00f3n. Este proceso [&hellip;]<\/p>\n","protected":false},"author":410,"featured_media":60506,"parent":60791,"menu_order":3,"comment_status":"closed","ping_status":"closed","template":"views\/templates\/general\/index.php","meta":{"_acf_changed":false,"footnotes":"","_links_to":"","_links_to_target":""},"class_list":["post-60825","page","type-page","status-publish","has-post-thumbnail","hentry"],"acf":[],"yoast_head":"<!-- This site is optimized with the Yoast SEO plugin v27.1.1 - https:\/\/yoast.com\/product\/yoast-seo-wordpress\/ -->\n<title>C\u00f3mo funcionan los contratos de la uni\u00f3n - The United Food &amp; Commercial Workers International Union<\/title>\n<meta name=\"robots\" content=\"index, follow, max-snippet:-1, max-image-preview:large, max-video-preview:-1\" \/>\n<link rel=\"canonical\" href=\"https:\/\/www.ufcw.org\/es\/union-101\/como-funcionan-los-contratos-de-la-union\/\" \/>\n<meta property=\"og:locale\" content=\"es_ES\" \/>\n<meta property=\"og:type\" content=\"article\" \/>\n<meta property=\"og:title\" content=\"C\u00f3mo funcionan los contratos de la uni\u00f3n - The United Food &amp; Commercial Workers International Union\" \/>\n<meta property=\"og:description\" content=\"Despu\u00e9s de votar para afiliarse a una uni\u00f3n, usted y sus compa\u00f1eros de trabajo se reunir\u00e1n y negociar\u00e1n su primer contrato de la uni\u00f3n con su empleador. Este contrato, tambi\u00e9n conocido como acuerdo de negociaci\u00f3n colectiva, es la suma de todas las cosas que aceptar\u00e1 a lo largo de este proceso de negociaci\u00f3n. Este proceso [&hellip;]\" \/>\n<meta property=\"og:url\" content=\"https:\/\/www.ufcw.org\/es\/union-101\/como-funcionan-los-contratos-de-la-union\/\" \/>\n<meta property=\"og:site_name\" content=\"The United Food &amp; Commercial Workers International Union\" \/>\n<meta property=\"article:modified_time\" content=\"2025-01-03T16:55:44+00:00\" \/>\n<meta property=\"og:image\" content=\"https:\/\/www.ufcw.org\/wp-content\/blogs.dir\/61\/files\/2024\/05\/U101-FAQ-contracts-n-bargaining-hero-image-scaled.jpg\" \/>\n\t<meta property=\"og:image:width\" content=\"2560\" \/>\n\t<meta property=\"og:image:height\" content=\"1440\" \/>\n\t<meta property=\"og:image:type\" content=\"image\/jpeg\" \/>\n<meta name=\"twitter:card\" content=\"summary_large_image\" \/>\n<meta name=\"twitter:label1\" content=\"Est. reading time\" \/>\n\t<meta name=\"twitter:data1\" content=\"6 minutes\" \/>\n<script type=\"application\/ld+json\" class=\"yoast-schema-graph\">{\"@context\":\"https:\/\/schema.org\",\"@graph\":[{\"@type\":\"WebPage\",\"@id\":\"https:\/\/www.ufcw.org\/es\/union-101\/como-funcionan-los-contratos-de-la-union\/\",\"url\":\"https:\/\/www.ufcw.org\/es\/union-101\/como-funcionan-los-contratos-de-la-union\/\",\"name\":\"C\u00f3mo funcionan los contratos de la uni\u00f3n - The United Food &amp; Commercial Workers International Union\",\"isPartOf\":{\"@id\":\"https:\/\/www.ufcw.org\/es\/#website\"},\"primaryImageOfPage\":{\"@id\":\"https:\/\/www.ufcw.org\/es\/union-101\/como-funcionan-los-contratos-de-la-union\/#primaryimage\"},\"image\":{\"@id\":\"https:\/\/www.ufcw.org\/es\/union-101\/como-funcionan-los-contratos-de-la-union\/#primaryimage\"},\"thumbnailUrl\":\"https:\/\/www.ufcw.org\/wp-content\/blogs.dir\/61\/files\/2024\/05\/U101-FAQ-contracts-n-bargaining-hero-image-scaled.jpg\",\"datePublished\":\"2024-05-30T17:57:37+00:00\",\"dateModified\":\"2025-01-03T16:55:44+00:00\",\"breadcrumb\":{\"@id\":\"https:\/\/www.ufcw.org\/es\/union-101\/como-funcionan-los-contratos-de-la-union\/#breadcrumb\"},\"inLanguage\":\"es-ES\",\"potentialAction\":[{\"@type\":\"ReadAction\",\"target\":[\"https:\/\/www.ufcw.org\/es\/union-101\/como-funcionan-los-contratos-de-la-union\/\"]}]},{\"@type\":\"ImageObject\",\"inLanguage\":\"es-ES\",\"@id\":\"https:\/\/www.ufcw.org\/es\/union-101\/como-funcionan-los-contratos-de-la-union\/#primaryimage\",\"url\":\"https:\/\/www.ufcw.org\/wp-content\/blogs.dir\/61\/files\/2024\/05\/U101-FAQ-contracts-n-bargaining-hero-image-scaled.jpg\",\"contentUrl\":\"https:\/\/www.ufcw.org\/wp-content\/blogs.dir\/61\/files\/2024\/05\/U101-FAQ-contracts-n-bargaining-hero-image-scaled.jpg\",\"width\":2560,\"height\":1440,\"caption\":\"Screenshot\"},{\"@type\":\"BreadcrumbList\",\"@id\":\"https:\/\/www.ufcw.org\/es\/union-101\/como-funcionan-los-contratos-de-la-union\/#breadcrumb\",\"itemListElement\":[{\"@type\":\"ListItem\",\"position\":1,\"name\":\"Home\",\"item\":\"https:\/\/www.ufcw.org\/es\/\"},{\"@type\":\"ListItem\",\"position\":2,\"name\":\"Uni\u00f3n 101\",\"item\":\"https:\/\/www.ufcw.org\/es\/union-101\/\"},{\"@type\":\"ListItem\",\"position\":3,\"name\":\"C\u00f3mo funcionan los contratos de la uni\u00f3n\"}]},{\"@type\":\"WebSite\",\"@id\":\"https:\/\/www.ufcw.org\/es\/#website\",\"url\":\"https:\/\/www.ufcw.org\/es\/\",\"name\":\"The United Food &amp; Commercial Workers International Union\",\"description\":\"Official website of the United Food and Commercial Workers International Union\",\"publisher\":{\"@id\":\"https:\/\/www.ufcw.org\/es\/#organization\"},\"potentialAction\":[{\"@type\":\"SearchAction\",\"target\":{\"@type\":\"EntryPoint\",\"urlTemplate\":\"https:\/\/www.ufcw.org\/es\/?s={search_term_string}\"},\"query-input\":{\"@type\":\"PropertyValueSpecification\",\"valueRequired\":true,\"valueName\":\"search_term_string\"}}],\"inLanguage\":\"es-ES\"},{\"@type\":\"Organization\",\"@id\":\"https:\/\/www.ufcw.org\/es\/#organization\",\"name\":\"United Food and Commercial Workers International Union\",\"url\":\"https:\/\/www.ufcw.org\/es\/\",\"logo\":{\"@type\":\"ImageObject\",\"inLanguage\":\"es-ES\",\"@id\":\"https:\/\/www.ufcw.org\/es\/#\/schema\/logo\/image\/\",\"url\":\"https:\/\/www.ufcw.org\/wp-content\/blogs.dir\/61\/files\/2021\/02\/UFCW-Americas-Food-and-Retail-Union-2-color.png\",\"contentUrl\":\"https:\/\/www.ufcw.org\/wp-content\/blogs.dir\/61\/files\/2021\/02\/UFCW-Americas-Food-and-Retail-Union-2-color.png\",\"width\":415,\"height\":198,\"caption\":\"United Food and Commercial Workers International Union\"},\"image\":{\"@id\":\"https:\/\/www.ufcw.org\/es\/#\/schema\/logo\/image\/\"}}]}<\/script>\n<!-- \/ Yoast SEO plugin. -->","yoast_head_json":{"title":"C\u00f3mo funcionan los contratos de la uni\u00f3n - The United Food &amp; Commercial Workers International Union","robots":{"index":"index","follow":"follow","max-snippet":"max-snippet:-1","max-image-preview":"max-image-preview:large","max-video-preview":"max-video-preview:-1"},"canonical":"https:\/\/www.ufcw.org\/es\/union-101\/como-funcionan-los-contratos-de-la-union\/","og_locale":"es_ES","og_type":"article","og_title":"C\u00f3mo funcionan los contratos de la uni\u00f3n - The United Food &amp; Commercial Workers International Union","og_description":"Despu\u00e9s de votar para afiliarse a una uni\u00f3n, usted y sus compa\u00f1eros de trabajo se reunir\u00e1n y negociar\u00e1n su primer contrato de la uni\u00f3n con su empleador. Este contrato, tambi\u00e9n conocido como acuerdo de negociaci\u00f3n colectiva, es la suma de todas las cosas que aceptar\u00e1 a lo largo de este proceso de negociaci\u00f3n. Este proceso [&hellip;]","og_url":"https:\/\/www.ufcw.org\/es\/union-101\/como-funcionan-los-contratos-de-la-union\/","og_site_name":"The United Food &amp; Commercial Workers International Union","article_modified_time":"2025-01-03T16:55:44+00:00","og_image":[{"width":2560,"height":1440,"url":"https:\/\/www.ufcw.org\/wp-content\/blogs.dir\/61\/files\/2024\/05\/U101-FAQ-contracts-n-bargaining-hero-image-scaled.jpg","type":"image\/jpeg"}],"twitter_card":"summary_large_image","twitter_misc":{"Est. reading time":"6 minutes"},"schema":{"@context":"https:\/\/schema.org","@graph":[{"@type":"WebPage","@id":"https:\/\/www.ufcw.org\/es\/union-101\/como-funcionan-los-contratos-de-la-union\/","url":"https:\/\/www.ufcw.org\/es\/union-101\/como-funcionan-los-contratos-de-la-union\/","name":"C\u00f3mo funcionan los contratos de la uni\u00f3n - The United Food &amp; Commercial Workers International Union","isPartOf":{"@id":"https:\/\/www.ufcw.org\/es\/#website"},"primaryImageOfPage":{"@id":"https:\/\/www.ufcw.org\/es\/union-101\/como-funcionan-los-contratos-de-la-union\/#primaryimage"},"image":{"@id":"https:\/\/www.ufcw.org\/es\/union-101\/como-funcionan-los-contratos-de-la-union\/#primaryimage"},"thumbnailUrl":"https:\/\/www.ufcw.org\/wp-content\/blogs.dir\/61\/files\/2024\/05\/U101-FAQ-contracts-n-bargaining-hero-image-scaled.jpg","datePublished":"2024-05-30T17:57:37+00:00","dateModified":"2025-01-03T16:55:44+00:00","breadcrumb":{"@id":"https:\/\/www.ufcw.org\/es\/union-101\/como-funcionan-los-contratos-de-la-union\/#breadcrumb"},"inLanguage":"es-ES","potentialAction":[{"@type":"ReadAction","target":["https:\/\/www.ufcw.org\/es\/union-101\/como-funcionan-los-contratos-de-la-union\/"]}]},{"@type":"ImageObject","inLanguage":"es-ES","@id":"https:\/\/www.ufcw.org\/es\/union-101\/como-funcionan-los-contratos-de-la-union\/#primaryimage","url":"https:\/\/www.ufcw.org\/wp-content\/blogs.dir\/61\/files\/2024\/05\/U101-FAQ-contracts-n-bargaining-hero-image-scaled.jpg","contentUrl":"https:\/\/www.ufcw.org\/wp-content\/blogs.dir\/61\/files\/2024\/05\/U101-FAQ-contracts-n-bargaining-hero-image-scaled.jpg","width":2560,"height":1440,"caption":"Screenshot"},{"@type":"BreadcrumbList","@id":"https:\/\/www.ufcw.org\/es\/union-101\/como-funcionan-los-contratos-de-la-union\/#breadcrumb","itemListElement":[{"@type":"ListItem","position":1,"name":"Home","item":"https:\/\/www.ufcw.org\/es\/"},{"@type":"ListItem","position":2,"name":"Uni\u00f3n 101","item":"https:\/\/www.ufcw.org\/es\/union-101\/"},{"@type":"ListItem","position":3,"name":"C\u00f3mo funcionan los contratos de la uni\u00f3n"}]},{"@type":"WebSite","@id":"https:\/\/www.ufcw.org\/es\/#website","url":"https:\/\/www.ufcw.org\/es\/","name":"The United Food &amp; Commercial Workers International Union","description":"Official website of the United Food and Commercial Workers International Union","publisher":{"@id":"https:\/\/www.ufcw.org\/es\/#organization"},"potentialAction":[{"@type":"SearchAction","target":{"@type":"EntryPoint","urlTemplate":"https:\/\/www.ufcw.org\/es\/?s={search_term_string}"},"query-input":{"@type":"PropertyValueSpecification","valueRequired":true,"valueName":"search_term_string"}}],"inLanguage":"es-ES"},{"@type":"Organization","@id":"https:\/\/www.ufcw.org\/es\/#organization","name":"United Food and Commercial Workers International Union","url":"https:\/\/www.ufcw.org\/es\/","logo":{"@type":"ImageObject","inLanguage":"es-ES","@id":"https:\/\/www.ufcw.org\/es\/#\/schema\/logo\/image\/","url":"https:\/\/www.ufcw.org\/wp-content\/blogs.dir\/61\/files\/2021\/02\/UFCW-Americas-Food-and-Retail-Union-2-color.png","contentUrl":"https:\/\/www.ufcw.org\/wp-content\/blogs.dir\/61\/files\/2021\/02\/UFCW-Americas-Food-and-Retail-Union-2-color.png","width":415,"height":198,"caption":"United Food and Commercial Workers International Union"},"image":{"@id":"https:\/\/www.ufcw.org\/es\/#\/schema\/logo\/image\/"}}]}},"_links":{"self":[{"href":"https:\/\/www.ufcw.org\/es\/wp-json\/wp\/v2\/pages\/60825","targetHints":{"allow":["GET"]}}],"collection":[{"href":"https:\/\/www.ufcw.org\/es\/wp-json\/wp\/v2\/pages"}],"about":[{"href":"https:\/\/www.ufcw.org\/es\/wp-json\/wp\/v2\/types\/page"}],"author":[{"embeddable":true,"href":"https:\/\/www.ufcw.org\/es\/wp-json\/wp\/v2\/users\/410"}],"replies":[{"embeddable":true,"href":"https:\/\/www.ufcw.org\/es\/wp-json\/wp\/v2\/comments?post=60825"}],"version-history":[{"count":4,"href":"https:\/\/www.ufcw.org\/es\/wp-json\/wp\/v2\/pages\/60825\/revisions"}],"predecessor-version":[{"id":60962,"href":"https:\/\/www.ufcw.org\/es\/wp-json\/wp\/v2\/pages\/60825\/revisions\/60962"}],"up":[{"embeddable":true,"href":"https:\/\/www.ufcw.org\/es\/wp-json\/wp\/v2\/pages\/60791"}],"wp:featuredmedia":[{"embeddable":true,"href":"https:\/\/www.ufcw.org\/es\/wp-json\/wp\/v2\/media\/60506"}],"wp:attachment":[{"href":"https:\/\/www.ufcw.org\/es\/wp-json\/wp\/v2\/media?parent=60825"}],"curies":[{"name":"wp","href":"https:\/\/api.w.org\/{rel}","templated":true}]}}