{"id":60821,"date":"2012-06-11T17:48:49","date_gmt":"2012-06-11T17:48:49","guid":{"rendered":"https:\/\/www.ufcw.org\/?page_id=60821"},"modified":"2025-01-07T16:42:52","modified_gmt":"2025-01-07T16:42:52","slug":"que-son-los-derechos-de-weingarten","status":"publish","type":"page","link":"https:\/\/www.ufcw.org\/es\/union-101\/conozca-sus-derechos\/que-son-los-derechos-de-weingarten\/","title":{"rendered":"\u00bfQu\u00e9 son los derechos de Weingarten?"},"content":{"rendered":"<div class=\"tw-max-w-217 tw-m-auto tw-px-6 rich-text contained-block\" data-module=\"heading\">\n<h2 class=\"wp-block-heading has-text-align-center\"><strong>El derecho a un testigo. <\/strong><\/h2>\n<\/div>\n\n<div class=\"tw-max-w-217 tw-m-auto tw-px-6 rich-text contained-block\" data-module=\"paragraph\">\n<p class=\"has-text-align-center\">Los uniones se crean sobre la base del principio de que todos los trabajadores merecen un trato justo y respeto. Esto incluye asegurarse de que los gerentes no utilicen medidas disciplinarias para castigarlos injustamente a usted y a sus compa\u00f1eros de trabajo.<\/p>\n<\/div>\n\n<div class=\"tw-max-w-217 tw-m-auto tw-px-6 rich-text contained-block\" data-module=\"paragraph\">\n<p>Si un supervisor lo lleva a una sala para hablar y cree que puede ser disciplinado, puede sentir que est\u00e1 entre la espada y la pared.<\/p>\n<\/div>\n\n<div class=\"tw-max-w-217 tw-m-auto tw-px-6 rich-text contained-block\" data-module=\"paragraph\">\n<p>Pero cuando est\u00e1 en una uni\u00f3n, nunca est\u00e1 solo. Siempre tiene el derecho de llamar a los representantes de su uni\u00f3n o lugar de trabajo para que lo respalden en estas situaciones. Estos son sus derechos de Weingarten, que reciben su nombre de <a href=\"https:\/\/en.wikipedia.org\/wiki\/NLRB_v._J._Weingarten,_Inc.\"><strong>un caso judicial hist\u00f3rico con el mismo nombre<\/strong><\/a>.<\/p>\n<\/div>\n\n<div class=\"tw-max-w-217 tw-m-auto tw-px-6 rich-text contained-block\" data-module=\"paragraph\">\n<p class=\"has-text-align-left\">En el caso Weingarten, la Corte Suprema dictamin\u00f3 que los trabajadores representados por una uni\u00f3n tienen derecho a la representaci\u00f3n de la uni\u00f3n en todas las reuniones o conversaciones con los supervisores o gerentes que el trabajador crea razonablemente que podr\u00edan conducir a medidas disciplinarias. Estas reuniones o conversaciones incluyen conversaciones en el piso de trabajo, en las \u00e1reas de trabajo, en las oficinas, por tel\u00e9fono e incluso fuera del centro.<\/p>\n<\/div>\n\n<div class=\"tw-max-w-217 tw-m-auto tw-px-6 rich-text contained-block\" data-module=\"paragraph\">\n<p><\/p>\n<\/div>\n\n<div class=\"wp-block-image\"><div class=\"tw-max-w-217 tw-m-auto tw-px-6 rich-text contained-block\" data-module=\"image\">\n<figure class=\"aligncenter size-large\"><img loading=\"lazy\" decoding=\"async\" width=\"1024\" height=\"608\" src=\"https:\/\/www.ufcw.org\/wp-content\/blogs.dir\/61\/files\/2025\/01\/mito-2-1024x608.png\" alt=\"\" class=\"wp-image-60954\" srcset=\"https:\/\/www.ufcw.org\/wp-content\/blogs.dir\/61\/files\/2025\/01\/mito-2-1024x608.png 1024w, https:\/\/www.ufcw.org\/wp-content\/blogs.dir\/61\/files\/2025\/01\/mito-2-300x178.png 300w, https:\/\/www.ufcw.org\/wp-content\/blogs.dir\/61\/files\/2025\/01\/mito-2-768x456.png 768w, https:\/\/www.ufcw.org\/wp-content\/blogs.dir\/61\/files\/2025\/01\/mito-2-1536x912.png 1536w, https:\/\/www.ufcw.org\/wp-content\/blogs.dir\/61\/files\/2025\/01\/mito-2.png 1825w\" sizes=\"auto, (max-width: 1024px) 100vw, 1024px\" \/><\/figure>\n<\/div><\/div>\n\n<div class=\"tw-max-w-217 tw-m-auto tw-px-6 rich-text contained-block\" data-module=\"paragraph\">\n<p><\/p>\n<\/div>\n\n<div class=\"tw-max-w-217 tw-m-auto tw-px-6 rich-text contained-block\" data-module=\"heading\">\n<h2 class=\"wp-block-heading has-text-align-center\"><strong>\u00bfPor qu\u00e9 debo ejercer mis derechos de Weingarten?<\/strong>&nbsp;<\/h2>\n<\/div>\n\n<div class=\"tw-max-w-217 tw-m-auto tw-px-6 rich-text contained-block\" data-module=\"paragraph\">\n<p class=\"has-text-align-center\">Los delegados y representantes de la uni\u00f3n est\u00e1n capacitados para tratar las medidas disciplinarias, y su funci\u00f3n en estos casos es actuar como testigos y como asesores. Una representaci\u00f3n de la uni\u00f3n est\u00e1 ah\u00ed para:<\/p>\n<\/div>\n\n<div class=\"tw-max-w-217 tw-m-auto tw-px-6 rich-text contained-block\" data-module=\"list\">\n<ul class=\"wp-block-list\"><div class=\"tw-max-w-217 tw-m-auto tw-px-6 rich-text contained-block\" data-module=\"list-item\">\n<li>Exigir a la gerencia que explique por qu\u00e9 se convoc\u00f3 la reuni\u00f3n<\/li>\n<\/div>\n\n<div class=\"tw-max-w-217 tw-m-auto tw-px-6 rich-text contained-block\" data-module=\"list-item\">\n<li>Hablar con usted antes y durante la reuni\u00f3n sobre las razones por las que podr\u00eda ser disciplinado&nbsp;&nbsp;&nbsp;<\/li>\n<\/div>\n\n<div class=\"tw-max-w-217 tw-m-auto tw-px-6 rich-text contained-block\" data-module=\"list-item\">\n<li>Escuchar todo lo que se dice y solicitar cualquier aclaraci\u00f3n&nbsp;<\/li>\n<\/div>\n\n<div class=\"tw-max-w-217 tw-m-auto tw-px-6 rich-text contained-block\" data-module=\"list-item\">\n<li>Detener los cuestionamientos injustos&nbsp;<\/li>\n<\/div>\n\n<div class=\"tw-max-w-217 tw-m-auto tw-px-6 rich-text contained-block\" data-module=\"list-item\">\n<li>Tomar los descansos necesarios para una conversaci\u00f3n individual&nbsp;<\/li>\n<\/div>\n\n<div class=\"tw-max-w-217 tw-m-auto tw-px-6 rich-text contained-block\" data-module=\"list-item\">\n<li>y brindar asesoramiento privado y en tiempo real&nbsp;<\/li>\n<\/div><\/ul>\n<\/div>\n\n<div class=\"tw-max-w-217 tw-m-auto tw-px-6 rich-text contained-block\" data-module=\"heading\">\n<h4 class=\"wp-block-heading has-text-align-center\"><strong>\u00bfQu\u00e9 sucede si rechazan mi solicitud de representante?<span style=\"color: rgb(0, 0, 0); font-size: medium; font-weight: 400; text-align: start; white-space-collapse: collapse;\"><\/span>&nbsp;<\/strong><\/h4>\n<\/div>\n\n<div class=\"tw-max-w-217 tw-m-auto tw-px-6 rich-text contained-block\" data-module=\"paragraph\">\n<p class=\"has-text-align-center\">Si solicita un representante de la uni\u00f3n antes o durante la conversaci\u00f3n, su empleador TIENE que permit\u00edrselo o usted tiene derecho a terminar la reuni\u00f3n. Si rechazan su solicitud, puede retirarse de la conversaci\u00f3n y podr\u00eda tratarse de lo que se denomina una &#8220;pr\u00e1ctica laboral injusta&#8221;, y se pueden emprender acciones legales. <\/p>\n<\/div>\n\n<div class=\"tw-max-w-217 tw-m-auto tw-px-6 rich-text contained-block\" data-module=\"paragraph\">\n<p class=\"has-text-align-center\">Tambi\u00e9n es ilegal que sus empleadores tomen represalias contra usted por elegir la presencia de un representante de la uni\u00f3n.<\/p>\n<\/div>\n\n<div class=\"tw-max-w-217 tw-m-auto tw-px-6 rich-text contained-block\" data-module=\"paragraph\">\n<p class=\"has-text-align-center\"><\/p>\n<\/div>\n\n<div class=\"tw-max-w-217 tw-m-auto tw-px-6 rich-text contained-block\" data-module=\"image\">\n<figure class=\"wp-block-image size-large\"><img loading=\"lazy\" decoding=\"async\" width=\"1024\" height=\"575\" src=\"https:\/\/www.ufcw.org\/wp-content\/blogs.dir\/61\/files\/2025\/01\/mito-1-1024x575.png\" alt=\"\" class=\"wp-image-60952\" srcset=\"https:\/\/www.ufcw.org\/wp-content\/blogs.dir\/61\/files\/2025\/01\/mito-1-1024x575.png 1024w, https:\/\/www.ufcw.org\/wp-content\/blogs.dir\/61\/files\/2025\/01\/mito-1-300x168.png 300w, https:\/\/www.ufcw.org\/wp-content\/blogs.dir\/61\/files\/2025\/01\/mito-1-768x431.png 768w, https:\/\/www.ufcw.org\/wp-content\/blogs.dir\/61\/files\/2025\/01\/mito-1-1536x863.png 1536w, https:\/\/www.ufcw.org\/wp-content\/blogs.dir\/61\/files\/2025\/01\/mito-1.png 1825w\" sizes=\"auto, (max-width: 1024px) 100vw, 1024px\" \/><\/figure>\n<\/div>\n\n<div class=\"tw-max-w-217 tw-m-auto tw-px-6 rich-text contained-block\" data-module=\"paragraph\">\n<p><\/p>\n<\/div>\n\n<div class=\"tw-max-w-217 tw-m-auto tw-px-6 rich-text contained-block\" data-module=\"heading\">\n<h2 class=\"wp-block-heading has-text-align-center\"><strong>\u00bfC\u00f3mo ejerzo mis derechos de Weingarten? <\/strong>&nbsp;<\/h2>\n<\/div>\n\n<div class=\"tw-max-w-217 tw-m-auto tw-px-6 rich-text contained-block\" data-module=\"paragraph\">\n<p class=\"has-text-align-center\">Es bastante sencillo. \u00a1Todo lo que tiene que hacer es preguntar! (Es importante tener en cuenta que si no le dice a su gerente o supervisor que est\u00e1 solicitando representaci\u00f3n, renuncia a ese derecho). <\/p>\n<\/div>\n\n<div class=\"tw-max-w-217 tw-m-auto tw-px-6 rich-text contained-block\" data-module=\"paragraph\">\n<p class=\"has-text-align-center\">Para asegurarnos de que se sienta preparado, \u00a1creamos esta tarjeta de \u00edndice pr\u00e1ctica con exactamente qu\u00e9 decir si necesita un representante!<\/p>\n<\/div>\n\n<div class=\"tw-max-w-217 tw-m-auto tw-px-6 rich-text contained-block\" data-module=\"paragraph\">\n<p class=\"has-text-align-center\">&nbsp;<\/p>\n<\/div>\n\n<div class=\"wp-block-image\"><div class=\"tw-max-w-217 tw-m-auto tw-px-6 rich-text contained-block\" data-module=\"image\">\n<figure class=\"aligncenter size-large is-resized\"><img loading=\"lazy\" decoding=\"async\" width=\"1024\" height=\"866\" src=\"https:\/\/www.ufcw.org\/wp-content\/blogs.dir\/61\/files\/2025\/01\/derechos-de-weingarten-1024x866.png\" alt=\"\" class=\"wp-image-60950\" style=\"width:512px;height:432px\" srcset=\"https:\/\/www.ufcw.org\/wp-content\/blogs.dir\/61\/files\/2025\/01\/derechos-de-weingarten-1024x866.png 1024w, https:\/\/www.ufcw.org\/wp-content\/blogs.dir\/61\/files\/2025\/01\/derechos-de-weingarten-300x254.png 300w, https:\/\/www.ufcw.org\/wp-content\/blogs.dir\/61\/files\/2025\/01\/derechos-de-weingarten-768x649.png 768w, https:\/\/www.ufcw.org\/wp-content\/blogs.dir\/61\/files\/2025\/01\/derechos-de-weingarten.png 1152w\" sizes=\"auto, (max-width: 1024px) 100vw, 1024px\" \/><\/figure>\n<\/div><\/div>","protected":false},"excerpt":{"rendered":"<p>El derecho a un testigo. Los uniones se crean sobre la base del principio de que todos los trabajadores merecen un trato justo y respeto. Esto incluye asegurarse de que los gerentes no utilicen medidas disciplinarias para castigarlos injustamente a usted y a sus compa\u00f1eros de trabajo. Si un supervisor lo lleva a una sala [&hellip;]<\/p>\n","protected":false},"author":410,"featured_media":60509,"parent":60805,"menu_order":8,"comment_status":"closed","ping_status":"closed","template":"views\/templates\/general\/index.php","meta":{"_acf_changed":false,"footnotes":"","_links_to":"","_links_to_target":""},"class_list":["post-60821","page","type-page","status-publish","has-post-thumbnail","hentry"],"acf":[],"yoast_head":"<!-- This site is optimized with the Yoast SEO plugin v27.1.1 - https:\/\/yoast.com\/product\/yoast-seo-wordpress\/ -->\n<title>\u00bfQu\u00e9 son los derechos de Weingarten? - The United Food &amp; Commercial Workers International Union<\/title>\n<meta name=\"robots\" content=\"index, follow, max-snippet:-1, max-image-preview:large, max-video-preview:-1\" \/>\n<link rel=\"canonical\" href=\"https:\/\/www.ufcw.org\/es\/union-101\/conozca-sus-derechos\/que-son-los-derechos-de-weingarten\/\" \/>\n<meta property=\"og:locale\" content=\"es_ES\" \/>\n<meta property=\"og:type\" content=\"article\" \/>\n<meta property=\"og:title\" content=\"\u00bfQu\u00e9 son los derechos de Weingarten? - The United Food &amp; Commercial Workers International Union\" \/>\n<meta property=\"og:description\" content=\"El derecho a un testigo. Los uniones se crean sobre la base del principio de que todos los trabajadores merecen un trato justo y respeto. Esto incluye asegurarse de que los gerentes no utilicen medidas disciplinarias para castigarlos injustamente a usted y a sus compa\u00f1eros de trabajo. Si un supervisor lo lleva a una sala [&hellip;]\" \/>\n<meta property=\"og:url\" content=\"https:\/\/www.ufcw.org\/es\/union-101\/conozca-sus-derechos\/que-son-los-derechos-de-weingarten\/\" \/>\n<meta property=\"og:site_name\" content=\"The United Food &amp; Commercial Workers International Union\" \/>\n<meta property=\"article:modified_time\" content=\"2025-01-07T16:42:52+00:00\" \/>\n<meta property=\"og:image\" content=\"https:\/\/www.ufcw.org\/wp-content\/blogs.dir\/61\/files\/2024\/06\/U101-KYR-what-are-my-weingarten-rights-social-share.jpg\" \/>\n\t<meta property=\"og:image:width\" content=\"1921\" \/>\n\t<meta property=\"og:image:height\" content=\"1080\" \/>\n\t<meta property=\"og:image:type\" content=\"image\/jpeg\" \/>\n<meta name=\"twitter:card\" content=\"summary_large_image\" \/>\n<meta name=\"twitter:label1\" content=\"Est. reading time\" \/>\n\t<meta name=\"twitter:data1\" content=\"3 minutes\" \/>\n<script type=\"application\/ld+json\" class=\"yoast-schema-graph\">{\"@context\":\"https:\/\/schema.org\",\"@graph\":[{\"@type\":\"WebPage\",\"@id\":\"https:\/\/www.ufcw.org\/es\/union-101\/conozca-sus-derechos\/que-son-los-derechos-de-weingarten\/\",\"url\":\"https:\/\/www.ufcw.org\/es\/union-101\/conozca-sus-derechos\/que-son-los-derechos-de-weingarten\/\",\"name\":\"\u00bfQu\u00e9 son los derechos de Weingarten? - The United Food &amp; Commercial Workers International Union\",\"isPartOf\":{\"@id\":\"https:\/\/www.ufcw.org\/es\/#website\"},\"primaryImageOfPage\":{\"@id\":\"https:\/\/www.ufcw.org\/es\/union-101\/conozca-sus-derechos\/que-son-los-derechos-de-weingarten\/#primaryimage\"},\"image\":{\"@id\":\"https:\/\/www.ufcw.org\/es\/union-101\/conozca-sus-derechos\/que-son-los-derechos-de-weingarten\/#primaryimage\"},\"thumbnailUrl\":\"https:\/\/www.ufcw.org\/wp-content\/blogs.dir\/61\/files\/2024\/06\/U101-KYR-what-are-my-weingarten-rights-social-share.jpg\",\"datePublished\":\"2012-06-11T17:48:49+00:00\",\"dateModified\":\"2025-01-07T16:42:52+00:00\",\"breadcrumb\":{\"@id\":\"https:\/\/www.ufcw.org\/es\/union-101\/conozca-sus-derechos\/que-son-los-derechos-de-weingarten\/#breadcrumb\"},\"inLanguage\":\"es-ES\",\"potentialAction\":[{\"@type\":\"ReadAction\",\"target\":[\"https:\/\/www.ufcw.org\/es\/union-101\/conozca-sus-derechos\/que-son-los-derechos-de-weingarten\/\"]}]},{\"@type\":\"ImageObject\",\"inLanguage\":\"es-ES\",\"@id\":\"https:\/\/www.ufcw.org\/es\/union-101\/conozca-sus-derechos\/que-son-los-derechos-de-weingarten\/#primaryimage\",\"url\":\"https:\/\/www.ufcw.org\/wp-content\/blogs.dir\/61\/files\/2024\/06\/U101-KYR-what-are-my-weingarten-rights-social-share.jpg\",\"contentUrl\":\"https:\/\/www.ufcw.org\/wp-content\/blogs.dir\/61\/files\/2024\/06\/U101-KYR-what-are-my-weingarten-rights-social-share.jpg\",\"width\":1921,\"height\":1080},{\"@type\":\"BreadcrumbList\",\"@id\":\"https:\/\/www.ufcw.org\/es\/union-101\/conozca-sus-derechos\/que-son-los-derechos-de-weingarten\/#breadcrumb\",\"itemListElement\":[{\"@type\":\"ListItem\",\"position\":1,\"name\":\"Home\",\"item\":\"https:\/\/www.ufcw.org\/es\/\"},{\"@type\":\"ListItem\",\"position\":2,\"name\":\"Uni\u00f3n 101\",\"item\":\"https:\/\/www.ufcw.org\/es\/union-101\/\"},{\"@type\":\"ListItem\",\"position\":3,\"name\":\"Conozca sus derechos\",\"item\":\"https:\/\/www.ufcw.org\/es\/union-101\/conozca-sus-derechos\/\"},{\"@type\":\"ListItem\",\"position\":4,\"name\":\"\u00bfQu\u00e9 son los derechos de Weingarten?\"}]},{\"@type\":\"WebSite\",\"@id\":\"https:\/\/www.ufcw.org\/es\/#website\",\"url\":\"https:\/\/www.ufcw.org\/es\/\",\"name\":\"The United Food &amp; Commercial Workers International Union\",\"description\":\"Official website of the United Food and Commercial Workers International Union\",\"publisher\":{\"@id\":\"https:\/\/www.ufcw.org\/es\/#organization\"},\"potentialAction\":[{\"@type\":\"SearchAction\",\"target\":{\"@type\":\"EntryPoint\",\"urlTemplate\":\"https:\/\/www.ufcw.org\/es\/?s={search_term_string}\"},\"query-input\":{\"@type\":\"PropertyValueSpecification\",\"valueRequired\":true,\"valueName\":\"search_term_string\"}}],\"inLanguage\":\"es-ES\"},{\"@type\":\"Organization\",\"@id\":\"https:\/\/www.ufcw.org\/es\/#organization\",\"name\":\"United Food and Commercial Workers International Union\",\"url\":\"https:\/\/www.ufcw.org\/es\/\",\"logo\":{\"@type\":\"ImageObject\",\"inLanguage\":\"es-ES\",\"@id\":\"https:\/\/www.ufcw.org\/es\/#\/schema\/logo\/image\/\",\"url\":\"https:\/\/www.ufcw.org\/wp-content\/blogs.dir\/61\/files\/2021\/02\/UFCW-Americas-Food-and-Retail-Union-2-color.png\",\"contentUrl\":\"https:\/\/www.ufcw.org\/wp-content\/blogs.dir\/61\/files\/2021\/02\/UFCW-Americas-Food-and-Retail-Union-2-color.png\",\"width\":415,\"height\":198,\"caption\":\"United Food and Commercial Workers International Union\"},\"image\":{\"@id\":\"https:\/\/www.ufcw.org\/es\/#\/schema\/logo\/image\/\"}}]}<\/script>\n<!-- \/ Yoast SEO plugin. -->","yoast_head_json":{"title":"\u00bfQu\u00e9 son los derechos de Weingarten? - The United Food &amp; Commercial Workers International Union","robots":{"index":"index","follow":"follow","max-snippet":"max-snippet:-1","max-image-preview":"max-image-preview:large","max-video-preview":"max-video-preview:-1"},"canonical":"https:\/\/www.ufcw.org\/es\/union-101\/conozca-sus-derechos\/que-son-los-derechos-de-weingarten\/","og_locale":"es_ES","og_type":"article","og_title":"\u00bfQu\u00e9 son los derechos de Weingarten? - The United Food &amp; Commercial Workers International Union","og_description":"El derecho a un testigo. Los uniones se crean sobre la base del principio de que todos los trabajadores merecen un trato justo y respeto. Esto incluye asegurarse de que los gerentes no utilicen medidas disciplinarias para castigarlos injustamente a usted y a sus compa\u00f1eros de trabajo. Si un supervisor lo lleva a una sala [&hellip;]","og_url":"https:\/\/www.ufcw.org\/es\/union-101\/conozca-sus-derechos\/que-son-los-derechos-de-weingarten\/","og_site_name":"The United Food &amp; Commercial Workers International Union","article_modified_time":"2025-01-07T16:42:52+00:00","og_image":[{"width":1921,"height":1080,"url":"https:\/\/www.ufcw.org\/wp-content\/blogs.dir\/61\/files\/2024\/06\/U101-KYR-what-are-my-weingarten-rights-social-share.jpg","type":"image\/jpeg"}],"twitter_card":"summary_large_image","twitter_misc":{"Est. reading time":"3 minutes"},"schema":{"@context":"https:\/\/schema.org","@graph":[{"@type":"WebPage","@id":"https:\/\/www.ufcw.org\/es\/union-101\/conozca-sus-derechos\/que-son-los-derechos-de-weingarten\/","url":"https:\/\/www.ufcw.org\/es\/union-101\/conozca-sus-derechos\/que-son-los-derechos-de-weingarten\/","name":"\u00bfQu\u00e9 son los derechos de Weingarten? - The United Food &amp; Commercial Workers International Union","isPartOf":{"@id":"https:\/\/www.ufcw.org\/es\/#website"},"primaryImageOfPage":{"@id":"https:\/\/www.ufcw.org\/es\/union-101\/conozca-sus-derechos\/que-son-los-derechos-de-weingarten\/#primaryimage"},"image":{"@id":"https:\/\/www.ufcw.org\/es\/union-101\/conozca-sus-derechos\/que-son-los-derechos-de-weingarten\/#primaryimage"},"thumbnailUrl":"https:\/\/www.ufcw.org\/wp-content\/blogs.dir\/61\/files\/2024\/06\/U101-KYR-what-are-my-weingarten-rights-social-share.jpg","datePublished":"2012-06-11T17:48:49+00:00","dateModified":"2025-01-07T16:42:52+00:00","breadcrumb":{"@id":"https:\/\/www.ufcw.org\/es\/union-101\/conozca-sus-derechos\/que-son-los-derechos-de-weingarten\/#breadcrumb"},"inLanguage":"es-ES","potentialAction":[{"@type":"ReadAction","target":["https:\/\/www.ufcw.org\/es\/union-101\/conozca-sus-derechos\/que-son-los-derechos-de-weingarten\/"]}]},{"@type":"ImageObject","inLanguage":"es-ES","@id":"https:\/\/www.ufcw.org\/es\/union-101\/conozca-sus-derechos\/que-son-los-derechos-de-weingarten\/#primaryimage","url":"https:\/\/www.ufcw.org\/wp-content\/blogs.dir\/61\/files\/2024\/06\/U101-KYR-what-are-my-weingarten-rights-social-share.jpg","contentUrl":"https:\/\/www.ufcw.org\/wp-content\/blogs.dir\/61\/files\/2024\/06\/U101-KYR-what-are-my-weingarten-rights-social-share.jpg","width":1921,"height":1080},{"@type":"BreadcrumbList","@id":"https:\/\/www.ufcw.org\/es\/union-101\/conozca-sus-derechos\/que-son-los-derechos-de-weingarten\/#breadcrumb","itemListElement":[{"@type":"ListItem","position":1,"name":"Home","item":"https:\/\/www.ufcw.org\/es\/"},{"@type":"ListItem","position":2,"name":"Uni\u00f3n 101","item":"https:\/\/www.ufcw.org\/es\/union-101\/"},{"@type":"ListItem","position":3,"name":"Conozca sus derechos","item":"https:\/\/www.ufcw.org\/es\/union-101\/conozca-sus-derechos\/"},{"@type":"ListItem","position":4,"name":"\u00bfQu\u00e9 son los derechos de Weingarten?"}]},{"@type":"WebSite","@id":"https:\/\/www.ufcw.org\/es\/#website","url":"https:\/\/www.ufcw.org\/es\/","name":"The United Food &amp; Commercial Workers International Union","description":"Official website of the United Food and Commercial Workers International Union","publisher":{"@id":"https:\/\/www.ufcw.org\/es\/#organization"},"potentialAction":[{"@type":"SearchAction","target":{"@type":"EntryPoint","urlTemplate":"https:\/\/www.ufcw.org\/es\/?s={search_term_string}"},"query-input":{"@type":"PropertyValueSpecification","valueRequired":true,"valueName":"search_term_string"}}],"inLanguage":"es-ES"},{"@type":"Organization","@id":"https:\/\/www.ufcw.org\/es\/#organization","name":"United Food and Commercial Workers International Union","url":"https:\/\/www.ufcw.org\/es\/","logo":{"@type":"ImageObject","inLanguage":"es-ES","@id":"https:\/\/www.ufcw.org\/es\/#\/schema\/logo\/image\/","url":"https:\/\/www.ufcw.org\/wp-content\/blogs.dir\/61\/files\/2021\/02\/UFCW-Americas-Food-and-Retail-Union-2-color.png","contentUrl":"https:\/\/www.ufcw.org\/wp-content\/blogs.dir\/61\/files\/2021\/02\/UFCW-Americas-Food-and-Retail-Union-2-color.png","width":415,"height":198,"caption":"United Food and Commercial Workers International Union"},"image":{"@id":"https:\/\/www.ufcw.org\/es\/#\/schema\/logo\/image\/"}}]}},"_links":{"self":[{"href":"https:\/\/www.ufcw.org\/es\/wp-json\/wp\/v2\/pages\/60821","targetHints":{"allow":["GET"]}}],"collection":[{"href":"https:\/\/www.ufcw.org\/es\/wp-json\/wp\/v2\/pages"}],"about":[{"href":"https:\/\/www.ufcw.org\/es\/wp-json\/wp\/v2\/types\/page"}],"author":[{"embeddable":true,"href":"https:\/\/www.ufcw.org\/es\/wp-json\/wp\/v2\/users\/410"}],"replies":[{"embeddable":true,"href":"https:\/\/www.ufcw.org\/es\/wp-json\/wp\/v2\/comments?post=60821"}],"version-history":[{"count":2,"href":"https:\/\/www.ufcw.org\/es\/wp-json\/wp\/v2\/pages\/60821\/revisions"}],"predecessor-version":[{"id":60957,"href":"https:\/\/www.ufcw.org\/es\/wp-json\/wp\/v2\/pages\/60821\/revisions\/60957"}],"up":[{"embeddable":true,"href":"https:\/\/www.ufcw.org\/es\/wp-json\/wp\/v2\/pages\/60805"}],"wp:featuredmedia":[{"embeddable":true,"href":"https:\/\/www.ufcw.org\/es\/wp-json\/wp\/v2\/media\/60509"}],"wp:attachment":[{"href":"https:\/\/www.ufcw.org\/es\/wp-json\/wp\/v2\/media?parent=60821"}],"curies":[{"name":"wp","href":"https:\/\/api.w.org\/{rel}","templated":true}]}}