{"id":60814,"date":"2024-06-11T15:12:13","date_gmt":"2024-06-11T15:12:13","guid":{"rendered":"https:\/\/www.ufcw.org\/union-101\/conozca-sus-derechos\/what-legal-protections-do-i-have\/"},"modified":"2025-01-02T20:08:52","modified_gmt":"2025-01-02T20:08:52","slug":"sus-derechos-y-protecciones-de-la-union","status":"publish","type":"page","link":"https:\/\/www.ufcw.org\/es\/union-101\/conozca-sus-derechos\/sus-derechos-y-protecciones-de-la-union\/","title":{"rendered":"Sus derechos y protecciones de la uni\u00f3n"},"content":{"rendered":"<div class=\"tw-max-w-217 tw-m-auto tw-px-6 rich-text contained-block\" data-module=\"heading\">\n<h2 class=\"wp-block-heading\">Aprende c\u00f3mo usar las leyes de labor para proteger sus derechos para unionirse.<\/h2>\n<\/div>\n\n<div class=\"tw-max-w-217 tw-m-auto tw-px-6 rich-text contained-block\" data-module=\"paragraph\">\n<p>En los Estados Unidos, hay un c\u00f3digo legal claro que define las facultades que tenemos para afiliarnos a una uni\u00f3n y hacer que funcione mejor.<\/p>\n<\/div>\n\n<div class=\"tw-max-w-217 tw-m-auto tw-px-6 rich-text contained-block\" data-module=\"paragraph\">\n<p>Todas estas cosas se establecen como nuestros derechos legales en la <strong><em>Ley Nacional de Relaciones Laborales.<\/em><\/strong> Esta ley se firm\u00f3 en 1935, en parte para establecer todas las cosas que los trabajadores estadounidenses tienen derecho a hacer para organizar y mejorar sus lugares de trabajo.<\/p>\n<\/div>\n\n<div class=\"tw-max-w-217 tw-m-auto tw-px-6 rich-text contained-block\" data-module=\"paragraph\">\n<p>Los derechos en los que se centra la NLRA son la protecci\u00f3n de lo que denominamos <strong><em>actividad concertada;<\/em><\/strong> es decir, acciones en las que usted y sus compa\u00f1eros de trabajo trabajan juntos para abogar por la mejora de sus condiciones laborales. Esto significa que es ilegal que cualquier persona, incluido su empleador, le impida unirse a sus compa\u00f1eros de trabajo en estas actividades.<\/p>\n<\/div>\n\n<div class=\"tw-max-w-217 tw-m-auto tw-px-6 rich-text contained-block\" data-module=\"heading\">\n<h3 class=\"wp-block-heading\"><br>Estas son algunas acciones que se clasificar\u00edan como <strong><em><mark style=\"background-color:rgba(0, 0, 0, 0)\" class=\"has-inline-color has-text-blue-color\">actividad concertada<\/mark><\/em><\/strong>:<\/h3>\n<\/div>\n\n<div class=\"tw-max-w-217 tw-m-auto tw-px-6 rich-text contained-block\" data-module=\"paragraph\">\n<p class=\"contents\"><strong>\u2022\u00a0<\/strong>Compartir y firmar una petici\u00f3n para mejorar las condiciones laborales.<br><strong>\u2022\u00a0<\/strong>Unirse a sus compa\u00f1eros de trabajo para hablar con la gerencia sobre los problemas de seguridad.<br><strong>\u2022\u00a0<\/strong>Hablar con la gerencia en nombre de sus compa\u00f1eros de trabajo sobre las condiciones laborales.<br><strong>\u2022\u00a0<\/strong>Hablar con sus compa\u00f1eros de trabajo sobre la creaci\u00f3n de una uni\u00f3n en su lugar de trabajo.<br><strong>\u2022\u00a0<\/strong>Firmar una tarjeta de apoyo de la uni\u00f3n.<br><strong>\u2022\u00a0<a href=\"https:\/\/www.ufcw.org\/es\/union-101\/conozca-sus-derechos\/que-puedo-decir-sobre-las-uniones\/\">\u00a1Decir algo sobre cualquiera de estas cosas!<\/a><\/strong><\/p>\n<\/div>\n\n<div class=\"tw-max-w-217 tw-m-auto tw-px-6 rich-text contained-block\" data-module=\"paragraph\">\n<p>Tiene derecho a unirse a sus compa\u00f1eros de trabajo y hacer todas y cada una de estas cosas, y m\u00e1s, para luchar por mejores condiciones y beneficios. <strong>Sin embargo<\/strong>, durante su campa\u00f1a de la uni\u00f3n, su empresa puede intentar cualquier tipo de t\u00e1ctica <strong><a href=\"https:\/\/www.ufcw.org\/es\/union-101\/que-es-la-destruccion-de-uniones\/\">para impedir que usted y sus compa\u00f1eros de trabajo se afilien a una uni\u00f3n<\/a><\/strong>, incluso si eso significa despedirlos ilegalmente por actividades concertadas.<\/p>\n<\/div>\n\n<div class=\"tw-max-w-217 tw-m-auto tw-px-6 rich-text contained-block\" data-module=\"paragraph\">\n<p>Pero si sigue todas las pol\u00edticas laborales de su lugar de trabajo, incluso las que normalmente no se aplican, a su empleador le ser\u00e1 mucho m\u00e1s dif\u00edcil tratar de fastidiarlo durante su campa\u00f1a. <strong><a href=\"https:\/\/www.ufcw.org\/es\/union-101\/que-es-la-destruccion-de-uniones\/\">\u00a1Lea m\u00e1s aqu\u00ed<\/a><\/strong> sobre c\u00f3mo su empleador puede tratar de tomar represalias en su contra y c\u00f3mo puede prepararse mejor y evitar que destruyan su uni\u00f3n!<\/p>\n<\/div>","protected":false},"excerpt":{"rendered":"<p>Aprende c\u00f3mo usar las leyes de labor para proteger sus derechos para unionirse. En los Estados Unidos, hay un c\u00f3digo legal claro que define las facultades que tenemos para afiliarnos a una uni\u00f3n y hacer que funcione mejor. Todas estas cosas se establecen como nuestros derechos legales en la Ley Nacional de Relaciones Laborales. Esta [&hellip;]<\/p>\n","protected":false},"author":410,"featured_media":60516,"parent":60805,"menu_order":2,"comment_status":"closed","ping_status":"closed","template":"views\/templates\/general\/index.php","meta":{"_acf_changed":false,"footnotes":"","_links_to":"","_links_to_target":""},"class_list":["post-60814","page","type-page","status-publish","has-post-thumbnail","hentry"],"acf":[],"yoast_head":"<!-- This site is optimized with the Yoast SEO plugin v27.1.1 - https:\/\/yoast.com\/product\/yoast-seo-wordpress\/ -->\n<title>Sus derechos y protecciones de la uni\u00f3n - The United Food &amp; Commercial Workers International Union<\/title>\n<meta name=\"robots\" content=\"index, follow, max-snippet:-1, max-image-preview:large, max-video-preview:-1\" \/>\n<link rel=\"canonical\" href=\"https:\/\/www.ufcw.org\/es\/union-101\/conozca-sus-derechos\/sus-derechos-y-protecciones-de-la-union\/\" \/>\n<meta property=\"og:locale\" content=\"es_ES\" \/>\n<meta property=\"og:type\" content=\"article\" \/>\n<meta property=\"og:title\" content=\"Sus derechos y protecciones de la uni\u00f3n - The United Food &amp; Commercial Workers International Union\" \/>\n<meta property=\"og:description\" content=\"Aprende c\u00f3mo usar las leyes de labor para proteger sus derechos para unionirse. En los Estados Unidos, hay un c\u00f3digo legal claro que define las facultades que tenemos para afiliarnos a una uni\u00f3n y hacer que funcione mejor. Todas estas cosas se establecen como nuestros derechos legales en la Ley Nacional de Relaciones Laborales. Esta [&hellip;]\" \/>\n<meta property=\"og:url\" content=\"https:\/\/www.ufcw.org\/es\/union-101\/conozca-sus-derechos\/sus-derechos-y-protecciones-de-la-union\/\" \/>\n<meta property=\"og:site_name\" content=\"The United Food &amp; Commercial Workers International Union\" \/>\n<meta property=\"article:modified_time\" content=\"2025-01-02T20:08:52+00:00\" \/>\n<meta property=\"og:image\" content=\"https:\/\/www.ufcw.org\/wp-content\/blogs.dir\/61\/files\/2024\/06\/U101-KYR-what-are-my-legal-protections-social-share.jpg\" \/>\n\t<meta property=\"og:image:width\" content=\"1920\" \/>\n\t<meta property=\"og:image:height\" content=\"1080\" \/>\n\t<meta property=\"og:image:type\" content=\"image\/jpeg\" \/>\n<meta name=\"twitter:card\" content=\"summary_large_image\" \/>\n<meta name=\"twitter:label1\" content=\"Est. reading time\" \/>\n\t<meta name=\"twitter:data1\" content=\"2 minutes\" \/>\n<script type=\"application\/ld+json\" class=\"yoast-schema-graph\">{\"@context\":\"https:\/\/schema.org\",\"@graph\":[{\"@type\":\"WebPage\",\"@id\":\"https:\/\/www.ufcw.org\/es\/union-101\/conozca-sus-derechos\/sus-derechos-y-protecciones-de-la-union\/\",\"url\":\"https:\/\/www.ufcw.org\/es\/union-101\/conozca-sus-derechos\/sus-derechos-y-protecciones-de-la-union\/\",\"name\":\"Sus derechos y protecciones de la uni\u00f3n - The United Food &amp; Commercial Workers International Union\",\"isPartOf\":{\"@id\":\"https:\/\/www.ufcw.org\/es\/#website\"},\"primaryImageOfPage\":{\"@id\":\"https:\/\/www.ufcw.org\/es\/union-101\/conozca-sus-derechos\/sus-derechos-y-protecciones-de-la-union\/#primaryimage\"},\"image\":{\"@id\":\"https:\/\/www.ufcw.org\/es\/union-101\/conozca-sus-derechos\/sus-derechos-y-protecciones-de-la-union\/#primaryimage\"},\"thumbnailUrl\":\"https:\/\/www.ufcw.org\/wp-content\/blogs.dir\/61\/files\/2024\/06\/U101-KYR-what-are-my-legal-protections-hero-copy.jpg\",\"datePublished\":\"2024-06-11T15:12:13+00:00\",\"dateModified\":\"2025-01-02T20:08:52+00:00\",\"breadcrumb\":{\"@id\":\"https:\/\/www.ufcw.org\/es\/union-101\/conozca-sus-derechos\/sus-derechos-y-protecciones-de-la-union\/#breadcrumb\"},\"inLanguage\":\"es-ES\",\"potentialAction\":[{\"@type\":\"ReadAction\",\"target\":[\"https:\/\/www.ufcw.org\/es\/union-101\/conozca-sus-derechos\/sus-derechos-y-protecciones-de-la-union\/\"]}]},{\"@type\":\"ImageObject\",\"inLanguage\":\"es-ES\",\"@id\":\"https:\/\/www.ufcw.org\/es\/union-101\/conozca-sus-derechos\/sus-derechos-y-protecciones-de-la-union\/#primaryimage\",\"url\":\"https:\/\/www.ufcw.org\/wp-content\/blogs.dir\/61\/files\/2024\/06\/U101-KYR-what-are-my-legal-protections-hero-copy.jpg\",\"contentUrl\":\"https:\/\/www.ufcw.org\/wp-content\/blogs.dir\/61\/files\/2024\/06\/U101-KYR-what-are-my-legal-protections-hero-copy.jpg\",\"width\":1920,\"height\":1080},{\"@type\":\"BreadcrumbList\",\"@id\":\"https:\/\/www.ufcw.org\/es\/union-101\/conozca-sus-derechos\/sus-derechos-y-protecciones-de-la-union\/#breadcrumb\",\"itemListElement\":[{\"@type\":\"ListItem\",\"position\":1,\"name\":\"Home\",\"item\":\"https:\/\/www.ufcw.org\/es\/\"},{\"@type\":\"ListItem\",\"position\":2,\"name\":\"Uni\u00f3n 101\",\"item\":\"https:\/\/www.ufcw.org\/es\/union-101\/\"},{\"@type\":\"ListItem\",\"position\":3,\"name\":\"Conozca sus derechos\",\"item\":\"https:\/\/www.ufcw.org\/es\/union-101\/conozca-sus-derechos\/\"},{\"@type\":\"ListItem\",\"position\":4,\"name\":\"Sus derechos y protecciones de la uni\u00f3n\"}]},{\"@type\":\"WebSite\",\"@id\":\"https:\/\/www.ufcw.org\/es\/#website\",\"url\":\"https:\/\/www.ufcw.org\/es\/\",\"name\":\"The United Food &amp; Commercial Workers International Union\",\"description\":\"Official website of the United Food and Commercial Workers International Union\",\"publisher\":{\"@id\":\"https:\/\/www.ufcw.org\/es\/#organization\"},\"potentialAction\":[{\"@type\":\"SearchAction\",\"target\":{\"@type\":\"EntryPoint\",\"urlTemplate\":\"https:\/\/www.ufcw.org\/es\/?s={search_term_string}\"},\"query-input\":{\"@type\":\"PropertyValueSpecification\",\"valueRequired\":true,\"valueName\":\"search_term_string\"}}],\"inLanguage\":\"es-ES\"},{\"@type\":\"Organization\",\"@id\":\"https:\/\/www.ufcw.org\/es\/#organization\",\"name\":\"United Food and Commercial Workers International Union\",\"url\":\"https:\/\/www.ufcw.org\/es\/\",\"logo\":{\"@type\":\"ImageObject\",\"inLanguage\":\"es-ES\",\"@id\":\"https:\/\/www.ufcw.org\/es\/#\/schema\/logo\/image\/\",\"url\":\"https:\/\/www.ufcw.org\/wp-content\/blogs.dir\/61\/files\/2021\/02\/UFCW-Americas-Food-and-Retail-Union-2-color.png\",\"contentUrl\":\"https:\/\/www.ufcw.org\/wp-content\/blogs.dir\/61\/files\/2021\/02\/UFCW-Americas-Food-and-Retail-Union-2-color.png\",\"width\":415,\"height\":198,\"caption\":\"United Food and Commercial Workers International Union\"},\"image\":{\"@id\":\"https:\/\/www.ufcw.org\/es\/#\/schema\/logo\/image\/\"}}]}<\/script>\n<!-- \/ Yoast SEO plugin. -->","yoast_head_json":{"title":"Sus derechos y protecciones de la uni\u00f3n - The United Food &amp; Commercial Workers International Union","robots":{"index":"index","follow":"follow","max-snippet":"max-snippet:-1","max-image-preview":"max-image-preview:large","max-video-preview":"max-video-preview:-1"},"canonical":"https:\/\/www.ufcw.org\/es\/union-101\/conozca-sus-derechos\/sus-derechos-y-protecciones-de-la-union\/","og_locale":"es_ES","og_type":"article","og_title":"Sus derechos y protecciones de la uni\u00f3n - The United Food &amp; Commercial Workers International Union","og_description":"Aprende c\u00f3mo usar las leyes de labor para proteger sus derechos para unionirse. En los Estados Unidos, hay un c\u00f3digo legal claro que define las facultades que tenemos para afiliarnos a una uni\u00f3n y hacer que funcione mejor. Todas estas cosas se establecen como nuestros derechos legales en la Ley Nacional de Relaciones Laborales. Esta [&hellip;]","og_url":"https:\/\/www.ufcw.org\/es\/union-101\/conozca-sus-derechos\/sus-derechos-y-protecciones-de-la-union\/","og_site_name":"The United Food &amp; Commercial Workers International Union","article_modified_time":"2025-01-02T20:08:52+00:00","og_image":[{"width":1920,"height":1080,"url":"https:\/\/www.ufcw.org\/wp-content\/blogs.dir\/61\/files\/2024\/06\/U101-KYR-what-are-my-legal-protections-social-share.jpg","type":"image\/jpeg"}],"twitter_card":"summary_large_image","twitter_misc":{"Est. reading time":"2 minutes"},"schema":{"@context":"https:\/\/schema.org","@graph":[{"@type":"WebPage","@id":"https:\/\/www.ufcw.org\/es\/union-101\/conozca-sus-derechos\/sus-derechos-y-protecciones-de-la-union\/","url":"https:\/\/www.ufcw.org\/es\/union-101\/conozca-sus-derechos\/sus-derechos-y-protecciones-de-la-union\/","name":"Sus derechos y protecciones de la uni\u00f3n - The United Food &amp; Commercial Workers International Union","isPartOf":{"@id":"https:\/\/www.ufcw.org\/es\/#website"},"primaryImageOfPage":{"@id":"https:\/\/www.ufcw.org\/es\/union-101\/conozca-sus-derechos\/sus-derechos-y-protecciones-de-la-union\/#primaryimage"},"image":{"@id":"https:\/\/www.ufcw.org\/es\/union-101\/conozca-sus-derechos\/sus-derechos-y-protecciones-de-la-union\/#primaryimage"},"thumbnailUrl":"https:\/\/www.ufcw.org\/wp-content\/blogs.dir\/61\/files\/2024\/06\/U101-KYR-what-are-my-legal-protections-hero-copy.jpg","datePublished":"2024-06-11T15:12:13+00:00","dateModified":"2025-01-02T20:08:52+00:00","breadcrumb":{"@id":"https:\/\/www.ufcw.org\/es\/union-101\/conozca-sus-derechos\/sus-derechos-y-protecciones-de-la-union\/#breadcrumb"},"inLanguage":"es-ES","potentialAction":[{"@type":"ReadAction","target":["https:\/\/www.ufcw.org\/es\/union-101\/conozca-sus-derechos\/sus-derechos-y-protecciones-de-la-union\/"]}]},{"@type":"ImageObject","inLanguage":"es-ES","@id":"https:\/\/www.ufcw.org\/es\/union-101\/conozca-sus-derechos\/sus-derechos-y-protecciones-de-la-union\/#primaryimage","url":"https:\/\/www.ufcw.org\/wp-content\/blogs.dir\/61\/files\/2024\/06\/U101-KYR-what-are-my-legal-protections-hero-copy.jpg","contentUrl":"https:\/\/www.ufcw.org\/wp-content\/blogs.dir\/61\/files\/2024\/06\/U101-KYR-what-are-my-legal-protections-hero-copy.jpg","width":1920,"height":1080},{"@type":"BreadcrumbList","@id":"https:\/\/www.ufcw.org\/es\/union-101\/conozca-sus-derechos\/sus-derechos-y-protecciones-de-la-union\/#breadcrumb","itemListElement":[{"@type":"ListItem","position":1,"name":"Home","item":"https:\/\/www.ufcw.org\/es\/"},{"@type":"ListItem","position":2,"name":"Uni\u00f3n 101","item":"https:\/\/www.ufcw.org\/es\/union-101\/"},{"@type":"ListItem","position":3,"name":"Conozca sus derechos","item":"https:\/\/www.ufcw.org\/es\/union-101\/conozca-sus-derechos\/"},{"@type":"ListItem","position":4,"name":"Sus derechos y protecciones de la uni\u00f3n"}]},{"@type":"WebSite","@id":"https:\/\/www.ufcw.org\/es\/#website","url":"https:\/\/www.ufcw.org\/es\/","name":"The United Food &amp; Commercial Workers International Union","description":"Official website of the United Food and Commercial Workers International Union","publisher":{"@id":"https:\/\/www.ufcw.org\/es\/#organization"},"potentialAction":[{"@type":"SearchAction","target":{"@type":"EntryPoint","urlTemplate":"https:\/\/www.ufcw.org\/es\/?s={search_term_string}"},"query-input":{"@type":"PropertyValueSpecification","valueRequired":true,"valueName":"search_term_string"}}],"inLanguage":"es-ES"},{"@type":"Organization","@id":"https:\/\/www.ufcw.org\/es\/#organization","name":"United Food and Commercial Workers International Union","url":"https:\/\/www.ufcw.org\/es\/","logo":{"@type":"ImageObject","inLanguage":"es-ES","@id":"https:\/\/www.ufcw.org\/es\/#\/schema\/logo\/image\/","url":"https:\/\/www.ufcw.org\/wp-content\/blogs.dir\/61\/files\/2021\/02\/UFCW-Americas-Food-and-Retail-Union-2-color.png","contentUrl":"https:\/\/www.ufcw.org\/wp-content\/blogs.dir\/61\/files\/2021\/02\/UFCW-Americas-Food-and-Retail-Union-2-color.png","width":415,"height":198,"caption":"United Food and Commercial Workers International Union"},"image":{"@id":"https:\/\/www.ufcw.org\/es\/#\/schema\/logo\/image\/"}}]}},"_links":{"self":[{"href":"https:\/\/www.ufcw.org\/es\/wp-json\/wp\/v2\/pages\/60814","targetHints":{"allow":["GET"]}}],"collection":[{"href":"https:\/\/www.ufcw.org\/es\/wp-json\/wp\/v2\/pages"}],"about":[{"href":"https:\/\/www.ufcw.org\/es\/wp-json\/wp\/v2\/types\/page"}],"author":[{"embeddable":true,"href":"https:\/\/www.ufcw.org\/es\/wp-json\/wp\/v2\/users\/410"}],"replies":[{"embeddable":true,"href":"https:\/\/www.ufcw.org\/es\/wp-json\/wp\/v2\/comments?post=60814"}],"version-history":[{"count":2,"href":"https:\/\/www.ufcw.org\/es\/wp-json\/wp\/v2\/pages\/60814\/revisions"}],"predecessor-version":[{"id":60904,"href":"https:\/\/www.ufcw.org\/es\/wp-json\/wp\/v2\/pages\/60814\/revisions\/60904"}],"up":[{"embeddable":true,"href":"https:\/\/www.ufcw.org\/es\/wp-json\/wp\/v2\/pages\/60805"}],"wp:featuredmedia":[{"embeddable":true,"href":"https:\/\/www.ufcw.org\/es\/wp-json\/wp\/v2\/media\/60516"}],"wp:attachment":[{"href":"https:\/\/www.ufcw.org\/es\/wp-json\/wp\/v2\/media?parent=60814"}],"curies":[{"name":"wp","href":"https:\/\/api.w.org\/{rel}","templated":true}]}}