{"id":60805,"date":"2024-06-06T12:51:23","date_gmt":"2024-06-06T12:51:23","guid":{"rendered":"https:\/\/www.ufcw.org\/?page_id=60805"},"modified":"2025-01-03T17:03:51","modified_gmt":"2025-01-03T17:03:51","slug":"conozca-sus-derechos","status":"publish","type":"page","link":"https:\/\/www.ufcw.org\/es\/union-101\/conozca-sus-derechos\/","title":{"rendered":"Conozca sus derechos"},"content":{"rendered":"<div class=\"tw-max-w-217 tw-m-auto tw-px-6 rich-text contained-block\" data-module=\"paragraph\">\n<p>Al igual que las leyes que garantizan nuestro derecho democr\u00e1tico como ciudadanos a votar, existen leyes federales que protegen nuestra capacidad de filiarnos a una uni\u00f3n y tambi\u00e9n a mejorar nuestros lugares de trabajo.<\/p>\n<\/div>\n\n<div class=\"tw-max-w-217 tw-m-auto tw-px-6 rich-text contained-block\" data-module=\"paragraph\">\n<p>Nuestro derecho a compartir una sola voz, tanto en las elecciones como en los uniones, nos da poder como ciudadanos y trabajadores. Si nunca ha formado parte de una uni\u00f3n antes, o si es la primera vez que crea una uni\u00f3n en su lugar de trabajo, merece conocer sus derechos a organizarse y c\u00f3mo utilizarlos en su beneficio al crear una uni\u00f3n.<\/p>\n<\/div>\n\n<div class=\"tw-max-w-217 tw-m-auto tw-px-6 rich-text contained-block\" data-module=\"paragraph\">\n<p>Algunos empleadores respetan estas leyes m\u00e1s que otros, pero con la informaci\u00f3n y la planificaci\u00f3n correctas, cualquiera puede crear la uni\u00f3n que necesita para defender lo que es correcto en el trabajo.<\/p>\n<\/div>\n\n<div class=\"tw-max-w-217 tw-m-auto tw-px-6 rich-text contained-block\" data-module=\"paragraph\">\n<p>Por eso, en nuestra serie Conozca sus derechos, analizamos todas <strong>las leyes que respaldan sus derechos a organizarse<\/strong>, el sistema que protege esos derechos y las formas en que puede usarlos en su beneficio durante su campa\u00f1a de la uni\u00f3n.<\/p>\n<\/div>\n\n<div class=\"tw-max-w-217 tw-m-auto tw-px-6 rich-text contained-block\" data-module=\"heading\">\n<h2 class=\"wp-block-heading\">\u00cdndice<\/h2>\n<\/div>\n\n<div class=\"tw-max-w-217 tw-m-auto tw-px-6 rich-text contained-block\" data-module=\"heading\">\n<h4 class=\"wp-block-heading contents\"><mark style=\"background-color:rgba(0, 0, 0, 0)\" class=\"has-inline-color has-text-navy-color\"><strong><a href=\"https:\/\/www.ufcw.org\/es\/union-101\/conozca-sus-derechos\/sus-derechos-y-protecciones-de-la-union\/\">Sus derechos y protecciones de la uni\u00f3n<\/a><\/strong><br><br><a href=\"https:\/\/www.ufcw.org\/es\/union-101\/conozca-sus-derechos\/que-puedo-decir-sobre-las-uniones\/\"><strong>&#8220;\u00bfQu\u00e9 puedo decir sobre las uniones?&#8221;<\/strong><\/a><a href=\"https:\/\/www.ufcw.org\/union-101\/know-your-rights\/what-legal-protections-do-i-have\/\"><strong><br><\/strong><\/a><br><strong><a href=\"https:\/\/www.ufcw.org\/es\/union-101\/conozca-sus-derechos\/pregunte-a-un-abogado-laboral\/\">Pregunte a un abogado laboral<\/a><\/strong><br><br><a href=\"https:\/\/www.ufcw.org\/es\/union-101\/conozca-sus-derechos\/que-son-los-derechos-de-weingarten\/\"><strong>\u00bfQu\u00e9 son los derechos de Weingarten?<\/strong><\/a><\/mark><a href=\"https:\/\/www.ufcw.org\/es\/union-101\/conozca-sus-derechos\/que-son-los-derechos-de-weingarten\/\"><br><\/a><br><\/h4>\n<\/div>\n\n<div class=\"tw-max-w-217 tw-m-auto tw-px-6 rich-text contained-block\" data-module=\"heading\">\n<h3 class=\"wp-block-heading\"><strong>\u00bfQu\u00e9 es la NLRB?<\/strong><\/h3>\n<\/div>\n\n<div class=\"tw-max-w-217 tw-m-auto tw-px-6 rich-text contained-block\" data-module=\"paragraph\">\n<p>\u00a1Excelente pregunta! Vayamos directamente a la fuente:<\/p>\n<\/div>\n\n<div class=\"tw-max-w-217 tw-m-auto tw-px-6 rich-text contained-block\" data-module=\"paragraph\">\n<p>El sitio web de la Junta Nacional de Relaciones Laborales (NLRB) afirma que &#8220;La NLRB es una agencia federal independiente que hace cumplir la <strong>Ley Nacional de Relaciones Laborales<\/strong>, que garantiza el derecho de la mayor\u00eda de los empleados del sector privado a organizarse, a participar en esfuerzos grupales para mejorar sus salarios y condiciones de trabajo, a determinar si tienen uniones como sus representantes en la negociaci\u00f3n, a participar en la negociaci\u00f3n colectiva y a abstenerse de cualquiera de estas actividades. Act\u00faa para prevenir y remediar las pr\u00e1cticas laborales injustas cometidas por los empleadores y uniones del sector privado&#8221;.<\/p>\n<\/div>\n\n<div class=\"tw-max-w-217 tw-m-auto tw-px-6 rich-text contained-block\" data-module=\"paragraph\">\n<p class=\"contents\"><strong>En resumen: La NLRB es una agencia gubernamental que se encarga de todo lo siguiente:<\/strong><br><strong><br>\u2022 <\/strong>Establecer y procesar elecciones de la uni\u00f3n<br><strong>\u2022 <\/strong>Investigar y corregir cuando los empleadores violan los derechos de los trabajadores a organizarse<br><strong>\u2022 <\/strong>Asegurarse de que tanto las uniones como las empresas negocien de buena fe<\/p>\n<\/div>","protected":false},"excerpt":{"rendered":"<p>Al igual que las leyes que garantizan nuestro derecho democr\u00e1tico como ciudadanos a votar, existen leyes federales que protegen nuestra capacidad de filiarnos a una uni\u00f3n y tambi\u00e9n a mejorar nuestros lugares de trabajo. Nuestro derecho a compartir una sola voz, tanto en las elecciones como en los uniones, nos da poder como ciudadanos y [&hellip;]<\/p>\n","protected":false},"author":410,"featured_media":60514,"parent":60791,"menu_order":4,"comment_status":"closed","ping_status":"closed","template":"views\/templates\/general\/index.php","meta":{"_acf_changed":false,"footnotes":"","_links_to":"","_links_to_target":""},"class_list":["post-60805","page","type-page","status-publish","has-post-thumbnail","hentry"],"acf":[],"yoast_head":"<!-- This site is optimized with the Yoast SEO plugin v27.1.1 - https:\/\/yoast.com\/product\/yoast-seo-wordpress\/ -->\n<title>Conozca sus derechos - The United Food &amp; Commercial Workers International Union<\/title>\n<meta name=\"robots\" content=\"index, follow, max-snippet:-1, max-image-preview:large, max-video-preview:-1\" \/>\n<link rel=\"canonical\" href=\"https:\/\/www.ufcw.org\/es\/union-101\/conozca-sus-derechos\/\" \/>\n<meta property=\"og:locale\" content=\"es_ES\" \/>\n<meta property=\"og:type\" content=\"article\" \/>\n<meta property=\"og:title\" content=\"Conozca sus derechos - The United Food &amp; Commercial Workers International Union\" \/>\n<meta property=\"og:description\" content=\"Al igual que las leyes que garantizan nuestro derecho democr\u00e1tico como ciudadanos a votar, existen leyes federales que protegen nuestra capacidad de filiarnos a una uni\u00f3n y tambi\u00e9n a mejorar nuestros lugares de trabajo. Nuestro derecho a compartir una sola voz, tanto en las elecciones como en los uniones, nos da poder como ciudadanos y [&hellip;]\" \/>\n<meta property=\"og:url\" content=\"https:\/\/www.ufcw.org\/es\/union-101\/conozca-sus-derechos\/\" \/>\n<meta property=\"og:site_name\" content=\"The United Food &amp; Commercial Workers International Union\" \/>\n<meta property=\"article:modified_time\" content=\"2025-01-03T17:03:51+00:00\" \/>\n<meta property=\"og:image\" content=\"https:\/\/www.ufcw.org\/wp-content\/blogs.dir\/61\/files\/2024\/06\/U101-KYR-know-your-rights-parent-page-hero.jpg\" \/>\n\t<meta property=\"og:image:width\" content=\"1920\" \/>\n\t<meta property=\"og:image:height\" content=\"1080\" \/>\n\t<meta property=\"og:image:type\" content=\"image\/jpeg\" \/>\n<meta name=\"twitter:card\" content=\"summary_large_image\" \/>\n<meta name=\"twitter:label1\" content=\"Est. reading time\" \/>\n\t<meta name=\"twitter:data1\" content=\"2 minutes\" \/>\n<script type=\"application\/ld+json\" class=\"yoast-schema-graph\">{\"@context\":\"https:\/\/schema.org\",\"@graph\":[{\"@type\":\"WebPage\",\"@id\":\"https:\/\/www.ufcw.org\/es\/union-101\/conozca-sus-derechos\/\",\"url\":\"https:\/\/www.ufcw.org\/es\/union-101\/conozca-sus-derechos\/\",\"name\":\"Conozca sus derechos - The United Food &amp; Commercial Workers International Union\",\"isPartOf\":{\"@id\":\"https:\/\/www.ufcw.org\/es\/#website\"},\"primaryImageOfPage\":{\"@id\":\"https:\/\/www.ufcw.org\/es\/union-101\/conozca-sus-derechos\/#primaryimage\"},\"image\":{\"@id\":\"https:\/\/www.ufcw.org\/es\/union-101\/conozca-sus-derechos\/#primaryimage\"},\"thumbnailUrl\":\"https:\/\/www.ufcw.org\/wp-content\/blogs.dir\/61\/files\/2024\/06\/U101-KYR-know-your-rights-parent-page-hero.jpg\",\"datePublished\":\"2024-06-06T12:51:23+00:00\",\"dateModified\":\"2025-01-03T17:03:51+00:00\",\"breadcrumb\":{\"@id\":\"https:\/\/www.ufcw.org\/es\/union-101\/conozca-sus-derechos\/#breadcrumb\"},\"inLanguage\":\"es-ES\",\"potentialAction\":[{\"@type\":\"ReadAction\",\"target\":[\"https:\/\/www.ufcw.org\/es\/union-101\/conozca-sus-derechos\/\"]}]},{\"@type\":\"ImageObject\",\"inLanguage\":\"es-ES\",\"@id\":\"https:\/\/www.ufcw.org\/es\/union-101\/conozca-sus-derechos\/#primaryimage\",\"url\":\"https:\/\/www.ufcw.org\/wp-content\/blogs.dir\/61\/files\/2024\/06\/U101-KYR-know-your-rights-parent-page-hero.jpg\",\"contentUrl\":\"https:\/\/www.ufcw.org\/wp-content\/blogs.dir\/61\/files\/2024\/06\/U101-KYR-know-your-rights-parent-page-hero.jpg\",\"width\":1920,\"height\":1080},{\"@type\":\"BreadcrumbList\",\"@id\":\"https:\/\/www.ufcw.org\/es\/union-101\/conozca-sus-derechos\/#breadcrumb\",\"itemListElement\":[{\"@type\":\"ListItem\",\"position\":1,\"name\":\"Home\",\"item\":\"https:\/\/www.ufcw.org\/es\/\"},{\"@type\":\"ListItem\",\"position\":2,\"name\":\"Uni\u00f3n 101\",\"item\":\"https:\/\/www.ufcw.org\/es\/union-101\/\"},{\"@type\":\"ListItem\",\"position\":3,\"name\":\"Conozca sus derechos\"}]},{\"@type\":\"WebSite\",\"@id\":\"https:\/\/www.ufcw.org\/es\/#website\",\"url\":\"https:\/\/www.ufcw.org\/es\/\",\"name\":\"The United Food &amp; Commercial Workers International Union\",\"description\":\"Official website of the United Food and Commercial Workers International Union\",\"publisher\":{\"@id\":\"https:\/\/www.ufcw.org\/es\/#organization\"},\"potentialAction\":[{\"@type\":\"SearchAction\",\"target\":{\"@type\":\"EntryPoint\",\"urlTemplate\":\"https:\/\/www.ufcw.org\/es\/?s={search_term_string}\"},\"query-input\":{\"@type\":\"PropertyValueSpecification\",\"valueRequired\":true,\"valueName\":\"search_term_string\"}}],\"inLanguage\":\"es-ES\"},{\"@type\":\"Organization\",\"@id\":\"https:\/\/www.ufcw.org\/es\/#organization\",\"name\":\"United Food and Commercial Workers International Union\",\"url\":\"https:\/\/www.ufcw.org\/es\/\",\"logo\":{\"@type\":\"ImageObject\",\"inLanguage\":\"es-ES\",\"@id\":\"https:\/\/www.ufcw.org\/es\/#\/schema\/logo\/image\/\",\"url\":\"https:\/\/www.ufcw.org\/wp-content\/blogs.dir\/61\/files\/2021\/02\/UFCW-Americas-Food-and-Retail-Union-2-color.png\",\"contentUrl\":\"https:\/\/www.ufcw.org\/wp-content\/blogs.dir\/61\/files\/2021\/02\/UFCW-Americas-Food-and-Retail-Union-2-color.png\",\"width\":415,\"height\":198,\"caption\":\"United Food and Commercial Workers International Union\"},\"image\":{\"@id\":\"https:\/\/www.ufcw.org\/es\/#\/schema\/logo\/image\/\"}}]}<\/script>\n<!-- \/ Yoast SEO plugin. -->","yoast_head_json":{"title":"Conozca sus derechos - The United Food &amp; Commercial Workers International Union","robots":{"index":"index","follow":"follow","max-snippet":"max-snippet:-1","max-image-preview":"max-image-preview:large","max-video-preview":"max-video-preview:-1"},"canonical":"https:\/\/www.ufcw.org\/es\/union-101\/conozca-sus-derechos\/","og_locale":"es_ES","og_type":"article","og_title":"Conozca sus derechos - The United Food &amp; Commercial Workers International Union","og_description":"Al igual que las leyes que garantizan nuestro derecho democr\u00e1tico como ciudadanos a votar, existen leyes federales que protegen nuestra capacidad de filiarnos a una uni\u00f3n y tambi\u00e9n a mejorar nuestros lugares de trabajo. Nuestro derecho a compartir una sola voz, tanto en las elecciones como en los uniones, nos da poder como ciudadanos y [&hellip;]","og_url":"https:\/\/www.ufcw.org\/es\/union-101\/conozca-sus-derechos\/","og_site_name":"The United Food &amp; Commercial Workers International Union","article_modified_time":"2025-01-03T17:03:51+00:00","og_image":[{"width":1920,"height":1080,"url":"https:\/\/www.ufcw.org\/wp-content\/blogs.dir\/61\/files\/2024\/06\/U101-KYR-know-your-rights-parent-page-hero.jpg","type":"image\/jpeg"}],"twitter_card":"summary_large_image","twitter_misc":{"Est. reading time":"2 minutes"},"schema":{"@context":"https:\/\/schema.org","@graph":[{"@type":"WebPage","@id":"https:\/\/www.ufcw.org\/es\/union-101\/conozca-sus-derechos\/","url":"https:\/\/www.ufcw.org\/es\/union-101\/conozca-sus-derechos\/","name":"Conozca sus derechos - The United Food &amp; Commercial Workers International Union","isPartOf":{"@id":"https:\/\/www.ufcw.org\/es\/#website"},"primaryImageOfPage":{"@id":"https:\/\/www.ufcw.org\/es\/union-101\/conozca-sus-derechos\/#primaryimage"},"image":{"@id":"https:\/\/www.ufcw.org\/es\/union-101\/conozca-sus-derechos\/#primaryimage"},"thumbnailUrl":"https:\/\/www.ufcw.org\/wp-content\/blogs.dir\/61\/files\/2024\/06\/U101-KYR-know-your-rights-parent-page-hero.jpg","datePublished":"2024-06-06T12:51:23+00:00","dateModified":"2025-01-03T17:03:51+00:00","breadcrumb":{"@id":"https:\/\/www.ufcw.org\/es\/union-101\/conozca-sus-derechos\/#breadcrumb"},"inLanguage":"es-ES","potentialAction":[{"@type":"ReadAction","target":["https:\/\/www.ufcw.org\/es\/union-101\/conozca-sus-derechos\/"]}]},{"@type":"ImageObject","inLanguage":"es-ES","@id":"https:\/\/www.ufcw.org\/es\/union-101\/conozca-sus-derechos\/#primaryimage","url":"https:\/\/www.ufcw.org\/wp-content\/blogs.dir\/61\/files\/2024\/06\/U101-KYR-know-your-rights-parent-page-hero.jpg","contentUrl":"https:\/\/www.ufcw.org\/wp-content\/blogs.dir\/61\/files\/2024\/06\/U101-KYR-know-your-rights-parent-page-hero.jpg","width":1920,"height":1080},{"@type":"BreadcrumbList","@id":"https:\/\/www.ufcw.org\/es\/union-101\/conozca-sus-derechos\/#breadcrumb","itemListElement":[{"@type":"ListItem","position":1,"name":"Home","item":"https:\/\/www.ufcw.org\/es\/"},{"@type":"ListItem","position":2,"name":"Uni\u00f3n 101","item":"https:\/\/www.ufcw.org\/es\/union-101\/"},{"@type":"ListItem","position":3,"name":"Conozca sus derechos"}]},{"@type":"WebSite","@id":"https:\/\/www.ufcw.org\/es\/#website","url":"https:\/\/www.ufcw.org\/es\/","name":"The United Food &amp; Commercial Workers International Union","description":"Official website of the United Food and Commercial Workers International Union","publisher":{"@id":"https:\/\/www.ufcw.org\/es\/#organization"},"potentialAction":[{"@type":"SearchAction","target":{"@type":"EntryPoint","urlTemplate":"https:\/\/www.ufcw.org\/es\/?s={search_term_string}"},"query-input":{"@type":"PropertyValueSpecification","valueRequired":true,"valueName":"search_term_string"}}],"inLanguage":"es-ES"},{"@type":"Organization","@id":"https:\/\/www.ufcw.org\/es\/#organization","name":"United Food and Commercial Workers International Union","url":"https:\/\/www.ufcw.org\/es\/","logo":{"@type":"ImageObject","inLanguage":"es-ES","@id":"https:\/\/www.ufcw.org\/es\/#\/schema\/logo\/image\/","url":"https:\/\/www.ufcw.org\/wp-content\/blogs.dir\/61\/files\/2021\/02\/UFCW-Americas-Food-and-Retail-Union-2-color.png","contentUrl":"https:\/\/www.ufcw.org\/wp-content\/blogs.dir\/61\/files\/2021\/02\/UFCW-Americas-Food-and-Retail-Union-2-color.png","width":415,"height":198,"caption":"United Food and Commercial Workers International Union"},"image":{"@id":"https:\/\/www.ufcw.org\/es\/#\/schema\/logo\/image\/"}}]}},"_links":{"self":[{"href":"https:\/\/www.ufcw.org\/es\/wp-json\/wp\/v2\/pages\/60805","targetHints":{"allow":["GET"]}}],"collection":[{"href":"https:\/\/www.ufcw.org\/es\/wp-json\/wp\/v2\/pages"}],"about":[{"href":"https:\/\/www.ufcw.org\/es\/wp-json\/wp\/v2\/types\/page"}],"author":[{"embeddable":true,"href":"https:\/\/www.ufcw.org\/es\/wp-json\/wp\/v2\/users\/410"}],"replies":[{"embeddable":true,"href":"https:\/\/www.ufcw.org\/es\/wp-json\/wp\/v2\/comments?post=60805"}],"version-history":[{"count":4,"href":"https:\/\/www.ufcw.org\/es\/wp-json\/wp\/v2\/pages\/60805\/revisions"}],"predecessor-version":[{"id":60969,"href":"https:\/\/www.ufcw.org\/es\/wp-json\/wp\/v2\/pages\/60805\/revisions\/60969"}],"up":[{"embeddable":true,"href":"https:\/\/www.ufcw.org\/es\/wp-json\/wp\/v2\/pages\/60791"}],"wp:featuredmedia":[{"embeddable":true,"href":"https:\/\/www.ufcw.org\/es\/wp-json\/wp\/v2\/media\/60514"}],"wp:attachment":[{"href":"https:\/\/www.ufcw.org\/es\/wp-json\/wp\/v2\/media?parent=60805"}],"curies":[{"name":"wp","href":"https:\/\/api.w.org\/{rel}","templated":true}]}}