{"id":60791,"date":"2024-05-10T15:07:22","date_gmt":"2024-05-10T15:07:22","guid":{"rendered":"https:\/\/www.ufcw.org\/?page_id=60791"},"modified":"2025-01-07T16:34:14","modified_gmt":"2025-01-07T16:34:14","slug":"union-101","status":"publish","type":"page","link":"https:\/\/www.ufcw.org\/es\/union-101\/","title":{"rendered":"Uni\u00f3n 101"},"content":{"rendered":"<div class=\"tw-max-w-217 tw-m-auto tw-px-6 rich-text contained-block\" data-module=\"heading\">\n<h2 class=\"wp-block-heading\"><strong>Aprenda a crear una uni\u00f3n en su lugar de trabajo<\/strong><\/h2>\n<\/div>\n\n<div class=\"tw-max-w-217 tw-m-auto tw-px-6 rich-text contained-block\" data-module=\"paragraph\">\n<p>Cuando trabajamos juntos, tenemos poder; esa es la idea detr\u00e1s de la democracia de nuestro pa\u00eds, y cuando se trabaja en un lugar de la uni\u00f3n, todos tienen una voz que podemos usar para obtener lo que necesitamos.<\/p>\n<\/div>\n\n<div class=\"tw-max-w-217 tw-m-auto tw-px-6 rich-text contained-block\" data-module=\"paragraph\">\n<p>Todas las personas pueden opinar sobre c\u00f3mo van las cosas en una empresa de la uni\u00f3n: eso incluye su salario, horas, pr\u00e1cticas de seguridad y otras <em>condiciones laborales<\/em>.<\/p>\n<\/div>\n\n<div class=\"tw-max-w-217 tw-m-auto tw-px-6 rich-text contained-block\" data-module=\"paragraph\">\n<p>En nuestra serie Uni\u00f3n 101, revisamos todo, desde c\u00f3mo crear una uni\u00f3n hasta los detalles b\u00e1sicos de c\u00f3mo funcionan los contratos de la uni\u00f3n. Hay muchas cosas en juego en lo que hacemos, pero nuestra misi\u00f3n es simple: Ayudar a las personas a mejorar su trabajo.<\/p>\n<\/div>\n\n<div class=\"wp-block-image\"><div class=\"tw-max-w-217 tw-m-auto tw-px-6 rich-text contained-block\" data-module=\"image\">\n<figure class=\"aligncenter size-large is-resized\"><a href=\"https:\/\/www.ufcw.org\/es\/como-formar-una-union\/\"><img loading=\"lazy\" decoding=\"async\" width=\"1024\" height=\"576\" src=\"https:\/\/www.ufcw.org\/wp-content\/blogs.dir\/61\/files\/2024\/05\/start-a-union-social-share-image-1024x576.jpg\" alt=\"\" class=\"wp-image-54296\" style=\"width:600px\" srcset=\"https:\/\/www.ufcw.org\/wp-content\/blogs.dir\/61\/files\/2024\/05\/start-a-union-social-share-image-1024x576.jpg 1024w, https:\/\/www.ufcw.org\/wp-content\/blogs.dir\/61\/files\/2024\/05\/start-a-union-social-share-image-300x169.jpg 300w, https:\/\/www.ufcw.org\/wp-content\/blogs.dir\/61\/files\/2024\/05\/start-a-union-social-share-image-768x432.jpg 768w, https:\/\/www.ufcw.org\/wp-content\/blogs.dir\/61\/files\/2024\/05\/start-a-union-social-share-image-1536x864.jpg 1536w, https:\/\/www.ufcw.org\/wp-content\/blogs.dir\/61\/files\/2024\/05\/start-a-union-social-share-image.jpg 1920w\" sizes=\"auto, (max-width: 1024px) 100vw, 1024px\" \/><\/a><\/figure>\n<\/div><\/div>\n\n<div class=\"tw-max-w-217 tw-m-auto tw-px-6 rich-text contained-block\" data-module=\"heading\">\n<h2 class=\"wp-block-heading\">\u00bfEst\u00e1 listo para crear una uni\u00f3n?<\/h2>\n<\/div>\n\n<div class=\"tw-max-w-217 tw-m-auto tw-px-6 rich-text contained-block\" data-module=\"paragraph\">\n<p class=\"has-text-align-left\">\u00a1Puede conectarse con un organizador y otros trabajadores de la uni\u00f3n haciendo clic en el bot\u00f3n de abajo!<\/p>\n<\/div>\n\n<div class=\"tw-max-w-217 tw-m-auto tw-px-6 rich-text contained-block\" data-module=\"buttons\">\n<div class=\"wp-block-buttons is-content-justification-center is-layout-flex wp-container-core-buttons-is-layout-16018d1d wp-block-buttons-is-layout-flex\"><div class=\"tw-max-w-217 tw-m-auto tw-px-6 rich-text contained-block\" data-module=\"button\">\n<div class=\"wp-block-button is-style-fill\"><a class=\"wp-block-button__link wp-element-button\" href=\"https:\/\/www.ufcw.org\/es\/como-formar-una-union\/\">Comenzar<\/a><\/div>\n<\/div><\/div>\n<\/div>\n\n<div class=\"tw-max-w-217 tw-m-auto tw-px-6 rich-text contained-block\" data-module=\"paragraph\">\n<p><\/p>\n<\/div>\n\n<div class=\"tw-max-w-217 tw-m-auto tw-px-6 rich-text contained-block\" data-module=\"paragraph\">\n<p>Si ha venido aqu\u00ed porque desea mejorar su lugar de trabajo con una uni\u00f3n, no est\u00e1 solo: <strong>Seg\u00fan una encuesta de Gallup de 2023, el 68&nbsp;% de los estadounidenses aprueban las uniones.<\/strong> <\/p>\n<\/div>\n\n<div class=\"tw-max-w-217 tw-m-auto tw-px-6 rich-text contained-block\" data-module=\"paragraph\">\n<p>Sin embargo, a pesar de ello, <em>apenas uno de cada diez trabajadores estadounidenses est\u00e1 actualmente afiliado a una uni\u00f3n<\/em>. Creemos que todos merecen una uni\u00f3n en el trabajo, y estamos aqu\u00ed para ayudar a cambiar esa estad\u00edstica, empezando por usted y sus compa\u00f1eros de trabajo.<\/p>\n<\/div>\n\n<div class=\"tw-max-w-217 tw-m-auto tw-px-6 rich-text contained-block\" data-module=\"paragraph\">\n<p>Eso es por qu\u00e9 hemos creado una recurso entero para alguien quien puede usar para aprender como construir su uni\u00f3n y luego ganar su contrato uni\u00f3n primero.<\/p>\n<\/div>\n\n<div class=\"tw-max-w-217 tw-m-auto tw-px-6 rich-text contained-block\" data-module=\"paragraph\">\n<p>Y por eso, hemos creado un recurso entero para alguien quien puede usar para aprender <a href=\"https:\/\/www.ufcw.org\/es\/union-101\/creacion-de-su-union\/\">como construir su uni\u00f3n<\/a> y luego <a href=\"https:\/\/www.ufcw.org\/es\/union-101\/como-funcionan-los-contratos-de-la-union\/\">ganar su primero contrato de uni\u00f3n<\/a>.<\/p>\n<\/div>\n\n<div class=\"tw-max-w-217 tw-m-auto tw-px-6 rich-text contained-block\" data-module=\"heading\">\n<h2 class=\"wp-block-heading\"><strong>Preguntas frecuentes<\/strong><\/h2>\n<\/div>\n\n<div class=\"wp-block-image\"><div class=\"tw-max-w-217 tw-m-auto tw-px-6 rich-text contained-block\" data-module=\"image\">\n<figure class=\"aligncenter size-large is-resized\"><a href=\"https:\/\/www.ufcw.org\/es\/union-101\/preguntas-frecuentes\/\"><img loading=\"lazy\" decoding=\"async\" width=\"1024\" height=\"576\" src=\"https:\/\/www.ufcw.org\/wp-content\/blogs.dir\/61\/files\/2024\/05\/U101-FAQ-parent-page-hero-image-1024x576.jpg\" alt=\"\" class=\"wp-image-54304\" style=\"width:600px\" srcset=\"https:\/\/www.ufcw.org\/wp-content\/blogs.dir\/61\/files\/2024\/05\/U101-FAQ-parent-page-hero-image-1024x576.jpg 1024w, https:\/\/www.ufcw.org\/wp-content\/blogs.dir\/61\/files\/2024\/05\/U101-FAQ-parent-page-hero-image-300x169.jpg 300w, https:\/\/www.ufcw.org\/wp-content\/blogs.dir\/61\/files\/2024\/05\/U101-FAQ-parent-page-hero-image-768x432.jpg 768w, https:\/\/www.ufcw.org\/wp-content\/blogs.dir\/61\/files\/2024\/05\/U101-FAQ-parent-page-hero-image-1536x864.jpg 1536w, https:\/\/www.ufcw.org\/wp-content\/blogs.dir\/61\/files\/2024\/05\/U101-FAQ-parent-page-hero-image.jpg 1920w\" sizes=\"auto, (max-width: 1024px) 100vw, 1024px\" \/><\/a><\/figure>\n<\/div><\/div>\n\n<div class=\"tw-max-w-217 tw-m-auto tw-px-6 rich-text contained-block\" data-module=\"paragraph\">\n<p>\u00bfBusca respuestas a sus preguntas sobre c\u00f3mo funcionan las uniones? \u00bfTiene curiosidad por saber c\u00f3mo negociamos nuestros contratos de la uni\u00f3n con los empleadores?<\/p>\n<\/div>\n\n<div class=\"tw-max-w-217 tw-m-auto tw-px-6 rich-text contained-block\" data-module=\"paragraph\">\n<p>Nuestro objetivo es brindarle todos los recursos que necesita, desde las primeras etapas del proceso de organizaci\u00f3n hasta la negociaci\u00f3n de su primer contrato de la uni\u00f3n.<\/p>\n<\/div>\n\n<div class=\"tw-max-w-217 tw-m-auto tw-px-6 rich-text contained-block\" data-module=\"paragraph\">\n<p>\u00bfNo est\u00e1 seguro de si ya est\u00e1 en una uni\u00f3n o no? \u00a1No hay problema! Desglosamos todos estos temas y m\u00e1s en <a href=\"https:\/\/www.ufcw.org\/union-101\/frequently-asked-questions\/\">nuestra secci\u00f3n de p<\/a><a href=\"https:\/\/www.ufcw.org\/es\/union-101\/preguntas-frecuentes\/\">reguntas frecuentes sobre la uni\u00f3n<\/a>, as\u00ed que sea cual sea el tema, ser\u00e1 un experto una vez que haya terminado.<\/p>\n<\/div>\n\n<div class=\"tw-max-w-217 tw-m-auto tw-px-6 rich-text contained-block\" data-module=\"buttons\">\n<div class=\"wp-block-buttons is-content-justification-center is-layout-flex wp-container-core-buttons-is-layout-16018d1d wp-block-buttons-is-layout-flex\"><div class=\"tw-max-w-217 tw-m-auto tw-px-6 rich-text contained-block\" data-module=\"button\">\n<div class=\"wp-block-button is-style-fill\"><a class=\"wp-block-button__link wp-element-button\" href=\"https:\/\/www.ufcw.org\/es\/union-101\/preguntas-frecuentes\/\">Obtenga respuestas<\/a><\/div>\n<\/div><\/div>\n<\/div>\n\n<div class=\"tw-max-w-217 tw-m-auto tw-px-6 rich-text contained-block\" data-module=\"html\">\n<br>\n<\/div>","protected":false},"excerpt":{"rendered":"<p>Aprenda a crear una uni\u00f3n en su lugar de trabajo Cuando trabajamos juntos, tenemos poder; esa es la idea detr\u00e1s de la democracia de nuestro pa\u00eds, y cuando se trabaja en un lugar de la uni\u00f3n, todos tienen una voz que podemos usar para obtener lo que necesitamos. Todas las personas pueden opinar sobre c\u00f3mo [&hellip;]<\/p>\n","protected":false},"author":410,"featured_media":60549,"parent":0,"menu_order":0,"comment_status":"closed","ping_status":"closed","template":"views\/templates\/general\/index.php","meta":{"_acf_changed":false,"footnotes":"","_links_to":"","_links_to_target":""},"class_list":["post-60791","page","type-page","status-publish","has-post-thumbnail","hentry"],"acf":[],"yoast_head":"<!-- This site is optimized with the Yoast SEO plugin v27.1.1 - https:\/\/yoast.com\/product\/yoast-seo-wordpress\/ -->\n<title>Uni\u00f3n 101 - The United Food &amp; Commercial Workers International Union<\/title>\n<meta name=\"robots\" content=\"index, follow, max-snippet:-1, max-image-preview:large, max-video-preview:-1\" \/>\n<link rel=\"canonical\" href=\"https:\/\/www.ufcw.org\/es\/union-101\/\" \/>\n<meta property=\"og:locale\" content=\"es_ES\" \/>\n<meta property=\"og:type\" content=\"article\" \/>\n<meta property=\"og:title\" content=\"Uni\u00f3n 101 - The United Food &amp; Commercial Workers International Union\" \/>\n<meta property=\"og:description\" content=\"Aprenda a crear una uni\u00f3n en su lugar de trabajo Cuando trabajamos juntos, tenemos poder; esa es la idea detr\u00e1s de la democracia de nuestro pa\u00eds, y cuando se trabaja en un lugar de la uni\u00f3n, todos tienen una voz que podemos usar para obtener lo que necesitamos. Todas las personas pueden opinar sobre c\u00f3mo [&hellip;]\" \/>\n<meta property=\"og:url\" content=\"https:\/\/www.ufcw.org\/es\/union-101\/\" \/>\n<meta property=\"og:site_name\" content=\"The United Food &amp; Commercial Workers International Union\" \/>\n<meta property=\"article:modified_time\" content=\"2025-01-07T16:34:14+00:00\" \/>\n<meta property=\"og:image\" content=\"https:\/\/www.ufcw.org\/wp-content\/blogs.dir\/61\/files\/2024\/06\/union-101_header.jpg\" \/>\n\t<meta property=\"og:image:width\" content=\"1920\" \/>\n\t<meta property=\"og:image:height\" content=\"1080\" \/>\n\t<meta property=\"og:image:type\" content=\"image\/jpeg\" \/>\n<meta name=\"twitter:card\" content=\"summary_large_image\" \/>\n<meta name=\"twitter:label1\" content=\"Est. reading time\" \/>\n\t<meta name=\"twitter:data1\" content=\"3 minutes\" \/>\n<script type=\"application\/ld+json\" class=\"yoast-schema-graph\">{\"@context\":\"https:\/\/schema.org\",\"@graph\":[{\"@type\":\"WebPage\",\"@id\":\"https:\/\/www.ufcw.org\/es\/union-101\/\",\"url\":\"https:\/\/www.ufcw.org\/es\/union-101\/\",\"name\":\"Uni\u00f3n 101 - The United Food &amp; Commercial Workers International Union\",\"isPartOf\":{\"@id\":\"https:\/\/www.ufcw.org\/es\/#website\"},\"primaryImageOfPage\":{\"@id\":\"https:\/\/www.ufcw.org\/es\/union-101\/#primaryimage\"},\"image\":{\"@id\":\"https:\/\/www.ufcw.org\/es\/union-101\/#primaryimage\"},\"thumbnailUrl\":\"https:\/\/www.ufcw.org\/wp-content\/blogs.dir\/61\/files\/2024\/06\/union-101_header.jpg\",\"datePublished\":\"2024-05-10T15:07:22+00:00\",\"dateModified\":\"2025-01-07T16:34:14+00:00\",\"breadcrumb\":{\"@id\":\"https:\/\/www.ufcw.org\/es\/union-101\/#breadcrumb\"},\"inLanguage\":\"es-ES\",\"potentialAction\":[{\"@type\":\"ReadAction\",\"target\":[\"https:\/\/www.ufcw.org\/es\/union-101\/\"]}]},{\"@type\":\"ImageObject\",\"inLanguage\":\"es-ES\",\"@id\":\"https:\/\/www.ufcw.org\/es\/union-101\/#primaryimage\",\"url\":\"https:\/\/www.ufcw.org\/wp-content\/blogs.dir\/61\/files\/2024\/06\/union-101_header.jpg\",\"contentUrl\":\"https:\/\/www.ufcw.org\/wp-content\/blogs.dir\/61\/files\/2024\/06\/union-101_header.jpg\",\"width\":1920,\"height\":1080},{\"@type\":\"BreadcrumbList\",\"@id\":\"https:\/\/www.ufcw.org\/es\/union-101\/#breadcrumb\",\"itemListElement\":[{\"@type\":\"ListItem\",\"position\":1,\"name\":\"Home\",\"item\":\"https:\/\/www.ufcw.org\/es\/\"},{\"@type\":\"ListItem\",\"position\":2,\"name\":\"Uni\u00f3n 101\"}]},{\"@type\":\"WebSite\",\"@id\":\"https:\/\/www.ufcw.org\/es\/#website\",\"url\":\"https:\/\/www.ufcw.org\/es\/\",\"name\":\"The United Food &amp; Commercial Workers International Union\",\"description\":\"Official website of the United Food and Commercial Workers International Union\",\"publisher\":{\"@id\":\"https:\/\/www.ufcw.org\/es\/#organization\"},\"potentialAction\":[{\"@type\":\"SearchAction\",\"target\":{\"@type\":\"EntryPoint\",\"urlTemplate\":\"https:\/\/www.ufcw.org\/es\/?s={search_term_string}\"},\"query-input\":{\"@type\":\"PropertyValueSpecification\",\"valueRequired\":true,\"valueName\":\"search_term_string\"}}],\"inLanguage\":\"es-ES\"},{\"@type\":\"Organization\",\"@id\":\"https:\/\/www.ufcw.org\/es\/#organization\",\"name\":\"United Food and Commercial Workers International Union\",\"url\":\"https:\/\/www.ufcw.org\/es\/\",\"logo\":{\"@type\":\"ImageObject\",\"inLanguage\":\"es-ES\",\"@id\":\"https:\/\/www.ufcw.org\/es\/#\/schema\/logo\/image\/\",\"url\":\"https:\/\/www.ufcw.org\/wp-content\/blogs.dir\/61\/files\/2021\/02\/UFCW-Americas-Food-and-Retail-Union-2-color.png\",\"contentUrl\":\"https:\/\/www.ufcw.org\/wp-content\/blogs.dir\/61\/files\/2021\/02\/UFCW-Americas-Food-and-Retail-Union-2-color.png\",\"width\":415,\"height\":198,\"caption\":\"United Food and Commercial Workers International Union\"},\"image\":{\"@id\":\"https:\/\/www.ufcw.org\/es\/#\/schema\/logo\/image\/\"}}]}<\/script>\n<!-- \/ Yoast SEO plugin. -->","yoast_head_json":{"title":"Uni\u00f3n 101 - The United Food &amp; Commercial Workers International Union","robots":{"index":"index","follow":"follow","max-snippet":"max-snippet:-1","max-image-preview":"max-image-preview:large","max-video-preview":"max-video-preview:-1"},"canonical":"https:\/\/www.ufcw.org\/es\/union-101\/","og_locale":"es_ES","og_type":"article","og_title":"Uni\u00f3n 101 - The United Food &amp; Commercial Workers International Union","og_description":"Aprenda a crear una uni\u00f3n en su lugar de trabajo Cuando trabajamos juntos, tenemos poder; esa es la idea detr\u00e1s de la democracia de nuestro pa\u00eds, y cuando se trabaja en un lugar de la uni\u00f3n, todos tienen una voz que podemos usar para obtener lo que necesitamos. Todas las personas pueden opinar sobre c\u00f3mo [&hellip;]","og_url":"https:\/\/www.ufcw.org\/es\/union-101\/","og_site_name":"The United Food &amp; Commercial Workers International Union","article_modified_time":"2025-01-07T16:34:14+00:00","og_image":[{"width":1920,"height":1080,"url":"https:\/\/www.ufcw.org\/wp-content\/blogs.dir\/61\/files\/2024\/06\/union-101_header.jpg","type":"image\/jpeg"}],"twitter_card":"summary_large_image","twitter_misc":{"Est. reading time":"3 minutes"},"schema":{"@context":"https:\/\/schema.org","@graph":[{"@type":"WebPage","@id":"https:\/\/www.ufcw.org\/es\/union-101\/","url":"https:\/\/www.ufcw.org\/es\/union-101\/","name":"Uni\u00f3n 101 - The United Food &amp; Commercial Workers International Union","isPartOf":{"@id":"https:\/\/www.ufcw.org\/es\/#website"},"primaryImageOfPage":{"@id":"https:\/\/www.ufcw.org\/es\/union-101\/#primaryimage"},"image":{"@id":"https:\/\/www.ufcw.org\/es\/union-101\/#primaryimage"},"thumbnailUrl":"https:\/\/www.ufcw.org\/wp-content\/blogs.dir\/61\/files\/2024\/06\/union-101_header.jpg","datePublished":"2024-05-10T15:07:22+00:00","dateModified":"2025-01-07T16:34:14+00:00","breadcrumb":{"@id":"https:\/\/www.ufcw.org\/es\/union-101\/#breadcrumb"},"inLanguage":"es-ES","potentialAction":[{"@type":"ReadAction","target":["https:\/\/www.ufcw.org\/es\/union-101\/"]}]},{"@type":"ImageObject","inLanguage":"es-ES","@id":"https:\/\/www.ufcw.org\/es\/union-101\/#primaryimage","url":"https:\/\/www.ufcw.org\/wp-content\/blogs.dir\/61\/files\/2024\/06\/union-101_header.jpg","contentUrl":"https:\/\/www.ufcw.org\/wp-content\/blogs.dir\/61\/files\/2024\/06\/union-101_header.jpg","width":1920,"height":1080},{"@type":"BreadcrumbList","@id":"https:\/\/www.ufcw.org\/es\/union-101\/#breadcrumb","itemListElement":[{"@type":"ListItem","position":1,"name":"Home","item":"https:\/\/www.ufcw.org\/es\/"},{"@type":"ListItem","position":2,"name":"Uni\u00f3n 101"}]},{"@type":"WebSite","@id":"https:\/\/www.ufcw.org\/es\/#website","url":"https:\/\/www.ufcw.org\/es\/","name":"The United Food &amp; Commercial Workers International Union","description":"Official website of the United Food and Commercial Workers International Union","publisher":{"@id":"https:\/\/www.ufcw.org\/es\/#organization"},"potentialAction":[{"@type":"SearchAction","target":{"@type":"EntryPoint","urlTemplate":"https:\/\/www.ufcw.org\/es\/?s={search_term_string}"},"query-input":{"@type":"PropertyValueSpecification","valueRequired":true,"valueName":"search_term_string"}}],"inLanguage":"es-ES"},{"@type":"Organization","@id":"https:\/\/www.ufcw.org\/es\/#organization","name":"United Food and Commercial Workers International Union","url":"https:\/\/www.ufcw.org\/es\/","logo":{"@type":"ImageObject","inLanguage":"es-ES","@id":"https:\/\/www.ufcw.org\/es\/#\/schema\/logo\/image\/","url":"https:\/\/www.ufcw.org\/wp-content\/blogs.dir\/61\/files\/2021\/02\/UFCW-Americas-Food-and-Retail-Union-2-color.png","contentUrl":"https:\/\/www.ufcw.org\/wp-content\/blogs.dir\/61\/files\/2021\/02\/UFCW-Americas-Food-and-Retail-Union-2-color.png","width":415,"height":198,"caption":"United Food and Commercial Workers International Union"},"image":{"@id":"https:\/\/www.ufcw.org\/es\/#\/schema\/logo\/image\/"}}]}},"_links":{"self":[{"href":"https:\/\/www.ufcw.org\/es\/wp-json\/wp\/v2\/pages\/60791","targetHints":{"allow":["GET"]}}],"collection":[{"href":"https:\/\/www.ufcw.org\/es\/wp-json\/wp\/v2\/pages"}],"about":[{"href":"https:\/\/www.ufcw.org\/es\/wp-json\/wp\/v2\/types\/page"}],"author":[{"embeddable":true,"href":"https:\/\/www.ufcw.org\/es\/wp-json\/wp\/v2\/users\/410"}],"replies":[{"embeddable":true,"href":"https:\/\/www.ufcw.org\/es\/wp-json\/wp\/v2\/comments?post=60791"}],"version-history":[{"count":4,"href":"https:\/\/www.ufcw.org\/es\/wp-json\/wp\/v2\/pages\/60791\/revisions"}],"predecessor-version":[{"id":61018,"href":"https:\/\/www.ufcw.org\/es\/wp-json\/wp\/v2\/pages\/60791\/revisions\/61018"}],"wp:featuredmedia":[{"embeddable":true,"href":"https:\/\/www.ufcw.org\/es\/wp-json\/wp\/v2\/media\/60549"}],"wp:attachment":[{"href":"https:\/\/www.ufcw.org\/es\/wp-json\/wp\/v2\/media?parent=60791"}],"curies":[{"name":"wp","href":"https:\/\/api.w.org\/{rel}","templated":true}]}}