{"id":60779,"date":"2020-07-09T21:07:05","date_gmt":"2020-07-09T21:07:05","guid":{"rendered":"https:\/\/www.ufcw.org\/?page_id=60779"},"modified":"2024-12-16T19:23:41","modified_gmt":"2024-12-16T19:23:41","slug":"acerca-de-la-ufcw","status":"publish","type":"page","link":"https:\/\/www.ufcw.org\/es\/acerca-de-la-ufcw\/","title":{"rendered":"Acerca de la UFCW"},"content":{"rendered":"<div class=\"tw-max-w-217 tw-m-auto tw-px-6 rich-text contained-block\" data-module=\"heading\">\n<h2 class=\"wp-block-heading\">Familia orgullosa de la uni\u00f3n<\/h2>\n<\/div>\n\n<div class=\"tw-max-w-217 tw-m-auto tw-px-6 rich-text contained-block\" data-module=\"paragraph\">\n<p>La Uni\u00f3n Internacional de Trabajadores de la Industria de Alimentos y del Comercio (UFCW, por sus siglas en ingl\u00e9s) representa a 1.2 millones de hombres y mujeres dedicados en los EE.&nbsp;UU. y Canad\u00e1. Como organizaci\u00f3n sin fines de lucro 501(c)(5), creemos en el poder colectivo de la gente com\u00fan para mejorar sus vidas y crear un cambio duradero para todos los trabajadores.<\/p>\n<\/div>\n\n<div class=\"tw-max-w-217 tw-m-auto tw-px-6 rich-text contained-block\" data-module=\"paragraph\">\n<p>Nuestros miembros, sus amigos y vecinos, trabajan en tiendas de comestibles y minoristas, farmacias, cuidado m\u00e9dico, fabricaci\u00f3n, procesamiento de alimentos y empacadoras de carne. Desde \u00e1reas rurales hasta ciudades bulliciosas, nuestros miembros trabajan incansablemente para alimentar, servir y fortalecer a nuestras comunidades.<\/p>\n<\/div>\n\n<div class=\"tw-max-w-217 tw-m-auto tw-px-6 rich-text contained-block\" data-module=\"paragraph\">\n<p><strong>Creemos que el trabajo duro debe recompensarse y que nadie debe luchar solo. Esto lo logramos al:<\/strong><\/p>\n<\/div>\n\n<div class=\"tw-max-w-217 tw-m-auto tw-px-6 rich-text contained-block\" data-module=\"list\">\n<ul class=\"wp-block-list\"><div class=\"tw-max-w-217 tw-m-auto tw-px-6 rich-text contained-block\" data-module=\"list-item\">\n<li>Asegurar contratos s\u00f3lidos que mejoren los salarios y las condiciones laborales.<\/li>\n<\/div>\n\n<div class=\"tw-max-w-217 tw-m-auto tw-px-6 rich-text contained-block\" data-module=\"list-item\">\n<li>Representar a los miembros en las conversaciones con la gerencia cuando surjan problemas.<\/li>\n<\/div>\n\n<div class=\"tw-max-w-217 tw-m-auto tw-px-6 rich-text contained-block\" data-module=\"list-item\">\n<li>Brindar asesoramiento confidencial sobre los derechos de los trabajadores sin temor a represalias.<\/li>\n<\/div>\n\n<div class=\"tw-max-w-217 tw-m-auto tw-px-6 rich-text contained-block\" data-module=\"list-item\">\n<li>Reforzar el valor de los trabajadores y su derecho al respeto y a la dignidad.<\/li>\n<\/div>\n\n<div class=\"tw-max-w-217 tw-m-auto tw-px-6 rich-text contained-block\" data-module=\"list-item\">\n<li>Apoyar una legislaci\u00f3n que favorezca a los trabajadores y combatir los ataques financiados por las empresas.<\/li>\n<\/div>\n\n<div class=\"tw-max-w-217 tw-m-auto tw-px-6 rich-text contained-block\" data-module=\"list-item\">\n<li>Actuar como guardianes contra los grupos de presi\u00f3n de la industria bien pagados.<\/li>\n<\/div>\n\n<div class=\"tw-max-w-217 tw-m-auto tw-px-6 rich-text contained-block\" data-module=\"list-item\">\n<li>Organizarnos para abordar las tendencias nacionales y mundiales.<\/li>\n<\/div><\/ul>\n<\/div>\n\n<div class=\"tw-max-w-217 tw-m-auto tw-px-6 rich-text contained-block\" data-module=\"paragraph\">\n<p><strong>Nos esforzamos por elevar los est\u00e1ndares de la industria. Nuestros miembros:<\/strong><\/p>\n<\/div>\n\n<div class=\"tw-max-w-217 tw-m-auto tw-px-6 rich-text contained-block\" data-module=\"list\">\n<ul class=\"wp-block-list\"><div class=\"tw-max-w-217 tw-m-auto tw-px-6 rich-text contained-block\" data-module=\"list-item\">\n<li>Ganan mejores salarios y beneficios que los trabajadores que no pertenecen a la uni\u00f3n, con un promedio de m\u00e1s de $190 adicionales por semana.<\/li>\n<\/div>\n\n<div class=\"tw-max-w-217 tw-m-auto tw-px-6 rich-text contained-block\" data-module=\"list-item\">\n<li>Tienen m\u00e1s probabilidades de tener seguro de salud, vacaciones remuneradas, d\u00edas festivos, licencia por enfermedad y protecci\u00f3n de horas extras.<\/li>\n<\/div>\n\n<div class=\"tw-max-w-217 tw-m-auto tw-px-6 rich-text contained-block\" data-module=\"list-item\">\n<li>Disfrutan m\u00e1s protecciones laborales, con contratos que ayudan a eliminar la brecha salarial de g\u00e9nero y a combatir la discriminaci\u00f3n basada en el g\u00e9nero, la edad, la raza, el credo, el color, el origen, el estado de ciudadan\u00eda, el idioma, el embarazo, el estado familiar, la orientaci\u00f3n sexual o la identidad de g\u00e9nero.<\/li>\n<\/div><\/ul>\n<\/div>","protected":false},"excerpt":{"rendered":"<p>Familia orgullosa de la uni\u00f3n La Uni\u00f3n Internacional de Trabajadores de la Industria de Alimentos y del Comercio (UFCW, por sus siglas en ingl\u00e9s) representa a 1.2 millones de hombres y mujeres dedicados en los EE.&nbsp;UU. y Canad\u00e1. Como organizaci\u00f3n sin fines de lucro 501(c)(5), creemos en el poder colectivo de la gente com\u00fan para [&hellip;]<\/p>\n","protected":false},"author":426,"featured_media":59087,"parent":0,"menu_order":59,"comment_status":"closed","ping_status":"closed","template":"views\/templates\/general\/index.php","meta":{"_acf_changed":false,"footnotes":"","_links_to":"","_links_to_target":""},"class_list":["post-60779","page","type-page","status-publish","has-post-thumbnail","hentry"],"acf":[],"yoast_head":"<!-- This site is optimized with the Yoast SEO plugin v27.1.1 - https:\/\/yoast.com\/product\/yoast-seo-wordpress\/ -->\n<title>Acerca de la UFCW - The United Food &amp; Commercial Workers International Union<\/title>\n<meta name=\"robots\" content=\"index, follow, max-snippet:-1, max-image-preview:large, max-video-preview:-1\" \/>\n<link rel=\"canonical\" href=\"https:\/\/www.ufcw.org\/es\/acerca-de-la-ufcw\/\" \/>\n<meta property=\"og:locale\" content=\"es_ES\" \/>\n<meta property=\"og:type\" content=\"article\" \/>\n<meta property=\"og:title\" content=\"Acerca de la UFCW - The United Food &amp; Commercial Workers International Union\" \/>\n<meta property=\"og:description\" content=\"Familia orgullosa de la uni\u00f3n La Uni\u00f3n Internacional de Trabajadores de la Industria de Alimentos y del Comercio (UFCW, por sus siglas en ingl\u00e9s) representa a 1.2 millones de hombres y mujeres dedicados en los EE.&nbsp;UU. y Canad\u00e1. Como organizaci\u00f3n sin fines de lucro 501(c)(5), creemos en el poder colectivo de la gente com\u00fan para [&hellip;]\" \/>\n<meta property=\"og:url\" content=\"https:\/\/www.ufcw.org\/es\/acerca-de-la-ufcw\/\" \/>\n<meta property=\"og:site_name\" content=\"The United Food &amp; Commercial Workers International Union\" \/>\n<meta property=\"article:modified_time\" content=\"2024-12-16T19:23:41+00:00\" \/>\n<meta property=\"og:image\" content=\"https:\/\/www.ufcw.org\/wp-content\/blogs.dir\/61\/files\/2020\/09\/DSC06192.jpg\" \/>\n\t<meta property=\"og:image:width\" content=\"7952\" \/>\n\t<meta property=\"og:image:height\" content=\"5304\" \/>\n\t<meta property=\"og:image:type\" content=\"image\/jpeg\" \/>\n<meta name=\"twitter:card\" content=\"summary_large_image\" \/>\n<meta name=\"twitter:label1\" content=\"Est. reading time\" \/>\n\t<meta name=\"twitter:data1\" content=\"2 minutes\" \/>\n<script type=\"application\/ld+json\" class=\"yoast-schema-graph\">{\"@context\":\"https:\/\/schema.org\",\"@graph\":[{\"@type\":\"WebPage\",\"@id\":\"https:\/\/www.ufcw.org\/es\/acerca-de-la-ufcw\/\",\"url\":\"https:\/\/www.ufcw.org\/es\/acerca-de-la-ufcw\/\",\"name\":\"Acerca de la UFCW - The United Food &amp; Commercial Workers International Union\",\"isPartOf\":{\"@id\":\"https:\/\/www.ufcw.org\/es\/#website\"},\"primaryImageOfPage\":{\"@id\":\"https:\/\/www.ufcw.org\/es\/acerca-de-la-ufcw\/#primaryimage\"},\"image\":{\"@id\":\"https:\/\/www.ufcw.org\/es\/acerca-de-la-ufcw\/#primaryimage\"},\"thumbnailUrl\":\"https:\/\/www.ufcw.org\/wp-content\/blogs.dir\/61\/files\/2020\/09\/DSC06192.jpg\",\"datePublished\":\"2020-07-09T21:07:05+00:00\",\"dateModified\":\"2024-12-16T19:23:41+00:00\",\"breadcrumb\":{\"@id\":\"https:\/\/www.ufcw.org\/es\/acerca-de-la-ufcw\/#breadcrumb\"},\"inLanguage\":\"es-ES\",\"potentialAction\":[{\"@type\":\"ReadAction\",\"target\":[\"https:\/\/www.ufcw.org\/es\/acerca-de-la-ufcw\/\"]}]},{\"@type\":\"ImageObject\",\"inLanguage\":\"es-ES\",\"@id\":\"https:\/\/www.ufcw.org\/es\/acerca-de-la-ufcw\/#primaryimage\",\"url\":\"https:\/\/www.ufcw.org\/wp-content\/blogs.dir\/61\/files\/2020\/09\/DSC06192.jpg\",\"contentUrl\":\"https:\/\/www.ufcw.org\/wp-content\/blogs.dir\/61\/files\/2020\/09\/DSC06192.jpg\",\"width\":7952,\"height\":5304},{\"@type\":\"BreadcrumbList\",\"@id\":\"https:\/\/www.ufcw.org\/es\/acerca-de-la-ufcw\/#breadcrumb\",\"itemListElement\":[{\"@type\":\"ListItem\",\"position\":1,\"name\":\"Home\",\"item\":\"https:\/\/www.ufcw.org\/es\/\"},{\"@type\":\"ListItem\",\"position\":2,\"name\":\"Acerca de la UFCW\"}]},{\"@type\":\"WebSite\",\"@id\":\"https:\/\/www.ufcw.org\/es\/#website\",\"url\":\"https:\/\/www.ufcw.org\/es\/\",\"name\":\"The United Food &amp; Commercial Workers International Union\",\"description\":\"Official website of the United Food and Commercial Workers International Union\",\"publisher\":{\"@id\":\"https:\/\/www.ufcw.org\/es\/#organization\"},\"potentialAction\":[{\"@type\":\"SearchAction\",\"target\":{\"@type\":\"EntryPoint\",\"urlTemplate\":\"https:\/\/www.ufcw.org\/es\/?s={search_term_string}\"},\"query-input\":{\"@type\":\"PropertyValueSpecification\",\"valueRequired\":true,\"valueName\":\"search_term_string\"}}],\"inLanguage\":\"es-ES\"},{\"@type\":\"Organization\",\"@id\":\"https:\/\/www.ufcw.org\/es\/#organization\",\"name\":\"United Food and Commercial Workers International Union\",\"url\":\"https:\/\/www.ufcw.org\/es\/\",\"logo\":{\"@type\":\"ImageObject\",\"inLanguage\":\"es-ES\",\"@id\":\"https:\/\/www.ufcw.org\/es\/#\/schema\/logo\/image\/\",\"url\":\"https:\/\/www.ufcw.org\/wp-content\/blogs.dir\/61\/files\/2021\/02\/UFCW-Americas-Food-and-Retail-Union-2-color.png\",\"contentUrl\":\"https:\/\/www.ufcw.org\/wp-content\/blogs.dir\/61\/files\/2021\/02\/UFCW-Americas-Food-and-Retail-Union-2-color.png\",\"width\":415,\"height\":198,\"caption\":\"United Food and Commercial Workers International Union\"},\"image\":{\"@id\":\"https:\/\/www.ufcw.org\/es\/#\/schema\/logo\/image\/\"}}]}<\/script>\n<!-- \/ Yoast SEO plugin. -->","yoast_head_json":{"title":"Acerca de la UFCW - The United Food &amp; Commercial Workers International Union","robots":{"index":"index","follow":"follow","max-snippet":"max-snippet:-1","max-image-preview":"max-image-preview:large","max-video-preview":"max-video-preview:-1"},"canonical":"https:\/\/www.ufcw.org\/es\/acerca-de-la-ufcw\/","og_locale":"es_ES","og_type":"article","og_title":"Acerca de la UFCW - The United Food &amp; Commercial Workers International Union","og_description":"Familia orgullosa de la uni\u00f3n La Uni\u00f3n Internacional de Trabajadores de la Industria de Alimentos y del Comercio (UFCW, por sus siglas en ingl\u00e9s) representa a 1.2 millones de hombres y mujeres dedicados en los EE.&nbsp;UU. y Canad\u00e1. Como organizaci\u00f3n sin fines de lucro 501(c)(5), creemos en el poder colectivo de la gente com\u00fan para [&hellip;]","og_url":"https:\/\/www.ufcw.org\/es\/acerca-de-la-ufcw\/","og_site_name":"The United Food &amp; Commercial Workers International Union","article_modified_time":"2024-12-16T19:23:41+00:00","og_image":[{"width":7952,"height":5304,"url":"https:\/\/www.ufcw.org\/wp-content\/blogs.dir\/61\/files\/2020\/09\/DSC06192.jpg","type":"image\/jpeg"}],"twitter_card":"summary_large_image","twitter_misc":{"Est. reading time":"2 minutes"},"schema":{"@context":"https:\/\/schema.org","@graph":[{"@type":"WebPage","@id":"https:\/\/www.ufcw.org\/es\/acerca-de-la-ufcw\/","url":"https:\/\/www.ufcw.org\/es\/acerca-de-la-ufcw\/","name":"Acerca de la UFCW - The United Food &amp; Commercial Workers International Union","isPartOf":{"@id":"https:\/\/www.ufcw.org\/es\/#website"},"primaryImageOfPage":{"@id":"https:\/\/www.ufcw.org\/es\/acerca-de-la-ufcw\/#primaryimage"},"image":{"@id":"https:\/\/www.ufcw.org\/es\/acerca-de-la-ufcw\/#primaryimage"},"thumbnailUrl":"https:\/\/www.ufcw.org\/wp-content\/blogs.dir\/61\/files\/2020\/09\/DSC06192.jpg","datePublished":"2020-07-09T21:07:05+00:00","dateModified":"2024-12-16T19:23:41+00:00","breadcrumb":{"@id":"https:\/\/www.ufcw.org\/es\/acerca-de-la-ufcw\/#breadcrumb"},"inLanguage":"es-ES","potentialAction":[{"@type":"ReadAction","target":["https:\/\/www.ufcw.org\/es\/acerca-de-la-ufcw\/"]}]},{"@type":"ImageObject","inLanguage":"es-ES","@id":"https:\/\/www.ufcw.org\/es\/acerca-de-la-ufcw\/#primaryimage","url":"https:\/\/www.ufcw.org\/wp-content\/blogs.dir\/61\/files\/2020\/09\/DSC06192.jpg","contentUrl":"https:\/\/www.ufcw.org\/wp-content\/blogs.dir\/61\/files\/2020\/09\/DSC06192.jpg","width":7952,"height":5304},{"@type":"BreadcrumbList","@id":"https:\/\/www.ufcw.org\/es\/acerca-de-la-ufcw\/#breadcrumb","itemListElement":[{"@type":"ListItem","position":1,"name":"Home","item":"https:\/\/www.ufcw.org\/es\/"},{"@type":"ListItem","position":2,"name":"Acerca de la UFCW"}]},{"@type":"WebSite","@id":"https:\/\/www.ufcw.org\/es\/#website","url":"https:\/\/www.ufcw.org\/es\/","name":"The United Food &amp; Commercial Workers International Union","description":"Official website of the United Food and Commercial Workers International Union","publisher":{"@id":"https:\/\/www.ufcw.org\/es\/#organization"},"potentialAction":[{"@type":"SearchAction","target":{"@type":"EntryPoint","urlTemplate":"https:\/\/www.ufcw.org\/es\/?s={search_term_string}"},"query-input":{"@type":"PropertyValueSpecification","valueRequired":true,"valueName":"search_term_string"}}],"inLanguage":"es-ES"},{"@type":"Organization","@id":"https:\/\/www.ufcw.org\/es\/#organization","name":"United Food and Commercial Workers International Union","url":"https:\/\/www.ufcw.org\/es\/","logo":{"@type":"ImageObject","inLanguage":"es-ES","@id":"https:\/\/www.ufcw.org\/es\/#\/schema\/logo\/image\/","url":"https:\/\/www.ufcw.org\/wp-content\/blogs.dir\/61\/files\/2021\/02\/UFCW-Americas-Food-and-Retail-Union-2-color.png","contentUrl":"https:\/\/www.ufcw.org\/wp-content\/blogs.dir\/61\/files\/2021\/02\/UFCW-Americas-Food-and-Retail-Union-2-color.png","width":415,"height":198,"caption":"United Food and Commercial Workers International Union"},"image":{"@id":"https:\/\/www.ufcw.org\/es\/#\/schema\/logo\/image\/"}}]}},"_links":{"self":[{"href":"https:\/\/www.ufcw.org\/es\/wp-json\/wp\/v2\/pages\/60779","targetHints":{"allow":["GET"]}}],"collection":[{"href":"https:\/\/www.ufcw.org\/es\/wp-json\/wp\/v2\/pages"}],"about":[{"href":"https:\/\/www.ufcw.org\/es\/wp-json\/wp\/v2\/types\/page"}],"author":[{"embeddable":true,"href":"https:\/\/www.ufcw.org\/es\/wp-json\/wp\/v2\/users\/426"}],"replies":[{"embeddable":true,"href":"https:\/\/www.ufcw.org\/es\/wp-json\/wp\/v2\/comments?post=60779"}],"version-history":[{"count":1,"href":"https:\/\/www.ufcw.org\/es\/wp-json\/wp\/v2\/pages\/60779\/revisions"}],"predecessor-version":[{"id":60780,"href":"https:\/\/www.ufcw.org\/es\/wp-json\/wp\/v2\/pages\/60779\/revisions\/60780"}],"wp:featuredmedia":[{"embeddable":true,"href":"https:\/\/www.ufcw.org\/es\/wp-json\/wp\/v2\/media\/59087"}],"wp:attachment":[{"href":"https:\/\/www.ufcw.org\/es\/wp-json\/wp\/v2\/media?parent=60779"}],"curies":[{"name":"wp","href":"https:\/\/api.w.org\/{rel}","templated":true}]}}