{"id":60768,"date":"2018-03-01T18:02:00","date_gmt":"2018-03-01T23:02:00","guid":{"rendered":"https:\/\/www.ufcw.org\/?page_id=60768"},"modified":"2025-12-12T12:52:13","modified_gmt":"2025-12-12T17:52:13","slug":"free-foreign-language-program-for-ufcw-members","status":"publish","type":"page","link":"https:\/\/www.ufcw.org\/es\/free-foreign-language-program-for-ufcw-members\/","title":{"rendered":"Free Foreign Language Program for UFCW Members"},"content":{"rendered":"<div class=\"tw-max-w-217 tw-m-auto tw-px-6 rich-text contained-block\" data-module=\"heading\">\n<h2 class=\"wp-block-heading\">\u00bfAlguna vez ha deseado aprender un idioma nuevo? \u00bfGratis?<\/h2>\n<\/div>\n\n<div class=\"tw-max-w-217 tw-m-auto tw-px-6 rich-text contained-block\" data-module=\"paragraph\">\n<p>Ya sea para viajar, trabajar o simplemente por diversi\u00f3n, el programa gratuito de idiomas extranjeros de la UFCW ofrece a los miembros la posibilidad de aprender m\u00e1s de 70 idiomas de forma gratuita en l\u00ednea.&nbsp;<\/p>\n<\/div>\n\n<div class=\"tw-max-w-217 tw-m-auto tw-px-6 rich-text contained-block\" data-module=\"paragraph\">\n<p>Estas clases en l\u00ednea se basan en cuatro habilidades de conversaci\u00f3n necesarias para aprender por completo un idioma nuevo: vocabulario, pronunciaci\u00f3n, gram\u00e1tica y cultura.&nbsp;<\/p>\n<\/div>\n\n<div class=\"tw-max-w-217 tw-m-auto tw-px-6 rich-text contained-block\" data-module=\"paragraph\">\n<p>Para garantizar que todos los miembros de la UFCW tengan acceso a los beneficios gratuitos que conlleva ser miembro de nuestra familia de la UFCW, rotaremos los cupos del programa gratuito de idiomas extranjeros de la UFCW cada 3 meses.<\/p>\n<\/div>\n\n<div class=\"tw-max-w-217 tw-m-auto tw-px-6 rich-text contained-block\" data-module=\"paragraph\">\n<p><strong>Trimestres del programa gratuito de idiomas extranjeros de la UFCW:&nbsp;&nbsp;&nbsp;<\/strong><\/p>\n<\/div>\n\n<div class=\"tw-max-w-217 tw-m-auto tw-px-6 rich-text contained-block\" data-module=\"list\">\n<ul class=\"wp-block-list\"><div class=\"tw-max-w-217 tw-m-auto tw-px-6 rich-text contained-block\" data-module=\"list-item\">\n<li>Trimestre de invierno: del 1.\u00ba de enero al 31 de marzo<\/li>\n<\/div>\n\n<div class=\"tw-max-w-217 tw-m-auto tw-px-6 rich-text contained-block\" data-module=\"list-item\">\n<li>Trimestre de primavera: del 1.\u00ba de abril al 30 de junio&nbsp;&nbsp;&nbsp;<\/li>\n<\/div>\n\n<div class=\"tw-max-w-217 tw-m-auto tw-px-6 rich-text contained-block\" data-module=\"list-item\">\n<li>Trimestre de verano: del 1.\u00ba de julio al 30 de septiembre<\/li>\n<\/div>\n\n<div class=\"tw-max-w-217 tw-m-auto tw-px-6 rich-text contained-block\" data-module=\"list-item\">\n<li>Trimestre de oto\u00f1o: del 1.\u00ba de octubre al 31 de diciembre&nbsp;&nbsp;&nbsp;&nbsp;&nbsp;&nbsp;&nbsp;&nbsp;<\/li>\n<\/div><\/ul>\n<\/div>\n\n<div class=\"tw-max-w-217 tw-m-auto tw-px-6 rich-text contained-block\" data-module=\"paragraph\">\n<p>Los cupos estar\u00e1n disponibles para los miembros de la UFCW por orden de llegada. Los miembros pueden hacer su solicitud en tantos trimestres como deseen durante los per\u00edodos de inscripci\u00f3n.<\/p>\n<\/div>\n\n<div class=\"tw-max-w-217 tw-m-auto tw-px-6 rich-text contained-block\" data-module=\"paragraph\">\n<p>En este momento, este beneficio solo est\u00e1 disponible para los miembros de la UFCW.<\/p>\n<\/div>\n\n<div class=\"tw-max-w-217 tw-m-auto tw-px-6 rich-text contained-block\" data-module=\"paragraph\">\n<p>La inscripci\u00f3n se abrir\u00e1 una semana antes del comienzo de cada trimestre. Visite esta p\u00e1gina para inscribirse.<\/p>\n<\/div>\n\n<div class=\"tw-max-w-217 tw-m-auto tw-px-6 rich-text contained-block\" data-module=\"html\">\n\n<\/div>\n\n<div class=\"tw-max-w-217 tw-m-auto tw-px-6 rich-text contained-block\" data-module=\"heading\">\n<h2 class=\"wp-block-heading\"><strong>Acceso al programa para los inscritos actuales <\/strong>&nbsp;<\/h2>\n<\/div>\n\n<div class=\"tw-max-w-217 tw-m-auto tw-px-6 rich-text contained-block\" data-module=\"paragraph\">\n<p><strong>Si est\u00e1 inscrito actualmente, visite: <a href=\"https:\/\/mangolanguages.com\/\">https:\/\/mangolanguages.com\/<\/a><\/strong> e introduzca su informaci\u00f3n de inicio de sesi\u00f3n para empezar a aprender los idiomas de su elecci\u00f3n.&nbsp;<\/p>\n<\/div>\n\n<div class=\"tw-max-w-217 tw-m-auto tw-px-6 rich-text contained-block\" data-module=\"paragraph\">\n<p>Una vez dentro del programa, aseg\u00farese de crear su propia cuenta de usuario para que pueda aprender por etapas y volver a la lecci\u00f3n que termin\u00f3 la \u00faltima vez.<\/p>\n<\/div>","protected":false},"excerpt":{"rendered":"<p>\u00bfAlguna vez ha deseado aprender un idioma nuevo? \u00bfGratis? Ya sea para viajar, trabajar o simplemente por diversi\u00f3n, el programa gratuito de idiomas extranjeros de la UFCW ofrece a los miembros la posibilidad de aprender m\u00e1s de 70 idiomas de forma gratuita en l\u00ednea.&nbsp; Estas clases en l\u00ednea se basan en cuatro habilidades de conversaci\u00f3n [&hellip;]<\/p>\n","protected":false},"author":426,"featured_media":60297,"parent":0,"menu_order":0,"comment_status":"closed","ping_status":"closed","template":"","meta":{"_acf_changed":false,"footnotes":"","_links_to":"","_links_to_target":""},"class_list":["post-60768","page","type-page","status-publish","has-post-thumbnail","hentry"],"acf":[],"yoast_head":"<!-- This site is optimized with the Yoast SEO plugin v27.1.1 - https:\/\/yoast.com\/product\/yoast-seo-wordpress\/ -->\n<title>Free Foreign Language Program for UFCW Members - The United Food &amp; Commercial Workers International Union<\/title>\n<meta name=\"robots\" content=\"index, follow, max-snippet:-1, max-image-preview:large, max-video-preview:-1\" \/>\n<link rel=\"canonical\" href=\"https:\/\/www.ufcw.org\/es\/free-foreign-language-program-for-ufcw-members\/\" \/>\n<meta property=\"og:locale\" content=\"es_ES\" \/>\n<meta property=\"og:type\" content=\"article\" \/>\n<meta property=\"og:title\" content=\"Free Foreign Language Program for UFCW Members - The United Food &amp; Commercial Workers International Union\" \/>\n<meta property=\"og:description\" content=\"\u00bfAlguna vez ha deseado aprender un idioma nuevo? \u00bfGratis? Ya sea para viajar, trabajar o simplemente por diversi\u00f3n, el programa gratuito de idiomas extranjeros de la UFCW ofrece a los miembros la posibilidad de aprender m\u00e1s de 70 idiomas de forma gratuita en l\u00ednea.&nbsp; Estas clases en l\u00ednea se basan en cuatro habilidades de conversaci\u00f3n [&hellip;]\" \/>\n<meta property=\"og:url\" content=\"https:\/\/www.ufcw.org\/es\/free-foreign-language-program-for-ufcw-members\/\" \/>\n<meta property=\"og:site_name\" content=\"The United Food &amp; Commercial Workers International Union\" \/>\n<meta property=\"article:modified_time\" content=\"2025-12-12T17:52:13+00:00\" \/>\n<meta property=\"og:image\" content=\"https:\/\/www.ufcw.org\/wp-content\/blogs.dir\/61\/files\/2023\/09\/Foreign-Language-Thumbnail.jpg\" \/>\n\t<meta property=\"og:image:width\" content=\"1442\" \/>\n\t<meta property=\"og:image:height\" content=\"1080\" \/>\n\t<meta property=\"og:image:type\" content=\"image\/jpeg\" \/>\n<meta name=\"twitter:card\" content=\"summary_large_image\" \/>\n<meta name=\"twitter:label1\" content=\"Est. reading time\" \/>\n\t<meta name=\"twitter:data1\" content=\"2 minutes\" \/>\n<script type=\"application\/ld+json\" class=\"yoast-schema-graph\">{\"@context\":\"https:\/\/schema.org\",\"@graph\":[{\"@type\":\"WebPage\",\"@id\":\"https:\/\/www.ufcw.org\/es\/free-foreign-language-program-for-ufcw-members\/\",\"url\":\"https:\/\/www.ufcw.org\/es\/free-foreign-language-program-for-ufcw-members\/\",\"name\":\"Free Foreign Language Program for UFCW Members - The United Food &amp; Commercial Workers International Union\",\"isPartOf\":{\"@id\":\"https:\/\/www.ufcw.org\/es\/#website\"},\"primaryImageOfPage\":{\"@id\":\"https:\/\/www.ufcw.org\/es\/free-foreign-language-program-for-ufcw-members\/#primaryimage\"},\"image\":{\"@id\":\"https:\/\/www.ufcw.org\/es\/free-foreign-language-program-for-ufcw-members\/#primaryimage\"},\"thumbnailUrl\":\"https:\/\/www.ufcw.org\/wp-content\/blogs.dir\/61\/files\/2023\/09\/Foreign-Language-Thumbnail.jpg\",\"datePublished\":\"2018-03-01T23:02:00+00:00\",\"dateModified\":\"2025-12-12T17:52:13+00:00\",\"breadcrumb\":{\"@id\":\"https:\/\/www.ufcw.org\/es\/free-foreign-language-program-for-ufcw-members\/#breadcrumb\"},\"inLanguage\":\"es-ES\",\"potentialAction\":[{\"@type\":\"ReadAction\",\"target\":[\"https:\/\/www.ufcw.org\/es\/free-foreign-language-program-for-ufcw-members\/\"]}]},{\"@type\":\"ImageObject\",\"inLanguage\":\"es-ES\",\"@id\":\"https:\/\/www.ufcw.org\/es\/free-foreign-language-program-for-ufcw-members\/#primaryimage\",\"url\":\"https:\/\/www.ufcw.org\/wp-content\/blogs.dir\/61\/files\/2023\/09\/Foreign-Language-Thumbnail.jpg\",\"contentUrl\":\"https:\/\/www.ufcw.org\/wp-content\/blogs.dir\/61\/files\/2023\/09\/Foreign-Language-Thumbnail.jpg\",\"width\":1442,\"height\":1080},{\"@type\":\"BreadcrumbList\",\"@id\":\"https:\/\/www.ufcw.org\/es\/free-foreign-language-program-for-ufcw-members\/#breadcrumb\",\"itemListElement\":[{\"@type\":\"ListItem\",\"position\":1,\"name\":\"Home\",\"item\":\"https:\/\/www.ufcw.org\/es\/\"},{\"@type\":\"ListItem\",\"position\":2,\"name\":\"Free Foreign Language Program for UFCW Members\"}]},{\"@type\":\"WebSite\",\"@id\":\"https:\/\/www.ufcw.org\/es\/#website\",\"url\":\"https:\/\/www.ufcw.org\/es\/\",\"name\":\"The United Food &amp; Commercial Workers International Union\",\"description\":\"Official website of the United Food and Commercial Workers International Union\",\"publisher\":{\"@id\":\"https:\/\/www.ufcw.org\/es\/#organization\"},\"potentialAction\":[{\"@type\":\"SearchAction\",\"target\":{\"@type\":\"EntryPoint\",\"urlTemplate\":\"https:\/\/www.ufcw.org\/es\/?s={search_term_string}\"},\"query-input\":{\"@type\":\"PropertyValueSpecification\",\"valueRequired\":true,\"valueName\":\"search_term_string\"}}],\"inLanguage\":\"es-ES\"},{\"@type\":\"Organization\",\"@id\":\"https:\/\/www.ufcw.org\/es\/#organization\",\"name\":\"United Food and Commercial Workers International Union\",\"url\":\"https:\/\/www.ufcw.org\/es\/\",\"logo\":{\"@type\":\"ImageObject\",\"inLanguage\":\"es-ES\",\"@id\":\"https:\/\/www.ufcw.org\/es\/#\/schema\/logo\/image\/\",\"url\":\"https:\/\/www.ufcw.org\/wp-content\/blogs.dir\/61\/files\/2021\/02\/UFCW-Americas-Food-and-Retail-Union-2-color.png\",\"contentUrl\":\"https:\/\/www.ufcw.org\/wp-content\/blogs.dir\/61\/files\/2021\/02\/UFCW-Americas-Food-and-Retail-Union-2-color.png\",\"width\":415,\"height\":198,\"caption\":\"United Food and Commercial Workers International Union\"},\"image\":{\"@id\":\"https:\/\/www.ufcw.org\/es\/#\/schema\/logo\/image\/\"}}]}<\/script>\n<!-- \/ Yoast SEO plugin. -->","yoast_head_json":{"title":"Free Foreign Language Program for UFCW Members - The United Food &amp; Commercial Workers International Union","robots":{"index":"index","follow":"follow","max-snippet":"max-snippet:-1","max-image-preview":"max-image-preview:large","max-video-preview":"max-video-preview:-1"},"canonical":"https:\/\/www.ufcw.org\/es\/free-foreign-language-program-for-ufcw-members\/","og_locale":"es_ES","og_type":"article","og_title":"Free Foreign Language Program for UFCW Members - The United Food &amp; Commercial Workers International Union","og_description":"\u00bfAlguna vez ha deseado aprender un idioma nuevo? \u00bfGratis? Ya sea para viajar, trabajar o simplemente por diversi\u00f3n, el programa gratuito de idiomas extranjeros de la UFCW ofrece a los miembros la posibilidad de aprender m\u00e1s de 70 idiomas de forma gratuita en l\u00ednea.&nbsp; Estas clases en l\u00ednea se basan en cuatro habilidades de conversaci\u00f3n [&hellip;]","og_url":"https:\/\/www.ufcw.org\/es\/free-foreign-language-program-for-ufcw-members\/","og_site_name":"The United Food &amp; Commercial Workers International Union","article_modified_time":"2025-12-12T17:52:13+00:00","og_image":[{"width":1442,"height":1080,"url":"https:\/\/www.ufcw.org\/wp-content\/blogs.dir\/61\/files\/2023\/09\/Foreign-Language-Thumbnail.jpg","type":"image\/jpeg"}],"twitter_card":"summary_large_image","twitter_misc":{"Est. reading time":"2 minutes"},"schema":{"@context":"https:\/\/schema.org","@graph":[{"@type":"WebPage","@id":"https:\/\/www.ufcw.org\/es\/free-foreign-language-program-for-ufcw-members\/","url":"https:\/\/www.ufcw.org\/es\/free-foreign-language-program-for-ufcw-members\/","name":"Free Foreign Language Program for UFCW Members - The United Food &amp; Commercial Workers International Union","isPartOf":{"@id":"https:\/\/www.ufcw.org\/es\/#website"},"primaryImageOfPage":{"@id":"https:\/\/www.ufcw.org\/es\/free-foreign-language-program-for-ufcw-members\/#primaryimage"},"image":{"@id":"https:\/\/www.ufcw.org\/es\/free-foreign-language-program-for-ufcw-members\/#primaryimage"},"thumbnailUrl":"https:\/\/www.ufcw.org\/wp-content\/blogs.dir\/61\/files\/2023\/09\/Foreign-Language-Thumbnail.jpg","datePublished":"2018-03-01T23:02:00+00:00","dateModified":"2025-12-12T17:52:13+00:00","breadcrumb":{"@id":"https:\/\/www.ufcw.org\/es\/free-foreign-language-program-for-ufcw-members\/#breadcrumb"},"inLanguage":"es-ES","potentialAction":[{"@type":"ReadAction","target":["https:\/\/www.ufcw.org\/es\/free-foreign-language-program-for-ufcw-members\/"]}]},{"@type":"ImageObject","inLanguage":"es-ES","@id":"https:\/\/www.ufcw.org\/es\/free-foreign-language-program-for-ufcw-members\/#primaryimage","url":"https:\/\/www.ufcw.org\/wp-content\/blogs.dir\/61\/files\/2023\/09\/Foreign-Language-Thumbnail.jpg","contentUrl":"https:\/\/www.ufcw.org\/wp-content\/blogs.dir\/61\/files\/2023\/09\/Foreign-Language-Thumbnail.jpg","width":1442,"height":1080},{"@type":"BreadcrumbList","@id":"https:\/\/www.ufcw.org\/es\/free-foreign-language-program-for-ufcw-members\/#breadcrumb","itemListElement":[{"@type":"ListItem","position":1,"name":"Home","item":"https:\/\/www.ufcw.org\/es\/"},{"@type":"ListItem","position":2,"name":"Free Foreign Language Program for UFCW Members"}]},{"@type":"WebSite","@id":"https:\/\/www.ufcw.org\/es\/#website","url":"https:\/\/www.ufcw.org\/es\/","name":"The United Food &amp; Commercial Workers International Union","description":"Official website of the United Food and Commercial Workers International Union","publisher":{"@id":"https:\/\/www.ufcw.org\/es\/#organization"},"potentialAction":[{"@type":"SearchAction","target":{"@type":"EntryPoint","urlTemplate":"https:\/\/www.ufcw.org\/es\/?s={search_term_string}"},"query-input":{"@type":"PropertyValueSpecification","valueRequired":true,"valueName":"search_term_string"}}],"inLanguage":"es-ES"},{"@type":"Organization","@id":"https:\/\/www.ufcw.org\/es\/#organization","name":"United Food and Commercial Workers International Union","url":"https:\/\/www.ufcw.org\/es\/","logo":{"@type":"ImageObject","inLanguage":"es-ES","@id":"https:\/\/www.ufcw.org\/es\/#\/schema\/logo\/image\/","url":"https:\/\/www.ufcw.org\/wp-content\/blogs.dir\/61\/files\/2021\/02\/UFCW-Americas-Food-and-Retail-Union-2-color.png","contentUrl":"https:\/\/www.ufcw.org\/wp-content\/blogs.dir\/61\/files\/2021\/02\/UFCW-Americas-Food-and-Retail-Union-2-color.png","width":415,"height":198,"caption":"United Food and Commercial Workers International Union"},"image":{"@id":"https:\/\/www.ufcw.org\/es\/#\/schema\/logo\/image\/"}}]}},"_links":{"self":[{"href":"https:\/\/www.ufcw.org\/es\/wp-json\/wp\/v2\/pages\/60768","targetHints":{"allow":["GET"]}}],"collection":[{"href":"https:\/\/www.ufcw.org\/es\/wp-json\/wp\/v2\/pages"}],"about":[{"href":"https:\/\/www.ufcw.org\/es\/wp-json\/wp\/v2\/types\/page"}],"author":[{"embeddable":true,"href":"https:\/\/www.ufcw.org\/es\/wp-json\/wp\/v2\/users\/426"}],"replies":[{"embeddable":true,"href":"https:\/\/www.ufcw.org\/es\/wp-json\/wp\/v2\/comments?post=60768"}],"version-history":[{"count":2,"href":"https:\/\/www.ufcw.org\/es\/wp-json\/wp\/v2\/pages\/60768\/revisions"}],"predecessor-version":[{"id":63773,"href":"https:\/\/www.ufcw.org\/es\/wp-json\/wp\/v2\/pages\/60768\/revisions\/63773"}],"wp:featuredmedia":[{"embeddable":true,"href":"https:\/\/www.ufcw.org\/es\/wp-json\/wp\/v2\/media\/60297"}],"wp:attachment":[{"href":"https:\/\/www.ufcw.org\/es\/wp-json\/wp\/v2\/media?parent=60768"}],"curies":[{"name":"wp","href":"https:\/\/api.w.org\/{rel}","templated":true}]}}