{"id":60766,"date":"2023-07-20T16:00:53","date_gmt":"2023-07-20T16:00:53","guid":{"rendered":"https:\/\/www.ufcw.org\/?page_id=60766"},"modified":"2024-12-16T18:57:39","modified_gmt":"2024-12-16T18:57:39","slug":"programa-universitario-con-descuento-de-la-ufcw","status":"publish","type":"page","link":"https:\/\/www.ufcw.org\/es\/programa-universitario-con-descuento-de-la-ufcw\/","title":{"rendered":"Programa universitario con descuento de la UFCW"},"content":{"rendered":"<div class=\"tw-max-w-217 tw-m-auto tw-px-6 rich-text contained-block\" data-module=\"heading\">\n<h4 class=\"wp-block-heading\">Ya sea que est\u00e9 buscando opciones de t\u00edtulos asequibles para los miembros de su familia o desee continuar su propia educaci\u00f3n, el programa universitario con descuento de la UFCW le brinda una forma asequible y flexible de obtener su t\u00edtulo. Todas las clases son en l\u00ednea y puede asistir a tiempo parcial o completo seg\u00fan su disponibilidad.<\/h4>\n<\/div>\n\n<div class=\"tw-max-w-217 tw-m-auto tw-px-6 rich-text contained-block\" data-module=\"paragraph\">\n<p>El programa nuevo reemplaza el &#8220;beneficio universitario gratuito&#8221; que exist\u00eda anteriormente e incrementa el acceso de los miembros de la UFCW a una selecci\u00f3n mayor de universidades participantes, as\u00ed como a programas con derecho a t\u00edtulo que van desde certificados y t\u00edtulos de asociado hasta licenciaturas. Tambi\u00e9n presentaremos las maestr\u00edas como una nueva incorporaci\u00f3n al programa, brindando a\u00fan m\u00e1s oportunidades a nuestros participantes.<\/p>\n<\/div>\n\n<div class=\"tw-max-w-217 tw-m-auto tw-px-6 rich-text contained-block\" data-module=\"heading\">\n<h2 class=\"wp-block-heading\">C\u00f3mo funciona el programa <\/h2>\n<\/div>\n\n<div class=\"tw-max-w-217 tw-m-auto tw-px-6 rich-text contained-block\" data-module=\"paragraph\">\n<p>La UFCW se asoci\u00f3 con EBS Union College Benefit y EDVANCE para facilitar su proceso de selecci\u00f3n y admisi\u00f3n. Cada socio ofrece a los miembros de la UFCW y a sus familias tarifas de matr\u00edcula exclusivas con descuentos que var\u00edan entre el 30&nbsp;% y el 50&nbsp;% en las universidades participantes, y los futuros estudiantes pueden trabajar directamente con los administradores de las escuelas para solicitar asistencia financiera federal adicional, que podr\u00eda cubrir la diferencia en la matr\u00edcula.<\/p>\n<\/div>\n\n<div class=\"tw-max-w-217 tw-m-auto tw-px-6 rich-text contained-block\" data-module=\"paragraph\">\n<p>Nuestros socios tambi\u00e9n lo ayudar\u00e1n a determinar qu\u00e9 universidad es la m\u00e1s adecuada para usted, evaluar cualquier expediente acad\u00e9mico existente para determinar si los cr\u00e9ditos obtenidos se pueden aplicar a su t\u00edtulo nuevo y le ofrecer\u00e1n otros servicios de apoyo a medida que avance en su educaci\u00f3n.<\/p>\n<\/div>\n\n<div class=\"tw-max-w-217 tw-m-auto tw-px-6 rich-text contained-block\" data-module=\"heading\">\n<h2 class=\"wp-block-heading\">Para empezar<\/h2>\n<\/div>\n\n<div class=\"tw-max-w-217 tw-m-auto tw-px-6 rich-text contained-block\" data-module=\"paragraph\">\n<p>Revise la selecci\u00f3n de escuelas que ofrece cada socio a continuaci\u00f3n y seleccione su socio preferido. <em>Nota: Puede registrarse en ambos para ver la selecci\u00f3n completa de escuelas y programas disponibles.<\/em><\/p>\n<\/div>\n\n<div class=\"wp-block-image\"><div class=\"tw-max-w-217 tw-m-auto tw-px-6 rich-text contained-block\" data-module=\"image\">\n<figure class=\"aligncenter size-large\"><a href=\"https:\/\/ebsunioncollegebenefit.org\/UFCW\/\"><img loading=\"lazy\" decoding=\"async\" width=\"1024\" height=\"368\" src=\"https:\/\/www.ufcw.org\/wp-content\/blogs.dir\/61\/files\/2024\/12\/Discount-College-Working-Assets-38-1024x368.png\" alt=\"\" class=\"wp-image-56090\" srcset=\"https:\/\/www.ufcw.org\/wp-content\/blogs.dir\/61\/files\/2024\/12\/Discount-College-Working-Assets-38-1024x368.png 1024w, https:\/\/www.ufcw.org\/wp-content\/blogs.dir\/61\/files\/2024\/12\/Discount-College-Working-Assets-38-300x108.png 300w, https:\/\/www.ufcw.org\/wp-content\/blogs.dir\/61\/files\/2024\/12\/Discount-College-Working-Assets-38-768x276.png 768w, https:\/\/www.ufcw.org\/wp-content\/blogs.dir\/61\/files\/2024\/12\/Discount-College-Working-Assets-38-1536x553.png 1536w, https:\/\/www.ufcw.org\/wp-content\/blogs.dir\/61\/files\/2024\/12\/Discount-College-Working-Assets-38-2048x737.png 2048w\" sizes=\"auto, (max-width: 1024px) 100vw, 1024px\" \/><\/a><\/figure>\n<\/div><\/div>\n\n<div class=\"wp-block-image\"><div class=\"tw-max-w-217 tw-m-auto tw-px-6 rich-text contained-block\" data-module=\"image\">\n<figure class=\"aligncenter size-large\"><a href=\"https:\/\/www.unioncollegebenefit.online\/ufcw\/?utm_campaign=UFCW&amp;utm_source=ufcw&amp;utm_medium=referral\"><img loading=\"lazy\" decoding=\"async\" width=\"1024\" height=\"368\" src=\"https:\/\/www.ufcw.org\/wp-content\/blogs.dir\/61\/files\/2024\/12\/Discount-College-Working-Assets-40-1-1024x368.png\" alt=\"\" class=\"wp-image-56149\" srcset=\"https:\/\/www.ufcw.org\/wp-content\/blogs.dir\/61\/files\/2024\/12\/Discount-College-Working-Assets-40-1-1024x368.png 1024w, https:\/\/www.ufcw.org\/wp-content\/blogs.dir\/61\/files\/2024\/12\/Discount-College-Working-Assets-40-1-300x108.png 300w, https:\/\/www.ufcw.org\/wp-content\/blogs.dir\/61\/files\/2024\/12\/Discount-College-Working-Assets-40-1-768x276.png 768w, https:\/\/www.ufcw.org\/wp-content\/blogs.dir\/61\/files\/2024\/12\/Discount-College-Working-Assets-40-1-1536x553.png 1536w, https:\/\/www.ufcw.org\/wp-content\/blogs.dir\/61\/files\/2024\/12\/Discount-College-Working-Assets-40-1-2048x737.png 2048w\" sizes=\"auto, (max-width: 1024px) 100vw, 1024px\" \/><\/a><\/figure>\n<\/div><\/div>\n\n<div class=\"tw-max-w-217 tw-m-auto tw-px-6 rich-text contained-block\" data-module=\"html\">\n<hr>\n<\/div>\n\n<div class=\"tw-max-w-217 tw-m-auto tw-px-6 rich-text contained-block\" data-module=\"heading\">\n<h2 class=\"wp-block-heading\">Preguntas frecuentes<\/h2>\n<\/div>\n\n<div class=\"tw-max-w-217 tw-m-auto tw-px-6 rich-text contained-block\" data-module=\"paragraph\">\n<p><strong>\u00bfQui\u00e9n es elegible para el programa?<\/strong><\/p>\n<\/div>\n\n<div class=\"tw-max-w-217 tw-m-auto tw-px-6 rich-text contained-block\" data-module=\"paragraph\">\n<p><a href=\"https:\/\/www.ufcw.org\/who-we-represent\/\">Los miembros de la UFCW<\/a>, los miembros jubilados y sus familiares pueden usar el programa. Los miembros de la familia elegibles incluyen c\u00f3nyuges, hijos, dependientes, hermanos, padres o suegros, nietos, t\u00edas, t\u00edos, sobrinas y sobrinos de los miembros.<\/p>\n<\/div>\n\n<div class=\"tw-max-w-217 tw-m-auto tw-px-6 rich-text contained-block\" data-module=\"paragraph\">\n<p><strong>Ya no soy miembro de la UFCW, \u00bfpuedo seguir usando el programa?<\/strong><\/p>\n<\/div>\n\n<div class=\"tw-max-w-217 tw-m-auto tw-px-6 rich-text contained-block\" data-module=\"paragraph\">\n<p>Desafortunadamente, las tasas de matr\u00edcula con descuento son exclusivamente para los miembros de la UFCW, los miembros jubilados y sus familias.<\/p>\n<\/div>\n\n<div class=\"tw-max-w-217 tw-m-auto tw-px-6 rich-text contained-block\" data-module=\"paragraph\">\n<p><strong>\u00bfQu\u00e9 puedo hacer con mis cr\u00e9ditos actuales de Eastern Gateway Community College (EGCC)?<\/strong><\/p>\n<\/div>\n\n<div class=\"tw-max-w-217 tw-m-auto tw-px-6 rich-text contained-block\" data-module=\"paragraph\">\n<p>Los cr\u00e9ditos que obtuvo en EGCC pueden contabilizarse potencialmente para obtener su t\u00edtulo en otra instituci\u00f3n educativa. Como cada instituci\u00f3n educativa tiene sus propios criterios de transferencia de cr\u00e9ditos, sus asesores de admisiones pueden ayudarlo a determinar si estos cr\u00e9ditos pueden contabilizarse en su nueva instituci\u00f3n educativa.<\/p>\n<\/div>\n\n<div class=\"tw-max-w-217 tw-m-auto tw-px-6 rich-text contained-block\" data-module=\"paragraph\">\n<p><strong>\u00bfPuedo terminar mi carrera en EGCC?<\/strong><\/p>\n<\/div>\n\n<div class=\"tw-max-w-217 tw-m-auto tw-px-6 rich-text contained-block\" data-module=\"paragraph\">\n<p>EGCC paus\u00f3 el registro y la inscripci\u00f3n para per\u00edodos posteriores al semestre de primavera de 2024.<\/p>\n<\/div>","protected":false},"excerpt":{"rendered":"<p>Ya sea que est\u00e9 buscando opciones de t\u00edtulos asequibles para los miembros de su familia o desee continuar su propia educaci\u00f3n, el programa universitario con descuento de la UFCW le brinda una forma asequible y flexible de obtener su t\u00edtulo. Todas las clases son en l\u00ednea y puede asistir a tiempo parcial o completo seg\u00fan [&hellip;]<\/p>\n","protected":false},"author":426,"featured_media":60261,"parent":0,"menu_order":0,"comment_status":"closed","ping_status":"closed","template":"views\/templates\/general\/index.php","meta":{"_acf_changed":false,"footnotes":"","_links_to":"","_links_to_target":""},"class_list":["post-60766","page","type-page","status-publish","has-post-thumbnail","hentry"],"acf":[],"yoast_head":"<!-- This site is optimized with the Yoast SEO plugin v27.1.1 - https:\/\/yoast.com\/product\/yoast-seo-wordpress\/ -->\n<title>Programa universitario con descuento de la UFCW - The United Food &amp; Commercial Workers International Union<\/title>\n<meta name=\"robots\" content=\"index, follow, max-snippet:-1, max-image-preview:large, max-video-preview:-1\" \/>\n<link rel=\"canonical\" href=\"https:\/\/www.ufcw.org\/es\/programa-universitario-con-descuento-de-la-ufcw\/\" \/>\n<meta property=\"og:locale\" content=\"es_ES\" \/>\n<meta property=\"og:type\" content=\"article\" \/>\n<meta property=\"og:title\" content=\"Programa universitario con descuento de la UFCW - The United Food &amp; Commercial Workers International Union\" \/>\n<meta property=\"og:description\" content=\"Ya sea que est\u00e9 buscando opciones de t\u00edtulos asequibles para los miembros de su familia o desee continuar su propia educaci\u00f3n, el programa universitario con descuento de la UFCW le brinda una forma asequible y flexible de obtener su t\u00edtulo. Todas las clases son en l\u00ednea y puede asistir a tiempo parcial o completo seg\u00fan [&hellip;]\" \/>\n<meta property=\"og:url\" content=\"https:\/\/www.ufcw.org\/es\/programa-universitario-con-descuento-de-la-ufcw\/\" \/>\n<meta property=\"og:site_name\" content=\"The United Food &amp; Commercial Workers International Union\" \/>\n<meta property=\"article:modified_time\" content=\"2024-12-16T18:57:39+00:00\" \/>\n<meta property=\"og:image\" content=\"https:\/\/www.ufcw.org\/wp-content\/blogs.dir\/61\/files\/2023\/07\/Discount-College-Web-Assets-04.png\" \/>\n\t<meta property=\"og:image:width\" content=\"8983\" \/>\n\t<meta property=\"og:image:height\" content=\"4501\" \/>\n\t<meta property=\"og:image:type\" content=\"image\/png\" \/>\n<meta name=\"twitter:card\" content=\"summary_large_image\" \/>\n<meta name=\"twitter:label1\" content=\"Est. reading time\" \/>\n\t<meta name=\"twitter:data1\" content=\"3 minutes\" \/>\n<script type=\"application\/ld+json\" class=\"yoast-schema-graph\">{\"@context\":\"https:\/\/schema.org\",\"@graph\":[{\"@type\":\"WebPage\",\"@id\":\"https:\/\/www.ufcw.org\/es\/programa-universitario-con-descuento-de-la-ufcw\/\",\"url\":\"https:\/\/www.ufcw.org\/es\/programa-universitario-con-descuento-de-la-ufcw\/\",\"name\":\"Programa universitario con descuento de la UFCW - The United Food &amp; Commercial Workers International Union\",\"isPartOf\":{\"@id\":\"https:\/\/www.ufcw.org\/es\/#website\"},\"primaryImageOfPage\":{\"@id\":\"https:\/\/www.ufcw.org\/es\/programa-universitario-con-descuento-de-la-ufcw\/#primaryimage\"},\"image\":{\"@id\":\"https:\/\/www.ufcw.org\/es\/programa-universitario-con-descuento-de-la-ufcw\/#primaryimage\"},\"thumbnailUrl\":\"https:\/\/www.ufcw.org\/wp-content\/blogs.dir\/61\/files\/2023\/07\/Discount-College-Web-Assets-04.png\",\"datePublished\":\"2023-07-20T16:00:53+00:00\",\"dateModified\":\"2024-12-16T18:57:39+00:00\",\"breadcrumb\":{\"@id\":\"https:\/\/www.ufcw.org\/es\/programa-universitario-con-descuento-de-la-ufcw\/#breadcrumb\"},\"inLanguage\":\"es-ES\",\"potentialAction\":[{\"@type\":\"ReadAction\",\"target\":[\"https:\/\/www.ufcw.org\/es\/programa-universitario-con-descuento-de-la-ufcw\/\"]}]},{\"@type\":\"ImageObject\",\"inLanguage\":\"es-ES\",\"@id\":\"https:\/\/www.ufcw.org\/es\/programa-universitario-con-descuento-de-la-ufcw\/#primaryimage\",\"url\":\"https:\/\/www.ufcw.org\/wp-content\/blogs.dir\/61\/files\/2023\/07\/Discount-College-Web-Assets-04.png\",\"contentUrl\":\"https:\/\/www.ufcw.org\/wp-content\/blogs.dir\/61\/files\/2023\/07\/Discount-College-Web-Assets-04.png\",\"width\":8983,\"height\":4501},{\"@type\":\"BreadcrumbList\",\"@id\":\"https:\/\/www.ufcw.org\/es\/programa-universitario-con-descuento-de-la-ufcw\/#breadcrumb\",\"itemListElement\":[{\"@type\":\"ListItem\",\"position\":1,\"name\":\"Home\",\"item\":\"https:\/\/www.ufcw.org\/es\/\"},{\"@type\":\"ListItem\",\"position\":2,\"name\":\"Programa universitario con descuento de la UFCW\"}]},{\"@type\":\"WebSite\",\"@id\":\"https:\/\/www.ufcw.org\/es\/#website\",\"url\":\"https:\/\/www.ufcw.org\/es\/\",\"name\":\"The United Food &amp; Commercial Workers International Union\",\"description\":\"Official website of the United Food and Commercial Workers International Union\",\"publisher\":{\"@id\":\"https:\/\/www.ufcw.org\/es\/#organization\"},\"potentialAction\":[{\"@type\":\"SearchAction\",\"target\":{\"@type\":\"EntryPoint\",\"urlTemplate\":\"https:\/\/www.ufcw.org\/es\/?s={search_term_string}\"},\"query-input\":{\"@type\":\"PropertyValueSpecification\",\"valueRequired\":true,\"valueName\":\"search_term_string\"}}],\"inLanguage\":\"es-ES\"},{\"@type\":\"Organization\",\"@id\":\"https:\/\/www.ufcw.org\/es\/#organization\",\"name\":\"United Food and Commercial Workers International Union\",\"url\":\"https:\/\/www.ufcw.org\/es\/\",\"logo\":{\"@type\":\"ImageObject\",\"inLanguage\":\"es-ES\",\"@id\":\"https:\/\/www.ufcw.org\/es\/#\/schema\/logo\/image\/\",\"url\":\"https:\/\/www.ufcw.org\/wp-content\/blogs.dir\/61\/files\/2021\/02\/UFCW-Americas-Food-and-Retail-Union-2-color.png\",\"contentUrl\":\"https:\/\/www.ufcw.org\/wp-content\/blogs.dir\/61\/files\/2021\/02\/UFCW-Americas-Food-and-Retail-Union-2-color.png\",\"width\":415,\"height\":198,\"caption\":\"United Food and Commercial Workers International Union\"},\"image\":{\"@id\":\"https:\/\/www.ufcw.org\/es\/#\/schema\/logo\/image\/\"}}]}<\/script>\n<!-- \/ Yoast SEO plugin. -->","yoast_head_json":{"title":"Programa universitario con descuento de la UFCW - The United Food &amp; Commercial Workers International Union","robots":{"index":"index","follow":"follow","max-snippet":"max-snippet:-1","max-image-preview":"max-image-preview:large","max-video-preview":"max-video-preview:-1"},"canonical":"https:\/\/www.ufcw.org\/es\/programa-universitario-con-descuento-de-la-ufcw\/","og_locale":"es_ES","og_type":"article","og_title":"Programa universitario con descuento de la UFCW - The United Food &amp; Commercial Workers International Union","og_description":"Ya sea que est\u00e9 buscando opciones de t\u00edtulos asequibles para los miembros de su familia o desee continuar su propia educaci\u00f3n, el programa universitario con descuento de la UFCW le brinda una forma asequible y flexible de obtener su t\u00edtulo. Todas las clases son en l\u00ednea y puede asistir a tiempo parcial o completo seg\u00fan [&hellip;]","og_url":"https:\/\/www.ufcw.org\/es\/programa-universitario-con-descuento-de-la-ufcw\/","og_site_name":"The United Food &amp; Commercial Workers International Union","article_modified_time":"2024-12-16T18:57:39+00:00","og_image":[{"width":8983,"height":4501,"url":"https:\/\/www.ufcw.org\/wp-content\/blogs.dir\/61\/files\/2023\/07\/Discount-College-Web-Assets-04.png","type":"image\/png"}],"twitter_card":"summary_large_image","twitter_misc":{"Est. reading time":"3 minutes"},"schema":{"@context":"https:\/\/schema.org","@graph":[{"@type":"WebPage","@id":"https:\/\/www.ufcw.org\/es\/programa-universitario-con-descuento-de-la-ufcw\/","url":"https:\/\/www.ufcw.org\/es\/programa-universitario-con-descuento-de-la-ufcw\/","name":"Programa universitario con descuento de la UFCW - The United Food &amp; Commercial Workers International Union","isPartOf":{"@id":"https:\/\/www.ufcw.org\/es\/#website"},"primaryImageOfPage":{"@id":"https:\/\/www.ufcw.org\/es\/programa-universitario-con-descuento-de-la-ufcw\/#primaryimage"},"image":{"@id":"https:\/\/www.ufcw.org\/es\/programa-universitario-con-descuento-de-la-ufcw\/#primaryimage"},"thumbnailUrl":"https:\/\/www.ufcw.org\/wp-content\/blogs.dir\/61\/files\/2023\/07\/Discount-College-Web-Assets-04.png","datePublished":"2023-07-20T16:00:53+00:00","dateModified":"2024-12-16T18:57:39+00:00","breadcrumb":{"@id":"https:\/\/www.ufcw.org\/es\/programa-universitario-con-descuento-de-la-ufcw\/#breadcrumb"},"inLanguage":"es-ES","potentialAction":[{"@type":"ReadAction","target":["https:\/\/www.ufcw.org\/es\/programa-universitario-con-descuento-de-la-ufcw\/"]}]},{"@type":"ImageObject","inLanguage":"es-ES","@id":"https:\/\/www.ufcw.org\/es\/programa-universitario-con-descuento-de-la-ufcw\/#primaryimage","url":"https:\/\/www.ufcw.org\/wp-content\/blogs.dir\/61\/files\/2023\/07\/Discount-College-Web-Assets-04.png","contentUrl":"https:\/\/www.ufcw.org\/wp-content\/blogs.dir\/61\/files\/2023\/07\/Discount-College-Web-Assets-04.png","width":8983,"height":4501},{"@type":"BreadcrumbList","@id":"https:\/\/www.ufcw.org\/es\/programa-universitario-con-descuento-de-la-ufcw\/#breadcrumb","itemListElement":[{"@type":"ListItem","position":1,"name":"Home","item":"https:\/\/www.ufcw.org\/es\/"},{"@type":"ListItem","position":2,"name":"Programa universitario con descuento de la UFCW"}]},{"@type":"WebSite","@id":"https:\/\/www.ufcw.org\/es\/#website","url":"https:\/\/www.ufcw.org\/es\/","name":"The United Food &amp; Commercial Workers International Union","description":"Official website of the United Food and Commercial Workers International Union","publisher":{"@id":"https:\/\/www.ufcw.org\/es\/#organization"},"potentialAction":[{"@type":"SearchAction","target":{"@type":"EntryPoint","urlTemplate":"https:\/\/www.ufcw.org\/es\/?s={search_term_string}"},"query-input":{"@type":"PropertyValueSpecification","valueRequired":true,"valueName":"search_term_string"}}],"inLanguage":"es-ES"},{"@type":"Organization","@id":"https:\/\/www.ufcw.org\/es\/#organization","name":"United Food and Commercial Workers International Union","url":"https:\/\/www.ufcw.org\/es\/","logo":{"@type":"ImageObject","inLanguage":"es-ES","@id":"https:\/\/www.ufcw.org\/es\/#\/schema\/logo\/image\/","url":"https:\/\/www.ufcw.org\/wp-content\/blogs.dir\/61\/files\/2021\/02\/UFCW-Americas-Food-and-Retail-Union-2-color.png","contentUrl":"https:\/\/www.ufcw.org\/wp-content\/blogs.dir\/61\/files\/2021\/02\/UFCW-Americas-Food-and-Retail-Union-2-color.png","width":415,"height":198,"caption":"United Food and Commercial Workers International Union"},"image":{"@id":"https:\/\/www.ufcw.org\/es\/#\/schema\/logo\/image\/"}}]}},"_links":{"self":[{"href":"https:\/\/www.ufcw.org\/es\/wp-json\/wp\/v2\/pages\/60766","targetHints":{"allow":["GET"]}}],"collection":[{"href":"https:\/\/www.ufcw.org\/es\/wp-json\/wp\/v2\/pages"}],"about":[{"href":"https:\/\/www.ufcw.org\/es\/wp-json\/wp\/v2\/types\/page"}],"author":[{"embeddable":true,"href":"https:\/\/www.ufcw.org\/es\/wp-json\/wp\/v2\/users\/426"}],"replies":[{"embeddable":true,"href":"https:\/\/www.ufcw.org\/es\/wp-json\/wp\/v2\/comments?post=60766"}],"version-history":[{"count":1,"href":"https:\/\/www.ufcw.org\/es\/wp-json\/wp\/v2\/pages\/60766\/revisions"}],"predecessor-version":[{"id":60767,"href":"https:\/\/www.ufcw.org\/es\/wp-json\/wp\/v2\/pages\/60766\/revisions\/60767"}],"wp:featuredmedia":[{"embeddable":true,"href":"https:\/\/www.ufcw.org\/es\/wp-json\/wp\/v2\/media\/60261"}],"wp:attachment":[{"href":"https:\/\/www.ufcw.org\/es\/wp-json\/wp\/v2\/media?parent=60766"}],"curies":[{"name":"wp","href":"https:\/\/api.w.org\/{rel}","templated":true}]}}