{"id":60764,"date":"2020-09-10T03:53:57","date_gmt":"2020-09-10T07:53:57","guid":{"rendered":"https:\/\/www.ufcw.org\/?page_id=60764"},"modified":"2024-12-16T18:51:24","modified_gmt":"2024-12-16T18:51:24","slug":"beneficios-educativos","status":"publish","type":"page","link":"https:\/\/www.ufcw.org\/es\/para-miembros\/beneficios-educativos\/","title":{"rendered":"Beneficios educativos"},"content":{"rendered":"<div class=\"tw-max-w-217 tw-m-auto tw-px-6 rich-text contained-block\" data-module=\"paragraph\">\n<p>Adem\u00e1s de las protecciones que ofrece tener un contrato de la uni\u00f3n, la membres\u00eda de la UFCW tambi\u00e9n incluye el acceso a una amplia gama de beneficios educativos. Ya sea que est\u00e9 buscando un t\u00edtulo, mejorando sus habilidades para la vida o dominando un nuevo idioma, estamos aqu\u00ed para ayudarlo en cada paso del camino.<\/p>\n<\/div>\n\n<div class=\"tw-max-w-217 tw-m-auto tw-px-6 rich-text contained-block\" data-module=\"heading\">\n<h2 class=\"wp-block-heading\">Programas con derecho a t\u00edtulo<\/h2>\n<\/div>\n\n<div class=\"tw-max-w-217 tw-m-auto tw-px-6 rich-text contained-block\" data-module=\"heading\">\n<h4 class=\"wp-block-heading\">Obtenga su GED<\/h4>\n<\/div>\n\n<div class=\"tw-max-w-217 tw-m-auto tw-px-6 rich-text contained-block\" data-module=\"paragraph\">\n<p>Con este programa especialmente dise\u00f1ado, los miembros de la UFCW podr\u00e1n obtener su diploma de equivalencia general (GED, por sus siglas en ingl\u00e9s) a su propio ritmo y en su tiempo libre. Incluso puede tomar clases desde su tel\u00e9fono. Las clases est\u00e1n disponibles en ingl\u00e9s y espa\u00f1ol.<\/p>\n<\/div>\n\n<div class=\"tw-max-w-217 tw-m-auto tw-px-6 rich-text contained-block\" data-module=\"paragraph\">\n<p><a href=\"https:\/\/www.ufcw.org\/ged\">Obtenga m\u00e1s informaci\u00f3n sobre nuestro programa de GED.<\/a><\/p>\n<\/div>\n\n<div class=\"tw-max-w-217 tw-m-auto tw-px-6 rich-text contained-block\" data-module=\"heading\">\n<h4 class=\"wp-block-heading\">Programa universitario con descuento de la UFCW<\/h4>\n<\/div>\n\n<div class=\"tw-max-w-217 tw-m-auto tw-px-6 rich-text contained-block\" data-module=\"paragraph\">\n<p>La UFCW lanzar\u00e1 un nuevo beneficio universitario que podr\u00e1 ofrecer descuentos significativos en las tasas de matr\u00edcula a los miembros de la UFCW y sus familias.&nbsp; Los participantes elegir\u00e1n entre una serie de universidades y programas con derecho a t\u00edtulo participantes, que van desde certificados hasta t\u00edtulos de asociado, licenciaturas y maestr\u00edas.<\/p>\n<\/div>\n\n<div class=\"tw-max-w-217 tw-m-auto tw-px-6 rich-text contained-block\" data-module=\"paragraph\">\n<p><a href=\"https:\/\/www.ufcw.org\/ufcw-discount-college-program\/\">Obtenga m\u00e1s informaci\u00f3n sobre el programa universitario con descuento de la UFCW.<\/a><\/p>\n<\/div>\n\n<div class=\"tw-max-w-217 tw-m-auto tw-px-6 rich-text contained-block\" data-module=\"heading\">\n<h2 class=\"wp-block-heading\">Educaci\u00f3n continua<\/h2>\n<\/div>\n\n<div class=\"tw-max-w-217 tw-m-auto tw-px-6 rich-text contained-block\" data-module=\"heading\">\n<h4 class=\"wp-block-heading\">\u00a0Aprenda un nuevo idioma<\/h4>\n<\/div>\n\n<div class=\"tw-max-w-217 tw-m-auto tw-px-6 rich-text contained-block\" data-module=\"paragraph\">\n<p>Los miembros de la UFCW pueden aprender un idioma extranjero en l\u00ednea de forma gratuita, como espa\u00f1ol, franc\u00e9s, alem\u00e1n, ingl\u00e9s, japon\u00e9s y \u00a1otros m\u00e1s de 70 idiomas! La inscripci\u00f3n trimestral en este programa se realiza por orden de llegada.<\/p>\n<\/div>\n\n<div class=\"tw-max-w-217 tw-m-auto tw-px-6 rich-text contained-block\" data-module=\"paragraph\">\n<p><a href=\"https:\/\/www.ufcw.org\/language\">Obtenga m\u00e1s informaci\u00f3n sobre nuestro programa gratuito de idiomas extranjeros aqu\u00ed.<\/a><\/p>\n<\/div>\n\n<div class=\"tw-max-w-217 tw-m-auto tw-px-6 rich-text contained-block\" data-module=\"heading\">\n<h4 class=\"wp-block-heading\">Cursos de fundamentos de trabajo<\/h4>\n<\/div>\n\n<div class=\"tw-max-w-217 tw-m-auto tw-px-6 rich-text contained-block\" data-module=\"paragraph\">\n<p>Los miembros de la UFCW pueden mejorar sus habilidades con los programas de fundamentos de trabajo. Obtenga los conocimientos que lo ayudar\u00e1n a avanzar en su carrera. Ampl\u00ede sus habilidades y logre objetivos profesionales personales, como obtener un ascenso o convertirse en un experto en un campo determinado.<\/p>\n<\/div>\n\n<div class=\"tw-max-w-217 tw-m-auto tw-px-6 rich-text contained-block\" data-module=\"paragraph\">\n<p>Los cursos que se ofrecen actualmente son:<\/p>\n<\/div>\n\n<div class=\"tw-max-w-217 tw-m-auto tw-px-6 rich-text contained-block\" data-module=\"list\">\n<ul class=\"wp-block-list\"><div class=\"tw-max-w-217 tw-m-auto tw-px-6 rich-text contained-block\" data-module=\"list-item\">\n<li>Fundamentos de trabajo<\/li>\n<\/div>\n\n<div class=\"tw-max-w-217 tw-m-auto tw-px-6 rich-text contained-block\" data-module=\"list-item\">\n<li>Conceptos b\u00e1sicos de inform\u00e1tica<\/li>\n<\/div>\n\n<div class=\"tw-max-w-217 tw-m-auto tw-px-6 rich-text contained-block\" data-module=\"list-item\">\n<li>Fundamentos del dinero<\/li>\n<\/div><\/ul>\n<\/div>\n\n<div class=\"tw-max-w-217 tw-m-auto tw-px-6 rich-text contained-block\" data-module=\"paragraph\">\n<p><a href=\"https:\/\/www.ufcw.org\/workforce-essential-courses-for-ufcw-members\/\">Desafortunadamente, en este momento, estas clases solo est\u00e1n disponibles en ingl\u00e9s, pero puede obtener m\u00e1s informaci\u00f3n aqu\u00ed.<\/a><\/p>\n<\/div>\n\n<div class=\"tw-max-w-217 tw-m-auto tw-px-6 rich-text contained-block\" data-module=\"heading\">\n<h2 class=\"wp-block-heading\">Oportunidades de becas<\/h2>\n<\/div>\n\n<div class=\"tw-max-w-217 tw-m-auto tw-px-6 rich-text contained-block\" data-module=\"heading\">\n<h4 class=\"wp-block-heading\">Beca de la Fundaci\u00f3n Ben\u00e9fica Internacional de la UFCW<\/h4>\n<\/div>\n\n<div class=\"tw-max-w-217 tw-m-auto tw-px-6 rich-text contained-block\" data-module=\"paragraph\">\n<p>Todos los a\u00f1os, la Fundaci\u00f3n Ben\u00e9fica de la UFCW ofrece becas a los miembros o a sus familiares inmediatos que desean continuar su educaci\u00f3n y demostrar un compromiso con sus comunidades y con los valores de la UFCW.&nbsp; Desde 1958, el fondo ha distribuido m\u00e1s de $2 millones en becas.<\/p>\n<\/div>\n\n<div class=\"tw-max-w-217 tw-m-auto tw-px-6 rich-text contained-block\" data-module=\"paragraph\">\n<p><a href=\"https:\/\/ufcwcharityfoundation.org\/scholarship\/\">Obtenga m\u00e1s informaci\u00f3n sobre la beca internacional de la UFCW<\/a> (la p\u00e1gina solo est\u00e1 disponible en ingl\u00e9s)<\/p>\n<\/div>\n\n<div class=\"tw-max-w-217 tw-m-auto tw-px-6 rich-text contained-block\" data-module=\"heading\">\n<h4 class=\"wp-block-heading\">Beca Union Plus<\/h4>\n<\/div>\n\n<div class=\"tw-max-w-217 tw-m-auto tw-px-6 rich-text contained-block\" data-module=\"paragraph\">\n<p>El Programa de Becas Union Plus otorga becas basadas en el rendimiento acad\u00e9mico sobresaliente, el car\u00e1cter personal, la necesidad financiera y el compromiso con los valores del trabajo organizado. El programa se ofrece a trav\u00e9s de la Fundaci\u00f3n Educativa Union Plus.<\/p>\n<\/div>\n\n<div class=\"tw-max-w-217 tw-m-auto tw-px-6 rich-text contained-block\" data-module=\"paragraph\">\n<p>Las becas Union Plus se otorgan a estudiantes que asisten a una universidad de dos a\u00f1os, una universidad de cuatro a\u00f1os, una escuela de posgrado o una escuela t\u00e9cnica o profesional reconocida.<\/p>\n<\/div>\n\n<div class=\"tw-max-w-217 tw-m-auto tw-px-6 rich-text contained-block\" data-module=\"paragraph\">\n<p><a href=\"https:\/\/www.unionplus.org\/benefits\/education\/union-plus-scholarships\">Obtenga m\u00e1s informaci\u00f3n sobre el programa de becas Union Plus<\/a> (la p\u00e1gina solo est\u00e1 disponible en ingl\u00e9s)<\/p>\n<\/div>\n\n<div class=\"tw-max-w-217 tw-m-auto tw-px-6 rich-text contained-block\" data-module=\"heading\">\n<h4 class=\"wp-block-heading\">H\u00e1gase miembro de su uni\u00f3n local<\/h4>\n<\/div>\n\n<div class=\"tw-max-w-217 tw-m-auto tw-px-6 rich-text contained-block\" data-module=\"paragraph\">\n<p>Su uni\u00f3n local puede ofrecer otras becas u oportunidades educativas que solo est\u00e1n disponibles para los miembros de la UFCW de su uni\u00f3n local. Para que no se pierda nada, aseg\u00farese de pedirle al representante de su uni\u00f3n informaci\u00f3n sobre los programas educativos, la asistencia financiera o la capacitaci\u00f3n disponible.<\/p>\n<\/div>\n\n<div class=\"tw-max-w-217 tw-m-auto tw-px-6 rich-text contained-block\" data-module=\"paragraph\">\n<p><a href=\"https:\/\/www.ufcw.org\/members\/find-your-local\">Encuentre su uni\u00f3n local aqu\u00ed.<\/a><\/p>\n<\/div>","protected":false},"excerpt":{"rendered":"<p>Adem\u00e1s de las protecciones que ofrece tener un contrato de la uni\u00f3n, la membres\u00eda de la UFCW tambi\u00e9n incluye el acceso a una amplia gama de beneficios educativos. Ya sea que est\u00e9 buscando un t\u00edtulo, mejorando sus habilidades para la vida o dominando un nuevo idioma, estamos aqu\u00ed para ayudarlo en cada paso del camino. [&hellip;]<\/p>\n","protected":false},"author":426,"featured_media":0,"parent":60745,"menu_order":4,"comment_status":"closed","ping_status":"closed","template":"","meta":{"_acf_changed":false,"footnotes":"","_links_to":"","_links_to_target":""},"class_list":["post-60764","page","type-page","status-publish","hentry"],"acf":[],"yoast_head":"<!-- This site is optimized with the Yoast SEO plugin v27.1.1 - https:\/\/yoast.com\/product\/yoast-seo-wordpress\/ -->\n<title>Beneficios educativos - The United Food &amp; Commercial Workers International Union<\/title>\n<meta name=\"robots\" content=\"index, follow, max-snippet:-1, max-image-preview:large, max-video-preview:-1\" \/>\n<link rel=\"canonical\" href=\"https:\/\/www.ufcw.org\/es\/para-miembros\/beneficios-educativos\/\" \/>\n<meta property=\"og:locale\" content=\"es_ES\" \/>\n<meta property=\"og:type\" content=\"article\" \/>\n<meta property=\"og:title\" content=\"Beneficios educativos - The United Food &amp; Commercial Workers International Union\" \/>\n<meta property=\"og:description\" content=\"Adem\u00e1s de las protecciones que ofrece tener un contrato de la uni\u00f3n, la membres\u00eda de la UFCW tambi\u00e9n incluye el acceso a una amplia gama de beneficios educativos. Ya sea que est\u00e9 buscando un t\u00edtulo, mejorando sus habilidades para la vida o dominando un nuevo idioma, estamos aqu\u00ed para ayudarlo en cada paso del camino. [&hellip;]\" \/>\n<meta property=\"og:url\" content=\"https:\/\/www.ufcw.org\/es\/para-miembros\/beneficios-educativos\/\" \/>\n<meta property=\"og:site_name\" content=\"The United Food &amp; Commercial Workers International Union\" \/>\n<meta property=\"article:modified_time\" content=\"2024-12-16T18:51:24+00:00\" \/>\n<meta name=\"twitter:card\" content=\"summary_large_image\" \/>\n<meta name=\"twitter:label1\" content=\"Est. reading time\" \/>\n\t<meta name=\"twitter:data1\" content=\"3 minutes\" \/>\n<script type=\"application\/ld+json\" class=\"yoast-schema-graph\">{\"@context\":\"https:\/\/schema.org\",\"@graph\":[{\"@type\":\"WebPage\",\"@id\":\"https:\/\/www.ufcw.org\/es\/para-miembros\/beneficios-educativos\/\",\"url\":\"https:\/\/www.ufcw.org\/es\/para-miembros\/beneficios-educativos\/\",\"name\":\"Beneficios educativos - The United Food &amp; Commercial Workers International Union\",\"isPartOf\":{\"@id\":\"https:\/\/www.ufcw.org\/es\/#website\"},\"datePublished\":\"2020-09-10T07:53:57+00:00\",\"dateModified\":\"2024-12-16T18:51:24+00:00\",\"breadcrumb\":{\"@id\":\"https:\/\/www.ufcw.org\/es\/para-miembros\/beneficios-educativos\/#breadcrumb\"},\"inLanguage\":\"es-ES\",\"potentialAction\":[{\"@type\":\"ReadAction\",\"target\":[\"https:\/\/www.ufcw.org\/es\/para-miembros\/beneficios-educativos\/\"]}]},{\"@type\":\"BreadcrumbList\",\"@id\":\"https:\/\/www.ufcw.org\/es\/para-miembros\/beneficios-educativos\/#breadcrumb\",\"itemListElement\":[{\"@type\":\"ListItem\",\"position\":1,\"name\":\"Home\",\"item\":\"https:\/\/www.ufcw.org\/es\/\"},{\"@type\":\"ListItem\",\"position\":2,\"name\":\"Para miembros\",\"item\":\"https:\/\/www.ufcw.org\/es\/para-miembros\/\"},{\"@type\":\"ListItem\",\"position\":3,\"name\":\"Beneficios educativos\"}]},{\"@type\":\"WebSite\",\"@id\":\"https:\/\/www.ufcw.org\/es\/#website\",\"url\":\"https:\/\/www.ufcw.org\/es\/\",\"name\":\"The United Food &amp; Commercial Workers International Union\",\"description\":\"Official website of the United Food and Commercial Workers International Union\",\"publisher\":{\"@id\":\"https:\/\/www.ufcw.org\/es\/#organization\"},\"potentialAction\":[{\"@type\":\"SearchAction\",\"target\":{\"@type\":\"EntryPoint\",\"urlTemplate\":\"https:\/\/www.ufcw.org\/es\/?s={search_term_string}\"},\"query-input\":{\"@type\":\"PropertyValueSpecification\",\"valueRequired\":true,\"valueName\":\"search_term_string\"}}],\"inLanguage\":\"es-ES\"},{\"@type\":\"Organization\",\"@id\":\"https:\/\/www.ufcw.org\/es\/#organization\",\"name\":\"United Food and Commercial Workers International Union\",\"url\":\"https:\/\/www.ufcw.org\/es\/\",\"logo\":{\"@type\":\"ImageObject\",\"inLanguage\":\"es-ES\",\"@id\":\"https:\/\/www.ufcw.org\/es\/#\/schema\/logo\/image\/\",\"url\":\"https:\/\/www.ufcw.org\/wp-content\/blogs.dir\/61\/files\/2021\/02\/UFCW-Americas-Food-and-Retail-Union-2-color.png\",\"contentUrl\":\"https:\/\/www.ufcw.org\/wp-content\/blogs.dir\/61\/files\/2021\/02\/UFCW-Americas-Food-and-Retail-Union-2-color.png\",\"width\":415,\"height\":198,\"caption\":\"United Food and Commercial Workers International Union\"},\"image\":{\"@id\":\"https:\/\/www.ufcw.org\/es\/#\/schema\/logo\/image\/\"}}]}<\/script>\n<!-- \/ Yoast SEO plugin. -->","yoast_head_json":{"title":"Beneficios educativos - The United Food &amp; Commercial Workers International Union","robots":{"index":"index","follow":"follow","max-snippet":"max-snippet:-1","max-image-preview":"max-image-preview:large","max-video-preview":"max-video-preview:-1"},"canonical":"https:\/\/www.ufcw.org\/es\/para-miembros\/beneficios-educativos\/","og_locale":"es_ES","og_type":"article","og_title":"Beneficios educativos - The United Food &amp; Commercial Workers International Union","og_description":"Adem\u00e1s de las protecciones que ofrece tener un contrato de la uni\u00f3n, la membres\u00eda de la UFCW tambi\u00e9n incluye el acceso a una amplia gama de beneficios educativos. Ya sea que est\u00e9 buscando un t\u00edtulo, mejorando sus habilidades para la vida o dominando un nuevo idioma, estamos aqu\u00ed para ayudarlo en cada paso del camino. [&hellip;]","og_url":"https:\/\/www.ufcw.org\/es\/para-miembros\/beneficios-educativos\/","og_site_name":"The United Food &amp; Commercial Workers International Union","article_modified_time":"2024-12-16T18:51:24+00:00","twitter_card":"summary_large_image","twitter_misc":{"Est. reading time":"3 minutes"},"schema":{"@context":"https:\/\/schema.org","@graph":[{"@type":"WebPage","@id":"https:\/\/www.ufcw.org\/es\/para-miembros\/beneficios-educativos\/","url":"https:\/\/www.ufcw.org\/es\/para-miembros\/beneficios-educativos\/","name":"Beneficios educativos - The United Food &amp; Commercial Workers International Union","isPartOf":{"@id":"https:\/\/www.ufcw.org\/es\/#website"},"datePublished":"2020-09-10T07:53:57+00:00","dateModified":"2024-12-16T18:51:24+00:00","breadcrumb":{"@id":"https:\/\/www.ufcw.org\/es\/para-miembros\/beneficios-educativos\/#breadcrumb"},"inLanguage":"es-ES","potentialAction":[{"@type":"ReadAction","target":["https:\/\/www.ufcw.org\/es\/para-miembros\/beneficios-educativos\/"]}]},{"@type":"BreadcrumbList","@id":"https:\/\/www.ufcw.org\/es\/para-miembros\/beneficios-educativos\/#breadcrumb","itemListElement":[{"@type":"ListItem","position":1,"name":"Home","item":"https:\/\/www.ufcw.org\/es\/"},{"@type":"ListItem","position":2,"name":"Para miembros","item":"https:\/\/www.ufcw.org\/es\/para-miembros\/"},{"@type":"ListItem","position":3,"name":"Beneficios educativos"}]},{"@type":"WebSite","@id":"https:\/\/www.ufcw.org\/es\/#website","url":"https:\/\/www.ufcw.org\/es\/","name":"The United Food &amp; Commercial Workers International Union","description":"Official website of the United Food and Commercial Workers International Union","publisher":{"@id":"https:\/\/www.ufcw.org\/es\/#organization"},"potentialAction":[{"@type":"SearchAction","target":{"@type":"EntryPoint","urlTemplate":"https:\/\/www.ufcw.org\/es\/?s={search_term_string}"},"query-input":{"@type":"PropertyValueSpecification","valueRequired":true,"valueName":"search_term_string"}}],"inLanguage":"es-ES"},{"@type":"Organization","@id":"https:\/\/www.ufcw.org\/es\/#organization","name":"United Food and Commercial Workers International Union","url":"https:\/\/www.ufcw.org\/es\/","logo":{"@type":"ImageObject","inLanguage":"es-ES","@id":"https:\/\/www.ufcw.org\/es\/#\/schema\/logo\/image\/","url":"https:\/\/www.ufcw.org\/wp-content\/blogs.dir\/61\/files\/2021\/02\/UFCW-Americas-Food-and-Retail-Union-2-color.png","contentUrl":"https:\/\/www.ufcw.org\/wp-content\/blogs.dir\/61\/files\/2021\/02\/UFCW-Americas-Food-and-Retail-Union-2-color.png","width":415,"height":198,"caption":"United Food and Commercial Workers International Union"},"image":{"@id":"https:\/\/www.ufcw.org\/es\/#\/schema\/logo\/image\/"}}]}},"_links":{"self":[{"href":"https:\/\/www.ufcw.org\/es\/wp-json\/wp\/v2\/pages\/60764","targetHints":{"allow":["GET"]}}],"collection":[{"href":"https:\/\/www.ufcw.org\/es\/wp-json\/wp\/v2\/pages"}],"about":[{"href":"https:\/\/www.ufcw.org\/es\/wp-json\/wp\/v2\/types\/page"}],"author":[{"embeddable":true,"href":"https:\/\/www.ufcw.org\/es\/wp-json\/wp\/v2\/users\/426"}],"replies":[{"embeddable":true,"href":"https:\/\/www.ufcw.org\/es\/wp-json\/wp\/v2\/comments?post=60764"}],"version-history":[{"count":1,"href":"https:\/\/www.ufcw.org\/es\/wp-json\/wp\/v2\/pages\/60764\/revisions"}],"predecessor-version":[{"id":60765,"href":"https:\/\/www.ufcw.org\/es\/wp-json\/wp\/v2\/pages\/60764\/revisions\/60765"}],"up":[{"embeddable":true,"href":"https:\/\/www.ufcw.org\/es\/wp-json\/wp\/v2\/pages\/60745"}],"wp:attachment":[{"href":"https:\/\/www.ufcw.org\/es\/wp-json\/wp\/v2\/media?parent=60764"}],"curies":[{"name":"wp","href":"https:\/\/api.w.org\/{rel}","templated":true}]}}