{"id":60762,"date":"2017-02-01T16:06:32","date_gmt":"2017-02-01T21:06:32","guid":{"rendered":"https:\/\/www.ufcw.org\/?page_id=60762"},"modified":"2024-12-16T18:43:47","modified_gmt":"2024-12-16T18:43:47","slug":"participe","status":"publish","type":"page","link":"https:\/\/www.ufcw.org\/es\/para-miembros\/participe\/","title":{"rendered":"Participe"},"content":{"rendered":"<div class=\"tw-max-w-217 tw-m-auto tw-px-6 rich-text contained-block\" data-module=\"paragraph\">\n<p>Como miembro de la UFCW, hay muchas maneras de participar en su lugar de trabajo y en su uni\u00f3n. Participar le permite unirse a sus compa\u00f1eros de trabajo y generar cambios para usted, as\u00ed como para sus compa\u00f1eros de trabajo, clientes y comunidad.<\/p>\n<\/div>\n\n<div class=\"tw-max-w-217 tw-m-auto tw-px-6 rich-text contained-block\" data-module=\"heading\">\n<h3 class=\"wp-block-heading\">Asista a una reuni\u00f3n<\/h3>\n<\/div>\n\n<div class=\"tw-max-w-217 tw-m-auto tw-px-6 rich-text contained-block\" data-module=\"paragraph\">\n<p>Las uniones locales de la UFCW realizan reuniones peri\u00f3dicas de membres\u00eda. Si es nuevo en la uni\u00f3n o ha sido miembro durante un tiempo y est\u00e1 buscando maneras de involucrarse m\u00e1s, asistir a una reuni\u00f3n es una excelente manera de conocer a otros miembros de la UFCW en su \u00e1rea y a los l\u00edderes de su uni\u00f3n local. Para saber cu\u00e1ndo es la pr\u00f3xima reuni\u00f3n en su \u00e1rea, consulte el sitio web de su uni\u00f3n local o llame a la <a href=\"https:\/\/www.ufcw.org\/members\/find-your-local\/\">oficina de su uni\u00f3n local<\/a>.<\/p>\n<\/div>\n\n<div class=\"tw-max-w-217 tw-m-auto tw-px-6 rich-text contained-block\" data-module=\"heading\">\n<h3 class=\"wp-block-heading\">Defienda las leyes que favorezcan a los trabajadores<\/h3>\n<\/div>\n\n<div class=\"tw-max-w-217 tw-m-auto tw-px-6 rich-text contained-block\" data-module=\"paragraph\">\n<p>Los miembros de la UFCW tienen la posibilidad de hablar con sus representantes electos sobre cuestiones legislativas y reglamentarias que mejorar\u00e1n sus vidas todos los d\u00edas. Cuando unimos nuestras voces, hacemos que el gobierno funcione mejor para los trabajadores. Exigimos que los representantes electos apoyen a los trabajadores y hagan que los pol\u00edticos rindan cuentas en la C\u00e1mara de Representantes, la mansi\u00f3n del gobernador, el Congreso y las urnas.<\/p>\n<\/div>\n\n<div class=\"tw-max-w-217 tw-m-auto tw-px-6 rich-text contained-block\" data-module=\"heading\">\n<h3 class=\"wp-block-heading\">Consiga votos<\/h3>\n<\/div>\n\n<div class=\"tw-max-w-217 tw-m-auto tw-px-6 rich-text contained-block\" data-module=\"paragraph\">\n<p>Todos los miembros de la UFCW son elegibles para unirse al Active Ballot Club (ABC), el comit\u00e9 de acci\u00f3n pol\u00edtica de la UFCW. El ABC es el motor que moviliza a los miembros de la UFCW para defender las cuestiones que mejoran sus vidas. Desde hacer que los miembros de la uni\u00f3n voten hasta presionar para que se promulgue una legislaci\u00f3n favorable a los trabajadores y apoyar a los l\u00edderes electos que representen los intereses de los trabajadores, cada d\u00f3lar ayuda a garantizar que las leyes aprobadas en todos los niveles del gobierno ayuden a las familias trabajadoras a disfrutar una mayor estabilidad econ\u00f3mica.<\/p>\n<\/div>\n\n<div class=\"tw-max-w-217 tw-m-auto tw-px-6 rich-text contained-block\" data-module=\"paragraph\">\n<p>Para obtener m\u00e1s informaci\u00f3n sobre c\u00f3mo puede participar en el ABC, <a href=\"https:\/\/www.ufcw.org\/members-2\/find-your-local\/\">p\u00f3ngase en contacto con la oficina de la uni\u00f3n local<\/a>.<\/p>\n<\/div>\n\n<div class=\"tw-max-w-217 tw-m-auto tw-px-6 rich-text contained-block\" data-module=\"heading\">\n<h3 class=\"wp-block-heading\">Participe en el servicio comunitario<\/h3>\n<\/div>\n\n<div class=\"tw-max-w-217 tw-m-auto tw-px-6 rich-text contained-block\" data-module=\"paragraph\">\n<p>La diferencia entre la UFCW va m\u00e1s all\u00e1 del lugar de trabajo.&nbsp; Como uni\u00f3n alimentaria de los Estados Unidos, la UFCW ha trabajado con una coalici\u00f3n diversa de socios para abordar la crisis alimentaria en nuestras comunidades. Somos patrocinadores nacionales de la campa\u00f1a anual de donaci\u00f3n de alimentos para acabar con el hambre <a href=\"https:\/\/www.nalc.org\/community-service\/food-drive\">Stamp Out Hunger<\/a> de la Asociaci\u00f3n Nacional de Carteros, que es la mayor campa\u00f1a de recolecci\u00f3n de alimentos de un solo d\u00eda de los Estados Unidos, que recolecta m\u00e1s de 80 millones de libras de alimentos cada a\u00f1o. Comun\u00edquese con su uni\u00f3n local para ver c\u00f3mo puede ayudar.<\/p>\n<\/div>","protected":false},"excerpt":{"rendered":"<p>Como miembro de la UFCW, hay muchas maneras de participar en su lugar de trabajo y en su uni\u00f3n. Participar le permite unirse a sus compa\u00f1eros de trabajo y generar cambios para usted, as\u00ed como para sus compa\u00f1eros de trabajo, clientes y comunidad. Asista a una reuni\u00f3n Las uniones locales de la UFCW realizan reuniones [&hellip;]<\/p>\n","protected":false},"author":426,"featured_media":0,"parent":60745,"menu_order":6,"comment_status":"closed","ping_status":"closed","template":"","meta":{"_acf_changed":false,"footnotes":"","_links_to":"","_links_to_target":""},"class_list":["post-60762","page","type-page","status-publish","hentry"],"acf":[],"yoast_head":"<!-- This site is optimized with the Yoast SEO plugin v27.1.1 - https:\/\/yoast.com\/product\/yoast-seo-wordpress\/ -->\n<title>Participe - The United Food &amp; Commercial Workers International Union<\/title>\n<meta name=\"robots\" content=\"index, follow, max-snippet:-1, max-image-preview:large, max-video-preview:-1\" \/>\n<link rel=\"canonical\" href=\"https:\/\/www.ufcw.org\/es\/para-miembros\/participe\/\" \/>\n<meta property=\"og:locale\" content=\"es_ES\" \/>\n<meta property=\"og:type\" content=\"article\" \/>\n<meta property=\"og:title\" content=\"Participe - The United Food &amp; Commercial Workers International Union\" \/>\n<meta property=\"og:description\" content=\"Como miembro de la UFCW, hay muchas maneras de participar en su lugar de trabajo y en su uni\u00f3n. Participar le permite unirse a sus compa\u00f1eros de trabajo y generar cambios para usted, as\u00ed como para sus compa\u00f1eros de trabajo, clientes y comunidad. Asista a una reuni\u00f3n Las uniones locales de la UFCW realizan reuniones [&hellip;]\" \/>\n<meta property=\"og:url\" content=\"https:\/\/www.ufcw.org\/es\/para-miembros\/participe\/\" \/>\n<meta property=\"og:site_name\" content=\"The United Food &amp; Commercial Workers International Union\" \/>\n<meta property=\"article:modified_time\" content=\"2024-12-16T18:43:47+00:00\" \/>\n<meta name=\"twitter:card\" content=\"summary_large_image\" \/>\n<meta name=\"twitter:label1\" content=\"Est. reading time\" \/>\n\t<meta name=\"twitter:data1\" content=\"2 minutes\" \/>\n<script type=\"application\/ld+json\" class=\"yoast-schema-graph\">{\"@context\":\"https:\/\/schema.org\",\"@graph\":[{\"@type\":\"WebPage\",\"@id\":\"https:\/\/www.ufcw.org\/es\/para-miembros\/participe\/\",\"url\":\"https:\/\/www.ufcw.org\/es\/para-miembros\/participe\/\",\"name\":\"Participe - The United Food &amp; Commercial Workers International Union\",\"isPartOf\":{\"@id\":\"https:\/\/www.ufcw.org\/es\/#website\"},\"datePublished\":\"2017-02-01T21:06:32+00:00\",\"dateModified\":\"2024-12-16T18:43:47+00:00\",\"breadcrumb\":{\"@id\":\"https:\/\/www.ufcw.org\/es\/para-miembros\/participe\/#breadcrumb\"},\"inLanguage\":\"es-ES\",\"potentialAction\":[{\"@type\":\"ReadAction\",\"target\":[\"https:\/\/www.ufcw.org\/es\/para-miembros\/participe\/\"]}]},{\"@type\":\"BreadcrumbList\",\"@id\":\"https:\/\/www.ufcw.org\/es\/para-miembros\/participe\/#breadcrumb\",\"itemListElement\":[{\"@type\":\"ListItem\",\"position\":1,\"name\":\"Home\",\"item\":\"https:\/\/www.ufcw.org\/es\/\"},{\"@type\":\"ListItem\",\"position\":2,\"name\":\"Para miembros\",\"item\":\"https:\/\/www.ufcw.org\/es\/para-miembros\/\"},{\"@type\":\"ListItem\",\"position\":3,\"name\":\"Participe\"}]},{\"@type\":\"WebSite\",\"@id\":\"https:\/\/www.ufcw.org\/es\/#website\",\"url\":\"https:\/\/www.ufcw.org\/es\/\",\"name\":\"The United Food &amp; Commercial Workers International Union\",\"description\":\"Official website of the United Food and Commercial Workers International Union\",\"publisher\":{\"@id\":\"https:\/\/www.ufcw.org\/es\/#organization\"},\"potentialAction\":[{\"@type\":\"SearchAction\",\"target\":{\"@type\":\"EntryPoint\",\"urlTemplate\":\"https:\/\/www.ufcw.org\/es\/?s={search_term_string}\"},\"query-input\":{\"@type\":\"PropertyValueSpecification\",\"valueRequired\":true,\"valueName\":\"search_term_string\"}}],\"inLanguage\":\"es-ES\"},{\"@type\":\"Organization\",\"@id\":\"https:\/\/www.ufcw.org\/es\/#organization\",\"name\":\"United Food and Commercial Workers International Union\",\"url\":\"https:\/\/www.ufcw.org\/es\/\",\"logo\":{\"@type\":\"ImageObject\",\"inLanguage\":\"es-ES\",\"@id\":\"https:\/\/www.ufcw.org\/es\/#\/schema\/logo\/image\/\",\"url\":\"https:\/\/www.ufcw.org\/wp-content\/blogs.dir\/61\/files\/2021\/02\/UFCW-Americas-Food-and-Retail-Union-2-color.png\",\"contentUrl\":\"https:\/\/www.ufcw.org\/wp-content\/blogs.dir\/61\/files\/2021\/02\/UFCW-Americas-Food-and-Retail-Union-2-color.png\",\"width\":415,\"height\":198,\"caption\":\"United Food and Commercial Workers International Union\"},\"image\":{\"@id\":\"https:\/\/www.ufcw.org\/es\/#\/schema\/logo\/image\/\"}}]}<\/script>\n<!-- \/ Yoast SEO plugin. -->","yoast_head_json":{"title":"Participe - The United Food &amp; Commercial Workers International Union","robots":{"index":"index","follow":"follow","max-snippet":"max-snippet:-1","max-image-preview":"max-image-preview:large","max-video-preview":"max-video-preview:-1"},"canonical":"https:\/\/www.ufcw.org\/es\/para-miembros\/participe\/","og_locale":"es_ES","og_type":"article","og_title":"Participe - The United Food &amp; Commercial Workers International Union","og_description":"Como miembro de la UFCW, hay muchas maneras de participar en su lugar de trabajo y en su uni\u00f3n. Participar le permite unirse a sus compa\u00f1eros de trabajo y generar cambios para usted, as\u00ed como para sus compa\u00f1eros de trabajo, clientes y comunidad. Asista a una reuni\u00f3n Las uniones locales de la UFCW realizan reuniones [&hellip;]","og_url":"https:\/\/www.ufcw.org\/es\/para-miembros\/participe\/","og_site_name":"The United Food &amp; Commercial Workers International Union","article_modified_time":"2024-12-16T18:43:47+00:00","twitter_card":"summary_large_image","twitter_misc":{"Est. reading time":"2 minutes"},"schema":{"@context":"https:\/\/schema.org","@graph":[{"@type":"WebPage","@id":"https:\/\/www.ufcw.org\/es\/para-miembros\/participe\/","url":"https:\/\/www.ufcw.org\/es\/para-miembros\/participe\/","name":"Participe - The United Food &amp; Commercial Workers International Union","isPartOf":{"@id":"https:\/\/www.ufcw.org\/es\/#website"},"datePublished":"2017-02-01T21:06:32+00:00","dateModified":"2024-12-16T18:43:47+00:00","breadcrumb":{"@id":"https:\/\/www.ufcw.org\/es\/para-miembros\/participe\/#breadcrumb"},"inLanguage":"es-ES","potentialAction":[{"@type":"ReadAction","target":["https:\/\/www.ufcw.org\/es\/para-miembros\/participe\/"]}]},{"@type":"BreadcrumbList","@id":"https:\/\/www.ufcw.org\/es\/para-miembros\/participe\/#breadcrumb","itemListElement":[{"@type":"ListItem","position":1,"name":"Home","item":"https:\/\/www.ufcw.org\/es\/"},{"@type":"ListItem","position":2,"name":"Para miembros","item":"https:\/\/www.ufcw.org\/es\/para-miembros\/"},{"@type":"ListItem","position":3,"name":"Participe"}]},{"@type":"WebSite","@id":"https:\/\/www.ufcw.org\/es\/#website","url":"https:\/\/www.ufcw.org\/es\/","name":"The United Food &amp; Commercial Workers International Union","description":"Official website of the United Food and Commercial Workers International Union","publisher":{"@id":"https:\/\/www.ufcw.org\/es\/#organization"},"potentialAction":[{"@type":"SearchAction","target":{"@type":"EntryPoint","urlTemplate":"https:\/\/www.ufcw.org\/es\/?s={search_term_string}"},"query-input":{"@type":"PropertyValueSpecification","valueRequired":true,"valueName":"search_term_string"}}],"inLanguage":"es-ES"},{"@type":"Organization","@id":"https:\/\/www.ufcw.org\/es\/#organization","name":"United Food and Commercial Workers International Union","url":"https:\/\/www.ufcw.org\/es\/","logo":{"@type":"ImageObject","inLanguage":"es-ES","@id":"https:\/\/www.ufcw.org\/es\/#\/schema\/logo\/image\/","url":"https:\/\/www.ufcw.org\/wp-content\/blogs.dir\/61\/files\/2021\/02\/UFCW-Americas-Food-and-Retail-Union-2-color.png","contentUrl":"https:\/\/www.ufcw.org\/wp-content\/blogs.dir\/61\/files\/2021\/02\/UFCW-Americas-Food-and-Retail-Union-2-color.png","width":415,"height":198,"caption":"United Food and Commercial Workers International Union"},"image":{"@id":"https:\/\/www.ufcw.org\/es\/#\/schema\/logo\/image\/"}}]}},"_links":{"self":[{"href":"https:\/\/www.ufcw.org\/es\/wp-json\/wp\/v2\/pages\/60762","targetHints":{"allow":["GET"]}}],"collection":[{"href":"https:\/\/www.ufcw.org\/es\/wp-json\/wp\/v2\/pages"}],"about":[{"href":"https:\/\/www.ufcw.org\/es\/wp-json\/wp\/v2\/types\/page"}],"author":[{"embeddable":true,"href":"https:\/\/www.ufcw.org\/es\/wp-json\/wp\/v2\/users\/426"}],"replies":[{"embeddable":true,"href":"https:\/\/www.ufcw.org\/es\/wp-json\/wp\/v2\/comments?post=60762"}],"version-history":[{"count":1,"href":"https:\/\/www.ufcw.org\/es\/wp-json\/wp\/v2\/pages\/60762\/revisions"}],"predecessor-version":[{"id":60763,"href":"https:\/\/www.ufcw.org\/es\/wp-json\/wp\/v2\/pages\/60762\/revisions\/60763"}],"up":[{"embeddable":true,"href":"https:\/\/www.ufcw.org\/es\/wp-json\/wp\/v2\/pages\/60745"}],"wp:attachment":[{"href":"https:\/\/www.ufcw.org\/es\/wp-json\/wp\/v2\/media?parent=60762"}],"curies":[{"name":"wp","href":"https:\/\/api.w.org\/{rel}","templated":true}]}}