{"id":60755,"date":"2017-02-01T16:06:44","date_gmt":"2017-02-01T16:06:44","guid":{"rendered":"https:\/\/www.ufcw.org\/?page_id=60755"},"modified":"2024-12-16T18:29:46","modified_gmt":"2024-12-16T18:29:46","slug":"jubilados","status":"publish","type":"page","link":"https:\/\/www.ufcw.org\/es\/para-miembros\/jubilados\/","title":{"rendered":"Jubilados"},"content":{"rendered":"<div class=\"tw-max-w-217 tw-m-auto tw-px-6 rich-text contained-block\" data-module=\"paragraph\">\n<p>Como jubilado de la UFCW, usted es m\u00e1s que un simple exalumno de su uni\u00f3n local; es una conexi\u00f3n esencial con nuestras comunidades m\u00e1s grandes.<\/p>\n<\/div>\n\n<div class=\"tw-max-w-217 tw-m-auto tw-px-6 rich-text contained-block\" data-module=\"paragraph\">\n<p>Agradecemos profundamente el compromiso de ustedes, nuestros jubilados, que se dedican apasionadamente a defender la justicia social y econ\u00f3mica y a dar forma activa a un futuro mejor para la pr\u00f3xima generaci\u00f3n de trabajadores. En un esfuerzo por fomentar la conexi\u00f3n entre sus hermanos jubilados de la uni\u00f3n, nos complace apoyar a los clubes de jubilados y compartir actualizaciones a trav\u00e9s de la publicaci\u00f3n de la UFCW &#8220;Retiree Voice&#8221;, \u00a1garantizando que todos est\u00e9n informados sobre las \u00faltimas novedades de la uni\u00f3n!<\/p>\n<\/div>\n\n<div class=\"tw-max-w-217 tw-m-auto tw-px-6 rich-text contained-block\" data-module=\"paragraph\">\n<p><strong>\u00bfDesea suscribirse a Retiree Voice? Env\u00ede un correo electr\u00f3nico a la Oficina de Beneficios de la UFCW a Benefits@ufcw.org con su nombre y apellidos y los \u00faltimos cuatro d\u00edgitos de su n\u00famero de Seguro Social. Una vez que tengamos su direcci\u00f3n de correo electr\u00f3nico, tambi\u00e9n lo agregaremos a la lista de correo de OnPoint, nuestro bolet\u00edn semanal interno.<\/strong><\/p>\n<\/div>\n\n<div class=\"tw-max-w-217 tw-m-auto tw-px-6 rich-text contained-block\" data-module=\"paragraph\">\n<p><strong>Desafortunadamente, en estos momentos Retiree Voice y OnPoint solo est\u00e1n disponibles en ingl\u00e9s. <\/strong><\/p>\n<\/div>\n\n<div class=\"tw-max-w-217 tw-m-auto tw-px-6 rich-text contained-block\" data-module=\"heading\">\n<h2 class=\"wp-block-heading\">Beneficios y descuentos disponibles para los jubilados de la UFCW<\/h2>\n<\/div>\n\n<div class=\"tw-max-w-217 tw-m-auto tw-px-6 rich-text contained-block\" data-module=\"paragraph\">\n<p>\u00bfSab\u00eda que hay muchos programas y descuentos especiales de la UFCW disponibles para usted como jubilado de la UFCW?<\/p>\n<\/div>\n\n<div class=\"tw-max-w-217 tw-m-auto tw-px-6 rich-text contained-block\" data-module=\"paragraph\">\n<p>Para aprovechar al m\u00e1ximo TODOS los beneficios de Union Plus de la UFCW, visite nuestra p\u00e1gina de beneficios para miembros.<\/p>\n<\/div>","protected":false},"excerpt":{"rendered":"<p>Como jubilado de la UFCW, usted es m\u00e1s que un simple exalumno de su uni\u00f3n local; es una conexi\u00f3n esencial con nuestras comunidades m\u00e1s grandes. Agradecemos profundamente el compromiso de ustedes, nuestros jubilados, que se dedican apasionadamente a defender la justicia social y econ\u00f3mica y a dar forma activa a un futuro mejor para la [&hellip;]<\/p>\n","protected":false},"author":426,"featured_media":0,"parent":60745,"menu_order":7,"comment_status":"closed","ping_status":"closed","template":"","meta":{"_acf_changed":false,"footnotes":"","_links_to":"","_links_to_target":""},"class_list":["post-60755","page","type-page","status-publish","hentry"],"acf":[],"yoast_head":"<!-- This site is optimized with the Yoast SEO plugin v27.1.1 - https:\/\/yoast.com\/product\/yoast-seo-wordpress\/ -->\n<title>Jubilados - The United Food &amp; Commercial Workers International Union<\/title>\n<meta name=\"robots\" content=\"index, follow, max-snippet:-1, max-image-preview:large, max-video-preview:-1\" \/>\n<link rel=\"canonical\" href=\"https:\/\/www.ufcw.org\/es\/para-miembros\/jubilados\/\" \/>\n<meta property=\"og:locale\" content=\"es_ES\" \/>\n<meta property=\"og:type\" content=\"article\" \/>\n<meta property=\"og:title\" content=\"Jubilados - The United Food &amp; Commercial Workers International Union\" \/>\n<meta property=\"og:description\" content=\"Como jubilado de la UFCW, usted es m\u00e1s que un simple exalumno de su uni\u00f3n local; es una conexi\u00f3n esencial con nuestras comunidades m\u00e1s grandes. Agradecemos profundamente el compromiso de ustedes, nuestros jubilados, que se dedican apasionadamente a defender la justicia social y econ\u00f3mica y a dar forma activa a un futuro mejor para la [&hellip;]\" \/>\n<meta property=\"og:url\" content=\"https:\/\/www.ufcw.org\/es\/para-miembros\/jubilados\/\" \/>\n<meta property=\"og:site_name\" content=\"The United Food &amp; Commercial Workers International Union\" \/>\n<meta property=\"article:modified_time\" content=\"2024-12-16T18:29:46+00:00\" \/>\n<meta name=\"twitter:card\" content=\"summary_large_image\" \/>\n<meta name=\"twitter:label1\" content=\"Est. reading time\" \/>\n\t<meta name=\"twitter:data1\" content=\"1 minute\" \/>\n<script type=\"application\/ld+json\" class=\"yoast-schema-graph\">{\"@context\":\"https:\/\/schema.org\",\"@graph\":[{\"@type\":\"WebPage\",\"@id\":\"https:\/\/www.ufcw.org\/es\/para-miembros\/jubilados\/\",\"url\":\"https:\/\/www.ufcw.org\/es\/para-miembros\/jubilados\/\",\"name\":\"Jubilados - The United Food &amp; Commercial Workers International Union\",\"isPartOf\":{\"@id\":\"https:\/\/www.ufcw.org\/es\/#website\"},\"datePublished\":\"2017-02-01T16:06:44+00:00\",\"dateModified\":\"2024-12-16T18:29:46+00:00\",\"breadcrumb\":{\"@id\":\"https:\/\/www.ufcw.org\/es\/para-miembros\/jubilados\/#breadcrumb\"},\"inLanguage\":\"es-ES\",\"potentialAction\":[{\"@type\":\"ReadAction\",\"target\":[\"https:\/\/www.ufcw.org\/es\/para-miembros\/jubilados\/\"]}]},{\"@type\":\"BreadcrumbList\",\"@id\":\"https:\/\/www.ufcw.org\/es\/para-miembros\/jubilados\/#breadcrumb\",\"itemListElement\":[{\"@type\":\"ListItem\",\"position\":1,\"name\":\"Home\",\"item\":\"https:\/\/www.ufcw.org\/es\/\"},{\"@type\":\"ListItem\",\"position\":2,\"name\":\"Para miembros\",\"item\":\"https:\/\/www.ufcw.org\/es\/para-miembros\/\"},{\"@type\":\"ListItem\",\"position\":3,\"name\":\"Jubilados\"}]},{\"@type\":\"WebSite\",\"@id\":\"https:\/\/www.ufcw.org\/es\/#website\",\"url\":\"https:\/\/www.ufcw.org\/es\/\",\"name\":\"The United Food &amp; Commercial Workers International Union\",\"description\":\"Official website of the United Food and Commercial Workers International Union\",\"publisher\":{\"@id\":\"https:\/\/www.ufcw.org\/es\/#organization\"},\"potentialAction\":[{\"@type\":\"SearchAction\",\"target\":{\"@type\":\"EntryPoint\",\"urlTemplate\":\"https:\/\/www.ufcw.org\/es\/?s={search_term_string}\"},\"query-input\":{\"@type\":\"PropertyValueSpecification\",\"valueRequired\":true,\"valueName\":\"search_term_string\"}}],\"inLanguage\":\"es-ES\"},{\"@type\":\"Organization\",\"@id\":\"https:\/\/www.ufcw.org\/es\/#organization\",\"name\":\"United Food and Commercial Workers International Union\",\"url\":\"https:\/\/www.ufcw.org\/es\/\",\"logo\":{\"@type\":\"ImageObject\",\"inLanguage\":\"es-ES\",\"@id\":\"https:\/\/www.ufcw.org\/es\/#\/schema\/logo\/image\/\",\"url\":\"https:\/\/www.ufcw.org\/wp-content\/blogs.dir\/61\/files\/2021\/02\/UFCW-Americas-Food-and-Retail-Union-2-color.png\",\"contentUrl\":\"https:\/\/www.ufcw.org\/wp-content\/blogs.dir\/61\/files\/2021\/02\/UFCW-Americas-Food-and-Retail-Union-2-color.png\",\"width\":415,\"height\":198,\"caption\":\"United Food and Commercial Workers International Union\"},\"image\":{\"@id\":\"https:\/\/www.ufcw.org\/es\/#\/schema\/logo\/image\/\"}}]}<\/script>\n<!-- \/ Yoast SEO plugin. -->","yoast_head_json":{"title":"Jubilados - The United Food &amp; Commercial Workers International Union","robots":{"index":"index","follow":"follow","max-snippet":"max-snippet:-1","max-image-preview":"max-image-preview:large","max-video-preview":"max-video-preview:-1"},"canonical":"https:\/\/www.ufcw.org\/es\/para-miembros\/jubilados\/","og_locale":"es_ES","og_type":"article","og_title":"Jubilados - The United Food &amp; Commercial Workers International Union","og_description":"Como jubilado de la UFCW, usted es m\u00e1s que un simple exalumno de su uni\u00f3n local; es una conexi\u00f3n esencial con nuestras comunidades m\u00e1s grandes. Agradecemos profundamente el compromiso de ustedes, nuestros jubilados, que se dedican apasionadamente a defender la justicia social y econ\u00f3mica y a dar forma activa a un futuro mejor para la [&hellip;]","og_url":"https:\/\/www.ufcw.org\/es\/para-miembros\/jubilados\/","og_site_name":"The United Food &amp; Commercial Workers International Union","article_modified_time":"2024-12-16T18:29:46+00:00","twitter_card":"summary_large_image","twitter_misc":{"Est. reading time":"1 minute"},"schema":{"@context":"https:\/\/schema.org","@graph":[{"@type":"WebPage","@id":"https:\/\/www.ufcw.org\/es\/para-miembros\/jubilados\/","url":"https:\/\/www.ufcw.org\/es\/para-miembros\/jubilados\/","name":"Jubilados - The United Food &amp; Commercial Workers International Union","isPartOf":{"@id":"https:\/\/www.ufcw.org\/es\/#website"},"datePublished":"2017-02-01T16:06:44+00:00","dateModified":"2024-12-16T18:29:46+00:00","breadcrumb":{"@id":"https:\/\/www.ufcw.org\/es\/para-miembros\/jubilados\/#breadcrumb"},"inLanguage":"es-ES","potentialAction":[{"@type":"ReadAction","target":["https:\/\/www.ufcw.org\/es\/para-miembros\/jubilados\/"]}]},{"@type":"BreadcrumbList","@id":"https:\/\/www.ufcw.org\/es\/para-miembros\/jubilados\/#breadcrumb","itemListElement":[{"@type":"ListItem","position":1,"name":"Home","item":"https:\/\/www.ufcw.org\/es\/"},{"@type":"ListItem","position":2,"name":"Para miembros","item":"https:\/\/www.ufcw.org\/es\/para-miembros\/"},{"@type":"ListItem","position":3,"name":"Jubilados"}]},{"@type":"WebSite","@id":"https:\/\/www.ufcw.org\/es\/#website","url":"https:\/\/www.ufcw.org\/es\/","name":"The United Food &amp; Commercial Workers International Union","description":"Official website of the United Food and Commercial Workers International Union","publisher":{"@id":"https:\/\/www.ufcw.org\/es\/#organization"},"potentialAction":[{"@type":"SearchAction","target":{"@type":"EntryPoint","urlTemplate":"https:\/\/www.ufcw.org\/es\/?s={search_term_string}"},"query-input":{"@type":"PropertyValueSpecification","valueRequired":true,"valueName":"search_term_string"}}],"inLanguage":"es-ES"},{"@type":"Organization","@id":"https:\/\/www.ufcw.org\/es\/#organization","name":"United Food and Commercial Workers International Union","url":"https:\/\/www.ufcw.org\/es\/","logo":{"@type":"ImageObject","inLanguage":"es-ES","@id":"https:\/\/www.ufcw.org\/es\/#\/schema\/logo\/image\/","url":"https:\/\/www.ufcw.org\/wp-content\/blogs.dir\/61\/files\/2021\/02\/UFCW-Americas-Food-and-Retail-Union-2-color.png","contentUrl":"https:\/\/www.ufcw.org\/wp-content\/blogs.dir\/61\/files\/2021\/02\/UFCW-Americas-Food-and-Retail-Union-2-color.png","width":415,"height":198,"caption":"United Food and Commercial Workers International Union"},"image":{"@id":"https:\/\/www.ufcw.org\/es\/#\/schema\/logo\/image\/"}}]}},"_links":{"self":[{"href":"https:\/\/www.ufcw.org\/es\/wp-json\/wp\/v2\/pages\/60755","targetHints":{"allow":["GET"]}}],"collection":[{"href":"https:\/\/www.ufcw.org\/es\/wp-json\/wp\/v2\/pages"}],"about":[{"href":"https:\/\/www.ufcw.org\/es\/wp-json\/wp\/v2\/types\/page"}],"author":[{"embeddable":true,"href":"https:\/\/www.ufcw.org\/es\/wp-json\/wp\/v2\/users\/426"}],"replies":[{"embeddable":true,"href":"https:\/\/www.ufcw.org\/es\/wp-json\/wp\/v2\/comments?post=60755"}],"version-history":[{"count":1,"href":"https:\/\/www.ufcw.org\/es\/wp-json\/wp\/v2\/pages\/60755\/revisions"}],"predecessor-version":[{"id":60756,"href":"https:\/\/www.ufcw.org\/es\/wp-json\/wp\/v2\/pages\/60755\/revisions\/60756"}],"up":[{"embeddable":true,"href":"https:\/\/www.ufcw.org\/es\/wp-json\/wp\/v2\/pages\/60745"}],"wp:attachment":[{"href":"https:\/\/www.ufcw.org\/es\/wp-json\/wp\/v2\/media?parent=60755"}],"curies":[{"name":"wp","href":"https:\/\/api.w.org\/{rel}","templated":true}]}}