{"id":60753,"date":"2020-08-10T20:25:12","date_gmt":"2020-08-10T20:25:12","guid":{"rendered":"https:\/\/www.ufcw.org\/?page_id=60753"},"modified":"2024-12-16T18:28:26","modified_gmt":"2024-12-16T18:28:26","slug":"grupos-electorales","status":"publish","type":"page","link":"https:\/\/www.ufcw.org\/es\/para-miembros\/grupos-electorales\/","title":{"rendered":"Grupos electorales"},"content":{"rendered":"<div class=\"tw-max-w-217 tw-m-auto tw-px-6 rich-text contained-block\" data-module=\"heading\">\n<h2 class=\"wp-block-heading\">La UFCW est\u00e1 comprometida por completo con la diversidad y la inclusi\u00f3n en nuestras oficinas centrales, regionales y locales.<\/h2>\n<\/div>\n\n<div class=\"tw-max-w-217 tw-m-auto tw-px-6 rich-text contained-block\" data-module=\"paragraph\">\n<p>Para promover nuestros objetivos de diversidad e inclusi\u00f3n, los grupos electorales de la UFCW ayudan a los l\u00edderes en nuestra misi\u00f3n de apoyar a los trabajadores sin distinci\u00f3n de raza, etnia, g\u00e9nero y orientaci\u00f3n sexual. Los grupos electorales tambi\u00e9n brindan un espacio seguro para que el personal y los miembros establezcan redes y desarrollen sus habilidades de liderazgo.<\/p>\n<\/div>\n\n<div class=\"tw-max-w-217 tw-m-auto tw-px-6 rich-text contained-block\" data-module=\"paragraph\">\n<p>Obtenga m\u00e1s informaci\u00f3n sobre los grupos electorales de la UFCW y c\u00f3mo unirse a ellos a continuaci\u00f3n:<\/p>\n<\/div>\n\n<div class=\"tw-max-w-217 tw-m-auto tw-px-6 rich-text contained-block\" data-module=\"heading\">\n<h3 class=\"wp-block-heading\">OUTreach<\/h3>\n<\/div>\n\n<div class=\"tw-max-w-217 tw-m-auto tw-px-6 rich-text contained-block\" data-module=\"media-text\">\n<div class=\"wp-block-media-text is-stacked-on-mobile\" style=\"grid-template-columns:28% auto\"><figure class=\"wp-block-media-text__media\"><img loading=\"lazy\" decoding=\"async\" width=\"1024\" height=\"1024\" src=\"https:\/\/www.ufcw.org\/wp-content\/blogs.dir\/61\/files\/2024\/11\/94-1-1024x1024.png\" alt=\"\" class=\"wp-image-55986 size-full\" srcset=\"https:\/\/www.ufcw.org\/wp-content\/blogs.dir\/61\/files\/2024\/11\/94-1-1024x1024.png 1024w, https:\/\/www.ufcw.org\/wp-content\/blogs.dir\/61\/files\/2024\/11\/94-1-300x300.png 300w, https:\/\/www.ufcw.org\/wp-content\/blogs.dir\/61\/files\/2024\/11\/94-1-150x150.png 150w, https:\/\/www.ufcw.org\/wp-content\/blogs.dir\/61\/files\/2024\/11\/94-1-768x768.png 768w, https:\/\/www.ufcw.org\/wp-content\/blogs.dir\/61\/files\/2024\/11\/94-1.png 1080w\" sizes=\"auto, (max-width: 1024px) 100vw, 1024px\" \/><\/figure><div class=\"wp-block-media-text__content\"><div class=\"tw-max-w-217 tw-m-auto tw-px-6 rich-text contained-block\" data-module=\"paragraph\">\n<p>Outreach de la UFCW es un grupo electoral dedicado a fomentar el apoyo mutuo entre la comunidad internacional, regional y local de nuestra uni\u00f3n y la comunidad de lesbianas, homosexuales, bisexuales, transg\u00e9nero y <em>queer<\/em> (LGBTQ+) y sus aliados. Nuestro objetivo es unirnos en una organizaci\u00f3n por la justicia social y econ\u00f3mica para todos, sin distinci\u00f3n de la edad, la raza, el g\u00e9nero, el credo, el color, la orientaci\u00f3n sexual o la identidad de g\u00e9nero. Juntos, garantizaremos la plena igualdad de los trabajadores LGBTQ+ en sus trabajos y uniones.<\/p>\n<\/div><\/div><\/div>\n<\/div>\n\n<div class=\"tw-max-w-217 tw-m-auto tw-px-6 rich-text contained-block\" data-module=\"paragraph\">\n<p><a href=\"https:\/\/www.ufcwoutreach.org\/\">Para obtener m\u00e1s informaci\u00f3n, visite el sitio web de Outreach.<\/a><\/p>\n<\/div>\n\n<div class=\"tw-max-w-217 tw-m-auto tw-px-6 rich-text contained-block\" data-module=\"heading\">\n<h3 class=\"wp-block-heading\">United Latinos<\/h3>\n<\/div>\n\n<div class=\"tw-max-w-217 tw-m-auto tw-px-6 rich-text contained-block\" data-module=\"media-text\">\n<div class=\"wp-block-media-text is-stacked-on-mobile\" style=\"grid-template-columns:28% auto\"><figure class=\"wp-block-media-text__media\"><img loading=\"lazy\" decoding=\"async\" width=\"1024\" height=\"1024\" src=\"https:\/\/www.ufcw.org\/wp-content\/blogs.dir\/61\/files\/2024\/11\/96-1024x1024.png\" alt=\"\" class=\"wp-image-55987 size-full\" srcset=\"https:\/\/www.ufcw.org\/wp-content\/blogs.dir\/61\/files\/2024\/11\/96-1024x1024.png 1024w, https:\/\/www.ufcw.org\/wp-content\/blogs.dir\/61\/files\/2024\/11\/96-300x300.png 300w, https:\/\/www.ufcw.org\/wp-content\/blogs.dir\/61\/files\/2024\/11\/96-150x150.png 150w, https:\/\/www.ufcw.org\/wp-content\/blogs.dir\/61\/files\/2024\/11\/96-768x768.png 768w, https:\/\/www.ufcw.org\/wp-content\/blogs.dir\/61\/files\/2024\/11\/96.png 1080w\" sizes=\"auto, (max-width: 1024px) 100vw, 1024px\" \/><\/figure><div class=\"wp-block-media-text__content\"><div class=\"tw-max-w-217 tw-m-auto tw-px-6 rich-text contained-block\" data-module=\"paragraph\">\n<p>United Latinos promueve las metas y los objetivos de la UFCW a medida que se esfuerza por garantizar los beneficios y las protecciones que brinda la UFCW entre sus miembros y en las comunidades latinas.<\/p>\n<\/div>\n\n<div class=\"tw-max-w-217 tw-m-auto tw-px-6 rich-text contained-block\" data-module=\"paragraph\">\n<p>Los miembros de United Latinos buscan garantizar un movimiento laboral inclusivo y diverso y luchar\u00e1n por la justicia para todos, sin distinci\u00f3n de raza, ciudadan\u00eda, estado migratorio, color, credo, g\u00e9nero e identidad de g\u00e9nero. Creemos en la liberaci\u00f3n colectiva para todos.<\/p>\n<\/div><\/div><\/div>\n<\/div>\n\n<div class=\"tw-max-w-217 tw-m-auto tw-px-6 rich-text contained-block\" data-module=\"paragraph\">\n<p><a href=\"https:\/\/ufcwunitedlatinos.org\/\">Para obtener m\u00e1s informaci\u00f3n, visite el sitio web de United Latinos.<\/a><\/p>\n<\/div>\n\n<div class=\"tw-max-w-217 tw-m-auto tw-px-6 rich-text contained-block\" data-module=\"heading\">\n<h3 class=\"wp-block-heading\">Red de mujeres<\/h3>\n<\/div>\n\n<div class=\"tw-max-w-217 tw-m-auto tw-px-6 rich-text contained-block\" data-module=\"media-text\">\n<div class=\"wp-block-media-text is-stacked-on-mobile\" style=\"grid-template-columns:28% auto\"><figure class=\"wp-block-media-text__media\"><img loading=\"lazy\" decoding=\"async\" width=\"1024\" height=\"1024\" src=\"https:\/\/www.ufcw.org\/wp-content\/blogs.dir\/61\/files\/2024\/11\/95-1024x1024.png\" alt=\"\" class=\"wp-image-55988 size-full\" srcset=\"https:\/\/www.ufcw.org\/wp-content\/blogs.dir\/61\/files\/2024\/11\/95-1024x1024.png 1024w, https:\/\/www.ufcw.org\/wp-content\/blogs.dir\/61\/files\/2024\/11\/95-300x300.png 300w, https:\/\/www.ufcw.org\/wp-content\/blogs.dir\/61\/files\/2024\/11\/95-150x150.png 150w, https:\/\/www.ufcw.org\/wp-content\/blogs.dir\/61\/files\/2024\/11\/95-768x768.png 768w, https:\/\/www.ufcw.org\/wp-content\/blogs.dir\/61\/files\/2024\/11\/95.png 1080w\" sizes=\"auto, (max-width: 1024px) 100vw, 1024px\" \/><\/figure><div class=\"wp-block-media-text__content\"><div class=\"tw-max-w-217 tw-m-auto tw-px-6 rich-text contained-block\" data-module=\"paragraph\">\n<p>La Red de Mujeres de la UFCW, fundada en 1988, trabaja para motivar y alentar a las mujeres a participar de forma activa en su uni\u00f3n local para que puedan contribuir a construir y fortalecer la UFCW.<\/p>\n<\/div>\n\n<div class=\"tw-max-w-217 tw-m-auto tw-px-6 rich-text contained-block\" data-module=\"paragraph\">\n<p>M\u00e1s de la mitad de los 1.2 millones de miembros de la UFCW son mujeres, y somos un recurso poderoso para nuestra uni\u00f3n.<\/p>\n<\/div><\/div><\/div>\n<\/div>\n\n<div class=\"tw-max-w-217 tw-m-auto tw-px-6 rich-text contained-block\" data-module=\"paragraph\">\n<p>La participaci\u00f3n activa de las mujeres miembros de la UFCW aumenta nuestra fortaleza en la mesa de negociaciones, en la organizaci\u00f3n de campa\u00f1as y en la arena pol\u00edtica.<\/p>\n<\/div>\n\n<div class=\"tw-max-w-217 tw-m-auto tw-px-6 rich-text contained-block\" data-module=\"paragraph\">\n<p>Para obtener m\u00e1s informaci\u00f3n, <a href=\"https:\/\/ufcwwomensnetworknews.wordpress.com\/author\/ufcwwn\/\">visite el sitio web<\/a> y el grupo de <a href=\"https:\/\/www.facebook.com\/ufcwwomensnetwork\">Facebook<\/a> de la Red de Mujeres de la UFCW.<\/p>\n<\/div>\n\n<div class=\"tw-max-w-217 tw-m-auto tw-px-6 rich-text contained-block\" data-module=\"heading\">\n<h3 class=\"wp-block-heading\">Coalici\u00f3n de Minor\u00edas<\/h3>\n<\/div>\n\n<div class=\"tw-max-w-217 tw-m-auto tw-px-6 rich-text contained-block\" data-module=\"media-text\">\n<div class=\"wp-block-media-text is-stacked-on-mobile\" style=\"grid-template-columns:28% auto\"><figure class=\"wp-block-media-text__media\"><img loading=\"lazy\" decoding=\"async\" width=\"1024\" height=\"1024\" src=\"https:\/\/www.ufcw.org\/wp-content\/blogs.dir\/61\/files\/2024\/11\/97-1024x1024.png\" alt=\"\" class=\"wp-image-55989 size-full\" srcset=\"https:\/\/www.ufcw.org\/wp-content\/blogs.dir\/61\/files\/2024\/11\/97-1024x1024.png 1024w, https:\/\/www.ufcw.org\/wp-content\/blogs.dir\/61\/files\/2024\/11\/97-300x300.png 300w, https:\/\/www.ufcw.org\/wp-content\/blogs.dir\/61\/files\/2024\/11\/97-150x150.png 150w, https:\/\/www.ufcw.org\/wp-content\/blogs.dir\/61\/files\/2024\/11\/97-768x768.png 768w, https:\/\/www.ufcw.org\/wp-content\/blogs.dir\/61\/files\/2024\/11\/97.png 1080w\" sizes=\"auto, (max-width: 1024px) 100vw, 1024px\" \/><\/figure><div class=\"wp-block-media-text__content\"><div class=\"tw-max-w-217 tw-m-auto tw-px-6 rich-text contained-block\" data-module=\"paragraph\">\n<p>La coalici\u00f3n existe porque existe la diversidad.<\/p>\n<\/div>\n\n<div class=\"tw-max-w-217 tw-m-auto tw-px-6 rich-text contained-block\" data-module=\"paragraph\">\n<p>La misi\u00f3n de la Coalici\u00f3n de Minor\u00edas de la UFCW es desarrollar una voz unificada y promover la diversidad y la inclusi\u00f3n dentro del movimiento laboral.<\/p>\n<\/div>\n\n<div class=\"tw-max-w-217 tw-m-auto tw-px-6 rich-text contained-block\" data-module=\"paragraph\">\n<p>La coalici\u00f3n se esfuerza por ser un activo viable para el crecimiento de la UFCW, los trabajadores y las comunidades necesitadas.<\/p>\n<\/div><\/div><\/div>\n<\/div>\n\n<div class=\"tw-max-w-217 tw-m-auto tw-px-6 rich-text contained-block\" data-module=\"paragraph\">\n<p><a href=\"http:\/\/ufcwmc.org\/\">Para obtener m\u00e1s informaci\u00f3n, visite el sitio web de la Coalici\u00f3n de Minor\u00edas.<\/a><\/p>\n<\/div>","protected":false},"excerpt":{"rendered":"<p>La UFCW est\u00e1 comprometida por completo con la diversidad y la inclusi\u00f3n en nuestras oficinas centrales, regionales y locales. Para promover nuestros objetivos de diversidad e inclusi\u00f3n, los grupos electorales de la UFCW ayudan a los l\u00edderes en nuestra misi\u00f3n de apoyar a los trabajadores sin distinci\u00f3n de raza, etnia, g\u00e9nero y orientaci\u00f3n sexual. Los [&hellip;]<\/p>\n","protected":false},"author":426,"featured_media":0,"parent":60745,"menu_order":8,"comment_status":"closed","ping_status":"closed","template":"","meta":{"_acf_changed":false,"footnotes":"","_links_to":"","_links_to_target":""},"class_list":["post-60753","page","type-page","status-publish","hentry"],"acf":[],"yoast_head":"<!-- This site is optimized with the Yoast SEO plugin v27.1.1 - https:\/\/yoast.com\/product\/yoast-seo-wordpress\/ -->\n<title>Grupos electorales - The United Food &amp; Commercial Workers International Union<\/title>\n<meta name=\"robots\" content=\"index, follow, max-snippet:-1, max-image-preview:large, max-video-preview:-1\" \/>\n<link rel=\"canonical\" href=\"https:\/\/www.ufcw.org\/es\/para-miembros\/grupos-electorales\/\" \/>\n<meta property=\"og:locale\" content=\"es_ES\" \/>\n<meta property=\"og:type\" content=\"article\" \/>\n<meta property=\"og:title\" content=\"Grupos electorales - The United Food &amp; Commercial Workers International Union\" \/>\n<meta property=\"og:description\" content=\"La UFCW est\u00e1 comprometida por completo con la diversidad y la inclusi\u00f3n en nuestras oficinas centrales, regionales y locales. Para promover nuestros objetivos de diversidad e inclusi\u00f3n, los grupos electorales de la UFCW ayudan a los l\u00edderes en nuestra misi\u00f3n de apoyar a los trabajadores sin distinci\u00f3n de raza, etnia, g\u00e9nero y orientaci\u00f3n sexual. Los [&hellip;]\" \/>\n<meta property=\"og:url\" content=\"https:\/\/www.ufcw.org\/es\/para-miembros\/grupos-electorales\/\" \/>\n<meta property=\"og:site_name\" content=\"The United Food &amp; Commercial Workers International Union\" \/>\n<meta property=\"article:modified_time\" content=\"2024-12-16T18:28:26+00:00\" \/>\n<meta property=\"og:image\" content=\"https:\/\/www.ufcw.org\/wp-content\/blogs.dir\/61\/files\/2024\/11\/94-1-1024x1024.png\" \/>\n<meta name=\"twitter:card\" content=\"summary_large_image\" \/>\n<meta name=\"twitter:label1\" content=\"Est. reading time\" \/>\n\t<meta name=\"twitter:data1\" content=\"3 minutes\" \/>\n<script type=\"application\/ld+json\" class=\"yoast-schema-graph\">{\"@context\":\"https:\/\/schema.org\",\"@graph\":[{\"@type\":\"WebPage\",\"@id\":\"https:\/\/www.ufcw.org\/es\/para-miembros\/grupos-electorales\/\",\"url\":\"https:\/\/www.ufcw.org\/es\/para-miembros\/grupos-electorales\/\",\"name\":\"Grupos electorales - The United Food &amp; Commercial Workers International Union\",\"isPartOf\":{\"@id\":\"https:\/\/www.ufcw.org\/es\/#website\"},\"primaryImageOfPage\":{\"@id\":\"https:\/\/www.ufcw.org\/es\/para-miembros\/grupos-electorales\/#primaryimage\"},\"image\":{\"@id\":\"https:\/\/www.ufcw.org\/es\/para-miembros\/grupos-electorales\/#primaryimage\"},\"thumbnailUrl\":\"https:\/\/www.ufcw.org\/wp-content\/blogs.dir\/61\/files\/2024\/11\/94-1-1024x1024.png\",\"datePublished\":\"2020-08-10T20:25:12+00:00\",\"dateModified\":\"2024-12-16T18:28:26+00:00\",\"breadcrumb\":{\"@id\":\"https:\/\/www.ufcw.org\/es\/para-miembros\/grupos-electorales\/#breadcrumb\"},\"inLanguage\":\"es-ES\",\"potentialAction\":[{\"@type\":\"ReadAction\",\"target\":[\"https:\/\/www.ufcw.org\/es\/para-miembros\/grupos-electorales\/\"]}]},{\"@type\":\"ImageObject\",\"inLanguage\":\"es-ES\",\"@id\":\"https:\/\/www.ufcw.org\/es\/para-miembros\/grupos-electorales\/#primaryimage\",\"url\":\"https:\/\/www.ufcw.org\/wp-content\/blogs.dir\/61\/files\/2024\/11\/94-1-1024x1024.png\",\"contentUrl\":\"https:\/\/www.ufcw.org\/wp-content\/blogs.dir\/61\/files\/2024\/11\/94-1-1024x1024.png\"},{\"@type\":\"BreadcrumbList\",\"@id\":\"https:\/\/www.ufcw.org\/es\/para-miembros\/grupos-electorales\/#breadcrumb\",\"itemListElement\":[{\"@type\":\"ListItem\",\"position\":1,\"name\":\"Home\",\"item\":\"https:\/\/www.ufcw.org\/es\/\"},{\"@type\":\"ListItem\",\"position\":2,\"name\":\"Para miembros\",\"item\":\"https:\/\/www.ufcw.org\/es\/para-miembros\/\"},{\"@type\":\"ListItem\",\"position\":3,\"name\":\"Grupos electorales\"}]},{\"@type\":\"WebSite\",\"@id\":\"https:\/\/www.ufcw.org\/es\/#website\",\"url\":\"https:\/\/www.ufcw.org\/es\/\",\"name\":\"The United Food &amp; Commercial Workers International Union\",\"description\":\"Official website of the United Food and Commercial Workers International Union\",\"publisher\":{\"@id\":\"https:\/\/www.ufcw.org\/es\/#organization\"},\"potentialAction\":[{\"@type\":\"SearchAction\",\"target\":{\"@type\":\"EntryPoint\",\"urlTemplate\":\"https:\/\/www.ufcw.org\/es\/?s={search_term_string}\"},\"query-input\":{\"@type\":\"PropertyValueSpecification\",\"valueRequired\":true,\"valueName\":\"search_term_string\"}}],\"inLanguage\":\"es-ES\"},{\"@type\":\"Organization\",\"@id\":\"https:\/\/www.ufcw.org\/es\/#organization\",\"name\":\"United Food and Commercial Workers International Union\",\"url\":\"https:\/\/www.ufcw.org\/es\/\",\"logo\":{\"@type\":\"ImageObject\",\"inLanguage\":\"es-ES\",\"@id\":\"https:\/\/www.ufcw.org\/es\/#\/schema\/logo\/image\/\",\"url\":\"https:\/\/www.ufcw.org\/wp-content\/blogs.dir\/61\/files\/2021\/02\/UFCW-Americas-Food-and-Retail-Union-2-color.png\",\"contentUrl\":\"https:\/\/www.ufcw.org\/wp-content\/blogs.dir\/61\/files\/2021\/02\/UFCW-Americas-Food-and-Retail-Union-2-color.png\",\"width\":415,\"height\":198,\"caption\":\"United Food and Commercial Workers International Union\"},\"image\":{\"@id\":\"https:\/\/www.ufcw.org\/es\/#\/schema\/logo\/image\/\"}}]}<\/script>\n<!-- \/ Yoast SEO plugin. -->","yoast_head_json":{"title":"Grupos electorales - The United Food &amp; Commercial Workers International Union","robots":{"index":"index","follow":"follow","max-snippet":"max-snippet:-1","max-image-preview":"max-image-preview:large","max-video-preview":"max-video-preview:-1"},"canonical":"https:\/\/www.ufcw.org\/es\/para-miembros\/grupos-electorales\/","og_locale":"es_ES","og_type":"article","og_title":"Grupos electorales - The United Food &amp; Commercial Workers International Union","og_description":"La UFCW est\u00e1 comprometida por completo con la diversidad y la inclusi\u00f3n en nuestras oficinas centrales, regionales y locales. Para promover nuestros objetivos de diversidad e inclusi\u00f3n, los grupos electorales de la UFCW ayudan a los l\u00edderes en nuestra misi\u00f3n de apoyar a los trabajadores sin distinci\u00f3n de raza, etnia, g\u00e9nero y orientaci\u00f3n sexual. Los [&hellip;]","og_url":"https:\/\/www.ufcw.org\/es\/para-miembros\/grupos-electorales\/","og_site_name":"The United Food &amp; Commercial Workers International Union","article_modified_time":"2024-12-16T18:28:26+00:00","og_image":[{"url":"https:\/\/www.ufcw.org\/wp-content\/blogs.dir\/61\/files\/2024\/11\/94-1-1024x1024.png","type":"","width":"","height":""}],"twitter_card":"summary_large_image","twitter_misc":{"Est. reading time":"3 minutes"},"schema":{"@context":"https:\/\/schema.org","@graph":[{"@type":"WebPage","@id":"https:\/\/www.ufcw.org\/es\/para-miembros\/grupos-electorales\/","url":"https:\/\/www.ufcw.org\/es\/para-miembros\/grupos-electorales\/","name":"Grupos electorales - The United Food &amp; Commercial Workers International Union","isPartOf":{"@id":"https:\/\/www.ufcw.org\/es\/#website"},"primaryImageOfPage":{"@id":"https:\/\/www.ufcw.org\/es\/para-miembros\/grupos-electorales\/#primaryimage"},"image":{"@id":"https:\/\/www.ufcw.org\/es\/para-miembros\/grupos-electorales\/#primaryimage"},"thumbnailUrl":"https:\/\/www.ufcw.org\/wp-content\/blogs.dir\/61\/files\/2024\/11\/94-1-1024x1024.png","datePublished":"2020-08-10T20:25:12+00:00","dateModified":"2024-12-16T18:28:26+00:00","breadcrumb":{"@id":"https:\/\/www.ufcw.org\/es\/para-miembros\/grupos-electorales\/#breadcrumb"},"inLanguage":"es-ES","potentialAction":[{"@type":"ReadAction","target":["https:\/\/www.ufcw.org\/es\/para-miembros\/grupos-electorales\/"]}]},{"@type":"ImageObject","inLanguage":"es-ES","@id":"https:\/\/www.ufcw.org\/es\/para-miembros\/grupos-electorales\/#primaryimage","url":"https:\/\/www.ufcw.org\/wp-content\/blogs.dir\/61\/files\/2024\/11\/94-1-1024x1024.png","contentUrl":"https:\/\/www.ufcw.org\/wp-content\/blogs.dir\/61\/files\/2024\/11\/94-1-1024x1024.png"},{"@type":"BreadcrumbList","@id":"https:\/\/www.ufcw.org\/es\/para-miembros\/grupos-electorales\/#breadcrumb","itemListElement":[{"@type":"ListItem","position":1,"name":"Home","item":"https:\/\/www.ufcw.org\/es\/"},{"@type":"ListItem","position":2,"name":"Para miembros","item":"https:\/\/www.ufcw.org\/es\/para-miembros\/"},{"@type":"ListItem","position":3,"name":"Grupos electorales"}]},{"@type":"WebSite","@id":"https:\/\/www.ufcw.org\/es\/#website","url":"https:\/\/www.ufcw.org\/es\/","name":"The United Food &amp; Commercial Workers International Union","description":"Official website of the United Food and Commercial Workers International Union","publisher":{"@id":"https:\/\/www.ufcw.org\/es\/#organization"},"potentialAction":[{"@type":"SearchAction","target":{"@type":"EntryPoint","urlTemplate":"https:\/\/www.ufcw.org\/es\/?s={search_term_string}"},"query-input":{"@type":"PropertyValueSpecification","valueRequired":true,"valueName":"search_term_string"}}],"inLanguage":"es-ES"},{"@type":"Organization","@id":"https:\/\/www.ufcw.org\/es\/#organization","name":"United Food and Commercial Workers International Union","url":"https:\/\/www.ufcw.org\/es\/","logo":{"@type":"ImageObject","inLanguage":"es-ES","@id":"https:\/\/www.ufcw.org\/es\/#\/schema\/logo\/image\/","url":"https:\/\/www.ufcw.org\/wp-content\/blogs.dir\/61\/files\/2021\/02\/UFCW-Americas-Food-and-Retail-Union-2-color.png","contentUrl":"https:\/\/www.ufcw.org\/wp-content\/blogs.dir\/61\/files\/2021\/02\/UFCW-Americas-Food-and-Retail-Union-2-color.png","width":415,"height":198,"caption":"United Food and Commercial Workers International Union"},"image":{"@id":"https:\/\/www.ufcw.org\/es\/#\/schema\/logo\/image\/"}}]}},"_links":{"self":[{"href":"https:\/\/www.ufcw.org\/es\/wp-json\/wp\/v2\/pages\/60753","targetHints":{"allow":["GET"]}}],"collection":[{"href":"https:\/\/www.ufcw.org\/es\/wp-json\/wp\/v2\/pages"}],"about":[{"href":"https:\/\/www.ufcw.org\/es\/wp-json\/wp\/v2\/types\/page"}],"author":[{"embeddable":true,"href":"https:\/\/www.ufcw.org\/es\/wp-json\/wp\/v2\/users\/426"}],"replies":[{"embeddable":true,"href":"https:\/\/www.ufcw.org\/es\/wp-json\/wp\/v2\/comments?post=60753"}],"version-history":[{"count":1,"href":"https:\/\/www.ufcw.org\/es\/wp-json\/wp\/v2\/pages\/60753\/revisions"}],"predecessor-version":[{"id":60754,"href":"https:\/\/www.ufcw.org\/es\/wp-json\/wp\/v2\/pages\/60753\/revisions\/60754"}],"up":[{"embeddable":true,"href":"https:\/\/www.ufcw.org\/es\/wp-json\/wp\/v2\/pages\/60745"}],"wp:attachment":[{"href":"https:\/\/www.ufcw.org\/es\/wp-json\/wp\/v2\/media?parent=60753"}],"curies":[{"name":"wp","href":"https:\/\/api.w.org\/{rel}","templated":true}]}}