{"id":60751,"date":"2020-08-10T21:04:00","date_gmt":"2020-08-10T21:04:00","guid":{"rendered":"https:\/\/www.ufcw.org\/?page_id=60751"},"modified":"2024-12-16T18:25:42","modified_gmt":"2024-12-16T18:25:42","slug":"ventajas-para-los-miembros","status":"publish","type":"page","link":"https:\/\/www.ufcw.org\/es\/para-miembros\/ventajas-para-los-miembros\/","title":{"rendered":"Ventajas para los miembros"},"content":{"rendered":"<div class=\"tw-max-w-217 tw-m-auto tw-px-6 rich-text contained-block\" data-module=\"heading\">\n<h2 class=\"wp-block-heading\">No se pierda los descuentos<\/h2>\n<\/div>\n\n<div class=\"tw-max-w-217 tw-m-auto tw-px-6 rich-text contained-block\" data-module=\"paragraph\">\n<p>\u00bfEst\u00e1 aprovechando los diversos programas de descuentos disponibles para los miembros de la UFCW?<\/p>\n<\/div>\n\n<div class=\"tw-max-w-217 tw-m-auto tw-px-6 rich-text contained-block\" data-module=\"paragraph\">\n<p>Como miembro de la familia de nuestra UFCW, no solo obtiene un contrato que brinda beneficios importantes, como seguridad laboral y cuidados m\u00e9dicos asequibles y de calidad, sino que tambi\u00e9n es elegible para varios programas de descuentos exclusivos.<\/p>\n<\/div>\n\n<div class=\"tw-max-w-217 tw-m-auto tw-px-6 rich-text contained-block\" data-module=\"paragraph\">\n<p>Existen DOS programas de descuentos diferentes, que duplican la cantidad de descuentos que puede recibir. Adem\u00e1s, estos son solo los descuentos que se ofrecen a TODOS los miembros de la UFCW. Es posible que su uni\u00f3n local haya negociado descuentos especiales que solo est\u00e9n disponibles en su regi\u00f3n, as\u00ed que aseg\u00farese de preguntar al representante de su uni\u00f3n.<\/p>\n<\/div>\n\n<div class=\"tw-max-w-217 tw-m-auto tw-px-6 rich-text contained-block\" data-module=\"html\">\n<hr>\n<\/div>\n\n<div class=\"tw-max-w-217 tw-m-auto tw-px-6 rich-text contained-block\" data-module=\"heading\">\n<h3 class=\"wp-block-heading has-text-align-left\">Consulte todos nuestros descuentos para miembros en*:<\/h3>\n<\/div>\n\n<div class=\"tw-max-w-217 tw-m-auto tw-px-6 rich-text contained-block\" data-module=\"image\">\n<figure class=\"wp-block-image size-medium is-resized\"><a href=\"https:\/\/unionplus.abenity.com\/\"><img loading=\"lazy\" decoding=\"async\" width=\"300\" height=\"167\" src=\"https:\/\/www.ufcw.org\/wp-content\/blogs.dir\/61\/files\/2020\/09\/union-plus-free-college-benefit-logo-300x167.png\" alt=\"Union Plus Logo\" class=\"wp-image-39568\" srcset=\"https:\/\/www.ufcw.org\/wp-content\/blogs.dir\/61\/files\/2020\/09\/union-plus-free-college-benefit-logo-300x167.png 300w, https:\/\/www.ufcw.org\/wp-content\/blogs.dir\/61\/files\/2020\/09\/union-plus-free-college-benefit-logo-768x427.png 768w, https:\/\/www.ufcw.org\/wp-content\/blogs.dir\/61\/files\/2020\/09\/union-plus-free-college-benefit-logo.png 900w\" sizes=\"auto, (max-width: 300px) 100vw, 300px\" \/><\/a><\/figure>\n<\/div>\n\n<div class=\"tw-max-w-217 tw-m-auto tw-px-6 rich-text contained-block\" data-module=\"buttons\">\n<div class=\"wp-block-buttons is-content-justification-left is-layout-flex wp-container-core-buttons-is-layout-fdcfc74e wp-block-buttons-is-layout-flex\"><div class=\"tw-max-w-217 tw-m-auto tw-px-6 rich-text contained-block\" data-module=\"button\">\n<div class=\"wp-block-button\"><a class=\"wp-block-button__link wp-element-button\" href=\"https:\/\/unionplus.abenity.com\/\">Reg\u00edstrese ahora para obtener descuentos de Union Plus<\/a><\/div>\n<\/div><\/div>\n<\/div>\n\n<div class=\"wp-block-image\"><div class=\"tw-max-w-217 tw-m-auto tw-px-6 rich-text contained-block\" data-module=\"image\">\n<figure class=\"aligncenter size-large is-resized\"><a href=\"https:\/\/discountmember.lifecare.com\/registration\/register1.rtml?service=registration&amp;member=1&amp;corp_or_ccode=UFCW&amp;partner_token=ufcw-12132017\"><img loading=\"lazy\" decoding=\"async\" width=\"220\" height=\"72\" src=\"https:\/\/www.ufcw.org\/wp-content\/blogs.dir\/61\/files\/2021\/03\/UFCW_LMSite_220x723.jpg\" alt=\"UFCW Discounts Logo\" class=\"wp-image-42296\" style=\"width:220px;height:auto\"\/><\/a><\/figure>\n<\/div><\/div>\n\n<div class=\"tw-max-w-217 tw-m-auto tw-px-6 rich-text contained-block\" data-module=\"buttons\">\n<div class=\"wp-block-buttons is-content-justification-left is-layout-flex wp-container-core-buttons-is-layout-fdcfc74e wp-block-buttons-is-layout-flex\"><div class=\"tw-max-w-217 tw-m-auto tw-px-6 rich-text contained-block\" data-module=\"button\">\n<div class=\"wp-block-button\"><a class=\"wp-block-button__link has-text-align-center wp-element-button\" href=\"https:\/\/discountmember.lifecare.com\/registration\/register1.rtml?service=registration&amp;member=1&amp;corp_or_ccode=UFCW&amp;partner_token=ufcw-12132017\">Reg\u00edstrese ahora para obtener descuentos de la UFCW<\/a><\/div>\n<\/div><\/div>\n<\/div>\n\n<div class=\"tw-max-w-217 tw-m-auto tw-px-6 rich-text contained-block\" data-module=\"paragraph\">\n<p class=\"has-text-align-left\"><em>*Los sitios web de descuentos solo est\u00e1n en ingl\u00e9s<\/em><\/p>\n<\/div>","protected":false},"excerpt":{"rendered":"<p>No se pierda los descuentos \u00bfEst\u00e1 aprovechando los diversos programas de descuentos disponibles para los miembros de la UFCW? Como miembro de la familia de nuestra UFCW, no solo obtiene un contrato que brinda beneficios importantes, como seguridad laboral y cuidados m\u00e9dicos asequibles y de calidad, sino que tambi\u00e9n es elegible para varios programas de [&hellip;]<\/p>\n","protected":false},"author":426,"featured_media":59514,"parent":60745,"menu_order":3,"comment_status":"closed","ping_status":"closed","template":"","meta":{"_acf_changed":false,"footnotes":"","_links_to":"","_links_to_target":""},"class_list":["post-60751","page","type-page","status-publish","has-post-thumbnail","hentry"],"acf":[],"yoast_head":"<!-- This site is optimized with the Yoast SEO plugin v27.1.1 - https:\/\/yoast.com\/product\/yoast-seo-wordpress\/ -->\n<title>Ventajas para los miembros - The United Food &amp; Commercial Workers International Union<\/title>\n<meta name=\"robots\" content=\"index, follow, max-snippet:-1, max-image-preview:large, max-video-preview:-1\" \/>\n<link rel=\"canonical\" href=\"https:\/\/www.ufcw.org\/es\/para-miembros\/ventajas-para-los-miembros\/\" \/>\n<meta property=\"og:locale\" content=\"es_ES\" \/>\n<meta property=\"og:type\" content=\"article\" \/>\n<meta property=\"og:title\" content=\"Ventajas para los miembros - The United Food &amp; Commercial Workers International Union\" \/>\n<meta property=\"og:description\" content=\"No se pierda los descuentos \u00bfEst\u00e1 aprovechando los diversos programas de descuentos disponibles para los miembros de la UFCW? Como miembro de la familia de nuestra UFCW, no solo obtiene un contrato que brinda beneficios importantes, como seguridad laboral y cuidados m\u00e9dicos asequibles y de calidad, sino que tambi\u00e9n es elegible para varios programas de [&hellip;]\" \/>\n<meta property=\"og:url\" content=\"https:\/\/www.ufcw.org\/es\/para-miembros\/ventajas-para-los-miembros\/\" \/>\n<meta property=\"og:site_name\" content=\"The United Food &amp; Commercial Workers International Union\" \/>\n<meta property=\"article:modified_time\" content=\"2024-12-16T18:25:42+00:00\" \/>\n<meta property=\"og:image\" content=\"https:\/\/www.ufcw.org\/wp-content\/blogs.dir\/61\/files\/2021\/06\/20110816_catalogue_0603-scaled.jpg\" \/>\n\t<meta property=\"og:image:width\" content=\"2560\" \/>\n\t<meta property=\"og:image:height\" content=\"1702\" \/>\n\t<meta property=\"og:image:type\" content=\"image\/jpeg\" \/>\n<meta name=\"twitter:card\" content=\"summary_large_image\" \/>\n<meta name=\"twitter:label1\" content=\"Est. reading time\" \/>\n\t<meta name=\"twitter:data1\" content=\"2 minutes\" \/>\n<script type=\"application\/ld+json\" class=\"yoast-schema-graph\">{\"@context\":\"https:\/\/schema.org\",\"@graph\":[{\"@type\":\"WebPage\",\"@id\":\"https:\/\/www.ufcw.org\/es\/para-miembros\/ventajas-para-los-miembros\/\",\"url\":\"https:\/\/www.ufcw.org\/es\/para-miembros\/ventajas-para-los-miembros\/\",\"name\":\"Ventajas para los miembros - The United Food &amp; Commercial Workers International Union\",\"isPartOf\":{\"@id\":\"https:\/\/www.ufcw.org\/es\/#website\"},\"primaryImageOfPage\":{\"@id\":\"https:\/\/www.ufcw.org\/es\/para-miembros\/ventajas-para-los-miembros\/#primaryimage\"},\"image\":{\"@id\":\"https:\/\/www.ufcw.org\/es\/para-miembros\/ventajas-para-los-miembros\/#primaryimage\"},\"thumbnailUrl\":\"https:\/\/www.ufcw.org\/wp-content\/blogs.dir\/61\/files\/2021\/06\/20110816_catalogue_0603-scaled.jpg\",\"datePublished\":\"2020-08-10T21:04:00+00:00\",\"dateModified\":\"2024-12-16T18:25:42+00:00\",\"breadcrumb\":{\"@id\":\"https:\/\/www.ufcw.org\/es\/para-miembros\/ventajas-para-los-miembros\/#breadcrumb\"},\"inLanguage\":\"es-ES\",\"potentialAction\":[{\"@type\":\"ReadAction\",\"target\":[\"https:\/\/www.ufcw.org\/es\/para-miembros\/ventajas-para-los-miembros\/\"]}]},{\"@type\":\"ImageObject\",\"inLanguage\":\"es-ES\",\"@id\":\"https:\/\/www.ufcw.org\/es\/para-miembros\/ventajas-para-los-miembros\/#primaryimage\",\"url\":\"https:\/\/www.ufcw.org\/wp-content\/blogs.dir\/61\/files\/2021\/06\/20110816_catalogue_0603-scaled.jpg\",\"contentUrl\":\"https:\/\/www.ufcw.org\/wp-content\/blogs.dir\/61\/files\/2021\/06\/20110816_catalogue_0603-scaled.jpg\",\"width\":2560,\"height\":1702},{\"@type\":\"BreadcrumbList\",\"@id\":\"https:\/\/www.ufcw.org\/es\/para-miembros\/ventajas-para-los-miembros\/#breadcrumb\",\"itemListElement\":[{\"@type\":\"ListItem\",\"position\":1,\"name\":\"Home\",\"item\":\"https:\/\/www.ufcw.org\/es\/\"},{\"@type\":\"ListItem\",\"position\":2,\"name\":\"Para miembros\",\"item\":\"https:\/\/www.ufcw.org\/es\/para-miembros\/\"},{\"@type\":\"ListItem\",\"position\":3,\"name\":\"Ventajas para los miembros\"}]},{\"@type\":\"WebSite\",\"@id\":\"https:\/\/www.ufcw.org\/es\/#website\",\"url\":\"https:\/\/www.ufcw.org\/es\/\",\"name\":\"The United Food &amp; Commercial Workers International Union\",\"description\":\"Official website of the United Food and Commercial Workers International Union\",\"publisher\":{\"@id\":\"https:\/\/www.ufcw.org\/es\/#organization\"},\"potentialAction\":[{\"@type\":\"SearchAction\",\"target\":{\"@type\":\"EntryPoint\",\"urlTemplate\":\"https:\/\/www.ufcw.org\/es\/?s={search_term_string}\"},\"query-input\":{\"@type\":\"PropertyValueSpecification\",\"valueRequired\":true,\"valueName\":\"search_term_string\"}}],\"inLanguage\":\"es-ES\"},{\"@type\":\"Organization\",\"@id\":\"https:\/\/www.ufcw.org\/es\/#organization\",\"name\":\"United Food and Commercial Workers International Union\",\"url\":\"https:\/\/www.ufcw.org\/es\/\",\"logo\":{\"@type\":\"ImageObject\",\"inLanguage\":\"es-ES\",\"@id\":\"https:\/\/www.ufcw.org\/es\/#\/schema\/logo\/image\/\",\"url\":\"https:\/\/www.ufcw.org\/wp-content\/blogs.dir\/61\/files\/2021\/02\/UFCW-Americas-Food-and-Retail-Union-2-color.png\",\"contentUrl\":\"https:\/\/www.ufcw.org\/wp-content\/blogs.dir\/61\/files\/2021\/02\/UFCW-Americas-Food-and-Retail-Union-2-color.png\",\"width\":415,\"height\":198,\"caption\":\"United Food and Commercial Workers International Union\"},\"image\":{\"@id\":\"https:\/\/www.ufcw.org\/es\/#\/schema\/logo\/image\/\"}}]}<\/script>\n<!-- \/ Yoast SEO plugin. -->","yoast_head_json":{"title":"Ventajas para los miembros - The United Food &amp; Commercial Workers International Union","robots":{"index":"index","follow":"follow","max-snippet":"max-snippet:-1","max-image-preview":"max-image-preview:large","max-video-preview":"max-video-preview:-1"},"canonical":"https:\/\/www.ufcw.org\/es\/para-miembros\/ventajas-para-los-miembros\/","og_locale":"es_ES","og_type":"article","og_title":"Ventajas para los miembros - The United Food &amp; Commercial Workers International Union","og_description":"No se pierda los descuentos \u00bfEst\u00e1 aprovechando los diversos programas de descuentos disponibles para los miembros de la UFCW? Como miembro de la familia de nuestra UFCW, no solo obtiene un contrato que brinda beneficios importantes, como seguridad laboral y cuidados m\u00e9dicos asequibles y de calidad, sino que tambi\u00e9n es elegible para varios programas de [&hellip;]","og_url":"https:\/\/www.ufcw.org\/es\/para-miembros\/ventajas-para-los-miembros\/","og_site_name":"The United Food &amp; Commercial Workers International Union","article_modified_time":"2024-12-16T18:25:42+00:00","og_image":[{"width":2560,"height":1702,"url":"https:\/\/www.ufcw.org\/wp-content\/blogs.dir\/61\/files\/2021\/06\/20110816_catalogue_0603-scaled.jpg","type":"image\/jpeg"}],"twitter_card":"summary_large_image","twitter_misc":{"Est. reading time":"2 minutes"},"schema":{"@context":"https:\/\/schema.org","@graph":[{"@type":"WebPage","@id":"https:\/\/www.ufcw.org\/es\/para-miembros\/ventajas-para-los-miembros\/","url":"https:\/\/www.ufcw.org\/es\/para-miembros\/ventajas-para-los-miembros\/","name":"Ventajas para los miembros - The United Food &amp; Commercial Workers International Union","isPartOf":{"@id":"https:\/\/www.ufcw.org\/es\/#website"},"primaryImageOfPage":{"@id":"https:\/\/www.ufcw.org\/es\/para-miembros\/ventajas-para-los-miembros\/#primaryimage"},"image":{"@id":"https:\/\/www.ufcw.org\/es\/para-miembros\/ventajas-para-los-miembros\/#primaryimage"},"thumbnailUrl":"https:\/\/www.ufcw.org\/wp-content\/blogs.dir\/61\/files\/2021\/06\/20110816_catalogue_0603-scaled.jpg","datePublished":"2020-08-10T21:04:00+00:00","dateModified":"2024-12-16T18:25:42+00:00","breadcrumb":{"@id":"https:\/\/www.ufcw.org\/es\/para-miembros\/ventajas-para-los-miembros\/#breadcrumb"},"inLanguage":"es-ES","potentialAction":[{"@type":"ReadAction","target":["https:\/\/www.ufcw.org\/es\/para-miembros\/ventajas-para-los-miembros\/"]}]},{"@type":"ImageObject","inLanguage":"es-ES","@id":"https:\/\/www.ufcw.org\/es\/para-miembros\/ventajas-para-los-miembros\/#primaryimage","url":"https:\/\/www.ufcw.org\/wp-content\/blogs.dir\/61\/files\/2021\/06\/20110816_catalogue_0603-scaled.jpg","contentUrl":"https:\/\/www.ufcw.org\/wp-content\/blogs.dir\/61\/files\/2021\/06\/20110816_catalogue_0603-scaled.jpg","width":2560,"height":1702},{"@type":"BreadcrumbList","@id":"https:\/\/www.ufcw.org\/es\/para-miembros\/ventajas-para-los-miembros\/#breadcrumb","itemListElement":[{"@type":"ListItem","position":1,"name":"Home","item":"https:\/\/www.ufcw.org\/es\/"},{"@type":"ListItem","position":2,"name":"Para miembros","item":"https:\/\/www.ufcw.org\/es\/para-miembros\/"},{"@type":"ListItem","position":3,"name":"Ventajas para los miembros"}]},{"@type":"WebSite","@id":"https:\/\/www.ufcw.org\/es\/#website","url":"https:\/\/www.ufcw.org\/es\/","name":"The United Food &amp; Commercial Workers International Union","description":"Official website of the United Food and Commercial Workers International Union","publisher":{"@id":"https:\/\/www.ufcw.org\/es\/#organization"},"potentialAction":[{"@type":"SearchAction","target":{"@type":"EntryPoint","urlTemplate":"https:\/\/www.ufcw.org\/es\/?s={search_term_string}"},"query-input":{"@type":"PropertyValueSpecification","valueRequired":true,"valueName":"search_term_string"}}],"inLanguage":"es-ES"},{"@type":"Organization","@id":"https:\/\/www.ufcw.org\/es\/#organization","name":"United Food and Commercial Workers International Union","url":"https:\/\/www.ufcw.org\/es\/","logo":{"@type":"ImageObject","inLanguage":"es-ES","@id":"https:\/\/www.ufcw.org\/es\/#\/schema\/logo\/image\/","url":"https:\/\/www.ufcw.org\/wp-content\/blogs.dir\/61\/files\/2021\/02\/UFCW-Americas-Food-and-Retail-Union-2-color.png","contentUrl":"https:\/\/www.ufcw.org\/wp-content\/blogs.dir\/61\/files\/2021\/02\/UFCW-Americas-Food-and-Retail-Union-2-color.png","width":415,"height":198,"caption":"United Food and Commercial Workers International Union"},"image":{"@id":"https:\/\/www.ufcw.org\/es\/#\/schema\/logo\/image\/"}}]}},"_links":{"self":[{"href":"https:\/\/www.ufcw.org\/es\/wp-json\/wp\/v2\/pages\/60751","targetHints":{"allow":["GET"]}}],"collection":[{"href":"https:\/\/www.ufcw.org\/es\/wp-json\/wp\/v2\/pages"}],"about":[{"href":"https:\/\/www.ufcw.org\/es\/wp-json\/wp\/v2\/types\/page"}],"author":[{"embeddable":true,"href":"https:\/\/www.ufcw.org\/es\/wp-json\/wp\/v2\/users\/426"}],"replies":[{"embeddable":true,"href":"https:\/\/www.ufcw.org\/es\/wp-json\/wp\/v2\/comments?post=60751"}],"version-history":[{"count":1,"href":"https:\/\/www.ufcw.org\/es\/wp-json\/wp\/v2\/pages\/60751\/revisions"}],"predecessor-version":[{"id":60752,"href":"https:\/\/www.ufcw.org\/es\/wp-json\/wp\/v2\/pages\/60751\/revisions\/60752"}],"up":[{"embeddable":true,"href":"https:\/\/www.ufcw.org\/es\/wp-json\/wp\/v2\/pages\/60745"}],"wp:featuredmedia":[{"embeddable":true,"href":"https:\/\/www.ufcw.org\/es\/wp-json\/wp\/v2\/media\/59514"}],"wp:attachment":[{"href":"https:\/\/www.ufcw.org\/es\/wp-json\/wp\/v2\/media?parent=60751"}],"curies":[{"name":"wp","href":"https:\/\/api.w.org\/{rel}","templated":true}]}}