{"id":60749,"date":"2020-08-10T21:01:00","date_gmt":"2020-08-10T21:01:00","guid":{"rendered":"https:\/\/www.ufcw.org\/?page_id=60749"},"modified":"2024-12-16T18:22:29","modified_gmt":"2024-12-16T18:22:29","slug":"encuentre-su-union-local","status":"publish","type":"page","link":"https:\/\/www.ufcw.org\/es\/para-miembros\/encuentre-su-union-local\/","title":{"rendered":"Encuentre su uni\u00f3n local"},"content":{"rendered":"<div class=\"tw-max-w-217 tw-m-auto tw-px-6 rich-text contained-block\" data-module=\"heading\">\n<h2 class=\"wp-block-heading\">La UFCW tiene oficinas de la uni\u00f3n local en los Estados Unidos contiguos, Alaska, Haw\u00e1i, Puerto Rico y Canad\u00e1.<\/h2>\n<\/div>\n\n<div class=\"tw-max-w-217 tw-m-auto tw-px-6 rich-text contained-block\" data-module=\"paragraph\">\n<p>Si es miembro de la UFCW y tiene alguna pregunta sobre sus derechos o alg\u00fan problema en su lugar de trabajo, p\u00f3ngase en contacto con su representante de la uni\u00f3n lo antes posible. Si no est\u00e1 seguro de qui\u00e9n es el representante de su uni\u00f3n, la oficina de la uni\u00f3n local estar\u00e1 encantada de ayudarlo.<\/p>\n<\/div>\n\n<div class=\"tw-max-w-217 tw-m-auto tw-px-6 rich-text contained-block\" data-module=\"paragraph\">\n<p>Si intenta identificar a qu\u00e9 uni\u00f3n local pertenece, recuerde que es posible que no sea la m\u00e1s cercana. Si tiene problemas para encontrar el contacto correcto, comun\u00edquese con nosotros.<\/p>\n<\/div>","protected":false},"excerpt":{"rendered":"<p>La UFCW tiene oficinas de la uni\u00f3n local en los Estados Unidos contiguos, Alaska, Haw\u00e1i, Puerto Rico y Canad\u00e1. Si es miembro de la UFCW y tiene alguna pregunta sobre sus derechos o alg\u00fan problema en su lugar de trabajo, p\u00f3ngase en contacto con su representante de la uni\u00f3n lo antes posible. Si no est\u00e1 [&hellip;]<\/p>\n","protected":false},"author":426,"featured_media":0,"parent":60745,"menu_order":2,"comment_status":"closed","ping_status":"closed","template":"views\/templates\/locator\/index.php","meta":{"_acf_changed":false,"footnotes":"","_links_to":"","_links_to_target":""},"class_list":["post-60749","page","type-page","status-publish","hentry"],"acf":[],"yoast_head":"<!-- This site is optimized with the Yoast SEO plugin v27.1.1 - https:\/\/yoast.com\/product\/yoast-seo-wordpress\/ -->\n<title>Encuentre su uni\u00f3n local - The United Food &amp; Commercial Workers International Union<\/title>\n<meta name=\"robots\" content=\"index, follow, max-snippet:-1, max-image-preview:large, max-video-preview:-1\" \/>\n<link rel=\"canonical\" href=\"https:\/\/www.ufcw.org\/es\/para-miembros\/encuentre-su-union-local\/\" \/>\n<meta property=\"og:locale\" content=\"es_ES\" \/>\n<meta property=\"og:type\" content=\"article\" \/>\n<meta property=\"og:title\" content=\"Encuentre su uni\u00f3n local - The United Food &amp; Commercial Workers International Union\" \/>\n<meta property=\"og:description\" content=\"La UFCW tiene oficinas de la uni\u00f3n local en los Estados Unidos contiguos, Alaska, Haw\u00e1i, Puerto Rico y Canad\u00e1. Si es miembro de la UFCW y tiene alguna pregunta sobre sus derechos o alg\u00fan problema en su lugar de trabajo, p\u00f3ngase en contacto con su representante de la uni\u00f3n lo antes posible. Si no est\u00e1 [&hellip;]\" \/>\n<meta property=\"og:url\" content=\"https:\/\/www.ufcw.org\/es\/para-miembros\/encuentre-su-union-local\/\" \/>\n<meta property=\"og:site_name\" content=\"The United Food &amp; Commercial Workers International Union\" \/>\n<meta property=\"article:modified_time\" content=\"2024-12-16T18:22:29+00:00\" \/>\n<meta name=\"twitter:card\" content=\"summary_large_image\" \/>\n<meta name=\"twitter:label1\" content=\"Est. reading time\" \/>\n\t<meta name=\"twitter:data1\" content=\"1 minute\" \/>\n<script type=\"application\/ld+json\" class=\"yoast-schema-graph\">{\"@context\":\"https:\/\/schema.org\",\"@graph\":[{\"@type\":\"WebPage\",\"@id\":\"https:\/\/www.ufcw.org\/es\/para-miembros\/encuentre-su-union-local\/\",\"url\":\"https:\/\/www.ufcw.org\/es\/para-miembros\/encuentre-su-union-local\/\",\"name\":\"Encuentre su uni\u00f3n local - The United Food &amp; Commercial Workers International Union\",\"isPartOf\":{\"@id\":\"https:\/\/www.ufcw.org\/es\/#website\"},\"datePublished\":\"2020-08-10T21:01:00+00:00\",\"dateModified\":\"2024-12-16T18:22:29+00:00\",\"breadcrumb\":{\"@id\":\"https:\/\/www.ufcw.org\/es\/para-miembros\/encuentre-su-union-local\/#breadcrumb\"},\"inLanguage\":\"es-ES\",\"potentialAction\":[{\"@type\":\"ReadAction\",\"target\":[\"https:\/\/www.ufcw.org\/es\/para-miembros\/encuentre-su-union-local\/\"]}]},{\"@type\":\"BreadcrumbList\",\"@id\":\"https:\/\/www.ufcw.org\/es\/para-miembros\/encuentre-su-union-local\/#breadcrumb\",\"itemListElement\":[{\"@type\":\"ListItem\",\"position\":1,\"name\":\"Home\",\"item\":\"https:\/\/www.ufcw.org\/es\/\"},{\"@type\":\"ListItem\",\"position\":2,\"name\":\"Para miembros\",\"item\":\"https:\/\/www.ufcw.org\/es\/para-miembros\/\"},{\"@type\":\"ListItem\",\"position\":3,\"name\":\"Encuentre su uni\u00f3n local\"}]},{\"@type\":\"WebSite\",\"@id\":\"https:\/\/www.ufcw.org\/es\/#website\",\"url\":\"https:\/\/www.ufcw.org\/es\/\",\"name\":\"The United Food &amp; Commercial Workers International Union\",\"description\":\"Official website of the United Food and Commercial Workers International Union\",\"publisher\":{\"@id\":\"https:\/\/www.ufcw.org\/es\/#organization\"},\"potentialAction\":[{\"@type\":\"SearchAction\",\"target\":{\"@type\":\"EntryPoint\",\"urlTemplate\":\"https:\/\/www.ufcw.org\/es\/?s={search_term_string}\"},\"query-input\":{\"@type\":\"PropertyValueSpecification\",\"valueRequired\":true,\"valueName\":\"search_term_string\"}}],\"inLanguage\":\"es-ES\"},{\"@type\":\"Organization\",\"@id\":\"https:\/\/www.ufcw.org\/es\/#organization\",\"name\":\"United Food and Commercial Workers International Union\",\"url\":\"https:\/\/www.ufcw.org\/es\/\",\"logo\":{\"@type\":\"ImageObject\",\"inLanguage\":\"es-ES\",\"@id\":\"https:\/\/www.ufcw.org\/es\/#\/schema\/logo\/image\/\",\"url\":\"https:\/\/www.ufcw.org\/wp-content\/blogs.dir\/61\/files\/2021\/02\/UFCW-Americas-Food-and-Retail-Union-2-color.png\",\"contentUrl\":\"https:\/\/www.ufcw.org\/wp-content\/blogs.dir\/61\/files\/2021\/02\/UFCW-Americas-Food-and-Retail-Union-2-color.png\",\"width\":415,\"height\":198,\"caption\":\"United Food and Commercial Workers International Union\"},\"image\":{\"@id\":\"https:\/\/www.ufcw.org\/es\/#\/schema\/logo\/image\/\"}}]}<\/script>\n<!-- \/ Yoast SEO plugin. -->","yoast_head_json":{"title":"Encuentre su uni\u00f3n local - The United Food &amp; Commercial Workers International Union","robots":{"index":"index","follow":"follow","max-snippet":"max-snippet:-1","max-image-preview":"max-image-preview:large","max-video-preview":"max-video-preview:-1"},"canonical":"https:\/\/www.ufcw.org\/es\/para-miembros\/encuentre-su-union-local\/","og_locale":"es_ES","og_type":"article","og_title":"Encuentre su uni\u00f3n local - The United Food &amp; Commercial Workers International Union","og_description":"La UFCW tiene oficinas de la uni\u00f3n local en los Estados Unidos contiguos, Alaska, Haw\u00e1i, Puerto Rico y Canad\u00e1. Si es miembro de la UFCW y tiene alguna pregunta sobre sus derechos o alg\u00fan problema en su lugar de trabajo, p\u00f3ngase en contacto con su representante de la uni\u00f3n lo antes posible. Si no est\u00e1 [&hellip;]","og_url":"https:\/\/www.ufcw.org\/es\/para-miembros\/encuentre-su-union-local\/","og_site_name":"The United Food &amp; Commercial Workers International Union","article_modified_time":"2024-12-16T18:22:29+00:00","twitter_card":"summary_large_image","twitter_misc":{"Est. reading time":"1 minute"},"schema":{"@context":"https:\/\/schema.org","@graph":[{"@type":"WebPage","@id":"https:\/\/www.ufcw.org\/es\/para-miembros\/encuentre-su-union-local\/","url":"https:\/\/www.ufcw.org\/es\/para-miembros\/encuentre-su-union-local\/","name":"Encuentre su uni\u00f3n local - The United Food &amp; Commercial Workers International Union","isPartOf":{"@id":"https:\/\/www.ufcw.org\/es\/#website"},"datePublished":"2020-08-10T21:01:00+00:00","dateModified":"2024-12-16T18:22:29+00:00","breadcrumb":{"@id":"https:\/\/www.ufcw.org\/es\/para-miembros\/encuentre-su-union-local\/#breadcrumb"},"inLanguage":"es-ES","potentialAction":[{"@type":"ReadAction","target":["https:\/\/www.ufcw.org\/es\/para-miembros\/encuentre-su-union-local\/"]}]},{"@type":"BreadcrumbList","@id":"https:\/\/www.ufcw.org\/es\/para-miembros\/encuentre-su-union-local\/#breadcrumb","itemListElement":[{"@type":"ListItem","position":1,"name":"Home","item":"https:\/\/www.ufcw.org\/es\/"},{"@type":"ListItem","position":2,"name":"Para miembros","item":"https:\/\/www.ufcw.org\/es\/para-miembros\/"},{"@type":"ListItem","position":3,"name":"Encuentre su uni\u00f3n local"}]},{"@type":"WebSite","@id":"https:\/\/www.ufcw.org\/es\/#website","url":"https:\/\/www.ufcw.org\/es\/","name":"The United Food &amp; Commercial Workers International Union","description":"Official website of the United Food and Commercial Workers International Union","publisher":{"@id":"https:\/\/www.ufcw.org\/es\/#organization"},"potentialAction":[{"@type":"SearchAction","target":{"@type":"EntryPoint","urlTemplate":"https:\/\/www.ufcw.org\/es\/?s={search_term_string}"},"query-input":{"@type":"PropertyValueSpecification","valueRequired":true,"valueName":"search_term_string"}}],"inLanguage":"es-ES"},{"@type":"Organization","@id":"https:\/\/www.ufcw.org\/es\/#organization","name":"United Food and Commercial Workers International Union","url":"https:\/\/www.ufcw.org\/es\/","logo":{"@type":"ImageObject","inLanguage":"es-ES","@id":"https:\/\/www.ufcw.org\/es\/#\/schema\/logo\/image\/","url":"https:\/\/www.ufcw.org\/wp-content\/blogs.dir\/61\/files\/2021\/02\/UFCW-Americas-Food-and-Retail-Union-2-color.png","contentUrl":"https:\/\/www.ufcw.org\/wp-content\/blogs.dir\/61\/files\/2021\/02\/UFCW-Americas-Food-and-Retail-Union-2-color.png","width":415,"height":198,"caption":"United Food and Commercial Workers International Union"},"image":{"@id":"https:\/\/www.ufcw.org\/es\/#\/schema\/logo\/image\/"}}]}},"_links":{"self":[{"href":"https:\/\/www.ufcw.org\/es\/wp-json\/wp\/v2\/pages\/60749","targetHints":{"allow":["GET"]}}],"collection":[{"href":"https:\/\/www.ufcw.org\/es\/wp-json\/wp\/v2\/pages"}],"about":[{"href":"https:\/\/www.ufcw.org\/es\/wp-json\/wp\/v2\/types\/page"}],"author":[{"embeddable":true,"href":"https:\/\/www.ufcw.org\/es\/wp-json\/wp\/v2\/users\/426"}],"replies":[{"embeddable":true,"href":"https:\/\/www.ufcw.org\/es\/wp-json\/wp\/v2\/comments?post=60749"}],"version-history":[{"count":1,"href":"https:\/\/www.ufcw.org\/es\/wp-json\/wp\/v2\/pages\/60749\/revisions"}],"predecessor-version":[{"id":60750,"href":"https:\/\/www.ufcw.org\/es\/wp-json\/wp\/v2\/pages\/60749\/revisions\/60750"}],"up":[{"embeddable":true,"href":"https:\/\/www.ufcw.org\/es\/wp-json\/wp\/v2\/pages\/60745"}],"wp:attachment":[{"href":"https:\/\/www.ufcw.org\/es\/wp-json\/wp\/v2\/media?parent=60749"}],"curies":[{"name":"wp","href":"https:\/\/api.w.org\/{rel}","templated":true}]}}