{"id":60745,"date":"2020-07-22T19:18:32","date_gmt":"2020-07-22T23:18:32","guid":{"rendered":"https:\/\/www.ufcw.org\/?page_id=60745"},"modified":"2024-12-16T18:18:11","modified_gmt":"2024-12-16T18:18:11","slug":"para-miembros","status":"publish","type":"page","link":"https:\/\/www.ufcw.org\/es\/para-miembros\/","title":{"rendered":"Para miembros"},"content":{"rendered":"<div class=\"tw-max-w-217 tw-m-auto tw-px-6 rich-text contained-block\" data-module=\"heading\">\n<h2 class=\"wp-block-heading\">\u00a1Bienvenido a la familia!<\/h2>\n<\/div>\n\n<div class=\"tw-max-w-217 tw-m-auto tw-px-6 rich-text contained-block\" data-module=\"paragraph\">\n<p>Gracias por ser parte de la Uni\u00f3n Internacional de Trabajadores de la Industria de Alimentos y del Comercio (UFCW, por sus siglas en ingl\u00e9s). Ya sea que se haya unido recientemente o haya comenzado un trabajo nuevo, felicitaciones y bienvenido a la familia de nuestra uni\u00f3n.<\/p>\n<\/div>\n\n<div class=\"tw-max-w-217 tw-m-auto tw-px-6 rich-text contained-block\" data-module=\"paragraph\">\n<p>La fuerza de nuestra uni\u00f3n reside en nuestros miembros, y la UFCW se dedica a mejorar sus vidas todos los d\u00edas. Desde los beneficios negociados en su contrato de la uni\u00f3n hasta las oportunidades y descuentos exclusivos para los miembros de la UFCW, nuestro objetivo es asegurarnos de que sienta todo el valor de su membres\u00eda de la UFCW.<\/p>\n<\/div>\n\n<div class=\"tw-max-w-217 tw-m-auto tw-px-6 rich-text contained-block\" data-module=\"html\">\n<hr class=\"wp-block-separator is-style-wide\">\n<\/div>\n\n<div class=\"tw-max-w-217 tw-m-auto tw-px-6 rich-text contained-block\" data-module=\"spacer\">\n<div style=\"height:15px\" aria-hidden=\"true\" class=\"wp-block-spacer\"><\/div>\n<\/div>\n\n<div class=\"tw-max-w-217 tw-m-auto tw-px-6 rich-text contained-block\" data-module=\"list\">\n<ul class=\"wp-block-list\"><div class=\"tw-max-w-217 tw-m-auto tw-px-6 rich-text contained-block\" data-module=\"list-item\">\n<li>Ventajas para los miembros<\/li>\n<\/div>\n\n<div class=\"tw-max-w-217 tw-m-auto tw-px-6 rich-text contained-block\" data-module=\"list-item\">\n<li>Beneficios educativos<\/li>\n<\/div>\n\n<div class=\"tw-max-w-217 tw-m-auto tw-px-6 rich-text contained-block\" data-module=\"list-item\">\n<li>Grupos electorales<\/li>\n<\/div>\n\n<div class=\"tw-max-w-217 tw-m-auto tw-px-6 rich-text contained-block\" data-module=\"list-item\">\n<li>Notificaci\u00f3n de un problema<\/li>\n<\/div>\n\n<div class=\"tw-max-w-217 tw-m-auto tw-px-6 rich-text contained-block\" data-module=\"list-item\">\n<li>Participaci\u00f3n<\/li>\n<\/div>\n\n<div class=\"tw-max-w-217 tw-m-auto tw-px-6 rich-text contained-block\" data-module=\"list-item\">\n<li>Jubilados<\/li>\n<\/div><\/ul>\n<\/div>","protected":false},"excerpt":{"rendered":"<p>\u00a1Bienvenido a la familia! Gracias por ser parte de la Uni\u00f3n Internacional de Trabajadores de la Industria de Alimentos y del Comercio (UFCW, por sus siglas en ingl\u00e9s). Ya sea que se haya unido recientemente o haya comenzado un trabajo nuevo, felicitaciones y bienvenido a la familia de nuestra uni\u00f3n. La fuerza de nuestra uni\u00f3n [&hellip;]<\/p>\n","protected":false},"author":426,"featured_media":58572,"parent":0,"menu_order":46,"comment_status":"closed","ping_status":"closed","template":"views\/templates\/general\/index.php","meta":{"_acf_changed":false,"footnotes":"","_links_to":"","_links_to_target":""},"class_list":["post-60745","page","type-page","status-publish","has-post-thumbnail","hentry"],"acf":[],"yoast_head":"<!-- This site is optimized with the Yoast SEO plugin v27.1.1 - https:\/\/yoast.com\/product\/yoast-seo-wordpress\/ -->\n<title>Para miembros - The United Food &amp; Commercial Workers International Union<\/title>\n<meta name=\"robots\" content=\"index, follow, max-snippet:-1, max-image-preview:large, max-video-preview:-1\" \/>\n<link rel=\"canonical\" href=\"https:\/\/www.ufcw.org\/es\/para-miembros\/\" \/>\n<meta property=\"og:locale\" content=\"es_ES\" \/>\n<meta property=\"og:type\" content=\"article\" \/>\n<meta property=\"og:title\" content=\"Para miembros - The United Food &amp; Commercial Workers International Union\" \/>\n<meta property=\"og:description\" content=\"\u00a1Bienvenido a la familia! Gracias por ser parte de la Uni\u00f3n Internacional de Trabajadores de la Industria de Alimentos y del Comercio (UFCW, por sus siglas en ingl\u00e9s). Ya sea que se haya unido recientemente o haya comenzado un trabajo nuevo, felicitaciones y bienvenido a la familia de nuestra uni\u00f3n. La fuerza de nuestra uni\u00f3n [&hellip;]\" \/>\n<meta property=\"og:url\" content=\"https:\/\/www.ufcw.org\/es\/para-miembros\/\" \/>\n<meta property=\"og:site_name\" content=\"The United Food &amp; Commercial Workers International Union\" \/>\n<meta property=\"article:modified_time\" content=\"2024-12-16T18:18:11+00:00\" \/>\n<meta property=\"og:image\" content=\"https:\/\/www.ufcw.org\/wp-content\/blogs.dir\/61\/files\/2019\/07\/DSC_0415.jpg\" \/>\n\t<meta property=\"og:image:width\" content=\"1500\" \/>\n\t<meta property=\"og:image:height\" content=\"1000\" \/>\n\t<meta property=\"og:image:type\" content=\"image\/jpeg\" \/>\n<meta name=\"twitter:card\" content=\"summary_large_image\" \/>\n<meta name=\"twitter:label1\" content=\"Est. reading time\" \/>\n\t<meta name=\"twitter:data1\" content=\"1 minute\" \/>\n<script type=\"application\/ld+json\" class=\"yoast-schema-graph\">{\"@context\":\"https:\/\/schema.org\",\"@graph\":[{\"@type\":\"WebPage\",\"@id\":\"https:\/\/www.ufcw.org\/es\/para-miembros\/\",\"url\":\"https:\/\/www.ufcw.org\/es\/para-miembros\/\",\"name\":\"Para miembros - The United Food &amp; Commercial Workers International Union\",\"isPartOf\":{\"@id\":\"https:\/\/www.ufcw.org\/es\/#website\"},\"primaryImageOfPage\":{\"@id\":\"https:\/\/www.ufcw.org\/es\/para-miembros\/#primaryimage\"},\"image\":{\"@id\":\"https:\/\/www.ufcw.org\/es\/para-miembros\/#primaryimage\"},\"thumbnailUrl\":\"https:\/\/www.ufcw.org\/wp-content\/blogs.dir\/61\/files\/2019\/07\/DSC_0415.jpg\",\"datePublished\":\"2020-07-22T23:18:32+00:00\",\"dateModified\":\"2024-12-16T18:18:11+00:00\",\"breadcrumb\":{\"@id\":\"https:\/\/www.ufcw.org\/es\/para-miembros\/#breadcrumb\"},\"inLanguage\":\"es-ES\",\"potentialAction\":[{\"@type\":\"ReadAction\",\"target\":[\"https:\/\/www.ufcw.org\/es\/para-miembros\/\"]}]},{\"@type\":\"ImageObject\",\"inLanguage\":\"es-ES\",\"@id\":\"https:\/\/www.ufcw.org\/es\/para-miembros\/#primaryimage\",\"url\":\"https:\/\/www.ufcw.org\/wp-content\/blogs.dir\/61\/files\/2019\/07\/DSC_0415.jpg\",\"contentUrl\":\"https:\/\/www.ufcw.org\/wp-content\/blogs.dir\/61\/files\/2019\/07\/DSC_0415.jpg\",\"width\":1500,\"height\":1000,\"caption\":\"Kroger #410 Members\"},{\"@type\":\"BreadcrumbList\",\"@id\":\"https:\/\/www.ufcw.org\/es\/para-miembros\/#breadcrumb\",\"itemListElement\":[{\"@type\":\"ListItem\",\"position\":1,\"name\":\"Home\",\"item\":\"https:\/\/www.ufcw.org\/es\/\"},{\"@type\":\"ListItem\",\"position\":2,\"name\":\"Para miembros\"}]},{\"@type\":\"WebSite\",\"@id\":\"https:\/\/www.ufcw.org\/es\/#website\",\"url\":\"https:\/\/www.ufcw.org\/es\/\",\"name\":\"The United Food &amp; Commercial Workers International Union\",\"description\":\"Official website of the United Food and Commercial Workers International Union\",\"publisher\":{\"@id\":\"https:\/\/www.ufcw.org\/es\/#organization\"},\"potentialAction\":[{\"@type\":\"SearchAction\",\"target\":{\"@type\":\"EntryPoint\",\"urlTemplate\":\"https:\/\/www.ufcw.org\/es\/?s={search_term_string}\"},\"query-input\":{\"@type\":\"PropertyValueSpecification\",\"valueRequired\":true,\"valueName\":\"search_term_string\"}}],\"inLanguage\":\"es-ES\"},{\"@type\":\"Organization\",\"@id\":\"https:\/\/www.ufcw.org\/es\/#organization\",\"name\":\"United Food and Commercial Workers International Union\",\"url\":\"https:\/\/www.ufcw.org\/es\/\",\"logo\":{\"@type\":\"ImageObject\",\"inLanguage\":\"es-ES\",\"@id\":\"https:\/\/www.ufcw.org\/es\/#\/schema\/logo\/image\/\",\"url\":\"https:\/\/www.ufcw.org\/wp-content\/blogs.dir\/61\/files\/2021\/02\/UFCW-Americas-Food-and-Retail-Union-2-color.png\",\"contentUrl\":\"https:\/\/www.ufcw.org\/wp-content\/blogs.dir\/61\/files\/2021\/02\/UFCW-Americas-Food-and-Retail-Union-2-color.png\",\"width\":415,\"height\":198,\"caption\":\"United Food and Commercial Workers International Union\"},\"image\":{\"@id\":\"https:\/\/www.ufcw.org\/es\/#\/schema\/logo\/image\/\"}}]}<\/script>\n<!-- \/ Yoast SEO plugin. -->","yoast_head_json":{"title":"Para miembros - The United Food &amp; Commercial Workers International Union","robots":{"index":"index","follow":"follow","max-snippet":"max-snippet:-1","max-image-preview":"max-image-preview:large","max-video-preview":"max-video-preview:-1"},"canonical":"https:\/\/www.ufcw.org\/es\/para-miembros\/","og_locale":"es_ES","og_type":"article","og_title":"Para miembros - The United Food &amp; Commercial Workers International Union","og_description":"\u00a1Bienvenido a la familia! Gracias por ser parte de la Uni\u00f3n Internacional de Trabajadores de la Industria de Alimentos y del Comercio (UFCW, por sus siglas en ingl\u00e9s). Ya sea que se haya unido recientemente o haya comenzado un trabajo nuevo, felicitaciones y bienvenido a la familia de nuestra uni\u00f3n. La fuerza de nuestra uni\u00f3n [&hellip;]","og_url":"https:\/\/www.ufcw.org\/es\/para-miembros\/","og_site_name":"The United Food &amp; Commercial Workers International Union","article_modified_time":"2024-12-16T18:18:11+00:00","og_image":[{"width":1500,"height":1000,"url":"https:\/\/www.ufcw.org\/wp-content\/blogs.dir\/61\/files\/2019\/07\/DSC_0415.jpg","type":"image\/jpeg"}],"twitter_card":"summary_large_image","twitter_misc":{"Est. reading time":"1 minute"},"schema":{"@context":"https:\/\/schema.org","@graph":[{"@type":"WebPage","@id":"https:\/\/www.ufcw.org\/es\/para-miembros\/","url":"https:\/\/www.ufcw.org\/es\/para-miembros\/","name":"Para miembros - The United Food &amp; Commercial Workers International Union","isPartOf":{"@id":"https:\/\/www.ufcw.org\/es\/#website"},"primaryImageOfPage":{"@id":"https:\/\/www.ufcw.org\/es\/para-miembros\/#primaryimage"},"image":{"@id":"https:\/\/www.ufcw.org\/es\/para-miembros\/#primaryimage"},"thumbnailUrl":"https:\/\/www.ufcw.org\/wp-content\/blogs.dir\/61\/files\/2019\/07\/DSC_0415.jpg","datePublished":"2020-07-22T23:18:32+00:00","dateModified":"2024-12-16T18:18:11+00:00","breadcrumb":{"@id":"https:\/\/www.ufcw.org\/es\/para-miembros\/#breadcrumb"},"inLanguage":"es-ES","potentialAction":[{"@type":"ReadAction","target":["https:\/\/www.ufcw.org\/es\/para-miembros\/"]}]},{"@type":"ImageObject","inLanguage":"es-ES","@id":"https:\/\/www.ufcw.org\/es\/para-miembros\/#primaryimage","url":"https:\/\/www.ufcw.org\/wp-content\/blogs.dir\/61\/files\/2019\/07\/DSC_0415.jpg","contentUrl":"https:\/\/www.ufcw.org\/wp-content\/blogs.dir\/61\/files\/2019\/07\/DSC_0415.jpg","width":1500,"height":1000,"caption":"Kroger #410 Members"},{"@type":"BreadcrumbList","@id":"https:\/\/www.ufcw.org\/es\/para-miembros\/#breadcrumb","itemListElement":[{"@type":"ListItem","position":1,"name":"Home","item":"https:\/\/www.ufcw.org\/es\/"},{"@type":"ListItem","position":2,"name":"Para miembros"}]},{"@type":"WebSite","@id":"https:\/\/www.ufcw.org\/es\/#website","url":"https:\/\/www.ufcw.org\/es\/","name":"The United Food &amp; Commercial Workers International Union","description":"Official website of the United Food and Commercial Workers International Union","publisher":{"@id":"https:\/\/www.ufcw.org\/es\/#organization"},"potentialAction":[{"@type":"SearchAction","target":{"@type":"EntryPoint","urlTemplate":"https:\/\/www.ufcw.org\/es\/?s={search_term_string}"},"query-input":{"@type":"PropertyValueSpecification","valueRequired":true,"valueName":"search_term_string"}}],"inLanguage":"es-ES"},{"@type":"Organization","@id":"https:\/\/www.ufcw.org\/es\/#organization","name":"United Food and Commercial Workers International Union","url":"https:\/\/www.ufcw.org\/es\/","logo":{"@type":"ImageObject","inLanguage":"es-ES","@id":"https:\/\/www.ufcw.org\/es\/#\/schema\/logo\/image\/","url":"https:\/\/www.ufcw.org\/wp-content\/blogs.dir\/61\/files\/2021\/02\/UFCW-Americas-Food-and-Retail-Union-2-color.png","contentUrl":"https:\/\/www.ufcw.org\/wp-content\/blogs.dir\/61\/files\/2021\/02\/UFCW-Americas-Food-and-Retail-Union-2-color.png","width":415,"height":198,"caption":"United Food and Commercial Workers International Union"},"image":{"@id":"https:\/\/www.ufcw.org\/es\/#\/schema\/logo\/image\/"}}]}},"_links":{"self":[{"href":"https:\/\/www.ufcw.org\/es\/wp-json\/wp\/v2\/pages\/60745","targetHints":{"allow":["GET"]}}],"collection":[{"href":"https:\/\/www.ufcw.org\/es\/wp-json\/wp\/v2\/pages"}],"about":[{"href":"https:\/\/www.ufcw.org\/es\/wp-json\/wp\/v2\/types\/page"}],"author":[{"embeddable":true,"href":"https:\/\/www.ufcw.org\/es\/wp-json\/wp\/v2\/users\/426"}],"replies":[{"embeddable":true,"href":"https:\/\/www.ufcw.org\/es\/wp-json\/wp\/v2\/comments?post=60745"}],"version-history":[{"count":1,"href":"https:\/\/www.ufcw.org\/es\/wp-json\/wp\/v2\/pages\/60745\/revisions"}],"predecessor-version":[{"id":60746,"href":"https:\/\/www.ufcw.org\/es\/wp-json\/wp\/v2\/pages\/60745\/revisions\/60746"}],"wp:featuredmedia":[{"embeddable":true,"href":"https:\/\/www.ufcw.org\/es\/wp-json\/wp\/v2\/media\/58572"}],"wp:attachment":[{"href":"https:\/\/www.ufcw.org\/es\/wp-json\/wp\/v2\/media?parent=60745"}],"curies":[{"name":"wp","href":"https:\/\/api.w.org\/{rel}","templated":true}]}}